{"id":151487,"date":"2024-10-21T15:23:45","date_gmt":"2024-10-21T13:23:45","guid":{"rendered":"https:\/\/www.campus02.at\/?page_id=151487"},"modified":"2025-10-17T15:35:56","modified_gmt":"2025-10-17T13:35:56","slug":"nutzungsbedingungen-fur-ki-gestutzte-maxqda-funktionen","status":"publish","type":"page","link":"https:\/\/www.campus02.at\/en\/nutzungsbedingungen-fur-ki-gestutzte-maxqda-funktionen\/","title":{"rendered":"Nutzungsbedingungen f\u00fcr KI-gest\u00fctzte MAXQDA Funktionen"},"content":{"rendered":"<div data-elementor-type=\"wp-page\" data-elementor-id=\"151487\" class=\"elementor elementor-151487\" data-elementor-post-type=\"page\">\n\t\t\t\t<div class=\"elementor-element elementor-element-abfe4a5 e-flex e-con-boxed e-con e-parent\" data-id=\"abfe4a5\" data-element_type=\"container\">\n\t\t\t\t\t<div class=\"e-con-inner\">\n\t\t\t\t\t<\/div>\n\t\t\t\t<\/div>\n\t\t<div class=\"elementor-element elementor-element-cc1c109 e-flex e-con-boxed e-con e-parent\" data-id=\"cc1c109\" data-element_type=\"container\">\n\t\t\t\t\t<div class=\"e-con-inner\">\n\t\t\t\t<div class=\"elementor-element elementor-element-a6898f1 elementor-widget elementor-widget-heading\" data-id=\"a6898f1\" data-element_type=\"widget\" data-widget_type=\"heading.default\">\n\t\t\t\t<div class=\"elementor-widget-container\">\n\t\t\t<h2 class=\"elementor-heading-title elementor-size-default\">Nutzungsbedingungen f\u00fcr KI-gest\u00fctzte MAXQDA Funktionen<\/h2>\t\t<\/div>\n\t\t\t\t<\/div>\n\t\t\t\t<div class=\"elementor-element elementor-element-55e7524 elementor-widget elementor-widget-html\" data-id=\"55e7524\" data-element_type=\"widget\" data-widget_type=\"html.default\">\n\t\t\t\t<div class=\"elementor-widget-container\">\n\t\t\t<script async src=\"https:\/\/campus02.sabio.de\/sabio\/services\/widget\/loader\/?id=sw-knowledge-loader&token=362LqymB1lm4JuyLcSHy3c2AsTxUjQDGtWrAGR%2FfirGcgq3JsFpFL2Lykmx9W9n6B%2FwY0KsMflznZtVMfPxx2zhkX1sXOLGbMcGBKgnPLOc%3D\"><\/script>\r\n<sw-knowledge-detail initial-text-ids=\"b44af01055334b06b3c3c16cd188b8c7\" show-path=\"false\" expandable=\"false\" hide-title=\"true\" load-styles=\"false\" view-mode=\"simple\"> <\/sw-knowledge-detail>\t\t<\/div>\n\t\t\t\t<\/div>\n\t\t\t\t\t<\/div>\n\t\t\t\t<\/div>\n\t\t\t\t<\/div>","protected":false},"excerpt":{"rendered":"<p>Nutzungsbedingungen f\u00fcr KI-gest\u00fctzte MAXQDA Funktionen<\/p>","protected":false},"author":206,"featured_media":0,"parent":0,"menu_order":0,"comment_status":"closed","ping_status":"closed","template":"","meta":{"_acf_changed":false,"footnotes":""},"coauthors":[1288],"class_list":["post-151487","page","type-page","status-publish","hentry"],"acf":[],"yoast_head":"<!-- This site is optimized with the Yoast SEO plugin v26.9 - https:\/\/yoast.com\/product\/yoast-seo-wordpress\/ -->\n<title>Nutzungsbedingungen f\u00fcr KI-gest\u00fctzte MAXQDA Funktionen - FH CAMPUS 02<\/title>\n<meta name=\"robots\" content=\"index, follow, max-snippet:-1, max-image-preview:large, max-video-preview:-1\" \/>\n<link rel=\"canonical\" href=\"https:\/\/www.campus02.at\/en\/nutzungsbedingungen-fur-ki-gestutzte-maxqda-funktionen\/\" \/>\n<meta property=\"og:locale\" content=\"en_GB\" \/>\n<meta property=\"og:type\" content=\"article\" \/>\n<meta property=\"og:title\" content=\"Nutzungsbedingungen f\u00fcr KI-gest\u00fctzte MAXQDA Funktionen - FH CAMPUS 02\" \/>\n<meta property=\"og:description\" content=\"Nutzungsbedingungen f\u00fcr KI-gest\u00fctzte MAXQDA Funktionen\" \/>\n<meta property=\"og:url\" content=\"https:\/\/www.campus02.at\/en\/nutzungsbedingungen-fur-ki-gestutzte-maxqda-funktionen\/\" \/>\n<meta property=\"og:site_name\" content=\"FH CAMPUS 02\" \/>\n<meta property=\"article:modified_time\" content=\"2025-10-17T13:35:56+00:00\" \/>\n<meta property=\"og:image\" content=\"https:\/\/www.campus02.at\/wp-content\/uploads\/2015\/10\/T_LEI2980.jpg\" \/>\n\t<meta property=\"og:image:width\" content=\"1200\" \/>\n\t<meta property=\"og:image:height\" content=\"630\" \/>\n\t<meta property=\"og:image:type\" content=\"image\/jpeg\" \/>\n<meta name=\"twitter:card\" content=\"summary_large_image\" \/>\n<meta name=\"twitter:label1\" content=\"Estimated reading time\" \/>\n\t<meta name=\"twitter:data1\" content=\"1 minute\" \/>\n\t<meta name=\"twitter:label2\" content=\"Written by\" \/>\n\t<meta name=\"twitter:data2\" content=\"Sarah Wetzlmair Admin\" \/>\n<script type=\"application\/ld+json\" class=\"yoast-schema-graph\">{\"@context\":\"https:\/\/schema.org\",\"@graph\":[{\"@type\":\"WebPage\",\"@id\":\"https:\/\/www.campus02.at\/nutzungsbedingungen-fur-ki-gestutzte-maxqda-funktionen\/\",\"url\":\"https:\/\/www.campus02.at\/nutzungsbedingungen-fur-ki-gestutzte-maxqda-funktionen\/\",\"name\":\"Nutzungsbedingungen f\u00fcr KI-gest\u00fctzte MAXQDA Funktionen - FH CAMPUS 02\",\"isPartOf\":{\"@id\":\"https:\/\/www.campus02.at\/#website\"},\"datePublished\":\"2024-10-21T13:23:45+00:00\",\"dateModified\":\"2025-10-17T13:35:56+00:00\",\"breadcrumb\":{\"@id\":\"https:\/\/www.campus02.at\/nutzungsbedingungen-fur-ki-gestutzte-maxqda-funktionen\/#breadcrumb\"},\"inLanguage\":\"en-GB\",\"potentialAction\":[{\"@type\":\"ReadAction\",\"target\":[\"https:\/\/www.campus02.at\/nutzungsbedingungen-fur-ki-gestutzte-maxqda-funktionen\/\"]}]},{\"@type\":\"BreadcrumbList\",\"@id\":\"https:\/\/www.campus02.at\/nutzungsbedingungen-fur-ki-gestutzte-maxqda-funktionen\/#breadcrumb\",\"itemListElement\":[{\"@type\":\"ListItem\",\"position\":1,\"name\":\"Startseite\",\"item\":\"https:\/\/www.campus02.at\/\"},{\"@type\":\"ListItem\",\"position\":2,\"name\":\"Nutzungsbedingungen f\u00fcr KI-gest\u00fctzte MAXQDA Funktionen\"}]},{\"@type\":\"WebSite\",\"@id\":\"https:\/\/www.campus02.at\/#website\",\"url\":\"https:\/\/www.campus02.at\/\",\"name\":\"FH CAMPUS 02\",\"description\":\"\",\"publisher\":{\"@id\":\"https:\/\/www.campus02.at\/#organization\"},\"potentialAction\":[{\"@type\":\"SearchAction\",\"target\":{\"@type\":\"EntryPoint\",\"urlTemplate\":\"https:\/\/www.campus02.at\/?s={search_term_string}\"},\"query-input\":{\"@type\":\"PropertyValueSpecification\",\"valueRequired\":true,\"valueName\":\"search_term_string\"}}],\"inLanguage\":\"en-GB\"},{\"@type\":\"Organization\",\"@id\":\"https:\/\/www.campus02.at\/#organization\",\"name\":\"FH CAMPUS 02\",\"url\":\"https:\/\/www.campus02.at\/\",\"logo\":{\"@type\":\"ImageObject\",\"inLanguage\":\"en-GB\",\"@id\":\"https:\/\/www.campus02.at\/#\/schema\/logo\/image\/\",\"url\":\"https:\/\/www.campus02.at\/wp-content\/uploads\/2016\/10\/Logo.jpg\",\"contentUrl\":\"https:\/\/www.campus02.at\/wp-content\/uploads\/2016\/10\/Logo.jpg\",\"width\":1108,\"height\":440,\"caption\":\"FH CAMPUS 02\"},\"image\":{\"@id\":\"https:\/\/www.campus02.at\/#\/schema\/logo\/image\/\"}}]}<\/script>\n<!-- \/ Yoast SEO plugin. -->","yoast_head_json":{"title":"Nutzungsbedingungen f\u00fcr KI-gest\u00fctzte MAXQDA Funktionen - FH CAMPUS 02","robots":{"index":"index","follow":"follow","max-snippet":"max-snippet:-1","max-image-preview":"max-image-preview:large","max-video-preview":"max-video-preview:-1"},"canonical":"https:\/\/www.campus02.at\/en\/nutzungsbedingungen-fur-ki-gestutzte-maxqda-funktionen\/","og_locale":"en_GB","og_type":"article","og_title":"Nutzungsbedingungen f\u00fcr KI-gest\u00fctzte MAXQDA Funktionen - FH CAMPUS 02","og_description":"Nutzungsbedingungen f\u00fcr KI-gest\u00fctzte MAXQDA Funktionen","og_url":"https:\/\/www.campus02.at\/en\/nutzungsbedingungen-fur-ki-gestutzte-maxqda-funktionen\/","og_site_name":"FH CAMPUS 02","article_modified_time":"2025-10-17T13:35:56+00:00","og_image":[{"width":1200,"height":630,"url":"https:\/\/www.campus02.at\/wp-content\/uploads\/2015\/10\/T_LEI2980.jpg","type":"image\/jpeg"}],"twitter_card":"summary_large_image","twitter_misc":{"Estimated reading time":"1 minute","Written by":"Sarah Wetzlmair Admin"},"schema":{"@context":"https:\/\/schema.org","@graph":[{"@type":"WebPage","@id":"https:\/\/www.campus02.at\/nutzungsbedingungen-fur-ki-gestutzte-maxqda-funktionen\/","url":"https:\/\/www.campus02.at\/nutzungsbedingungen-fur-ki-gestutzte-maxqda-funktionen\/","name":"Nutzungsbedingungen f\u00fcr KI-gest\u00fctzte MAXQDA Funktionen - FH CAMPUS 02","isPartOf":{"@id":"https:\/\/www.campus02.at\/#website"},"datePublished":"2024-10-21T13:23:45+00:00","dateModified":"2025-10-17T13:35:56+00:00","breadcrumb":{"@id":"https:\/\/www.campus02.at\/nutzungsbedingungen-fur-ki-gestutzte-maxqda-funktionen\/#breadcrumb"},"inLanguage":"en-GB","potentialAction":[{"@type":"ReadAction","target":["https:\/\/www.campus02.at\/nutzungsbedingungen-fur-ki-gestutzte-maxqda-funktionen\/"]}]},{"@type":"BreadcrumbList","@id":"https:\/\/www.campus02.at\/nutzungsbedingungen-fur-ki-gestutzte-maxqda-funktionen\/#breadcrumb","itemListElement":[{"@type":"ListItem","position":1,"name":"Startseite","item":"https:\/\/www.campus02.at\/"},{"@type":"ListItem","position":2,"name":"Nutzungsbedingungen f\u00fcr KI-gest\u00fctzte MAXQDA Funktionen"}]},{"@type":"WebSite","@id":"https:\/\/www.campus02.at\/#website","url":"https:\/\/www.campus02.at\/","name":"CAMPUS 02 UAS","description":"","publisher":{"@id":"https:\/\/www.campus02.at\/#organization"},"potentialAction":[{"@type":"SearchAction","target":{"@type":"EntryPoint","urlTemplate":"https:\/\/www.campus02.at\/?s={search_term_string}"},"query-input":{"@type":"PropertyValueSpecification","valueRequired":true,"valueName":"search_term_string"}}],"inLanguage":"en-GB"},{"@type":"Organization","@id":"https:\/\/www.campus02.at\/#organization","name":"CAMPUS 02 UAS","url":"https:\/\/www.campus02.at\/","logo":{"@type":"ImageObject","inLanguage":"en-GB","@id":"https:\/\/www.campus02.at\/#\/schema\/logo\/image\/","url":"https:\/\/www.campus02.at\/wp-content\/uploads\/2016\/10\/Logo.jpg","contentUrl":"https:\/\/www.campus02.at\/wp-content\/uploads\/2016\/10\/Logo.jpg","width":1108,"height":440,"caption":"FH CAMPUS 02"},"image":{"@id":"https:\/\/www.campus02.at\/#\/schema\/logo\/image\/"}}]}},"_links":{"self":[{"href":"https:\/\/www.campus02.at\/en\/wp-json\/wp\/v2\/pages\/151487","targetHints":{"allow":["GET"]}}],"collection":[{"href":"https:\/\/www.campus02.at\/en\/wp-json\/wp\/v2\/pages"}],"about":[{"href":"https:\/\/www.campus02.at\/en\/wp-json\/wp\/v2\/types\/page"}],"author":[{"embeddable":true,"href":"https:\/\/www.campus02.at\/en\/wp-json\/wp\/v2\/users\/206"}],"replies":[{"embeddable":true,"href":"https:\/\/www.campus02.at\/en\/wp-json\/wp\/v2\/comments?post=151487"}],"version-history":[{"count":7,"href":"https:\/\/www.campus02.at\/en\/wp-json\/wp\/v2\/pages\/151487\/revisions"}],"predecessor-version":[{"id":160528,"href":"https:\/\/www.campus02.at\/en\/wp-json\/wp\/v2\/pages\/151487\/revisions\/160528"}],"wp:attachment":[{"href":"https:\/\/www.campus02.at\/en\/wp-json\/wp\/v2\/media?parent=151487"}],"wp:term":[{"taxonomy":"author","embeddable":true,"href":"https:\/\/www.campus02.at\/en\/wp-json\/wp\/v2\/coauthors?post=151487"}],"curies":[{"name":"wp","href":"https:\/\/api.w.org\/{rel}","templated":true}]}}