{"id":151427,"date":"2024-10-15T21:17:32","date_gmt":"2024-10-15T19:17:32","guid":{"rendered":"https:\/\/www.campus02.at\/?page_id=151427"},"modified":"2025-12-12T14:48:24","modified_gmt":"2025-12-12T13:48:24","slug":"technik","status":"publish","type":"page","link":"https:\/\/www.campus02.at\/en\/business-school\/technik\/","title":{"rendered":"Schwerpunkt Technik"},"content":{"rendered":"<div data-elementor-type=\"wp-page\" data-elementor-id=\"151427\" class=\"elementor elementor-151427\" data-elementor-post-type=\"page\">\n\t\t\t\t<div class=\"elementor-element elementor-element-442cede3 e-con-full e-flex e-con e-parent\" data-id=\"442cede3\" data-element_type=\"container\">\n\t\t\t\t<div class=\"elementor-element elementor-element-753d8327 elementor-widget elementor-widget-image\" data-id=\"753d8327\" data-element_type=\"widget\" data-widget_type=\"image.default\">\n\t\t\t\t<div class=\"elementor-widget-container\">\n\t\t\t\t\t\t\t\t\t\t\t\t\t<img fetchpriority=\"high\" decoding=\"async\" width=\"1920\" height=\"1200\" src=\"https:\/\/www.campus02.at\/wp-content\/uploads\/2024\/05\/O8A6921-1920x1200.jpg\" class=\"attachment-campus_large_hd size-campus_large_hd wp-image-147973\" alt=\"Virtual Reality, Person steht mit AR Brille in einem Labor\" srcset=\"https:\/\/www.campus02.at\/wp-content\/uploads\/2024\/05\/O8A6921-1920x1200.jpg 1920w, https:\/\/www.campus02.at\/wp-content\/uploads\/2024\/05\/O8A6921-300x188.jpg 300w, https:\/\/www.campus02.at\/wp-content\/uploads\/2024\/05\/O8A6921-1024x640.jpg 1024w, https:\/\/www.campus02.at\/wp-content\/uploads\/2024\/05\/O8A6921-768x480.jpg 768w, https:\/\/www.campus02.at\/wp-content\/uploads\/2024\/05\/O8A6921-1536x960.jpg 1536w, https:\/\/www.campus02.at\/wp-content\/uploads\/2024\/05\/O8A6921-2048x1280.jpg 2048w, https:\/\/www.campus02.at\/wp-content\/uploads\/2024\/05\/O8A6921-18x12.jpg 18w\" sizes=\"(max-width: 1920px) 100vw, 1920px\" \/>\t\t\t\t\t\t\t\t\t\t\t\t\t<\/div>\n\t\t\t\t<\/div>\n\t\t\t\t<\/div>\n\t\t<div class=\"elementor-element elementor-element-51fd5fbb e-flex e-con-boxed e-con e-parent\" data-id=\"51fd5fbb\" data-element_type=\"container\">\n\t\t\t\t\t<div class=\"e-con-inner\">\n\t\t<div class=\"elementor-element elementor-element-65e1873b e-con-full e-flex e-con e-child\" data-id=\"65e1873b\" data-element_type=\"container\">\n\t\t<div class=\"elementor-element elementor-element-5ce6334b e-con-full e-flex e-con e-child\" data-id=\"5ce6334b\" data-element_type=\"container\">\n\t\t<div class=\"elementor-element elementor-element-1e2d755d e-con-full e-flex e-con e-child\" data-id=\"1e2d755d\" data-element_type=\"container\">\n\t\t\t\t<div class=\"elementor-element elementor-element-6f4c19e0 elementor-widget elementor-widget-heading\" data-id=\"6f4c19e0\" data-element_type=\"widget\" data-widget_type=\"heading.default\">\n\t\t\t\t<div class=\"elementor-widget-container\">\n\t\t\t<div class=\"elementor-heading-title elementor-size-default\">Business School<\/div>\t\t<\/div>\n\t\t\t\t<\/div>\n\t\t\t\t<div class=\"elementor-element elementor-element-50e10b7a elementor-widget elementor-widget-heading\" data-id=\"50e10b7a\" data-element_type=\"widget\" data-widget_type=\"heading.default\">\n\t\t\t\t<div class=\"elementor-widget-container\">\n\t\t\t<h1 class=\"elementor-heading-title elementor-size-default\">Technology<\/h1>\t\t<\/div>\n\t\t\t\t<\/div>\n\t\t\t\t<\/div>\n\t\t\t\t<\/div>\n\t\t\t\t<div class=\"elementor-element elementor-element-3fcd31c elementor-widget elementor-widget-text-editor\" data-id=\"3fcd31c\" data-element_type=\"widget\" data-widget_type=\"text-editor.default\">\n\t\t\t\t<div class=\"elementor-widget-container\">\n\t\t\t\t\t\t\t<p>Die Weiterentwicklung von Techniker*innen sind entscheidend f\u00fcr die Zukunft der modernen Fertigung und Produktion. Die Teilnehmer*innen unserer Weiterbildungen lernen, wie digitale Systeme wie IoT (Internet of Things) und Cyber-Physische Systeme in der Industrie eingesetzt werden, um Effizienz und Produktivit\u00e4t zu steigern. Unsere Weiterbildungen bereiten auf neue Herausforderungen vor, f\u00f6rdern die Innovationskraft und st\u00e4rken die Wettbewerbsf\u00e4higkeit von Unternehmen in einer zunehmend digitalisierten Welt.<\/p>\t\t\t\t\t\t<\/div>\n\t\t\t\t<\/div>\n\t\t<div class=\"elementor-element elementor-element-7c640475 e-con-full elementor-hidden-desktop elementor-hidden-tablet elementor-hidden-mobile e-flex e-con e-child\" data-id=\"7c640475\" data-element_type=\"container\">\n\t\t<div class=\"elementor-element elementor-element-4016a240 e-con-full e-flex e-con e-child\" data-id=\"4016a240\" data-element_type=\"container\">\n\t\t\t\t<div class=\"elementor-element elementor-element-a6c2484 elementor-align-justify elementor-mobile-align-justify elementor-widget-mobile__width-inherit elementor-widget elementor-widget-button\" data-id=\"a6c2484\" data-element_type=\"widget\" data-widget_type=\"button.default\">\n\t\t\t\t<div class=\"elementor-widget-container\">\n\t\t\t\t\t\t\t<div class=\"elementor-button-wrapper\">\n\t\t\t\t\t<a class=\"elementor-button elementor-button-link elementor-size-xs\" href=\"#angebot\">\n\t\t\t\t\t\t<span class=\"elementor-button-content-wrapper\">\n\t\t\t\t\t\t<span class=\"elementor-button-icon\">\n\t\t\t\t<svg xmlns=\"http:\/\/www.w3.org\/2000\/svg\" xmlns:xlink=\"http:\/\/www.w3.org\/1999\/xlink\" id=\"Ebene_1\" x=\"0px\" y=\"0px\" width=\"67.7px\" height=\"75.9px\" viewbox=\"0 0 67.7 75.9\" xml:space=\"preserve\"><g>\t<polygon points=\"40.8,51.6 39.1,50 50,39.1 14.3,39.1 14.3,36.8 50,36.8 39.1,25.9 40.8,24.3 54.5,38  \"><\/polygon><\/g><\/svg>\t\t\t<\/span>\n\t\t\t\t\t\t\t\t\t<span class=\"elementor-button-text\">Professional Development Offerings<\/span>\n\t\t\t\t\t<\/span>\n\t\t\t\t\t<\/a>\n\t\t\t\t<\/div>\n\t\t\t\t\t\t<\/div>\n\t\t\t\t<\/div>\n\t\t\t\t<div class=\"elementor-element elementor-element-43025e65 elementor-align-justify elementor-mobile-align-justify elementor-widget-mobile__width-inherit elementor-hidden-desktop elementor-hidden-tablet elementor-hidden-mobile elementor-widget elementor-widget-button\" data-id=\"43025e65\" data-element_type=\"widget\" data-widget_type=\"button.default\">\n\t\t\t\t<div class=\"elementor-widget-container\">\n\t\t\t\t\t\t\t<div class=\"elementor-button-wrapper\">\n\t\t\t\t\t<a class=\"elementor-button elementor-button-link elementor-size-xs\" href=\"#info\">\n\t\t\t\t\t\t<span class=\"elementor-button-content-wrapper\">\n\t\t\t\t\t\t<span class=\"elementor-button-icon\">\n\t\t\t\t<svg xmlns=\"http:\/\/www.w3.org\/2000\/svg\" xmlns:xlink=\"http:\/\/www.w3.org\/1999\/xlink\" id=\"Ebene_1\" x=\"0px\" y=\"0px\" width=\"67.7px\" height=\"75.9px\" viewbox=\"0 0 67.7 75.9\" xml:space=\"preserve\"><g>\t<polygon points=\"40.8,51.6 39.1,50 50,39.1 14.3,39.1 14.3,36.8 50,36.8 39.1,25.9 40.8,24.3 54.5,38  \"><\/polygon><\/g><\/svg>\t\t\t<\/span>\n\t\t\t\t\t\t\t\t\t<span class=\"elementor-button-text\">Info &amp; Councelling<\/span>\n\t\t\t\t\t<\/span>\n\t\t\t\t\t<\/a>\n\t\t\t\t<\/div>\n\t\t\t\t\t\t<\/div>\n\t\t\t\t<\/div>\n\t\t\t\t<\/div>\n\t\t<div class=\"elementor-element elementor-element-4bae10f9 e-con-full e-flex e-con e-child\" data-id=\"4bae10f9\" data-element_type=\"container\">\n\t\t\t\t<div class=\"elementor-element elementor-element-7fa6cbcf elementor-align-justify elementor-mobile-align-justify elementor-widget-mobile__width-inherit elementor-widget elementor-widget-button\" data-id=\"7fa6cbcf\" data-element_type=\"widget\" data-widget_type=\"button.default\">\n\t\t\t\t<div class=\"elementor-widget-container\">\n\t\t\t\t\t\t\t<div class=\"elementor-button-wrapper\">\n\t\t\t\t\t<a class=\"elementor-button elementor-button-link elementor-size-xs\" href=\"#kontakt\">\n\t\t\t\t\t\t<span class=\"elementor-button-content-wrapper\">\n\t\t\t\t\t\t<span class=\"elementor-button-icon\">\n\t\t\t\t<svg xmlns=\"http:\/\/www.w3.org\/2000\/svg\" xmlns:xlink=\"http:\/\/www.w3.org\/1999\/xlink\" id=\"Ebene_1\" x=\"0px\" y=\"0px\" width=\"67.7px\" height=\"75.9px\" viewbox=\"0 0 67.7 75.9\" xml:space=\"preserve\"><g>\t<polygon points=\"40.8,51.6 39.1,50 50,39.1 14.3,39.1 14.3,36.8 50,36.8 39.1,25.9 40.8,24.3 54.5,38  \"><\/polygon><\/g><\/svg>\t\t\t<\/span>\n\t\t\t\t\t\t\t\t\t<span class=\"elementor-button-text\">Contact<\/span>\n\t\t\t\t\t<\/span>\n\t\t\t\t\t<\/a>\n\t\t\t\t<\/div>\n\t\t\t\t\t\t<\/div>\n\t\t\t\t<\/div>\n\t\t\t\t<\/div>\n\t\t\t\t<\/div>\n\t\t\t\t<\/div>\n\t\t<div class=\"elementor-element elementor-element-7195d81e e-con-full e-flex e-con e-child\" data-id=\"7195d81e\" data-element_type=\"container\">\n\t\t\t\t<div class=\"elementor-element elementor-element-aea80e6 elementor-hidden-tablet elementor-hidden-mobile elementor-widget elementor-widget-image\" data-id=\"aea80e6\" data-element_type=\"widget\" data-widget_type=\"image.default\">\n\t\t\t\t<div class=\"elementor-widget-container\">\n\t\t\t\t\t\t\t\t\t\t\t\t\t<img decoding=\"async\" width=\"1920\" height=\"1200\" src=\"https:\/\/www.campus02.at\/wp-content\/uploads\/2023\/02\/O8A7181-scaled-1-1920x1200.jpg\" class=\"attachment-campus_large_hd size-campus_large_hd wp-image-135500\" alt=\"zwei Personen arbeiten\" srcset=\"https:\/\/www.campus02.at\/wp-content\/uploads\/2023\/02\/O8A7181-scaled-1-1920x1200.jpg 1920w, https:\/\/www.campus02.at\/wp-content\/uploads\/2023\/02\/O8A7181-scaled-1-300x188.jpg 300w, https:\/\/www.campus02.at\/wp-content\/uploads\/2023\/02\/O8A7181-scaled-1-1024x640.jpg 1024w, https:\/\/www.campus02.at\/wp-content\/uploads\/2023\/02\/O8A7181-scaled-1-768x480.jpg 768w, https:\/\/www.campus02.at\/wp-content\/uploads\/2023\/02\/O8A7181-scaled-1-1536x960.jpg 1536w, https:\/\/www.campus02.at\/wp-content\/uploads\/2023\/02\/O8A7181-scaled-1-2048x1280.jpg 2048w\" sizes=\"(max-width: 1920px) 100vw, 1920px\" \/>\t\t\t\t\t\t\t\t\t\t\t\t\t<\/div>\n\t\t\t\t<\/div>\n\t\t\t\t<\/div>\n\t\t\t\t\t<\/div>\n\t\t\t\t<\/div>\n\t\t<div class=\"elementor-element elementor-element-7e014321 e-flex e-con-boxed e-con e-parent\" data-id=\"7e014321\" data-element_type=\"container\" id=\"angebot\">\n\t\t\t\t\t<div class=\"e-con-inner\">\n\t\t<div class=\"elementor-element elementor-element-215652b8 e-flex e-con-boxed e-con e-child\" data-id=\"215652b8\" data-element_type=\"container\">\n\t\t\t\t\t<div class=\"e-con-inner\">\n\t\t\t\t<div class=\"elementor-element elementor-element-4512f189 elementor-widget elementor-widget-heading\" data-id=\"4512f189\" data-element_type=\"widget\" id=\"wirtschaft\" data-widget_type=\"heading.default\">\n\t\t\t\t<div class=\"elementor-widget-container\">\n\t\t\t<h2 class=\"elementor-heading-title elementor-size-default\">Kurzprogramme Aus dem Bereich Technik<\/h2>\t\t<\/div>\n\t\t\t\t<\/div>\n\t\t<div class=\"elementor-element elementor-element-5952d8fb e-flex e-con-boxed e-con e-child\" data-id=\"5952d8fb\" data-element_type=\"container\">\n\t\t\t\t\t<div class=\"e-con-inner\">\n\t\t<div class=\"elementor-element elementor-element-be01829 e-con-full e-flex e-con e-child\" data-id=\"be01829\" data-element_type=\"container\" data-settings=\"{&quot;background_background&quot;:&quot;classic&quot;}\">\n\t\t<div class=\"elementor-element elementor-element-5221215e e-flex e-con-boxed e-con e-child\" data-id=\"5221215e\" data-element_type=\"container\">\n\t\t\t\t\t<div class=\"e-con-inner\">\n\t\t\t\t<div class=\"elementor-element elementor-element-721f0eec elementor-widget elementor-widget-text-editor\" data-id=\"721f0eec\" data-element_type=\"widget\" data-widget_type=\"text-editor.default\">\n\t\t\t\t<div class=\"elementor-widget-container\">\n\t\t\t\t\t\t\t<p>Automation Technology<\/p>\t\t\t\t\t\t<\/div>\n\t\t\t\t<\/div>\n\t\t\t\t<div class=\"elementor-element elementor-element-93b9da0 elementor-widget elementor-widget-spacer\" data-id=\"93b9da0\" data-element_type=\"widget\" data-widget_type=\"spacer.default\">\n\t\t\t\t<div class=\"elementor-widget-container\">\n\t\t\t\t\t<div class=\"elementor-spacer\">\n\t\t\t<div class=\"elementor-spacer-inner\"><\/div>\n\t\t<\/div>\n\t\t\t\t<\/div>\n\t\t\t\t<\/div>\n\t\t\t\t<div class=\"elementor-element elementor-element-65456e14 elementor-widget elementor-widget-text-editor\" data-id=\"65456e14\" data-element_type=\"widget\" data-widget_type=\"text-editor.default\">\n\t\t\t\t<div class=\"elementor-widget-container\">\n\t\t\t\t\t\t\t<p>University Course<\/p>\t\t\t\t\t\t<\/div>\n\t\t\t\t<\/div>\n\t\t\t\t<div class=\"elementor-element elementor-element-36d23e94 elementor-widget elementor-widget-text-editor\" data-id=\"36d23e94\" data-element_type=\"widget\" data-widget_type=\"text-editor.default\">\n\t\t\t\t<div class=\"elementor-widget-container\">\n\t\t\t\t\t\t\t<p>IOT in Practice<\/p>\t\t\t\t\t\t<\/div>\n\t\t\t\t<\/div>\n\t\t\t\t<div class=\"elementor-element elementor-element-5222f26b elementor-widget elementor-widget-text-editor\" data-id=\"5222f26b\" data-element_type=\"widget\" data-widget_type=\"text-editor.default\">\n\t\t\t\t<div class=\"elementor-widget-container\">\n\t\t\t\t\t\t\t<p>3 ECTS Credits<\/p>\t\t\t\t\t\t<\/div>\n\t\t\t\t<\/div>\n\t\t\t\t\t<\/div>\n\t\t\t\t<\/div>\n\t\t\t\t<div class=\"elementor-element elementor-element-2f64a4c1 elementor-align-center elementor-widget elementor-widget-button\" data-id=\"2f64a4c1\" data-element_type=\"widget\" data-widget_type=\"button.default\">\n\t\t\t\t<div class=\"elementor-widget-container\">\n\t\t\t\t\t\t\t<div class=\"elementor-button-wrapper\">\n\t\t\t\t\t<a class=\"elementor-button elementor-button-link elementor-size-sm\" href=\"https:\/\/www.campus02.at\/automatisierungstechnik\/en\/weiterbildung\/hochschulkurs-iot-in-der-praxis\/\">\n\t\t\t\t\t\t<span class=\"elementor-button-content-wrapper\">\n\t\t\t\t\t\t\t\t\t<span class=\"elementor-button-text\">Further Information<\/span>\n\t\t\t\t\t<\/span>\n\t\t\t\t\t<\/a>\n\t\t\t\t<\/div>\n\t\t\t\t\t\t<\/div>\n\t\t\t\t<\/div>\n\t\t\t\t<\/div>\n\t\t<div class=\"elementor-element elementor-element-78a5bab1 e-con-full e-flex e-con e-child\" data-id=\"78a5bab1\" data-element_type=\"container\" data-settings=\"{&quot;background_background&quot;:&quot;classic&quot;}\">\n\t\t<div class=\"elementor-element elementor-element-55feaff0 e-flex e-con-boxed e-con e-child\" data-id=\"55feaff0\" data-element_type=\"container\">\n\t\t\t\t\t<div class=\"e-con-inner\">\n\t\t\t\t<div class=\"elementor-element elementor-element-3dc4d92b elementor-widget elementor-widget-text-editor\" data-id=\"3dc4d92b\" data-element_type=\"widget\" data-widget_type=\"text-editor.default\">\n\t\t\t\t<div class=\"elementor-widget-container\">\n\t\t\t\t\t\t\t<p style=\"text-align: center;\">Automation Technology<\/p>\t\t\t\t\t\t<\/div>\n\t\t\t\t<\/div>\n\t\t\t\t<div class=\"elementor-element elementor-element-ab03234 elementor-widget elementor-widget-spacer\" data-id=\"ab03234\" data-element_type=\"widget\" data-widget_type=\"spacer.default\">\n\t\t\t\t<div class=\"elementor-widget-container\">\n\t\t\t\t\t<div class=\"elementor-spacer\">\n\t\t\t<div class=\"elementor-spacer-inner\"><\/div>\n\t\t<\/div>\n\t\t\t\t<\/div>\n\t\t\t\t<\/div>\n\t\t\t\t<div class=\"elementor-element elementor-element-7ed0dce4 elementor-widget elementor-widget-text-editor\" data-id=\"7ed0dce4\" data-element_type=\"widget\" data-widget_type=\"text-editor.default\">\n\t\t\t\t<div class=\"elementor-widget-container\">\n\t\t\t\t\t\t\t<p>University Course<\/p>\t\t\t\t\t\t<\/div>\n\t\t\t\t<\/div>\n\t\t\t\t<div class=\"elementor-element elementor-element-f260bc8 elementor-widget elementor-widget-text-editor\" data-id=\"f260bc8\" data-element_type=\"widget\" data-widget_type=\"text-editor.default\">\n\t\t\t\t<div class=\"elementor-widget-container\">\n\t\t\t\t\t\t\t<p>Process and Plant Planning<\/p>\t\t\t\t\t\t<\/div>\n\t\t\t\t<\/div>\n\t\t\t\t<div class=\"elementor-element elementor-element-503ec54d elementor-widget elementor-widget-text-editor\" data-id=\"503ec54d\" data-element_type=\"widget\" data-widget_type=\"text-editor.default\">\n\t\t\t\t<div class=\"elementor-widget-container\">\n\t\t\t\t\t\t\t<p>3 ECTS Credits<\/p>\t\t\t\t\t\t<\/div>\n\t\t\t\t<\/div>\n\t\t\t\t\t<\/div>\n\t\t\t\t<\/div>\n\t\t\t\t<div class=\"elementor-element elementor-element-3742b984 elementor-align-center elementor-widget elementor-widget-button\" data-id=\"3742b984\" data-element_type=\"widget\" data-widget_type=\"button.default\">\n\t\t\t\t<div class=\"elementor-widget-container\">\n\t\t\t\t\t\t\t<div class=\"elementor-button-wrapper\">\n\t\t\t\t\t<a class=\"elementor-button elementor-button-link elementor-size-sm\" href=\"https:\/\/www.campus02.at\/automatisierungstechnik\/en\/weiterbildung\/hochschulkurs-prozess-anlagenplanung\/\">\n\t\t\t\t\t\t<span class=\"elementor-button-content-wrapper\">\n\t\t\t\t\t\t\t\t\t<span class=\"elementor-button-text\">Further Information<\/span>\n\t\t\t\t\t<\/span>\n\t\t\t\t\t<\/a>\n\t\t\t\t<\/div>\n\t\t\t\t\t\t<\/div>\n\t\t\t\t<\/div>\n\t\t\t\t<\/div>\n\t\t\t\t\t<\/div>\n\t\t\t\t<\/div>\n\t\t\t\t\t<\/div>\n\t\t\t\t<\/div>\n\t\t\t\t\t<\/div>\n\t\t\t\t<\/div>\n\t\t\t\t<\/div>","protected":false},"excerpt":{"rendered":"<p>Business School Technik Die Weiterentwicklung von Techniker*innen sind entscheidend f\u00fcr die Zukunft der modernen Fertigung und <a href=\"https:\/\/www.campus02.at\/en\/business-school\/technik\/\" class=\"more-link\">more&hellip;<\/a><\/p>","protected":false},"author":182,"featured_media":0,"parent":137327,"menu_order":0,"comment_status":"closed","ping_status":"closed","template":"elementor_header_footer","meta":{"_acf_changed":false,"footnotes":""},"coauthors":[1124],"class_list":["post-151427","page","type-page","status-publish","hentry"],"acf":[],"yoast_head":"<!-- This site is optimized with the Yoast SEO plugin v26.9 - https:\/\/yoast.com\/product\/yoast-seo-wordpress\/ -->\n<title>Schwerpunkt Technik - FH CAMPUS 02<\/title>\n<meta name=\"robots\" content=\"index, follow, max-snippet:-1, max-image-preview:large, max-video-preview:-1\" \/>\n<link rel=\"canonical\" href=\"https:\/\/www.campus02.at\/en\/business-school\/technik\/\" \/>\n<meta property=\"og:locale\" content=\"en_GB\" \/>\n<meta property=\"og:type\" content=\"article\" \/>\n<meta property=\"og:title\" content=\"Schwerpunkt Technik - FH CAMPUS 02\" \/>\n<meta property=\"og:description\" content=\"Business School Technik Die Weiterentwicklung von Techniker*innen sind entscheidend f\u00fcr die Zukunft der modernen Fertigung und more&hellip;\" \/>\n<meta property=\"og:url\" content=\"https:\/\/www.campus02.at\/en\/business-school\/technik\/\" \/>\n<meta property=\"og:site_name\" content=\"FH CAMPUS 02\" \/>\n<meta property=\"article:modified_time\" content=\"2025-12-12T13:48:24+00:00\" \/>\n<meta property=\"og:image\" content=\"https:\/\/www.campus02.at\/wp-content\/uploads\/2024\/05\/O8A6921-scaled.jpg\" \/>\n\t<meta property=\"og:image:width\" content=\"2560\" \/>\n\t<meta property=\"og:image:height\" content=\"1600\" \/>\n\t<meta property=\"og:image:type\" content=\"image\/jpeg\" \/>\n<meta name=\"twitter:card\" content=\"summary_large_image\" \/>\n<meta name=\"twitter:label1\" content=\"Estimated reading time\" \/>\n\t<meta name=\"twitter:data1\" content=\"1 minute\" \/>\n\t<meta name=\"twitter:label2\" content=\"Written by\" \/>\n\t<meta name=\"twitter:data2\" content=\"Bendl Claudia\" \/>\n<script type=\"application\/ld+json\" class=\"yoast-schema-graph\">{\"@context\":\"https:\/\/schema.org\",\"@graph\":[{\"@type\":\"WebPage\",\"@id\":\"https:\/\/www.campus02.at\/business-school\/technik\/\",\"url\":\"https:\/\/www.campus02.at\/business-school\/technik\/\",\"name\":\"Schwerpunkt Technik - FH CAMPUS 02\",\"isPartOf\":{\"@id\":\"https:\/\/www.campus02.at\/#website\"},\"primaryImageOfPage\":{\"@id\":\"https:\/\/www.campus02.at\/business-school\/technik\/#primaryimage\"},\"image\":{\"@id\":\"https:\/\/www.campus02.at\/business-school\/technik\/#primaryimage\"},\"thumbnailUrl\":\"https:\/\/www.campus02.at\/wp-content\/uploads\/2024\/05\/O8A6921-1920x1200.jpg\",\"datePublished\":\"2024-10-15T19:17:32+00:00\",\"dateModified\":\"2025-12-12T13:48:24+00:00\",\"breadcrumb\":{\"@id\":\"https:\/\/www.campus02.at\/business-school\/technik\/#breadcrumb\"},\"inLanguage\":\"en-GB\",\"potentialAction\":[{\"@type\":\"ReadAction\",\"target\":[\"https:\/\/www.campus02.at\/business-school\/technik\/\"]}]},{\"@type\":\"ImageObject\",\"inLanguage\":\"en-GB\",\"@id\":\"https:\/\/www.campus02.at\/business-school\/technik\/#primaryimage\",\"url\":\"https:\/\/www.campus02.at\/wp-content\/uploads\/2024\/05\/O8A6921-1920x1200.jpg\",\"contentUrl\":\"https:\/\/www.campus02.at\/wp-content\/uploads\/2024\/05\/O8A6921-1920x1200.jpg\"},{\"@type\":\"BreadcrumbList\",\"@id\":\"https:\/\/www.campus02.at\/business-school\/technik\/#breadcrumb\",\"itemListElement\":[{\"@type\":\"ListItem\",\"position\":1,\"name\":\"Startseite\",\"item\":\"https:\/\/www.campus02.at\/\"},{\"@type\":\"ListItem\",\"position\":2,\"name\":\"Business School\",\"item\":\"https:\/\/www.campus02.at\/business-school\/\"},{\"@type\":\"ListItem\",\"position\":3,\"name\":\"Schwerpunkt Technik\"}]},{\"@type\":\"WebSite\",\"@id\":\"https:\/\/www.campus02.at\/#website\",\"url\":\"https:\/\/www.campus02.at\/\",\"name\":\"FH CAMPUS 02\",\"description\":\"\",\"publisher\":{\"@id\":\"https:\/\/www.campus02.at\/#organization\"},\"potentialAction\":[{\"@type\":\"SearchAction\",\"target\":{\"@type\":\"EntryPoint\",\"urlTemplate\":\"https:\/\/www.campus02.at\/?s={search_term_string}\"},\"query-input\":{\"@type\":\"PropertyValueSpecification\",\"valueRequired\":true,\"valueName\":\"search_term_string\"}}],\"inLanguage\":\"en-GB\"},{\"@type\":\"Organization\",\"@id\":\"https:\/\/www.campus02.at\/#organization\",\"name\":\"FH CAMPUS 02\",\"url\":\"https:\/\/www.campus02.at\/\",\"logo\":{\"@type\":\"ImageObject\",\"inLanguage\":\"en-GB\",\"@id\":\"https:\/\/www.campus02.at\/#\/schema\/logo\/image\/\",\"url\":\"https:\/\/www.campus02.at\/wp-content\/uploads\/2016\/10\/Logo.jpg\",\"contentUrl\":\"https:\/\/www.campus02.at\/wp-content\/uploads\/2016\/10\/Logo.jpg\",\"width\":1108,\"height\":440,\"caption\":\"FH CAMPUS 02\"},\"image\":{\"@id\":\"https:\/\/www.campus02.at\/#\/schema\/logo\/image\/\"}}]}<\/script>\n<!-- \/ Yoast SEO plugin. -->","yoast_head_json":{"title":"Schwerpunkt Technik - FH CAMPUS 02","robots":{"index":"index","follow":"follow","max-snippet":"max-snippet:-1","max-image-preview":"max-image-preview:large","max-video-preview":"max-video-preview:-1"},"canonical":"https:\/\/www.campus02.at\/en\/business-school\/technik\/","og_locale":"en_GB","og_type":"article","og_title":"Schwerpunkt Technik - FH CAMPUS 02","og_description":"Business School Technik Die Weiterentwicklung von Techniker*innen sind entscheidend f\u00fcr die Zukunft der modernen Fertigung und more&hellip;","og_url":"https:\/\/www.campus02.at\/en\/business-school\/technik\/","og_site_name":"FH CAMPUS 02","article_modified_time":"2025-12-12T13:48:24+00:00","og_image":[{"width":2560,"height":1600,"url":"https:\/\/www.campus02.at\/wp-content\/uploads\/2024\/05\/O8A6921-scaled.jpg","type":"image\/jpeg"}],"twitter_card":"summary_large_image","twitter_misc":{"Estimated reading time":"1 minute","Written by":"Bendl Claudia"},"schema":{"@context":"https:\/\/schema.org","@graph":[{"@type":"WebPage","@id":"https:\/\/www.campus02.at\/business-school\/technik\/","url":"https:\/\/www.campus02.at\/business-school\/technik\/","name":"Schwerpunkt Technik - FH CAMPUS 02","isPartOf":{"@id":"https:\/\/www.campus02.at\/#website"},"primaryImageOfPage":{"@id":"https:\/\/www.campus02.at\/business-school\/technik\/#primaryimage"},"image":{"@id":"https:\/\/www.campus02.at\/business-school\/technik\/#primaryimage"},"thumbnailUrl":"https:\/\/www.campus02.at\/wp-content\/uploads\/2024\/05\/O8A6921-1920x1200.jpg","datePublished":"2024-10-15T19:17:32+00:00","dateModified":"2025-12-12T13:48:24+00:00","breadcrumb":{"@id":"https:\/\/www.campus02.at\/business-school\/technik\/#breadcrumb"},"inLanguage":"en-GB","potentialAction":[{"@type":"ReadAction","target":["https:\/\/www.campus02.at\/business-school\/technik\/"]}]},{"@type":"ImageObject","inLanguage":"en-GB","@id":"https:\/\/www.campus02.at\/business-school\/technik\/#primaryimage","url":"https:\/\/www.campus02.at\/wp-content\/uploads\/2024\/05\/O8A6921-1920x1200.jpg","contentUrl":"https:\/\/www.campus02.at\/wp-content\/uploads\/2024\/05\/O8A6921-1920x1200.jpg"},{"@type":"BreadcrumbList","@id":"https:\/\/www.campus02.at\/business-school\/technik\/#breadcrumb","itemListElement":[{"@type":"ListItem","position":1,"name":"Startseite","item":"https:\/\/www.campus02.at\/"},{"@type":"ListItem","position":2,"name":"Business School","item":"https:\/\/www.campus02.at\/business-school\/"},{"@type":"ListItem","position":3,"name":"Schwerpunkt Technik"}]},{"@type":"WebSite","@id":"https:\/\/www.campus02.at\/#website","url":"https:\/\/www.campus02.at\/","name":"CAMPUS 02 UAS","description":"","publisher":{"@id":"https:\/\/www.campus02.at\/#organization"},"potentialAction":[{"@type":"SearchAction","target":{"@type":"EntryPoint","urlTemplate":"https:\/\/www.campus02.at\/?s={search_term_string}"},"query-input":{"@type":"PropertyValueSpecification","valueRequired":true,"valueName":"search_term_string"}}],"inLanguage":"en-GB"},{"@type":"Organization","@id":"https:\/\/www.campus02.at\/#organization","name":"CAMPUS 02 UAS","url":"https:\/\/www.campus02.at\/","logo":{"@type":"ImageObject","inLanguage":"en-GB","@id":"https:\/\/www.campus02.at\/#\/schema\/logo\/image\/","url":"https:\/\/www.campus02.at\/wp-content\/uploads\/2016\/10\/Logo.jpg","contentUrl":"https:\/\/www.campus02.at\/wp-content\/uploads\/2016\/10\/Logo.jpg","width":1108,"height":440,"caption":"FH CAMPUS 02"},"image":{"@id":"https:\/\/www.campus02.at\/#\/schema\/logo\/image\/"}}]}},"_links":{"self":[{"href":"https:\/\/www.campus02.at\/en\/wp-json\/wp\/v2\/pages\/151427","targetHints":{"allow":["GET"]}}],"collection":[{"href":"https:\/\/www.campus02.at\/en\/wp-json\/wp\/v2\/pages"}],"about":[{"href":"https:\/\/www.campus02.at\/en\/wp-json\/wp\/v2\/types\/page"}],"author":[{"embeddable":true,"href":"https:\/\/www.campus02.at\/en\/wp-json\/wp\/v2\/users\/182"}],"replies":[{"embeddable":true,"href":"https:\/\/www.campus02.at\/en\/wp-json\/wp\/v2\/comments?post=151427"}],"version-history":[{"count":7,"href":"https:\/\/www.campus02.at\/en\/wp-json\/wp\/v2\/pages\/151427\/revisions"}],"predecessor-version":[{"id":164090,"href":"https:\/\/www.campus02.at\/en\/wp-json\/wp\/v2\/pages\/151427\/revisions\/164090"}],"up":[{"embeddable":true,"href":"https:\/\/www.campus02.at\/en\/wp-json\/wp\/v2\/pages\/137327"}],"wp:attachment":[{"href":"https:\/\/www.campus02.at\/en\/wp-json\/wp\/v2\/media?parent=151427"}],"wp:term":[{"taxonomy":"author","embeddable":true,"href":"https:\/\/www.campus02.at\/en\/wp-json\/wp\/v2\/coauthors?post=151427"}],"curies":[{"name":"wp","href":"https:\/\/api.w.org\/{rel}","templated":true}]}}