{"id":1507,"date":"2016-03-02T16:21:30","date_gmt":"2016-03-02T15:21:30","guid":{"rendered":"https:\/\/www.campus02.at\/?page_id=1507"},"modified":"2022-07-18T14:37:51","modified_gmt":"2022-07-18T12:37:51","slug":"informationen-und-links","status":"publish","type":"page","link":"https:\/\/www.campus02.at\/en\/unsere-hochschule\/zentrale-services\/gender-diversity-management\/informationen-und-links\/","title":{"rendered":"Begriffsdefinitionen, Kooperationen &#038; Links"},"content":{"rendered":"<div class=\"flex-campus-main flex-campus-main-Heading\"><h3>Begriffsdefinitionen<\/h3><\/div><div class=\"flex-campus-main flex-campus-main-Accordion\"><div class=\"panel-group\" id=\"flexAccordion-1\" role=\"tablist\" aria-multiselectable=\"true\">\n            <div class=\"panel panel-default\">\n            <div class=\"panel-heading\" role=\"tab\" id=\"flexAccordion-1-0-heading\">\n                <h4 class=\"panel-title\">\n                    <a role=\"button\" data-toggle=\"collapse\" data-parent=\"#flexAccordion-1\" href=\"#flexAccordion-1-0-collapse\" aria-expanded=\"true\"\n                       aria-controls=\"flexAccordion-1-0-collapse\">\n                        Equal Opportunities                    <\/a>\n                <\/h4>\n            <\/div>\n            <div id=\"flexAccordion-1-0-collapse\" class=\"panel-collapse collapse\" role=\"tabpanel\" aria-labelledby=\"flexAccordion-1-0-heading\">\n                <div class=\"panel-body\">\n                    <p>Equal opportunities for all is one of the fundamental principles of EU policy. Discrimination based on gender, race, ethnic origin, disability, sexual orientation, age, religion, or belief is legally prohibited throughout the EU. The EU has its own strategies to combat discrimination and xenophobia and to promote social inclusion.<\/p>\n<p style=\"text-align: justify;\"><a href=\"http:\/\/europa.eu\/pol\/socio\/index_de.htm\" target=\"_blank\" rel=\"noopener noreferrer\"><i class=\"fa fa-external-link-square\"><\/i> Further Information<\/a><\/p>\n                <\/div>\n            <\/div>\n        <\/div>\n            <div class=\"panel panel-default\">\n            <div class=\"panel-heading\" role=\"tab\" id=\"flexAccordion-1-1-heading\">\n                <h4 class=\"panel-title\">\n                    <a role=\"button\" data-toggle=\"collapse\" data-parent=\"#flexAccordion-1\" href=\"#flexAccordion-1-1-collapse\" aria-expanded=\"true\"\n                       aria-controls=\"flexAccordion-1-1-collapse\">\n                        Gender                    <\/a>\n                <\/h4>\n            <\/div>\n            <div id=\"flexAccordion-1-1-collapse\" class=\"panel-collapse collapse\" role=\"tabpanel\" aria-labelledby=\"flexAccordion-1-1-heading\">\n                <div class=\"panel-body\">\n                    <p>Gesellschaftlich, sozial und kulturell gepr\u00e4gten Geschlechtsrollen von Frauen und M\u00e4nnern, die &#8211; anders als das \u201ebiologische Geschlecht&#8220; &#8211; erlernt und damit auch ver\u00e4nderbar sind.<\/p>\n<p><a href=\"http:\/\/www.statistik.at\/web_de\/statistiken\/menschen_und_gesellschaft\/soziales\/gender-statistik\/index.html\" target=\"_blank\" rel=\"noopener noreferrer\"><i class=\"fa fa-external-link-square\"><\/i> Further information &amp; statistical data for Austria<\/a><\/p>\n                <\/div>\n            <\/div>\n        <\/div>\n            <div class=\"panel panel-default\">\n            <div class=\"panel-heading\" role=\"tab\" id=\"flexAccordion-1-2-heading\">\n                <h4 class=\"panel-title\">\n                    <a role=\"button\" data-toggle=\"collapse\" data-parent=\"#flexAccordion-1\" href=\"#flexAccordion-1-2-collapse\" aria-expanded=\"true\"\n                       aria-controls=\"flexAccordion-1-2-collapse\">\n                        Gender Mainstreaming                    <\/a>\n                <\/h4>\n            <\/div>\n            <div id=\"flexAccordion-1-2-collapse\" class=\"panel-collapse collapse\" role=\"tabpanel\" aria-labelledby=\"flexAccordion-1-2-heading\">\n                <div class=\"panel-body\">\n                    <p>Means taking into account the different life situations and interests of women and men from the outset and regularly in all societal initiatives, as there is no gender-neutral reality.<\/p>\n<p><a href=\"http:\/\/www.genderkompetenz.info\/genderkompetenz-2003-2010\/gendermainstreaming\/Strategie\/Gleichstellungspolitik\/laenderstudien\/oesterreich\/index.html\" target=\"_blank\" rel=\"noopener noreferrer\"><i class=\"fa fa-external-link-square\"><\/i> Further Information<\/a><\/p>\n                <\/div>\n            <\/div>\n        <\/div>\n            <div class=\"panel panel-default\">\n            <div class=\"panel-heading\" role=\"tab\" id=\"flexAccordion-1-3-heading\">\n                <h4 class=\"panel-title\">\n                    <a role=\"button\" data-toggle=\"collapse\" data-parent=\"#flexAccordion-1\" href=\"#flexAccordion-1-3-collapse\" aria-expanded=\"true\"\n                       aria-controls=\"flexAccordion-1-3-collapse\">\n                        Diversity Management                    <\/a>\n                <\/h4>\n            <\/div>\n            <div id=\"flexAccordion-1-3-collapse\" class=\"panel-collapse collapse\" role=\"tabpanel\" aria-labelledby=\"flexAccordion-1-3-heading\">\n                <div class=\"panel-body\">\n                    <p style=\"text-align: justify;\">The goals are to achieve a productive overall atmosphere (in the company), prevent social discrimination against minorities, and improve equal opportunities. The differences include externally perceptible ones, such as gender, ethnicity, age, and disability, as well as subjective differences like sexual orientation, religion, and lifestyle.<\/p>\n                <\/div>\n            <\/div>\n        <\/div>\n    <\/div>\n<\/div><div class=\"flex-campus-main flex-campus-main-Heading\"><h3>Cooperations<\/h3><\/div><div class=\"flex-campus-main flex-campus-main-Accordion\"><div class=\"panel-group\" id=\"flexAccordion-2\" role=\"tablist\" aria-multiselectable=\"true\">\n            <div class=\"panel panel-default\">\n            <div class=\"panel-heading\" role=\"tab\" id=\"flexAccordion-2-0-heading\">\n                <h4 class=\"panel-title\">\n                    <a role=\"button\" data-toggle=\"collapse\" data-parent=\"#flexAccordion-2\" href=\"#flexAccordion-2-0-collapse\" aria-expanded=\"true\"\n                       aria-controls=\"flexAccordion-2-0-collapse\">\n                        GenderWerkst\u00e4tte Graz                    <\/a>\n                <\/h4>\n            <\/div>\n            <div id=\"flexAccordion-2-0-collapse\" class=\"panel-collapse collapse\" role=\"tabpanel\" aria-labelledby=\"flexAccordion-2-0-heading\">\n                <div class=\"panel-body\">\n                    <p><a href=\"http:\/\/genderwerkstaette.at\/\" target=\"_blank\" rel=\"noopener\"><i class=\"fa fa-external-link-square\"><\/i> Further information about the Gender Workshop Graz<\/a><\/p>\n                <\/div>\n            <\/div>\n        <\/div>\n            <div class=\"panel panel-default\">\n            <div class=\"panel-heading\" role=\"tab\" id=\"flexAccordion-2-1-heading\">\n                <h4 class=\"panel-title\">\n                    <a role=\"button\" data-toggle=\"collapse\" data-parent=\"#flexAccordion-2\" href=\"#flexAccordion-2-1-collapse\" aria-expanded=\"true\"\n                       aria-controls=\"flexAccordion-2-1-collapse\">\n                        FIT \u2013 Women into Technology Styria                    <\/a>\n                <\/h4>\n            <\/div>\n            <div id=\"flexAccordion-2-1-collapse\" class=\"panel-collapse collapse\" role=\"tabpanel\" aria-labelledby=\"flexAccordion-2-1-heading\">\n                <div class=\"panel-body\">\n                    <p><a href=\"https:\/\/www.fit.tugraz.at\/index.php\/wbindex\/start\" target=\"_blank\" rel=\"noopener\"><i class=\"fa fa-external-link-square\"><\/i> Weitere Informationen zu FIT &#8211; Frauen in die Technik Steiermark<\/a><\/p>\n                <\/div>\n            <\/div>\n        <\/div>\n            <div class=\"panel panel-default\">\n            <div class=\"panel-heading\" role=\"tab\" id=\"flexAccordion-2-2-heading\">\n                <h4 class=\"panel-title\">\n                    <a role=\"button\" data-toggle=\"collapse\" data-parent=\"#flexAccordion-2\" href=\"#flexAccordion-2-2-collapse\" aria-expanded=\"true\"\n                       aria-controls=\"flexAccordion-2-2-collapse\">\n                        Actions Instead of Words - Initiative for the Equality of Women and Men in the Workplace                    <\/a>\n                <\/h4>\n            <\/div>\n            <div id=\"flexAccordion-2-2-collapse\" class=\"panel-collapse collapse\" role=\"tabpanel\" aria-labelledby=\"flexAccordion-2-2-heading\">\n                <div class=\"panel-body\">\n                    <p>Die FH CAMPUS 02 wurde im Jahr 2015 von der Initiative &#8222;Taten statt Worte&#8220; als einer der &#8222;Familienfreundlichste Betriebe der Steiermark&#8220;\u00a0in der Kategorie Non-Profit-Unternehmen ausgezeichnet.<\/p>\n                <\/div>\n            <\/div>\n        <\/div>\n            <div class=\"panel panel-default\">\n            <div class=\"panel-heading\" role=\"tab\" id=\"flexAccordion-2-3-heading\">\n                <h4 class=\"panel-title\">\n                    <a role=\"button\" data-toggle=\"collapse\" data-parent=\"#flexAccordion-2\" href=\"#flexAccordion-2-3-collapse\" aria-expanded=\"true\"\n                       aria-controls=\"flexAccordion-2-3-collapse\">\n                        UNIABILITY                    <\/a>\n                <\/h4>\n            <\/div>\n            <div id=\"flexAccordion-2-3-collapse\" class=\"panel-collapse collapse\" role=\"tabpanel\" aria-labelledby=\"flexAccordion-2-3-heading\">\n                <div class=\"panel-body\">\n                    <p>Uniability: Working group for equal opportunities for people with disabilities and chronic illnesses at Austrian universities and colleges<\/p>\n<p><a href=\"http:\/\/www.uniability.org\" target=\"_blank\" rel=\"noopener\"><i class=\"fa fa-external-link-square\"><\/i> Further information about UNIABILITY<\/a><\/p>\n                <\/div>\n            <\/div>\n        <\/div>\n            <div class=\"panel panel-default\">\n            <div class=\"panel-heading\" role=\"tab\" id=\"flexAccordion-2-4-heading\">\n                <h4 class=\"panel-title\">\n                    <a role=\"button\" data-toggle=\"collapse\" data-parent=\"#flexAccordion-2\" href=\"#flexAccordion-2-4-collapse\" aria-expanded=\"true\"\n                       aria-controls=\"flexAccordion-2-4-collapse\">\n                        VBS - Association for Blind and Visually Impaired Education                    <\/a>\n                <\/h4>\n            <\/div>\n            <div id=\"flexAccordion-2-4-collapse\" class=\"panel-collapse collapse\" role=\"tabpanel\" aria-labelledby=\"flexAccordion-2-4-heading\">\n                <div class=\"panel-body\">\n                    <p><a href=\"http:\/\/www.vbs.eu\" target=\"_blank\" rel=\"noopener\"><i class=\"fa fa-external-link-square\"><\/i> Further information about the VBS<\/a><\/p>\n                <\/div>\n            <\/div>\n        <\/div>\n            <div class=\"panel panel-default\">\n            <div class=\"panel-heading\" role=\"tab\" id=\"flexAccordion-2-5-heading\">\n                <h4 class=\"panel-title\">\n                    <a role=\"button\" data-toggle=\"collapse\" data-parent=\"#flexAccordion-2\" href=\"#flexAccordion-2-5-collapse\" aria-expanded=\"true\"\n                       aria-controls=\"flexAccordion-2-5-collapse\">\n                        zam - Regional Office nowa                    <\/a>\n                <\/h4>\n            <\/div>\n            <div id=\"flexAccordion-2-5-collapse\" class=\"panel-collapse collapse\" role=\"tabpanel\" aria-labelledby=\"flexAccordion-2-5-heading\">\n                <div class=\"panel-body\">\n                    <p>Zam Steiermark GmbH \u2013 Regional Office nowa offers a training program in cooperation with FH CAMPUS 02 to become a software developer.<\/p>\n<p><a href=\"http:\/\/www.zam-steiermark.at\" target=\"_blank\" rel=\"noopener\"><i class=\"fa fa-external-link-square\"><\/i> Weitere Informationen zum Kooperationsprojekt mit zam &#8211; nowa<\/a><\/p>\n                <\/div>\n            <\/div>\n        <\/div>\n    <\/div>\n<\/div><div class=\"flex-campus-main flex-campus-main-Heading\"><h3>Links<\/h3><\/div><div class=\"flex-campus-main flex-campus-main-LinklistsMulticolumn\"><div class=\"linklists\">\n    <div class=\"row\">        <div class=\"col-md-6\">\n            <div class=\"linkcollection\">\n                                    <h3>Gender<\/h3>\n                                <p class=\"linkcollection-link\"><a class=\"\" href=\"http:\/\/www.abzaustria.at\" target=\"_blank\"><i class=\"fa fa-external-link-square\"><\/i>abz* Austria - Kompetenz f\u00fcr Frauen und Wirtschaft<\/a><\/p><p class=\"linkcollection-link\"><a class=\"\" href=\"http:\/\/www.femtech.at\" target=\"_blank\"><i class=\"fa fa-external-link-square\"><\/i>FEMTech - Frauen in Forschung und Technologie<\/a><\/p><p class=\"linkcollection-link\"><a class=\"\" href=\"https:\/\/www.meine-technik.at\/\" target=\"_blank\"><i class=\"fa fa-external-link-square\"><\/i>Frauen und M\u00e4dchen in die Technik<\/a><\/p><p class=\"linkcollection-link\"><a class=\"\" href=\"http:\/\/www.fwf.ac.at\/de\/forschungsfoerderung\/fwf-programme\/firnberg-programm\/\" target=\"_blank\"><i class=\"fa fa-external-link-square\"><\/i>Hertha-Firnberg-Programm (FWF - Fonds zur F\u00f6rderung der wissenschaftlichen Forschung)<\/a><\/p><p class=\"linkcollection-link\"><a class=\"\" href=\"http:\/\/www.fwf.ac.at\/de\/forschungsfoerderung\/fwf-programme\/richter-programm\/\" target=\"_blank\"><i class=\"fa fa-external-link-square\"><\/i>Elise-Richter-Programm (FWF - Fonds zur F\u00f6rderung der wissenschaftlichen Forschung)<\/a><\/p><p class=\"linkcollection-link\"><a class=\"\" href=\"http:\/\/www.genderkompetenz.info\/\" target=\"_blank\"><i class=\"fa fa-external-link-square\"><\/i>Genderkompetenzzentrum<\/a><\/p><p class=\"linkcollection-link\"><a class=\"\" href=\"http:\/\/www.w-fforte.at\" target=\"_blank\"><i class=\"fa fa-external-link-square\"><\/i>w-fFORTE - Wirtschaftsimpulse von Frauen in Forschung und Technologie<\/a><\/p><p class=\"linkcollection-link\"><a class=\"\" href=\"http:\/\/www.zam-steiermark.at\/index.php\" target=\"_blank\"><i class=\"fa fa-external-link-square\"><\/i>zam - Zentrum f\u00fcr Ausbildungsmanagement<\/a><\/p>            <\/div>\n        <\/div>\n                <div class=\"col-md-6\">\n            <div class=\"linkcollection\">\n                                    <h3>Diversity<\/h3>\n                                <p class=\"linkcollection-link\"><a class=\"\" href=\"http:\/\/www.societyfordiversity.at\" target=\"_blank\"><i class=\"fa fa-external-link-square\"><\/i>Austrian Society for Diversity<\/a><\/p><p class=\"linkcollection-link\"><a class=\"\" href=\"http:\/\/www.soziales.steiermark.at\/cms\/dokumente\/11562700_108305469\/4cfa1aba\/Charta.pdf\" target=\"_blank\"><i class=\"fa fa-external-link-square\"><\/i>Charta des Zusammenlebens in Vielfalt in der Steiermark<\/a><\/p><p class=\"linkcollection-link\"><a class=\"\" href=\"http:\/\/www.%20uniability.org\" target=\"_blank\"><i class=\"fa fa-external-link-square\"><\/i>Uniability: Working group for equal opportunities for people with disabilities and chronic illnesses at Austrian universities and colleges<\/a><\/p><p class=\"linkcollection-link\"><a class=\"\" href=\"http:\/\/www.hochschulombudsmann.at\" target=\"_blank\"><i class=\"fa fa-external-link-square\"><\/i>Ombudsstelle f\u00fcr Studierende bei Fragen, Probleme, Beschwerden beim Studium, die nicht vor Ort gekl\u00e4rt oder gel\u00f6st werden k\u00f6nnen<\/a><\/p><p class=\"linkcollection-link\"><a class=\"\" href=\"http:\/\/www.hochschulombudsmann.at\/wp-content\/uploads\/2018\/08\/Stichwort_Studieren_mit_Behinderung-Stand-April-2018.pdf\" target=\"_blank\"><i class=\"fa fa-external-link-square\"><\/i>Download der Brosch\u00fcre &quot;Studieren mit Behinderung&quot;<\/a><\/p>            <\/div>\n        <\/div>\n    <\/div><\/div><\/div>","protected":false},"excerpt":{"rendered":"<p>Begriffsdefinitionen Chancengleichheit Chancengleichheit f\u00fcr alle ist einer der Grunds\u00e4tze der EU-Politik. In der gesamten EU <a href=\"https:\/\/www.campus02.at\/en\/unsere-hochschule\/zentrale-services\/gender-diversity-management\/informationen-und-links\/\" class=\"more-link\">more&hellip;<\/a><\/p>","protected":false},"author":177,"featured_media":0,"parent":8017,"menu_order":0,"comment_status":"closed","ping_status":"closed","template":"","meta":{"_acf_changed":false,"footnotes":""},"coauthors":[1094,700],"class_list":["post-1507","page","type-page","status-publish","hentry"],"acf":[],"yoast_head":"<!-- This site is optimized with the Yoast SEO plugin v26.9 - https:\/\/yoast.com\/product\/yoast-seo-wordpress\/ -->\n<title>Begriffsdefinitionen, Kooperationen &amp; Links - FH CAMPUS 02<\/title>\n<meta name=\"robots\" content=\"index, follow, max-snippet:-1, max-image-preview:large, max-video-preview:-1\" \/>\n<link rel=\"canonical\" href=\"https:\/\/www.campus02.at\/en\/unsere-hochschule\/zentrale-services\/gender-diversity-management\/informationen-und-links\/\" \/>\n<meta property=\"og:locale\" content=\"en_GB\" \/>\n<meta property=\"og:type\" content=\"article\" \/>\n<meta property=\"og:title\" content=\"Begriffsdefinitionen, Kooperationen &amp; Links - FH CAMPUS 02\" \/>\n<meta property=\"og:description\" content=\"Begriffsdefinitionen Chancengleichheit Chancengleichheit f\u00fcr alle ist einer der Grunds\u00e4tze der EU-Politik. In der gesamten EU more&hellip;\" \/>\n<meta property=\"og:url\" content=\"https:\/\/www.campus02.at\/en\/unsere-hochschule\/zentrale-services\/gender-diversity-management\/informationen-und-links\/\" \/>\n<meta property=\"og:site_name\" content=\"FH CAMPUS 02\" \/>\n<meta property=\"article:modified_time\" content=\"2022-07-18T12:37:51+00:00\" \/>\n<meta property=\"og:image\" content=\"https:\/\/www.campus02.at\/wp-content\/uploads\/2015\/10\/T_LEI2980.jpg\" \/>\n\t<meta property=\"og:image:width\" content=\"1200\" \/>\n\t<meta property=\"og:image:height\" content=\"630\" \/>\n\t<meta property=\"og:image:type\" content=\"image\/jpeg\" \/>\n<meta name=\"twitter:card\" content=\"summary_large_image\" \/>\n<meta name=\"twitter:label1\" content=\"Written by\" \/>\n\t<meta name=\"twitter:data1\" content=\"Pertl Bettina\" \/>\n<script type=\"application\/ld+json\" class=\"yoast-schema-graph\">{\"@context\":\"https:\/\/schema.org\",\"@graph\":[{\"@type\":\"WebPage\",\"@id\":\"https:\/\/www.campus02.at\/unsere-hochschule\/zentrale-services\/gender-diversity-management\/informationen-und-links\/\",\"url\":\"https:\/\/www.campus02.at\/unsere-hochschule\/zentrale-services\/gender-diversity-management\/informationen-und-links\/\",\"name\":\"Begriffsdefinitionen, Kooperationen & Links - FH CAMPUS 02\",\"isPartOf\":{\"@id\":\"https:\/\/www.campus02.at\/#website\"},\"datePublished\":\"2016-03-02T15:21:30+00:00\",\"dateModified\":\"2022-07-18T12:37:51+00:00\",\"breadcrumb\":{\"@id\":\"https:\/\/www.campus02.at\/unsere-hochschule\/zentrale-services\/gender-diversity-management\/informationen-und-links\/#breadcrumb\"},\"inLanguage\":\"en-GB\",\"potentialAction\":[{\"@type\":\"ReadAction\",\"target\":[\"https:\/\/www.campus02.at\/unsere-hochschule\/zentrale-services\/gender-diversity-management\/informationen-und-links\/\"]}]},{\"@type\":\"BreadcrumbList\",\"@id\":\"https:\/\/www.campus02.at\/unsere-hochschule\/zentrale-services\/gender-diversity-management\/informationen-und-links\/#breadcrumb\",\"itemListElement\":[{\"@type\":\"ListItem\",\"position\":1,\"name\":\"Startseite\",\"item\":\"https:\/\/www.campus02.at\/\"},{\"@type\":\"ListItem\",\"position\":2,\"name\":\"Organisation\",\"item\":\"https:\/\/www.campus02.at\/unsere-hochschule\/\"},{\"@type\":\"ListItem\",\"position\":3,\"name\":\"Zentrale Services\",\"item\":\"https:\/\/www.campus02.at\/unsere-hochschule\/zentrale-services\/\"},{\"@type\":\"ListItem\",\"position\":4,\"name\":\"Gender &#038; Diversity Management\",\"item\":\"https:\/\/www.campus02.at\/unsere-hochschule\/zentrale-services\/gender-diversity-management\/\"},{\"@type\":\"ListItem\",\"position\":5,\"name\":\"Begriffsdefinitionen, Kooperationen &#038; Links\"}]},{\"@type\":\"WebSite\",\"@id\":\"https:\/\/www.campus02.at\/#website\",\"url\":\"https:\/\/www.campus02.at\/\",\"name\":\"FH CAMPUS 02\",\"description\":\"\",\"publisher\":{\"@id\":\"https:\/\/www.campus02.at\/#organization\"},\"potentialAction\":[{\"@type\":\"SearchAction\",\"target\":{\"@type\":\"EntryPoint\",\"urlTemplate\":\"https:\/\/www.campus02.at\/?s={search_term_string}\"},\"query-input\":{\"@type\":\"PropertyValueSpecification\",\"valueRequired\":true,\"valueName\":\"search_term_string\"}}],\"inLanguage\":\"en-GB\"},{\"@type\":\"Organization\",\"@id\":\"https:\/\/www.campus02.at\/#organization\",\"name\":\"FH CAMPUS 02\",\"url\":\"https:\/\/www.campus02.at\/\",\"logo\":{\"@type\":\"ImageObject\",\"inLanguage\":\"en-GB\",\"@id\":\"https:\/\/www.campus02.at\/#\/schema\/logo\/image\/\",\"url\":\"https:\/\/www.campus02.at\/wp-content\/uploads\/2016\/10\/Logo.jpg\",\"contentUrl\":\"https:\/\/www.campus02.at\/wp-content\/uploads\/2016\/10\/Logo.jpg\",\"width\":1108,\"height\":440,\"caption\":\"FH CAMPUS 02\"},\"image\":{\"@id\":\"https:\/\/www.campus02.at\/#\/schema\/logo\/image\/\"}}]}<\/script>\n<!-- \/ Yoast SEO plugin. -->","yoast_head_json":{"title":"Begriffsdefinitionen, Kooperationen & Links - FH CAMPUS 02","robots":{"index":"index","follow":"follow","max-snippet":"max-snippet:-1","max-image-preview":"max-image-preview:large","max-video-preview":"max-video-preview:-1"},"canonical":"https:\/\/www.campus02.at\/en\/unsere-hochschule\/zentrale-services\/gender-diversity-management\/informationen-und-links\/","og_locale":"en_GB","og_type":"article","og_title":"Begriffsdefinitionen, Kooperationen & Links - FH CAMPUS 02","og_description":"Begriffsdefinitionen Chancengleichheit Chancengleichheit f\u00fcr alle ist einer der Grunds\u00e4tze der EU-Politik. In der gesamten EU more&hellip;","og_url":"https:\/\/www.campus02.at\/en\/unsere-hochschule\/zentrale-services\/gender-diversity-management\/informationen-und-links\/","og_site_name":"FH CAMPUS 02","article_modified_time":"2022-07-18T12:37:51+00:00","og_image":[{"width":1200,"height":630,"url":"https:\/\/www.campus02.at\/wp-content\/uploads\/2015\/10\/T_LEI2980.jpg","type":"image\/jpeg"}],"twitter_card":"summary_large_image","twitter_misc":{"Written by":"Pertl Bettina"},"schema":{"@context":"https:\/\/schema.org","@graph":[{"@type":"WebPage","@id":"https:\/\/www.campus02.at\/unsere-hochschule\/zentrale-services\/gender-diversity-management\/informationen-und-links\/","url":"https:\/\/www.campus02.at\/unsere-hochschule\/zentrale-services\/gender-diversity-management\/informationen-und-links\/","name":"Begriffsdefinitionen, Kooperationen & Links - FH CAMPUS 02","isPartOf":{"@id":"https:\/\/www.campus02.at\/#website"},"datePublished":"2016-03-02T15:21:30+00:00","dateModified":"2022-07-18T12:37:51+00:00","breadcrumb":{"@id":"https:\/\/www.campus02.at\/unsere-hochschule\/zentrale-services\/gender-diversity-management\/informationen-und-links\/#breadcrumb"},"inLanguage":"en-GB","potentialAction":[{"@type":"ReadAction","target":["https:\/\/www.campus02.at\/unsere-hochschule\/zentrale-services\/gender-diversity-management\/informationen-und-links\/"]}]},{"@type":"BreadcrumbList","@id":"https:\/\/www.campus02.at\/unsere-hochschule\/zentrale-services\/gender-diversity-management\/informationen-und-links\/#breadcrumb","itemListElement":[{"@type":"ListItem","position":1,"name":"Startseite","item":"https:\/\/www.campus02.at\/"},{"@type":"ListItem","position":2,"name":"Organisation","item":"https:\/\/www.campus02.at\/unsere-hochschule\/"},{"@type":"ListItem","position":3,"name":"Zentrale Services","item":"https:\/\/www.campus02.at\/unsere-hochschule\/zentrale-services\/"},{"@type":"ListItem","position":4,"name":"Gender &#038; Diversity Management","item":"https:\/\/www.campus02.at\/unsere-hochschule\/zentrale-services\/gender-diversity-management\/"},{"@type":"ListItem","position":5,"name":"Begriffsdefinitionen, Kooperationen &#038; Links"}]},{"@type":"WebSite","@id":"https:\/\/www.campus02.at\/#website","url":"https:\/\/www.campus02.at\/","name":"CAMPUS 02 UAS","description":"","publisher":{"@id":"https:\/\/www.campus02.at\/#organization"},"potentialAction":[{"@type":"SearchAction","target":{"@type":"EntryPoint","urlTemplate":"https:\/\/www.campus02.at\/?s={search_term_string}"},"query-input":{"@type":"PropertyValueSpecification","valueRequired":true,"valueName":"search_term_string"}}],"inLanguage":"en-GB"},{"@type":"Organization","@id":"https:\/\/www.campus02.at\/#organization","name":"CAMPUS 02 UAS","url":"https:\/\/www.campus02.at\/","logo":{"@type":"ImageObject","inLanguage":"en-GB","@id":"https:\/\/www.campus02.at\/#\/schema\/logo\/image\/","url":"https:\/\/www.campus02.at\/wp-content\/uploads\/2016\/10\/Logo.jpg","contentUrl":"https:\/\/www.campus02.at\/wp-content\/uploads\/2016\/10\/Logo.jpg","width":1108,"height":440,"caption":"FH CAMPUS 02"},"image":{"@id":"https:\/\/www.campus02.at\/#\/schema\/logo\/image\/"}}]}},"_links":{"self":[{"href":"https:\/\/www.campus02.at\/en\/wp-json\/wp\/v2\/pages\/1507","targetHints":{"allow":["GET"]}}],"collection":[{"href":"https:\/\/www.campus02.at\/en\/wp-json\/wp\/v2\/pages"}],"about":[{"href":"https:\/\/www.campus02.at\/en\/wp-json\/wp\/v2\/types\/page"}],"author":[{"embeddable":true,"href":"https:\/\/www.campus02.at\/en\/wp-json\/wp\/v2\/users\/177"}],"replies":[{"embeddable":true,"href":"https:\/\/www.campus02.at\/en\/wp-json\/wp\/v2\/comments?post=1507"}],"version-history":[{"count":9,"href":"https:\/\/www.campus02.at\/en\/wp-json\/wp\/v2\/pages\/1507\/revisions"}],"predecessor-version":[{"id":124814,"href":"https:\/\/www.campus02.at\/en\/wp-json\/wp\/v2\/pages\/1507\/revisions\/124814"}],"up":[{"embeddable":true,"href":"https:\/\/www.campus02.at\/en\/wp-json\/wp\/v2\/pages\/8017"}],"wp:attachment":[{"href":"https:\/\/www.campus02.at\/en\/wp-json\/wp\/v2\/media?parent=1507"}],"wp:term":[{"taxonomy":"author","embeddable":true,"href":"https:\/\/www.campus02.at\/en\/wp-json\/wp\/v2\/coauthors?post=1507"}],"curies":[{"name":"wp","href":"https:\/\/api.w.org\/{rel}","templated":true}]}}