{"id":1480,"date":"2016-03-02T16:15:52","date_gmt":"2016-03-02T15:15:52","guid":{"rendered":"https:\/\/www.campus02.at\/?page_id=1480"},"modified":"2022-07-18T14:39:15","modified_gmt":"2022-07-18T12:39:15","slug":"human-resource-management","status":"publish","type":"page","link":"https:\/\/www.campus02.at\/en\/unsere-hochschule\/zentrale-services\/human-resource-management\/","title":{"rendered":"Human Resource Management"},"content":{"rendered":"<div class=\"flex-campus-main flex-campus-main-Heading\"><h1>Human Resource Management<\/h1><\/div><div class=\"flex-campus-main flex-campus-main-Textbox\"><div class=\"alert bg-grey\">\n        <p>Unser Human Resource Management (HRM) gibt Auskunft bei Fragen rund um das Personalwesen unserer Fachhochschule.<\/p>\n    <\/div><\/div><div class=\"flex-campus-main flex-campus-main-Text\"><p>Die Aufgaben des HRM reichen dabei von der Beratung und Unterst\u00fctzung der Studiengangsleitungen und Gesch\u00e4ftsf\u00fchrung in Personalsachfragen bis hin zur Erstellung, Aufbereitung und Bearbeitung von internen personalrelevanten Richtlinien.<\/p>\n<p>Weitere Informationen und offene Stellenangebote finden Sie im Bereich <a href=\"https:\/\/www.campus02.at\/en\/jobs\/\"><strong><i class=\"fa fa-arrow-right\"><\/i> Jobs<\/strong><\/a>.<\/p>\n<\/div><div class=\"flex-campus-main flex-campus-main-TeamRepeater\"><div class=\"row flex-campus-course-team\" id=\"team\">\n    <div class=\"col-md-12\">\n        <h2>Team<\/h2>\n        <div class=\"team-group-sliders\">\n                        <div id=\"teamRepeaterSlider1_\" class=\"carousel slide team-carousel\" style=\"display:block;\" data-ride=\"carousel\" data-interval=\"\">\n                <div class=\"carousel-inner\" role=\"listbox\">\n                                                                        <div class=\"item active\">\n                            <div class=\"row\">\n                                                <div class=\"col-md-4 team-item text-center\" data-target=\"#teamInfo_teamRepeaterSlider1__3951\">\n                            <div class=\"team-item-image\"><img decoding=\"async\" width=\"200\" height=\"200\" src=\"https:\/\/www.campus02.at\/wp-content\/uploads\/2021\/12\/dagmar-baumgartner-200x200.jpg\" class=\"img-responsive wp-post-image\" alt=\"Portr\u00e4tfoto von Dagmar Baumgartner\" srcset=\"https:\/\/www.campus02.at\/wp-content\/uploads\/2021\/12\/dagmar-baumgartner-200x200.jpg 200w, https:\/\/www.campus02.at\/wp-content\/uploads\/2021\/12\/dagmar-baumgartner-150x150.jpg 150w, https:\/\/www.campus02.at\/wp-content\/uploads\/2021\/12\/dagmar-baumgartner-300x300.jpg 300w\" sizes=\"(max-width: 200px) 100vw, 200px\" \/><\/div>\n                            <div class=\"team-item-name\">Dagmar Baumgartner<\/div>\n                                                    <\/div>\n                                                    <\/div>\n                            <\/div>\n                                                            <\/div>\n                                <div class=\"team-info-container\">\n                                            <div id=\"teamInfo_teamRepeaterSlider1__3951\" class=\"team-info row\">\n                            <div class=\"col-md-6\">\n                                <div class=\"media\">\n                                    <div class=\"pull-left\">\n                                        <i class=\"fa fa-2x fa-comment-o fa-bg-round\"><\/i>\n                                    <\/div>\n                                    <div class=\"media-body\">\n                                        <h4 class=\"media-heading\">Mag. Dagmar Baumgartner<\/h4>\n                                        <p class=\"team-info-category\">\n                                                                                            Human Resource Management                                                                                    <\/p>\n                                        <p class=\"team-info-content\">\n                                                                                    <\/p>\n                                    <\/div>\n                                <\/div>\n                            <\/div>\n                            <div class=\"col-md-6\">\n                                                                    <p><a href=\"tel:+43 316 6002-152\/en\/\" class=\"link-tel\"><i class=\"fa fa-2x fa-mobile fa-bg-round fa-left\"><\/i>+43 316 6002-152<\/a><\/p>\n                                                                                                    <p><a href=\"mailto:dagmar.baumgartner@campus02.at\" class=\"link-mailto\"><i class=\"fa fa-2x fa-envelope-o fa-bg-round fa-left\"><\/i>dagmar.baumgartner@campus02.at<\/a><\/p>\n                                                                                                    <p><span><i class=\"fa fa-2x fa-location-arrow fa-bg-round fa-left\"><\/i>room number: CZ 230<\/span><\/p>\n                                                            <\/div>\n                        <\/div>\n                                    <\/div>\n            <\/div>\n        <\/div>\n                <div class=\"text-center\">\n                        <a href=\"\" class=\"btn btn-campus btn-info team-goto-link\"> <i class=\"fa fa-angle-right\"><\/i><\/a>\n        <\/div>\n    <\/div>\n<\/div><\/div>","protected":false},"excerpt":{"rendered":"<p>Human Resource Management Unser Human Resource Management (HRM) gibt Auskunft bei Fragen rund um das Personalwesen unserer <a href=\"https:\/\/www.campus02.at\/en\/unsere-hochschule\/zentrale-services\/human-resource-management\/\" class=\"more-link\">more&hellip;<\/a><\/p>","protected":false},"author":177,"featured_media":0,"parent":1474,"menu_order":7,"comment_status":"closed","ping_status":"closed","template":"","meta":{"_acf_changed":false,"footnotes":""},"coauthors":[1094,1057],"class_list":["post-1480","page","type-page","status-publish","hentry"],"acf":[],"yoast_head":"<!-- This site is optimized with the Yoast SEO plugin v26.9 - https:\/\/yoast.com\/product\/yoast-seo-wordpress\/ -->\n<title>Human Resource Management - FH CAMPUS 02<\/title>\n<meta name=\"robots\" content=\"index, follow, max-snippet:-1, max-image-preview:large, max-video-preview:-1\" \/>\n<link rel=\"canonical\" href=\"https:\/\/www.campus02.at\/en\/unsere-hochschule\/zentrale-services\/human-resource-management\/\" \/>\n<meta property=\"og:locale\" content=\"en_GB\" \/>\n<meta property=\"og:type\" content=\"article\" \/>\n<meta property=\"og:title\" content=\"Human Resource Management - FH CAMPUS 02\" \/>\n<meta property=\"og:description\" content=\"Human Resource Management Unser Human Resource Management (HRM) gibt Auskunft bei Fragen rund um das Personalwesen unserer more&hellip;\" \/>\n<meta property=\"og:url\" content=\"https:\/\/www.campus02.at\/en\/unsere-hochschule\/zentrale-services\/human-resource-management\/\" \/>\n<meta property=\"og:site_name\" content=\"FH CAMPUS 02\" \/>\n<meta property=\"article:modified_time\" content=\"2022-07-18T12:39:15+00:00\" \/>\n<meta property=\"og:image\" content=\"https:\/\/www.campus02.at\/wp-content\/uploads\/2015\/10\/T_LEI2980.jpg\" \/>\n\t<meta property=\"og:image:width\" content=\"1200\" \/>\n\t<meta property=\"og:image:height\" content=\"630\" \/>\n\t<meta property=\"og:image:type\" content=\"image\/jpeg\" \/>\n<meta name=\"twitter:card\" content=\"summary_large_image\" \/>\n<meta name=\"twitter:label1\" content=\"Written by\" \/>\n\t<meta name=\"twitter:data1\" content=\"Pertl Bettina, Baumgartner Dagmar\" \/>\n<script type=\"application\/ld+json\" class=\"yoast-schema-graph\">{\"@context\":\"https:\/\/schema.org\",\"@graph\":[{\"@type\":\"WebPage\",\"@id\":\"https:\/\/www.campus02.at\/unsere-hochschule\/zentrale-services\/human-resource-management\/\",\"url\":\"https:\/\/www.campus02.at\/unsere-hochschule\/zentrale-services\/human-resource-management\/\",\"name\":\"Human Resource Management - FH CAMPUS 02\",\"isPartOf\":{\"@id\":\"https:\/\/www.campus02.at\/#website\"},\"datePublished\":\"2016-03-02T15:15:52+00:00\",\"dateModified\":\"2022-07-18T12:39:15+00:00\",\"breadcrumb\":{\"@id\":\"https:\/\/www.campus02.at\/unsere-hochschule\/zentrale-services\/human-resource-management\/#breadcrumb\"},\"inLanguage\":\"en-GB\",\"potentialAction\":[{\"@type\":\"ReadAction\",\"target\":[\"https:\/\/www.campus02.at\/unsere-hochschule\/zentrale-services\/human-resource-management\/\"]}]},{\"@type\":\"BreadcrumbList\",\"@id\":\"https:\/\/www.campus02.at\/unsere-hochschule\/zentrale-services\/human-resource-management\/#breadcrumb\",\"itemListElement\":[{\"@type\":\"ListItem\",\"position\":1,\"name\":\"Startseite\",\"item\":\"https:\/\/www.campus02.at\/\"},{\"@type\":\"ListItem\",\"position\":2,\"name\":\"Organisation\",\"item\":\"https:\/\/www.campus02.at\/unsere-hochschule\/\"},{\"@type\":\"ListItem\",\"position\":3,\"name\":\"Zentrale Services\",\"item\":\"https:\/\/www.campus02.at\/unsere-hochschule\/zentrale-services\/\"},{\"@type\":\"ListItem\",\"position\":4,\"name\":\"Human Resource Management\"}]},{\"@type\":\"WebSite\",\"@id\":\"https:\/\/www.campus02.at\/#website\",\"url\":\"https:\/\/www.campus02.at\/\",\"name\":\"FH CAMPUS 02\",\"description\":\"\",\"publisher\":{\"@id\":\"https:\/\/www.campus02.at\/#organization\"},\"potentialAction\":[{\"@type\":\"SearchAction\",\"target\":{\"@type\":\"EntryPoint\",\"urlTemplate\":\"https:\/\/www.campus02.at\/?s={search_term_string}\"},\"query-input\":{\"@type\":\"PropertyValueSpecification\",\"valueRequired\":true,\"valueName\":\"search_term_string\"}}],\"inLanguage\":\"en-GB\"},{\"@type\":\"Organization\",\"@id\":\"https:\/\/www.campus02.at\/#organization\",\"name\":\"FH CAMPUS 02\",\"url\":\"https:\/\/www.campus02.at\/\",\"logo\":{\"@type\":\"ImageObject\",\"inLanguage\":\"en-GB\",\"@id\":\"https:\/\/www.campus02.at\/#\/schema\/logo\/image\/\",\"url\":\"https:\/\/www.campus02.at\/wp-content\/uploads\/2016\/10\/Logo.jpg\",\"contentUrl\":\"https:\/\/www.campus02.at\/wp-content\/uploads\/2016\/10\/Logo.jpg\",\"width\":1108,\"height\":440,\"caption\":\"FH CAMPUS 02\"},\"image\":{\"@id\":\"https:\/\/www.campus02.at\/#\/schema\/logo\/image\/\"}}]}<\/script>\n<!-- \/ Yoast SEO plugin. -->","yoast_head_json":{"title":"Human Resource Management - FH CAMPUS 02","robots":{"index":"index","follow":"follow","max-snippet":"max-snippet:-1","max-image-preview":"max-image-preview:large","max-video-preview":"max-video-preview:-1"},"canonical":"https:\/\/www.campus02.at\/en\/unsere-hochschule\/zentrale-services\/human-resource-management\/","og_locale":"en_GB","og_type":"article","og_title":"Human Resource Management - FH CAMPUS 02","og_description":"Human Resource Management Unser Human Resource Management (HRM) gibt Auskunft bei Fragen rund um das Personalwesen unserer more&hellip;","og_url":"https:\/\/www.campus02.at\/en\/unsere-hochschule\/zentrale-services\/human-resource-management\/","og_site_name":"FH CAMPUS 02","article_modified_time":"2022-07-18T12:39:15+00:00","og_image":[{"width":1200,"height":630,"url":"https:\/\/www.campus02.at\/wp-content\/uploads\/2015\/10\/T_LEI2980.jpg","type":"image\/jpeg"}],"twitter_card":"summary_large_image","twitter_misc":{"Written by":"Pertl Bettina, Baumgartner Dagmar"},"schema":{"@context":"https:\/\/schema.org","@graph":[{"@type":"WebPage","@id":"https:\/\/www.campus02.at\/unsere-hochschule\/zentrale-services\/human-resource-management\/","url":"https:\/\/www.campus02.at\/unsere-hochschule\/zentrale-services\/human-resource-management\/","name":"Human Resource Management - FH CAMPUS 02","isPartOf":{"@id":"https:\/\/www.campus02.at\/#website"},"datePublished":"2016-03-02T15:15:52+00:00","dateModified":"2022-07-18T12:39:15+00:00","breadcrumb":{"@id":"https:\/\/www.campus02.at\/unsere-hochschule\/zentrale-services\/human-resource-management\/#breadcrumb"},"inLanguage":"en-GB","potentialAction":[{"@type":"ReadAction","target":["https:\/\/www.campus02.at\/unsere-hochschule\/zentrale-services\/human-resource-management\/"]}]},{"@type":"BreadcrumbList","@id":"https:\/\/www.campus02.at\/unsere-hochschule\/zentrale-services\/human-resource-management\/#breadcrumb","itemListElement":[{"@type":"ListItem","position":1,"name":"Startseite","item":"https:\/\/www.campus02.at\/"},{"@type":"ListItem","position":2,"name":"Organisation","item":"https:\/\/www.campus02.at\/unsere-hochschule\/"},{"@type":"ListItem","position":3,"name":"Zentrale Services","item":"https:\/\/www.campus02.at\/unsere-hochschule\/zentrale-services\/"},{"@type":"ListItem","position":4,"name":"Human Resource Management"}]},{"@type":"WebSite","@id":"https:\/\/www.campus02.at\/#website","url":"https:\/\/www.campus02.at\/","name":"CAMPUS 02 UAS","description":"","publisher":{"@id":"https:\/\/www.campus02.at\/#organization"},"potentialAction":[{"@type":"SearchAction","target":{"@type":"EntryPoint","urlTemplate":"https:\/\/www.campus02.at\/?s={search_term_string}"},"query-input":{"@type":"PropertyValueSpecification","valueRequired":true,"valueName":"search_term_string"}}],"inLanguage":"en-GB"},{"@type":"Organization","@id":"https:\/\/www.campus02.at\/#organization","name":"CAMPUS 02 UAS","url":"https:\/\/www.campus02.at\/","logo":{"@type":"ImageObject","inLanguage":"en-GB","@id":"https:\/\/www.campus02.at\/#\/schema\/logo\/image\/","url":"https:\/\/www.campus02.at\/wp-content\/uploads\/2016\/10\/Logo.jpg","contentUrl":"https:\/\/www.campus02.at\/wp-content\/uploads\/2016\/10\/Logo.jpg","width":1108,"height":440,"caption":"FH CAMPUS 02"},"image":{"@id":"https:\/\/www.campus02.at\/#\/schema\/logo\/image\/"}}]}},"_links":{"self":[{"href":"https:\/\/www.campus02.at\/en\/wp-json\/wp\/v2\/pages\/1480","targetHints":{"allow":["GET"]}}],"collection":[{"href":"https:\/\/www.campus02.at\/en\/wp-json\/wp\/v2\/pages"}],"about":[{"href":"https:\/\/www.campus02.at\/en\/wp-json\/wp\/v2\/types\/page"}],"author":[{"embeddable":true,"href":"https:\/\/www.campus02.at\/en\/wp-json\/wp\/v2\/users\/177"}],"replies":[{"embeddable":true,"href":"https:\/\/www.campus02.at\/en\/wp-json\/wp\/v2\/comments?post=1480"}],"version-history":[{"count":7,"href":"https:\/\/www.campus02.at\/en\/wp-json\/wp\/v2\/pages\/1480\/revisions"}],"predecessor-version":[{"id":117992,"href":"https:\/\/www.campus02.at\/en\/wp-json\/wp\/v2\/pages\/1480\/revisions\/117992"}],"up":[{"embeddable":true,"href":"https:\/\/www.campus02.at\/en\/wp-json\/wp\/v2\/pages\/1474"}],"wp:attachment":[{"href":"https:\/\/www.campus02.at\/en\/wp-json\/wp\/v2\/media?parent=1480"}],"wp:term":[{"taxonomy":"author","embeddable":true,"href":"https:\/\/www.campus02.at\/en\/wp-json\/wp\/v2\/coauthors?post=1480"}],"curies":[{"name":"wp","href":"https:\/\/api.w.org\/{rel}","templated":true}]}}