{"id":147283,"date":"2024-05-14T14:36:47","date_gmt":"2024-05-14T12:36:47","guid":{"rendered":"https:\/\/www.campus02.at\/?page_id=147283"},"modified":"2024-05-14T14:36:47","modified_gmt":"2024-05-14T12:36:47","slug":"datenschutzerklaerung-gemeinsame-umfragen-der-fh-campus-02-der-universitaet-kragujevac","status":"publish","type":"page","link":"https:\/\/www.campus02.at\/en\/startseite\/datenschutz\/datenschutzerklaerung-gemeinsame-umfragen-der-fh-campus-02-der-universitaet-kragujevac\/","title":{"rendered":"Datenschutzerkl\u00e4rung gemeinsame Umfragen der FH CAMPUS 02 &amp; der Universit\u00e4t Kragujevac"},"content":{"rendered":"<div class=\"flex-campus-main flex-campus-main-Heading\"><h3>Privacy Statement <\/h3><\/div><div class=\"flex-campus-main flex-campus-main-Heading\"><h2>JOINT SURVEYS OF FH CAMPUS 02 &amp; UNIVERSITY KRAGUJEVAC<\/h2><\/div><div class=\"flex-campus-main flex-campus-main-Contentpart\">\n    <div class=\"flex-campus-main flex-campus-main-Text\"><p>Protecting your data is of utmost importance to us. Our privacy statements for different groups of data subjects offer a brief overview of the personal data we collect and what it is used for.<\/p>\n<\/div>\n<\/div><div class=\"flex-campus-main flex-campus-main-Accordion\"><div class=\"panel-group\" id=\"flexAccordion-1\" role=\"tablist\" aria-multiselectable=\"true\">\n            <div class=\"panel panel-default\">\n            <div class=\"panel-heading\" role=\"tab\" id=\"flexAccordion-1-0-heading\">\n                <h4 class=\"panel-title\">\n                    <a role=\"button\" data-toggle=\"collapse\" data-parent=\"#flexAccordion-1\" href=\"#flexAccordion-1-0-collapse\" aria-expanded=\"true\"\n                       aria-controls=\"flexAccordion-1-0-collapse\">\n                        Data collection, purpose and legal grounds                    <\/a>\n                <\/h4>\n            <\/div>\n            <div id=\"flexAccordion-1-0-collapse\" class=\"panel-collapse collapse\" role=\"tabpanel\" aria-labelledby=\"flexAccordion-1-0-heading\">\n                <div class=\"panel-body\">\n                    <p class=\"translation-block\">We,  <strong>CAMPUS 02 Fachhochschule der Wirtschaft GmbH <\/strong> (referred as FH CAMPUS 02), K\u00f6rblergasse 126, 8010 Graz, conduct online surveys together with <strong> University of Kragujevac<\/strong> , Faculty of Technical Sciences \u010ca\u010dak (referred as University Kragujevac), Svetog Save 65, 32000 \u010ca\u010dak, Serbia, as part of our research operations. In the course of these joint surveys, data processing takes place that is the joint responsibility (Art. 26 General Data Protection Regulation (GDPR)) of FH CAMPUS 02 and University Kragujevac.<\/p>\n<p>The responsible contact persons at FH CAMPUS 02 and University of Kragujevac have created the surveys jointly, collect survey data together by sending the link to the online surveys to the respective university community and evaluate them together. Scientific articles will then be published on the findings. The purpose of the joint data processing is to gain knowledge from the surveys and to process this knowledge in scientific articles as part of academic research. In addition, the findings and the resulting measures contribute to quality assurance and enhancement of teaching and studies.<\/p>\n<p>In principle, no personal data is collected from you in these online surveys, but questions about habits and attitudes may be asked and (socio)demographic information (e.g. age category, gender, highest academic degree) may be requested. It is not necessary to provide your name or to register for online surveys in order to participate, which is why it is generally not possible to draw conclusions about individuals or to identify you or other participants in the survey. Since the surveys also contain free text fields as answer options, it cannot be ruled out with certainty that a personal reference can be established through the overall context of the answers or the specific entries of the survey participants. As part of the evaluation, any direct personal reference that may have been established is removed if possible.<\/p>\n<p>The invitation to participate in the survey and the data processing that takes place in the course of the surveys is carried out in the context of scientific research on the basis of legitimate interest in accordance with Art 6 para 1 lit f GDPR in conjunction with Art 89 para 1 GDPR and \u00a7 2f para 5 Research Organization Act (\u201cForschungsorganisationsgesetz\u201d, FOG) as well as on the basis of the fulfilment of the legally assigned tasks or principles to be observed (e.g. \u00a7 3 and \u00a7 2 (3) Universities of Applied Sciences Act (\u201cFachhochschulgesetz\u201d, FHG)). Participation in the surveys is voluntary. You will not suffer any disadvantages if you refuse or cancel the surveys. Data processing within the scope of the surveys can therefore also be based on the consent (implied) given by clicking on the survey link and sending the answers.<\/p>\n<p>A justified objection with regard to the legitimate interest is only possible to a limited extent, as the processing of the survey data is usually carried out without information that enables direct identification (without additional knowledge).<\/p>\n                <\/div>\n            <\/div>\n        <\/div>\n            <div class=\"panel panel-default\">\n            <div class=\"panel-heading\" role=\"tab\" id=\"flexAccordion-1-1-heading\">\n                <h4 class=\"panel-title\">\n                    <a role=\"button\" data-toggle=\"collapse\" data-parent=\"#flexAccordion-1\" href=\"#flexAccordion-1-1-collapse\" aria-expanded=\"true\"\n                       aria-controls=\"flexAccordion-1-1-collapse\">\n                        Data erasure                    <\/a>\n                <\/h4>\n            <\/div>\n            <div id=\"flexAccordion-1-1-collapse\" class=\"panel-collapse collapse\" role=\"tabpanel\" aria-labelledby=\"flexAccordion-1-1-heading\">\n                <div class=\"panel-body\">\n                    <p>In principle, the aim is not to collect any personal data or, if possible, to remove any direct personal reference during the evaluation. In principle, raw data is deleted at the latest after 10 years in accordance with \u00a7 2f para 3 Nr. 1 FOG.<\/p>\n                <\/div>\n            <\/div>\n        <\/div>\n            <div class=\"panel panel-default\">\n            <div class=\"panel-heading\" role=\"tab\" id=\"flexAccordion-1-2-heading\">\n                <h4 class=\"panel-title\">\n                    <a role=\"button\" data-toggle=\"collapse\" data-parent=\"#flexAccordion-1\" href=\"#flexAccordion-1-2-collapse\" aria-expanded=\"true\"\n                       aria-controls=\"flexAccordion-1-2-collapse\">\n                        Recipients of data transfers                    <\/a>\n                <\/h4>\n            <\/div>\n            <div id=\"flexAccordion-1-2-collapse\" class=\"panel-collapse collapse\" role=\"tabpanel\" aria-labelledby=\"flexAccordion-1-2-heading\">\n                <div class=\"panel-body\">\n                    <p>Your personal data will be treated confidentially by us and will only be processed by responsible employees of FH CAMPUS 02 and University Kragujevac.<\/p>\n<p class=\"translation-block\">In order to carry out this joint data processing, FH CAMPUS 02 gave both contact persons at the respective universities access to the survey software (see below), which is hosted in the EU\/EEA area. The results of the surveys can be exported by both contact persons in order to evaluate the surveys. This means that the data is analyzed both in Austria and in Serbia. As Serbia is a third country, data transfer is only permitted if the conditions of Art. 44 ff GDPR are met. There is currently no adequacy decision by the European Commission (however, the Serbian Data Protection Act has been adapted to the GDPR). If there is no adequacy decision, personal data may only be transferred to a third country if appropriate safeguards have been provided and if enforceable rights and effective legal remedies are available to the data subjects. These appropriate safeguards exist here in the standard contractual clauses concluded between FH CAMPUS 02 and University Kraguejevac, on the basis of which the data transfer is legitimized. You can request a copy of these standard contractual clauses at any time at <a href=\"mailto:datenschutz@campus02.at\" target=\"_self\">datenschutz@campus02.at<\/a> .<\/p>\n<p class=\"translation-block\">Processors engaged by us may process data for us to fulfill the purposes described if they offer sufficient guarantees for the security of the data. For example, data may be viewed and processed by external IT service providers in the event of support. To conduct online surveys, we use the \u201cUnipark\u201d survey service provided by the processor Questback. Further information on data processing can be found in Questback\u2019s privacy policy (<a href=\"https:\/\/www.questback.com\/trust-center\/\" target=\"_self\">https:\/\/www.questback.com\/trust-center\/<\/a>).<\/p>\n<p>Your answers\/the survey results will be forwarded exclusively in aggregated and anonymized or pseudonymized form in scientific articles to publishers. This data will not be used for any other purposes as mentioned in the privacy statement and we assure you that this data will not be passed on to third parties.<\/p>\n                <\/div>\n            <\/div>\n        <\/div>\n    <\/div>\n<\/div><div class=\"flex-campus-main flex-campus-main-Contentpart\">\n    <div class=\"flex-campus-main flex-campus-main-Text\"><p>Please note that we will update this privacy statement from time to time (e.g. due to law amendments, usage of new technology, new study opportunities). We recommend that you regularly check it for updates.<\/p>\n<\/div>\n<\/div><div class=\"flex-campus-main flex-campus-main-Contentpart\">\n    <div class=\"flex-campus-main flex-campus-main-Textbox\"><div class=\"alert bg-yellow\">\n        <p style=\"text-align: center;\">In general, you have right of access, the right to rectification, to erasure, to restrict, to data portability, to withdraw and to object.<\/p>\n<p style=\"text-align: center;\"><strong>If you do, please contact us \u2014 we will be happy to help.<\/strong><\/p>\n    <\/div><\/div>\n<\/div><div class=\"flex-campus-main flex-campus-main-Text\"><p class=\"translation-block\">As access to the Unipark software is provided by FH CAMPUS 02, it acts as the <strong>central point of contact for data protection matters <\/strong>, with both universities remaining jointly responsible for data processing.<\/p>\n<\/div><div class=\"flex-campus-main flex-campus-main-Contentpart\">\n    <div class=\"flex-campus-main flex-campus-main-TextMulticolumn\"><div class=\"row\">\r\n    <div class=\"col-md-6\"><p style=\"text-align: left;\" class=\"translation-block\"><strong>Data Protection Coordination Team\nat CAMPUS 02 UAS<\/strong><\/p>\n<p style=\"text-align: left;\" class=\"translation-block\">CAMPUS 02 University of Applied Sciences<br>\nK\u00f6rblergasse 126, 8010 Graz<br>\n+43 316 6002-8909<br>\n<a href=\"mailto:datenschutz@campus02.at\" target=\"_self\">datenschutz@campus02.at<\/a><\/p>\n<\/div><div class=\"col-md-6\"><p style=\"text-align: left;\" class=\"translation-block\"><strong>Data Protection Officer<br>\nat CAMPUS 02 UAS <\/strong><\/p>\n<p style=\"text-align: left;\"><a href=\"mailto:dsb@campus02.at\">dsb@campus02.at<\/a><\/p>\n<\/div><\/div><\/div>\n<\/div><div class=\"flex-campus-main flex-campus-main-Contentpart\">\n    <div class=\"flex-campus-main flex-campus-main-Text\"><p class=\"translation-block\">If you believe that processing your data violates data protection laws or that your data protection rights have been infringed in some other way, you can also file a complaint with the supervisory authority. In Austria, the competent supervisory authority is the Austrian Data Protection Authority in Barichgasse 40-42, 1030 Vienna, telephone no.: +43 1 52 152-0, e-mail:<a href=\"mailto:dsb@dsb.gv.at\" target=\"_self\">dsb@dsb.gv.at<\/a>.<\/p>\n<\/div>\n<\/div>","protected":false},"excerpt":{"rendered":"<p>Wenn Sie der Ansicht sind, dass die Verarbeitung Ihrer Daten gegen das Datenschutzrecht verst\u00f6\u00dft oder Ihre <a href=\"https:\/\/www.campus02.at\/en\/campus_contentpart\/ds-beschwerdemoeglichkeit\/\" class=\"more-link\">more&hellip;<\/a><\/p>","protected":false},"author":172,"featured_media":0,"parent":100911,"menu_order":25,"comment_status":"closed","ping_status":"closed","template":"","meta":{"_acf_changed":false,"footnotes":""},"coauthors":[1141],"class_list":["post-147283","page","type-page","status-publish","hentry"],"acf":[],"yoast_head":"<!-- This site is optimized with the Yoast SEO plugin v26.9 - https:\/\/yoast.com\/product\/yoast-seo-wordpress\/ -->\n<title>Datenschutzerkl\u00e4rung gemeinsame Umfragen der FH CAMPUS 02 &amp; der Universit\u00e4t Kragujevac - FH CAMPUS 02<\/title>\n<meta name=\"robots\" content=\"index, follow, max-snippet:-1, max-image-preview:large, max-video-preview:-1\" \/>\n<link rel=\"canonical\" href=\"https:\/\/www.campus02.at\/en\/startseite\/datenschutz\/datenschutzerklaerung-gemeinsame-umfragen-der-fh-campus-02-der-universitaet-kragujevac\/\" \/>\n<meta property=\"og:locale\" content=\"en_GB\" \/>\n<meta property=\"og:type\" content=\"article\" \/>\n<meta property=\"og:title\" content=\"Datenschutzerkl\u00e4rung gemeinsame Umfragen der FH CAMPUS 02 &amp; der Universit\u00e4t Kragujevac - FH CAMPUS 02\" \/>\n<meta property=\"og:description\" content=\"Wenn Sie der Ansicht sind, dass die Verarbeitung Ihrer Daten gegen das Datenschutzrecht verst\u00f6\u00dft oder Ihre more&hellip;\" \/>\n<meta property=\"og:url\" content=\"https:\/\/www.campus02.at\/en\/startseite\/datenschutz\/datenschutzerklaerung-gemeinsame-umfragen-der-fh-campus-02-der-universitaet-kragujevac\/\" \/>\n<meta property=\"og:site_name\" content=\"FH CAMPUS 02\" \/>\n<meta property=\"og:image\" content=\"https:\/\/www.campus02.at\/wp-content\/uploads\/2015\/10\/T_LEI2980.jpg\" \/>\n\t<meta property=\"og:image:width\" content=\"1200\" \/>\n\t<meta property=\"og:image:height\" content=\"630\" \/>\n\t<meta property=\"og:image:type\" content=\"image\/jpeg\" \/>\n<meta name=\"twitter:card\" content=\"summary_large_image\" \/>\n<meta name=\"twitter:label1\" content=\"Written by\" \/>\n\t<meta name=\"twitter:data1\" content=\"G\u00f6dl Lisa\" \/>\n<script type=\"application\/ld+json\" class=\"yoast-schema-graph\">{\"@context\":\"https:\/\/schema.org\",\"@graph\":[{\"@type\":\"WebPage\",\"@id\":\"https:\/\/www.campus02.at\/startseite\/datenschutz\/datenschutzerklaerung-gemeinsame-umfragen-der-fh-campus-02-der-universitaet-kragujevac\/\",\"url\":\"https:\/\/www.campus02.at\/startseite\/datenschutz\/datenschutzerklaerung-gemeinsame-umfragen-der-fh-campus-02-der-universitaet-kragujevac\/\",\"name\":\"Datenschutzerkl\u00e4rung gemeinsame Umfragen der FH CAMPUS 02 &amp; der Universit\u00e4t Kragujevac - FH CAMPUS 02\",\"isPartOf\":{\"@id\":\"https:\/\/www.campus02.at\/#website\"},\"datePublished\":\"2024-05-14T12:36:47+00:00\",\"breadcrumb\":{\"@id\":\"https:\/\/www.campus02.at\/startseite\/datenschutz\/datenschutzerklaerung-gemeinsame-umfragen-der-fh-campus-02-der-universitaet-kragujevac\/#breadcrumb\"},\"inLanguage\":\"en-GB\",\"potentialAction\":[{\"@type\":\"ReadAction\",\"target\":[\"https:\/\/www.campus02.at\/startseite\/datenschutz\/datenschutzerklaerung-gemeinsame-umfragen-der-fh-campus-02-der-universitaet-kragujevac\/\"]}]},{\"@type\":\"BreadcrumbList\",\"@id\":\"https:\/\/www.campus02.at\/startseite\/datenschutz\/datenschutzerklaerung-gemeinsame-umfragen-der-fh-campus-02-der-universitaet-kragujevac\/#breadcrumb\",\"itemListElement\":[{\"@type\":\"ListItem\",\"position\":1,\"name\":\"Startseite\",\"item\":\"https:\/\/www.campus02.at\/\"},{\"@type\":\"ListItem\",\"position\":2,\"name\":\"Startseite\",\"item\":\"https:\/\/www.campus02.at\/\"},{\"@type\":\"ListItem\",\"position\":3,\"name\":\"Datenschutz\",\"item\":\"https:\/\/www.campus02.at\/startseite\/datenschutz\/\"},{\"@type\":\"ListItem\",\"position\":4,\"name\":\"Datenschutzerkl\u00e4rung gemeinsame Umfragen der FH CAMPUS 02 &amp; der Universit\u00e4t Kragujevac\"}]},{\"@type\":\"WebSite\",\"@id\":\"https:\/\/www.campus02.at\/#website\",\"url\":\"https:\/\/www.campus02.at\/\",\"name\":\"FH CAMPUS 02\",\"description\":\"\",\"publisher\":{\"@id\":\"https:\/\/www.campus02.at\/#organization\"},\"potentialAction\":[{\"@type\":\"SearchAction\",\"target\":{\"@type\":\"EntryPoint\",\"urlTemplate\":\"https:\/\/www.campus02.at\/?s={search_term_string}\"},\"query-input\":{\"@type\":\"PropertyValueSpecification\",\"valueRequired\":true,\"valueName\":\"search_term_string\"}}],\"inLanguage\":\"en-GB\"},{\"@type\":\"Organization\",\"@id\":\"https:\/\/www.campus02.at\/#organization\",\"name\":\"FH CAMPUS 02\",\"url\":\"https:\/\/www.campus02.at\/\",\"logo\":{\"@type\":\"ImageObject\",\"inLanguage\":\"en-GB\",\"@id\":\"https:\/\/www.campus02.at\/#\/schema\/logo\/image\/\",\"url\":\"https:\/\/www.campus02.at\/wp-content\/uploads\/2016\/10\/Logo.jpg\",\"contentUrl\":\"https:\/\/www.campus02.at\/wp-content\/uploads\/2016\/10\/Logo.jpg\",\"width\":1108,\"height\":440,\"caption\":\"FH CAMPUS 02\"},\"image\":{\"@id\":\"https:\/\/www.campus02.at\/#\/schema\/logo\/image\/\"}}]}<\/script>\n<!-- \/ Yoast SEO plugin. -->","yoast_head_json":{"title":"Datenschutzerkl\u00e4rung gemeinsame Umfragen der FH CAMPUS 02 &amp; der Universit\u00e4t Kragujevac - FH CAMPUS 02","robots":{"index":"index","follow":"follow","max-snippet":"max-snippet:-1","max-image-preview":"max-image-preview:large","max-video-preview":"max-video-preview:-1"},"canonical":"https:\/\/www.campus02.at\/en\/startseite\/datenschutz\/datenschutzerklaerung-gemeinsame-umfragen-der-fh-campus-02-der-universitaet-kragujevac\/","og_locale":"en_GB","og_type":"article","og_title":"Datenschutzerkl\u00e4rung gemeinsame Umfragen der FH CAMPUS 02 &amp; der Universit\u00e4t Kragujevac - FH CAMPUS 02","og_description":"Wenn Sie der Ansicht sind, dass die Verarbeitung Ihrer Daten gegen das Datenschutzrecht verst\u00f6\u00dft oder Ihre more&hellip;","og_url":"https:\/\/www.campus02.at\/en\/startseite\/datenschutz\/datenschutzerklaerung-gemeinsame-umfragen-der-fh-campus-02-der-universitaet-kragujevac\/","og_site_name":"FH CAMPUS 02","og_image":[{"width":1200,"height":630,"url":"https:\/\/www.campus02.at\/wp-content\/uploads\/2015\/10\/T_LEI2980.jpg","type":"image\/jpeg"}],"twitter_card":"summary_large_image","twitter_misc":{"Written by":"G\u00f6dl Lisa"},"schema":{"@context":"https:\/\/schema.org","@graph":[{"@type":"WebPage","@id":"https:\/\/www.campus02.at\/startseite\/datenschutz\/datenschutzerklaerung-gemeinsame-umfragen-der-fh-campus-02-der-universitaet-kragujevac\/","url":"https:\/\/www.campus02.at\/startseite\/datenschutz\/datenschutzerklaerung-gemeinsame-umfragen-der-fh-campus-02-der-universitaet-kragujevac\/","name":"Datenschutzerkl\u00e4rung gemeinsame Umfragen der FH CAMPUS 02 &amp; der Universit\u00e4t Kragujevac - FH CAMPUS 02","isPartOf":{"@id":"https:\/\/www.campus02.at\/#website"},"datePublished":"2024-05-14T12:36:47+00:00","breadcrumb":{"@id":"https:\/\/www.campus02.at\/startseite\/datenschutz\/datenschutzerklaerung-gemeinsame-umfragen-der-fh-campus-02-der-universitaet-kragujevac\/#breadcrumb"},"inLanguage":"en-GB","potentialAction":[{"@type":"ReadAction","target":["https:\/\/www.campus02.at\/startseite\/datenschutz\/datenschutzerklaerung-gemeinsame-umfragen-der-fh-campus-02-der-universitaet-kragujevac\/"]}]},{"@type":"BreadcrumbList","@id":"https:\/\/www.campus02.at\/startseite\/datenschutz\/datenschutzerklaerung-gemeinsame-umfragen-der-fh-campus-02-der-universitaet-kragujevac\/#breadcrumb","itemListElement":[{"@type":"ListItem","position":1,"name":"Startseite","item":"https:\/\/www.campus02.at\/"},{"@type":"ListItem","position":2,"name":"Startseite","item":"https:\/\/www.campus02.at\/"},{"@type":"ListItem","position":3,"name":"Datenschutz","item":"https:\/\/www.campus02.at\/startseite\/datenschutz\/"},{"@type":"ListItem","position":4,"name":"Datenschutzerkl\u00e4rung gemeinsame Umfragen der FH CAMPUS 02 &amp; der Universit\u00e4t Kragujevac"}]},{"@type":"WebSite","@id":"https:\/\/www.campus02.at\/#website","url":"https:\/\/www.campus02.at\/","name":"CAMPUS 02 UAS","description":"","publisher":{"@id":"https:\/\/www.campus02.at\/#organization"},"potentialAction":[{"@type":"SearchAction","target":{"@type":"EntryPoint","urlTemplate":"https:\/\/www.campus02.at\/?s={search_term_string}"},"query-input":{"@type":"PropertyValueSpecification","valueRequired":true,"valueName":"search_term_string"}}],"inLanguage":"en-GB"},{"@type":"Organization","@id":"https:\/\/www.campus02.at\/#organization","name":"CAMPUS 02 UAS","url":"https:\/\/www.campus02.at\/","logo":{"@type":"ImageObject","inLanguage":"en-GB","@id":"https:\/\/www.campus02.at\/#\/schema\/logo\/image\/","url":"https:\/\/www.campus02.at\/wp-content\/uploads\/2016\/10\/Logo.jpg","contentUrl":"https:\/\/www.campus02.at\/wp-content\/uploads\/2016\/10\/Logo.jpg","width":1108,"height":440,"caption":"FH CAMPUS 02"},"image":{"@id":"https:\/\/www.campus02.at\/#\/schema\/logo\/image\/"}}]}},"_links":{"self":[{"href":"https:\/\/www.campus02.at\/en\/wp-json\/wp\/v2\/pages\/147283","targetHints":{"allow":["GET"]}}],"collection":[{"href":"https:\/\/www.campus02.at\/en\/wp-json\/wp\/v2\/pages"}],"about":[{"href":"https:\/\/www.campus02.at\/en\/wp-json\/wp\/v2\/types\/page"}],"author":[{"embeddable":true,"href":"https:\/\/www.campus02.at\/en\/wp-json\/wp\/v2\/users\/172"}],"replies":[{"embeddable":true,"href":"https:\/\/www.campus02.at\/en\/wp-json\/wp\/v2\/comments?post=147283"}],"version-history":[{"count":7,"href":"https:\/\/www.campus02.at\/en\/wp-json\/wp\/v2\/pages\/147283\/revisions"}],"predecessor-version":[{"id":147298,"href":"https:\/\/www.campus02.at\/en\/wp-json\/wp\/v2\/pages\/147283\/revisions\/147298"}],"up":[{"embeddable":true,"href":"https:\/\/www.campus02.at\/en\/wp-json\/wp\/v2\/pages\/100911"}],"wp:attachment":[{"href":"https:\/\/www.campus02.at\/en\/wp-json\/wp\/v2\/media?parent=147283"}],"wp:term":[{"taxonomy":"author","embeddable":true,"href":"https:\/\/www.campus02.at\/en\/wp-json\/wp\/v2\/coauthors?post=147283"}],"curies":[{"name":"wp","href":"https:\/\/api.w.org\/{rel}","templated":true}]}}