{"id":123982,"date":"2022-03-12T19:16:58","date_gmt":"2022-03-12T18:16:58","guid":{"rendered":"https:\/\/www.campus02.at\/?page_id=123982"},"modified":"2022-07-18T14:46:36","modified_gmt":"2022-07-18T12:46:36","slug":"firmenjobboerse-2","status":"publish","type":"page","link":"https:\/\/www.campus02.at\/en\/unternehmensnetzwerk\/firmenjobboerse-2\/","title":{"rendered":"Company Job Board"},"content":{"rendered":"<div class=\"flex-campus-main flex-campus-main-Heading\"><h1>Career Centre \/ Job Board<\/h1><\/div><div class=\"flex-campus-main flex-campus-main-Text\"><p>Would you like to inform students and alumni of FH CAMPUS 02 about job opportunities at your company?<\/p>\n<p>We would be happy to post your job advertisement on our online company job board.<\/p>\n<p><strong>Preis:<\/strong><br \/>\n<strong>EUR 70,- zzgl. 10% USt. pro Inserat (max. 2 pdf-Seiten, 1 ausgeschriebener Job).\u00a0<\/strong><br \/>\n<strong>\u00a0<\/strong><br \/>\nDazu bitten wir Sie, Ihre Stellenausschreibungen im PDF-Format inklusive der Angabe Ihrer Rechnungsadresse (Firma, Ansprechpartner*in, Adresse) an die Email-Adresse<\/p>\n<p><a title=\"web-jobs@campus02.at\" href=\"mailto:web-jobs@campus02.at\" target=\"_self\">web-jobs@campus02.at<\/a>\u00a0zu \u00fcbermitteln.<\/p>\n<p>After receiving your billing address, your advertisement will be posted online by FH CAMPUS 02 within 2 working days and will remain online until the end of the month after next.<\/p>\n<p class=\"translation-block\">Our <a title=\"Bronze-, Silber- und Gold-Sponsoringpartner\" href=\"https:\/\/www.campus02.at\/en\/unternehmensnetzwerk\/sponsoringpakete\/\" target=\"_self\">Bronze, Silver, and Gold Sponsoring Partners<\/a> can use this service free of charge as part of their respective free quotas and are requested to indicate this when submitting their advertisement.<\/p>\n<hr \/>\n<\/div>","protected":false},"excerpt":{"rendered":"<p>Karrierecenter \/ Jobb\u00f6rseSie m\u00f6chten Studierende und Alumni der FH CAMPUS 02 \u00fcber Stellenangebote Ihres Unternehmens <a href=\"https:\/\/www.campus02.at\/en\/unternehmensnetzwerk\/firmenjobboerse-2\/\" class=\"more-link\">more&hellip;<\/a><\/p>","protected":false},"author":177,"featured_media":0,"parent":2329,"menu_order":2,"comment_status":"closed","ping_status":"closed","template":"custom-jobmarket.php","meta":{"_acf_changed":false,"footnotes":""},"coauthors":[1094,664],"class_list":["post-123982","page","type-page","status-publish","hentry"],"acf":[],"yoast_head":"<!-- This site is optimized with the Yoast SEO plugin v26.9 - https:\/\/yoast.com\/product\/yoast-seo-wordpress\/ -->\n<title>Firmenjobb\u00f6rse - FH CAMPUS 02<\/title>\n<meta name=\"robots\" content=\"index, follow, max-snippet:-1, max-image-preview:large, max-video-preview:-1\" \/>\n<link rel=\"canonical\" href=\"https:\/\/www.campus02.at\/en\/unternehmensnetzwerk\/firmenjobboerse-2\/\" \/>\n<meta property=\"og:locale\" content=\"en_GB\" \/>\n<meta property=\"og:type\" content=\"article\" \/>\n<meta property=\"og:title\" content=\"Firmenjobb\u00f6rse - FH CAMPUS 02\" \/>\n<meta property=\"og:description\" content=\"Karrierecenter \/ Jobb\u00f6rseSie m\u00f6chten Studierende und Alumni der FH CAMPUS 02 \u00fcber Stellenangebote Ihres Unternehmens more&hellip;\" \/>\n<meta property=\"og:url\" content=\"https:\/\/www.campus02.at\/en\/unternehmensnetzwerk\/firmenjobboerse-2\/\" \/>\n<meta property=\"og:site_name\" content=\"FH CAMPUS 02\" \/>\n<meta property=\"article:modified_time\" content=\"2022-07-18T12:46:36+00:00\" \/>\n<meta property=\"og:image\" content=\"https:\/\/www.campus02.at\/wp-content\/uploads\/2015\/10\/T_LEI2980.jpg\" \/>\n\t<meta property=\"og:image:width\" content=\"1200\" \/>\n\t<meta property=\"og:image:height\" content=\"630\" \/>\n\t<meta property=\"og:image:type\" content=\"image\/jpeg\" \/>\n<meta name=\"twitter:card\" content=\"summary_large_image\" \/>\n<meta name=\"twitter:label1\" content=\"Written by\" \/>\n\t<meta name=\"twitter:data1\" content=\"Pertl Bettina\" \/>\n<script type=\"application\/ld+json\" class=\"yoast-schema-graph\">{\"@context\":\"https:\/\/schema.org\",\"@graph\":[{\"@type\":\"WebPage\",\"@id\":\"https:\/\/www.campus02.at\/unternehmensnetzwerk\/firmenjobboerse-2\/\",\"url\":\"https:\/\/www.campus02.at\/unternehmensnetzwerk\/firmenjobboerse-2\/\",\"name\":\"Firmenjobb\u00f6rse - FH CAMPUS 02\",\"isPartOf\":{\"@id\":\"https:\/\/www.campus02.at\/#website\"},\"datePublished\":\"2022-03-12T18:16:58+00:00\",\"dateModified\":\"2022-07-18T12:46:36+00:00\",\"breadcrumb\":{\"@id\":\"https:\/\/www.campus02.at\/unternehmensnetzwerk\/firmenjobboerse-2\/#breadcrumb\"},\"inLanguage\":\"en-GB\",\"potentialAction\":[{\"@type\":\"ReadAction\",\"target\":[\"https:\/\/www.campus02.at\/unternehmensnetzwerk\/firmenjobboerse-2\/\"]}]},{\"@type\":\"BreadcrumbList\",\"@id\":\"https:\/\/www.campus02.at\/unternehmensnetzwerk\/firmenjobboerse-2\/#breadcrumb\",\"itemListElement\":[{\"@type\":\"ListItem\",\"position\":1,\"name\":\"Startseite\",\"item\":\"https:\/\/www.campus02.at\/\"},{\"@type\":\"ListItem\",\"position\":2,\"name\":\"Unternehmensnetzwerk\",\"item\":\"https:\/\/www.campus02.at\/unternehmensnetzwerk\/\"},{\"@type\":\"ListItem\",\"position\":3,\"name\":\"Firmenjobb\u00f6rse\"}]},{\"@type\":\"WebSite\",\"@id\":\"https:\/\/www.campus02.at\/#website\",\"url\":\"https:\/\/www.campus02.at\/\",\"name\":\"FH CAMPUS 02\",\"description\":\"\",\"publisher\":{\"@id\":\"https:\/\/www.campus02.at\/#organization\"},\"potentialAction\":[{\"@type\":\"SearchAction\",\"target\":{\"@type\":\"EntryPoint\",\"urlTemplate\":\"https:\/\/www.campus02.at\/?s={search_term_string}\"},\"query-input\":{\"@type\":\"PropertyValueSpecification\",\"valueRequired\":true,\"valueName\":\"search_term_string\"}}],\"inLanguage\":\"en-GB\"},{\"@type\":\"Organization\",\"@id\":\"https:\/\/www.campus02.at\/#organization\",\"name\":\"FH CAMPUS 02\",\"url\":\"https:\/\/www.campus02.at\/\",\"logo\":{\"@type\":\"ImageObject\",\"inLanguage\":\"en-GB\",\"@id\":\"https:\/\/www.campus02.at\/#\/schema\/logo\/image\/\",\"url\":\"https:\/\/www.campus02.at\/wp-content\/uploads\/2016\/10\/Logo.jpg\",\"contentUrl\":\"https:\/\/www.campus02.at\/wp-content\/uploads\/2016\/10\/Logo.jpg\",\"width\":1108,\"height\":440,\"caption\":\"FH CAMPUS 02\"},\"image\":{\"@id\":\"https:\/\/www.campus02.at\/#\/schema\/logo\/image\/\"}}]}<\/script>\n<!-- \/ Yoast SEO plugin. -->","yoast_head_json":{"title":"Firmenjobb\u00f6rse - FH CAMPUS 02","robots":{"index":"index","follow":"follow","max-snippet":"max-snippet:-1","max-image-preview":"max-image-preview:large","max-video-preview":"max-video-preview:-1"},"canonical":"https:\/\/www.campus02.at\/en\/unternehmensnetzwerk\/firmenjobboerse-2\/","og_locale":"en_GB","og_type":"article","og_title":"Firmenjobb\u00f6rse - FH CAMPUS 02","og_description":"Karrierecenter \/ Jobb\u00f6rseSie m\u00f6chten Studierende und Alumni der FH CAMPUS 02 \u00fcber Stellenangebote Ihres Unternehmens more&hellip;","og_url":"https:\/\/www.campus02.at\/en\/unternehmensnetzwerk\/firmenjobboerse-2\/","og_site_name":"FH CAMPUS 02","article_modified_time":"2022-07-18T12:46:36+00:00","og_image":[{"width":1200,"height":630,"url":"https:\/\/www.campus02.at\/wp-content\/uploads\/2015\/10\/T_LEI2980.jpg","type":"image\/jpeg"}],"twitter_card":"summary_large_image","twitter_misc":{"Written by":"Pertl Bettina"},"schema":{"@context":"https:\/\/schema.org","@graph":[{"@type":"WebPage","@id":"https:\/\/www.campus02.at\/unternehmensnetzwerk\/firmenjobboerse-2\/","url":"https:\/\/www.campus02.at\/unternehmensnetzwerk\/firmenjobboerse-2\/","name":"Firmenjobb\u00f6rse - FH CAMPUS 02","isPartOf":{"@id":"https:\/\/www.campus02.at\/#website"},"datePublished":"2022-03-12T18:16:58+00:00","dateModified":"2022-07-18T12:46:36+00:00","breadcrumb":{"@id":"https:\/\/www.campus02.at\/unternehmensnetzwerk\/firmenjobboerse-2\/#breadcrumb"},"inLanguage":"en-GB","potentialAction":[{"@type":"ReadAction","target":["https:\/\/www.campus02.at\/unternehmensnetzwerk\/firmenjobboerse-2\/"]}]},{"@type":"BreadcrumbList","@id":"https:\/\/www.campus02.at\/unternehmensnetzwerk\/firmenjobboerse-2\/#breadcrumb","itemListElement":[{"@type":"ListItem","position":1,"name":"Startseite","item":"https:\/\/www.campus02.at\/"},{"@type":"ListItem","position":2,"name":"Unternehmensnetzwerk","item":"https:\/\/www.campus02.at\/unternehmensnetzwerk\/"},{"@type":"ListItem","position":3,"name":"Firmenjobb\u00f6rse"}]},{"@type":"WebSite","@id":"https:\/\/www.campus02.at\/#website","url":"https:\/\/www.campus02.at\/","name":"CAMPUS 02 UAS","description":"","publisher":{"@id":"https:\/\/www.campus02.at\/#organization"},"potentialAction":[{"@type":"SearchAction","target":{"@type":"EntryPoint","urlTemplate":"https:\/\/www.campus02.at\/?s={search_term_string}"},"query-input":{"@type":"PropertyValueSpecification","valueRequired":true,"valueName":"search_term_string"}}],"inLanguage":"en-GB"},{"@type":"Organization","@id":"https:\/\/www.campus02.at\/#organization","name":"CAMPUS 02 UAS","url":"https:\/\/www.campus02.at\/","logo":{"@type":"ImageObject","inLanguage":"en-GB","@id":"https:\/\/www.campus02.at\/#\/schema\/logo\/image\/","url":"https:\/\/www.campus02.at\/wp-content\/uploads\/2016\/10\/Logo.jpg","contentUrl":"https:\/\/www.campus02.at\/wp-content\/uploads\/2016\/10\/Logo.jpg","width":1108,"height":440,"caption":"FH CAMPUS 02"},"image":{"@id":"https:\/\/www.campus02.at\/#\/schema\/logo\/image\/"}}]}},"_links":{"self":[{"href":"https:\/\/www.campus02.at\/en\/wp-json\/wp\/v2\/pages\/123982","targetHints":{"allow":["GET"]}}],"collection":[{"href":"https:\/\/www.campus02.at\/en\/wp-json\/wp\/v2\/pages"}],"about":[{"href":"https:\/\/www.campus02.at\/en\/wp-json\/wp\/v2\/types\/page"}],"author":[{"embeddable":true,"href":"https:\/\/www.campus02.at\/en\/wp-json\/wp\/v2\/users\/177"}],"replies":[{"embeddable":true,"href":"https:\/\/www.campus02.at\/en\/wp-json\/wp\/v2\/comments?post=123982"}],"version-history":[{"count":2,"href":"https:\/\/www.campus02.at\/en\/wp-json\/wp\/v2\/pages\/123982\/revisions"}],"predecessor-version":[{"id":125496,"href":"https:\/\/www.campus02.at\/en\/wp-json\/wp\/v2\/pages\/123982\/revisions\/125496"}],"up":[{"embeddable":true,"href":"https:\/\/www.campus02.at\/en\/wp-json\/wp\/v2\/pages\/2329"}],"wp:attachment":[{"href":"https:\/\/www.campus02.at\/en\/wp-json\/wp\/v2\/media?parent=123982"}],"wp:term":[{"taxonomy":"author","embeddable":true,"href":"https:\/\/www.campus02.at\/en\/wp-json\/wp\/v2\/coauthors?post=123982"}],"curies":[{"name":"wp","href":"https:\/\/api.w.org\/{rel}","templated":true}]}}