{"id":121745,"date":"2021-11-09T16:21:09","date_gmt":"2021-11-09T15:21:09","guid":{"rendered":"https:\/\/www.campus02.at\/?page_id=121745"},"modified":"2022-09-28T15:36:13","modified_gmt":"2022-09-28T13:36:13","slug":"zaw","status":"publish","type":"page","link":"https:\/\/www.campus02.at\/en\/unsere-hochschule\/zentrale-services\/zaw\/","title":{"rendered":"Centre for Academic Development"},"content":{"rendered":"<div class=\"flex-campus-main flex-campus-main-Heading\"><h1>Centre for Academic Development<\/h1><\/div><div class=\"flex-campus-main flex-campus-main-Text\"><p>Die FH CAMPUS 02 versteht sich als FH der Wirtschaft f\u00fcr die Wirtschaft als hochwertiger Bildungspartner f\u00fcr die Personalentwicklungsarbeit in Unternehmen und als Begleiter f\u00fcr Menschen im Arbeitsleben, die im Sinne des Life Long Learning beruflich up to date sein wollen und\/oder ihre pers\u00f6nliche Karriere gezielt entwickeln m\u00f6chten.<\/p>\n<\/div><div class=\"flex-campus-main flex-campus-main-Button\"><a class=\"btn btn-yellow\" href=\"https:\/\/www.campus02.at\/en\/akademische-weiterbildung\/\" >Zum Weiterbildungsangebot der FH CAMPUS 02<\/a><\/div><div class=\"flex-campus-main flex-campus-main-TextMulticolumn\"><div class=\"row\">\r\n    <div class=\"col-md-6\"><p><a href=\"https:\/\/www.campus02.at\/wp-content\/uploads\/2021\/11\/CAMP_ICON_ZfaW_02-03.png\"><img decoding=\"async\" class=\"alignnone wp-image-121789\" src=\"https:\/\/www.campus02.at\/wp-content\/uploads\/2021\/11\/CAMP_ICON_ZfaW_02-03-e1636560818780-292x300.png\" alt=\"\" width=\"207\" height=\"213\" srcset=\"https:\/\/www.campus02.at\/wp-content\/uploads\/2021\/11\/CAMP_ICON_ZfaW_02-03-e1636560818780-292x300.png 292w, https:\/\/www.campus02.at\/wp-content\/uploads\/2021\/11\/CAMP_ICON_ZfaW_02-03-e1636560818780.png 673w\" sizes=\"(max-width: 207px) 100vw, 207px\" \/><\/a><\/p>\n<\/div><div class=\"col-md-6\"><p>Das Weiterbildungsangebot aus den Bereichen Wirtschaft und Technik reicht von ma\u00dfgeschneiderten L\u00f6sungen f\u00fcr Unternehmen bis hin zu individuell buchbaren Hochschullehrg\u00e4ngen mit akademischem Abschluss.<\/p>\n<p>S\u00e4mtliche Programme sind berufsbegleitend organisiert und werden im Pr\u00e4senz- und\/oder Online-Modus abgehalten.<\/p>\n<p>Profitieren Sie von fachlich und didaktisch top-geschulten Lehrenden mit hohem Praxisbezug, von einem angenehmen Lernklima in kleineren Gruppen und vom gegenseitigen Erfahrungsaustausch der Teilnehmer*innen untereinander!<\/p>\n<\/div><\/div><\/div><div class=\"flex-campus-main flex-campus-main-Button\"><a class=\"btn btn-yellow\" href=\"https:\/\/www.campus02.at\/en\/hr-info\/\" >Weitere Infos f\u00fcr Personalverantwortliche<\/a><\/div>","protected":false},"excerpt":{"rendered":"<p>Zentrum f\u00fcr Akademische WeiterbildungDie FH CAMPUS 02 versteht sich als FH der Wirtschaft f\u00fcr die Wirtschaft als hochwertiger <a href=\"https:\/\/www.campus02.at\/en\/unsere-hochschule\/zentrale-services\/zaw\/\" class=\"more-link\">more&hellip;<\/a><\/p>","protected":false},"author":135,"featured_media":0,"parent":1474,"menu_order":11,"comment_status":"closed","ping_status":"closed","template":"","meta":{"_acf_changed":false,"footnotes":""},"coauthors":[679],"class_list":["post-121745","page","type-page","status-publish","hentry"],"acf":[],"yoast_head":"<!-- This site is optimized with the Yoast SEO plugin v26.9 - https:\/\/yoast.com\/product\/yoast-seo-wordpress\/ -->\n<title>Zentrum f\u00fcr Akademische Weiterbildung - FH CAMPUS 02<\/title>\n<meta name=\"robots\" content=\"index, follow, max-snippet:-1, max-image-preview:large, max-video-preview:-1\" \/>\n<link rel=\"canonical\" href=\"https:\/\/www.campus02.at\/en\/unsere-hochschule\/zentrale-services\/zaw\/\" \/>\n<meta property=\"og:locale\" content=\"en_GB\" \/>\n<meta property=\"og:type\" content=\"article\" \/>\n<meta property=\"og:title\" content=\"Zentrum f\u00fcr Akademische Weiterbildung - FH CAMPUS 02\" \/>\n<meta property=\"og:description\" content=\"Zentrum f\u00fcr Akademische WeiterbildungDie FH CAMPUS 02 versteht sich als FH der Wirtschaft f\u00fcr die Wirtschaft als hochwertiger more&hellip;\" \/>\n<meta property=\"og:url\" content=\"https:\/\/www.campus02.at\/en\/unsere-hochschule\/zentrale-services\/zaw\/\" \/>\n<meta property=\"og:site_name\" content=\"FH CAMPUS 02\" \/>\n<meta property=\"article:modified_time\" content=\"2022-09-28T13:36:13+00:00\" \/>\n<meta property=\"og:image\" content=\"https:\/\/www.campus02.at\/wp-content\/uploads\/2015\/10\/T_LEI2980.jpg\" \/>\n\t<meta property=\"og:image:width\" content=\"1200\" \/>\n\t<meta property=\"og:image:height\" content=\"630\" \/>\n\t<meta property=\"og:image:type\" content=\"image\/jpeg\" \/>\n<meta name=\"twitter:card\" content=\"summary_large_image\" \/>\n<script type=\"application\/ld+json\" class=\"yoast-schema-graph\">{\"@context\":\"https:\/\/schema.org\",\"@graph\":[{\"@type\":\"WebPage\",\"@id\":\"https:\/\/www.campus02.at\/unsere-hochschule\/zentrale-services\/zaw\/\",\"url\":\"https:\/\/www.campus02.at\/unsere-hochschule\/zentrale-services\/zaw\/\",\"name\":\"Zentrum f\u00fcr Akademische Weiterbildung - FH CAMPUS 02\",\"isPartOf\":{\"@id\":\"https:\/\/www.campus02.at\/#website\"},\"datePublished\":\"2021-11-09T15:21:09+00:00\",\"dateModified\":\"2022-09-28T13:36:13+00:00\",\"breadcrumb\":{\"@id\":\"https:\/\/www.campus02.at\/unsere-hochschule\/zentrale-services\/zaw\/#breadcrumb\"},\"inLanguage\":\"en-GB\",\"potentialAction\":[{\"@type\":\"ReadAction\",\"target\":[\"https:\/\/www.campus02.at\/unsere-hochschule\/zentrale-services\/zaw\/\"]}]},{\"@type\":\"BreadcrumbList\",\"@id\":\"https:\/\/www.campus02.at\/unsere-hochschule\/zentrale-services\/zaw\/#breadcrumb\",\"itemListElement\":[{\"@type\":\"ListItem\",\"position\":1,\"name\":\"Startseite\",\"item\":\"https:\/\/www.campus02.at\/\"},{\"@type\":\"ListItem\",\"position\":2,\"name\":\"Organisation\",\"item\":\"https:\/\/www.campus02.at\/unsere-hochschule\/\"},{\"@type\":\"ListItem\",\"position\":3,\"name\":\"Zentrale Services\",\"item\":\"https:\/\/www.campus02.at\/unsere-hochschule\/zentrale-services\/\"},{\"@type\":\"ListItem\",\"position\":4,\"name\":\"Zentrum f\u00fcr Akademische Weiterbildung\"}]},{\"@type\":\"WebSite\",\"@id\":\"https:\/\/www.campus02.at\/#website\",\"url\":\"https:\/\/www.campus02.at\/\",\"name\":\"FH CAMPUS 02\",\"description\":\"\",\"publisher\":{\"@id\":\"https:\/\/www.campus02.at\/#organization\"},\"potentialAction\":[{\"@type\":\"SearchAction\",\"target\":{\"@type\":\"EntryPoint\",\"urlTemplate\":\"https:\/\/www.campus02.at\/?s={search_term_string}\"},\"query-input\":{\"@type\":\"PropertyValueSpecification\",\"valueRequired\":true,\"valueName\":\"search_term_string\"}}],\"inLanguage\":\"en-GB\"},{\"@type\":\"Organization\",\"@id\":\"https:\/\/www.campus02.at\/#organization\",\"name\":\"FH CAMPUS 02\",\"url\":\"https:\/\/www.campus02.at\/\",\"logo\":{\"@type\":\"ImageObject\",\"inLanguage\":\"en-GB\",\"@id\":\"https:\/\/www.campus02.at\/#\/schema\/logo\/image\/\",\"url\":\"https:\/\/www.campus02.at\/wp-content\/uploads\/2016\/10\/Logo.jpg\",\"contentUrl\":\"https:\/\/www.campus02.at\/wp-content\/uploads\/2016\/10\/Logo.jpg\",\"width\":1108,\"height\":440,\"caption\":\"FH CAMPUS 02\"},\"image\":{\"@id\":\"https:\/\/www.campus02.at\/#\/schema\/logo\/image\/\"}}]}<\/script>\n<!-- \/ Yoast SEO plugin. -->","yoast_head_json":{"title":"Zentrum f\u00fcr Akademische Weiterbildung - FH CAMPUS 02","robots":{"index":"index","follow":"follow","max-snippet":"max-snippet:-1","max-image-preview":"max-image-preview:large","max-video-preview":"max-video-preview:-1"},"canonical":"https:\/\/www.campus02.at\/en\/unsere-hochschule\/zentrale-services\/zaw\/","og_locale":"en_GB","og_type":"article","og_title":"Zentrum f\u00fcr Akademische Weiterbildung - FH CAMPUS 02","og_description":"Zentrum f\u00fcr Akademische WeiterbildungDie FH CAMPUS 02 versteht sich als FH der Wirtschaft f\u00fcr die Wirtschaft als hochwertiger more&hellip;","og_url":"https:\/\/www.campus02.at\/en\/unsere-hochschule\/zentrale-services\/zaw\/","og_site_name":"FH CAMPUS 02","article_modified_time":"2022-09-28T13:36:13+00:00","og_image":[{"width":1200,"height":630,"url":"https:\/\/www.campus02.at\/wp-content\/uploads\/2015\/10\/T_LEI2980.jpg","type":"image\/jpeg"}],"twitter_card":"summary_large_image","schema":{"@context":"https:\/\/schema.org","@graph":[{"@type":"WebPage","@id":"https:\/\/www.campus02.at\/unsere-hochschule\/zentrale-services\/zaw\/","url":"https:\/\/www.campus02.at\/unsere-hochschule\/zentrale-services\/zaw\/","name":"Zentrum f\u00fcr Akademische Weiterbildung - FH CAMPUS 02","isPartOf":{"@id":"https:\/\/www.campus02.at\/#website"},"datePublished":"2021-11-09T15:21:09+00:00","dateModified":"2022-09-28T13:36:13+00:00","breadcrumb":{"@id":"https:\/\/www.campus02.at\/unsere-hochschule\/zentrale-services\/zaw\/#breadcrumb"},"inLanguage":"en-GB","potentialAction":[{"@type":"ReadAction","target":["https:\/\/www.campus02.at\/unsere-hochschule\/zentrale-services\/zaw\/"]}]},{"@type":"BreadcrumbList","@id":"https:\/\/www.campus02.at\/unsere-hochschule\/zentrale-services\/zaw\/#breadcrumb","itemListElement":[{"@type":"ListItem","position":1,"name":"Startseite","item":"https:\/\/www.campus02.at\/"},{"@type":"ListItem","position":2,"name":"Organisation","item":"https:\/\/www.campus02.at\/unsere-hochschule\/"},{"@type":"ListItem","position":3,"name":"Zentrale Services","item":"https:\/\/www.campus02.at\/unsere-hochschule\/zentrale-services\/"},{"@type":"ListItem","position":4,"name":"Zentrum f\u00fcr Akademische Weiterbildung"}]},{"@type":"WebSite","@id":"https:\/\/www.campus02.at\/#website","url":"https:\/\/www.campus02.at\/","name":"CAMPUS 02 UAS","description":"","publisher":{"@id":"https:\/\/www.campus02.at\/#organization"},"potentialAction":[{"@type":"SearchAction","target":{"@type":"EntryPoint","urlTemplate":"https:\/\/www.campus02.at\/?s={search_term_string}"},"query-input":{"@type":"PropertyValueSpecification","valueRequired":true,"valueName":"search_term_string"}}],"inLanguage":"en-GB"},{"@type":"Organization","@id":"https:\/\/www.campus02.at\/#organization","name":"CAMPUS 02 UAS","url":"https:\/\/www.campus02.at\/","logo":{"@type":"ImageObject","inLanguage":"en-GB","@id":"https:\/\/www.campus02.at\/#\/schema\/logo\/image\/","url":"https:\/\/www.campus02.at\/wp-content\/uploads\/2016\/10\/Logo.jpg","contentUrl":"https:\/\/www.campus02.at\/wp-content\/uploads\/2016\/10\/Logo.jpg","width":1108,"height":440,"caption":"FH CAMPUS 02"},"image":{"@id":"https:\/\/www.campus02.at\/#\/schema\/logo\/image\/"}}]}},"_links":{"self":[{"href":"https:\/\/www.campus02.at\/en\/wp-json\/wp\/v2\/pages\/121745","targetHints":{"allow":["GET"]}}],"collection":[{"href":"https:\/\/www.campus02.at\/en\/wp-json\/wp\/v2\/pages"}],"about":[{"href":"https:\/\/www.campus02.at\/en\/wp-json\/wp\/v2\/types\/page"}],"author":[{"embeddable":true,"href":"https:\/\/www.campus02.at\/en\/wp-json\/wp\/v2\/users\/135"}],"replies":[{"embeddable":true,"href":"https:\/\/www.campus02.at\/en\/wp-json\/wp\/v2\/comments?post=121745"}],"version-history":[{"count":8,"href":"https:\/\/www.campus02.at\/en\/wp-json\/wp\/v2\/pages\/121745\/revisions"}],"predecessor-version":[{"id":126472,"href":"https:\/\/www.campus02.at\/en\/wp-json\/wp\/v2\/pages\/121745\/revisions\/126472"}],"up":[{"embeddable":true,"href":"https:\/\/www.campus02.at\/en\/wp-json\/wp\/v2\/pages\/1474"}],"wp:attachment":[{"href":"https:\/\/www.campus02.at\/en\/wp-json\/wp\/v2\/media?parent=121745"}],"wp:term":[{"taxonomy":"author","embeddable":true,"href":"https:\/\/www.campus02.at\/en\/wp-json\/wp\/v2\/coauthors?post=121745"}],"curies":[{"name":"wp","href":"https:\/\/api.w.org\/{rel}","templated":true}]}}