{"id":120521,"date":"2021-08-24T13:43:20","date_gmt":"2021-08-24T11:43:20","guid":{"rendered":"https:\/\/www.campus02.at\/?page_id=120521"},"modified":"2021-09-15T10:31:10","modified_gmt":"2021-09-15T08:31:10","slug":"verguenstigungen-fuer-lehrende","status":"publish","type":"page","link":"https:\/\/www.campus02.at\/en\/services-fuer-lehrende\/verguenstigungen-fuer-lehrende\/","title":{"rendered":"Discounts for Educators"},"content":{"rendered":"<div class=\"flex-campus-main flex-campus-main-Image\"><figure><a href=\"https:\/\/www.campus02.at\/wp-content\/uploads\/2021\/08\/C02_Banner-3.png\"><img decoding=\"async\" src=\"https:\/\/www.campus02.at\/wp-content\/uploads\/2021\/08\/C02_Banner-3.png\" class=\"img-responsive\" alt=\"Verg\u00fcnstigung\" \/><\/a><\/figure><\/div><div class=\"flex-campus-main flex-campus-main-Heading\"><h1>Discounts for Educators<\/h1><\/div><div class=\"flex-campus-main flex-campus-main-Text\"><p>Lehrende bringen mit Ihrer Expertise vieles in die qualit\u00e4tsvolle Lehre an der FH CAMPUS 02 ein. Umso sch\u00f6ner ist es, wenn wir durch Kooperationen mit zahlreichen Unternehmen vielf\u00e4ltige Verg\u00fcnstigungen f\u00fcr sie anbieten k\u00f6nnen.<\/p>\n<p>Im Intranet in der der NBL-Mappe im Bereich Serviceaktionen finden Sie unsere aktuellen Aktionen und weitere Informationen dazu. Sie k\u00f6nnen diese Angebote gegen Vorlage Ihres digitalen NBL-Ausweises nutzen.<\/p>\n<p>Einige Aktionen sind zeitbegrenzt. Diese stellen wir dann aktuell ein. Vorbeischauen lohnt sich!<\/p>\n<\/div><div class=\"flex-campus-main flex-campus-main-Button\"><a class=\"btn btn-yellow btn-lg btn-block\" href=\"https:\/\/intranet.campus02.at\/portallehre\/nblmappe\/SitePages\/Homepage.aspx\" target=\"_blank\"><i class=\"fa fa-external-link-square\"><\/i>Aktuell verf\u00fcgbare Verg\u00fcnstigungen<\/a><\/div>","protected":false},"excerpt":{"rendered":"<p>Verg\u00fcnstigungen f\u00fcr LehrendeLehrende bringen mit Ihrer Expertise vieles in die qualit\u00e4tsvolle Lehre an der FH CAMPUS 02 ein. <a href=\"https:\/\/www.campus02.at\/en\/services-fuer-lehrende\/verguenstigungen-fuer-lehrende\/\" class=\"more-link\">more&hellip;<\/a><\/p>","protected":false},"author":135,"featured_media":0,"parent":1579,"menu_order":7,"comment_status":"closed","ping_status":"closed","template":"","meta":{"_acf_changed":false,"footnotes":""},"coauthors":[679],"class_list":["post-120521","page","type-page","status-publish","hentry"],"acf":[],"yoast_head":"<!-- This site is optimized with the Yoast SEO plugin v26.9 - https:\/\/yoast.com\/product\/yoast-seo-wordpress\/ -->\n<title>Verg\u00fcnstigungen f\u00fcr Lehrende - FH CAMPUS 02<\/title>\n<meta name=\"robots\" content=\"index, follow, max-snippet:-1, max-image-preview:large, max-video-preview:-1\" \/>\n<link rel=\"canonical\" href=\"https:\/\/www.campus02.at\/en\/studium-lehre__trashed\/services-fuer-lehrende\/verguenstigungen-fuer-lehrende\/\" \/>\n<meta property=\"og:locale\" content=\"en_GB\" \/>\n<meta property=\"og:type\" content=\"article\" \/>\n<meta property=\"og:title\" content=\"Verg\u00fcnstigungen f\u00fcr Lehrende - FH CAMPUS 02\" \/>\n<meta property=\"og:description\" content=\"Verg\u00fcnstigungen f\u00fcr LehrendeLehrende bringen mit Ihrer Expertise vieles in die qualit\u00e4tsvolle Lehre an der FH CAMPUS 02 ein. more&hellip;\" \/>\n<meta property=\"og:url\" content=\"https:\/\/www.campus02.at\/en\/studium-lehre__trashed\/services-fuer-lehrende\/verguenstigungen-fuer-lehrende\/\" \/>\n<meta property=\"og:site_name\" content=\"FH CAMPUS 02\" \/>\n<meta property=\"article:modified_time\" content=\"2021-09-15T08:31:10+00:00\" \/>\n<meta property=\"og:image\" content=\"https:\/\/www.campus02.at\/wp-content\/uploads\/2015\/10\/T_LEI2980.jpg\" \/>\n\t<meta property=\"og:image:width\" content=\"1200\" \/>\n\t<meta property=\"og:image:height\" content=\"630\" \/>\n\t<meta property=\"og:image:type\" content=\"image\/jpeg\" \/>\n<meta name=\"twitter:card\" content=\"summary_large_image\" \/>\n<script type=\"application\/ld+json\" class=\"yoast-schema-graph\">{\"@context\":\"https:\/\/schema.org\",\"@graph\":[{\"@type\":\"WebPage\",\"@id\":\"https:\/\/www.campus02.at\/studium-lehre__trashed\/services-fuer-lehrende\/verguenstigungen-fuer-lehrende\/\",\"url\":\"https:\/\/www.campus02.at\/studium-lehre__trashed\/services-fuer-lehrende\/verguenstigungen-fuer-lehrende\/\",\"name\":\"Verg\u00fcnstigungen f\u00fcr Lehrende - FH CAMPUS 02\",\"isPartOf\":{\"@id\":\"https:\/\/www.campus02.at\/#website\"},\"datePublished\":\"2021-08-24T11:43:20+00:00\",\"dateModified\":\"2021-09-15T08:31:10+00:00\",\"breadcrumb\":{\"@id\":\"https:\/\/www.campus02.at\/studium-lehre__trashed\/services-fuer-lehrende\/verguenstigungen-fuer-lehrende\/#breadcrumb\"},\"inLanguage\":\"en-GB\",\"potentialAction\":[{\"@type\":\"ReadAction\",\"target\":[\"https:\/\/www.campus02.at\/studium-lehre__trashed\/services-fuer-lehrende\/verguenstigungen-fuer-lehrende\/\"]}]},{\"@type\":\"BreadcrumbList\",\"@id\":\"https:\/\/www.campus02.at\/studium-lehre__trashed\/services-fuer-lehrende\/verguenstigungen-fuer-lehrende\/#breadcrumb\",\"itemListElement\":[{\"@type\":\"ListItem\",\"position\":1,\"name\":\"Startseite\",\"item\":\"https:\/\/www.campus02.at\/\"},{\"@type\":\"ListItem\",\"position\":2,\"name\":\"Services f\u00fcr Lehrende\",\"item\":\"https:\/\/www.campus02.at\/studium-lehre__trashed\/services-fuer-lehrende\/\"},{\"@type\":\"ListItem\",\"position\":3,\"name\":\"Verg\u00fcnstigungen f\u00fcr Lehrende\"}]},{\"@type\":\"WebSite\",\"@id\":\"https:\/\/www.campus02.at\/#website\",\"url\":\"https:\/\/www.campus02.at\/\",\"name\":\"FH CAMPUS 02\",\"description\":\"\",\"publisher\":{\"@id\":\"https:\/\/www.campus02.at\/#organization\"},\"potentialAction\":[{\"@type\":\"SearchAction\",\"target\":{\"@type\":\"EntryPoint\",\"urlTemplate\":\"https:\/\/www.campus02.at\/?s={search_term_string}\"},\"query-input\":{\"@type\":\"PropertyValueSpecification\",\"valueRequired\":true,\"valueName\":\"search_term_string\"}}],\"inLanguage\":\"en-GB\"},{\"@type\":\"Organization\",\"@id\":\"https:\/\/www.campus02.at\/#organization\",\"name\":\"FH CAMPUS 02\",\"url\":\"https:\/\/www.campus02.at\/\",\"logo\":{\"@type\":\"ImageObject\",\"inLanguage\":\"en-GB\",\"@id\":\"https:\/\/www.campus02.at\/#\/schema\/logo\/image\/\",\"url\":\"https:\/\/www.campus02.at\/wp-content\/uploads\/2016\/10\/Logo.jpg\",\"contentUrl\":\"https:\/\/www.campus02.at\/wp-content\/uploads\/2016\/10\/Logo.jpg\",\"width\":1108,\"height\":440,\"caption\":\"FH CAMPUS 02\"},\"image\":{\"@id\":\"https:\/\/www.campus02.at\/#\/schema\/logo\/image\/\"}}]}<\/script>\n<!-- \/ Yoast SEO plugin. -->","yoast_head_json":{"title":"Verg\u00fcnstigungen f\u00fcr Lehrende - FH CAMPUS 02","robots":{"index":"index","follow":"follow","max-snippet":"max-snippet:-1","max-image-preview":"max-image-preview:large","max-video-preview":"max-video-preview:-1"},"canonical":"https:\/\/www.campus02.at\/en\/studium-lehre__trashed\/services-fuer-lehrende\/verguenstigungen-fuer-lehrende\/","og_locale":"en_GB","og_type":"article","og_title":"Verg\u00fcnstigungen f\u00fcr Lehrende - FH CAMPUS 02","og_description":"Verg\u00fcnstigungen f\u00fcr LehrendeLehrende bringen mit Ihrer Expertise vieles in die qualit\u00e4tsvolle Lehre an der FH CAMPUS 02 ein. more&hellip;","og_url":"https:\/\/www.campus02.at\/en\/studium-lehre__trashed\/services-fuer-lehrende\/verguenstigungen-fuer-lehrende\/","og_site_name":"FH CAMPUS 02","article_modified_time":"2021-09-15T08:31:10+00:00","og_image":[{"width":1200,"height":630,"url":"https:\/\/www.campus02.at\/wp-content\/uploads\/2015\/10\/T_LEI2980.jpg","type":"image\/jpeg"}],"twitter_card":"summary_large_image","schema":{"@context":"https:\/\/schema.org","@graph":[{"@type":"WebPage","@id":"https:\/\/www.campus02.at\/studium-lehre__trashed\/services-fuer-lehrende\/verguenstigungen-fuer-lehrende\/","url":"https:\/\/www.campus02.at\/studium-lehre__trashed\/services-fuer-lehrende\/verguenstigungen-fuer-lehrende\/","name":"Verg\u00fcnstigungen f\u00fcr Lehrende - FH CAMPUS 02","isPartOf":{"@id":"https:\/\/www.campus02.at\/#website"},"datePublished":"2021-08-24T11:43:20+00:00","dateModified":"2021-09-15T08:31:10+00:00","breadcrumb":{"@id":"https:\/\/www.campus02.at\/studium-lehre__trashed\/services-fuer-lehrende\/verguenstigungen-fuer-lehrende\/#breadcrumb"},"inLanguage":"en-GB","potentialAction":[{"@type":"ReadAction","target":["https:\/\/www.campus02.at\/studium-lehre__trashed\/services-fuer-lehrende\/verguenstigungen-fuer-lehrende\/"]}]},{"@type":"BreadcrumbList","@id":"https:\/\/www.campus02.at\/studium-lehre__trashed\/services-fuer-lehrende\/verguenstigungen-fuer-lehrende\/#breadcrumb","itemListElement":[{"@type":"ListItem","position":1,"name":"Startseite","item":"https:\/\/www.campus02.at\/"},{"@type":"ListItem","position":2,"name":"Services f\u00fcr Lehrende","item":"https:\/\/www.campus02.at\/studium-lehre__trashed\/services-fuer-lehrende\/"},{"@type":"ListItem","position":3,"name":"Verg\u00fcnstigungen f\u00fcr Lehrende"}]},{"@type":"WebSite","@id":"https:\/\/www.campus02.at\/#website","url":"https:\/\/www.campus02.at\/","name":"CAMPUS 02 UAS","description":"","publisher":{"@id":"https:\/\/www.campus02.at\/#organization"},"potentialAction":[{"@type":"SearchAction","target":{"@type":"EntryPoint","urlTemplate":"https:\/\/www.campus02.at\/?s={search_term_string}"},"query-input":{"@type":"PropertyValueSpecification","valueRequired":true,"valueName":"search_term_string"}}],"inLanguage":"en-GB"},{"@type":"Organization","@id":"https:\/\/www.campus02.at\/#organization","name":"CAMPUS 02 UAS","url":"https:\/\/www.campus02.at\/","logo":{"@type":"ImageObject","inLanguage":"en-GB","@id":"https:\/\/www.campus02.at\/#\/schema\/logo\/image\/","url":"https:\/\/www.campus02.at\/wp-content\/uploads\/2016\/10\/Logo.jpg","contentUrl":"https:\/\/www.campus02.at\/wp-content\/uploads\/2016\/10\/Logo.jpg","width":1108,"height":440,"caption":"FH CAMPUS 02"},"image":{"@id":"https:\/\/www.campus02.at\/#\/schema\/logo\/image\/"}}]}},"_links":{"self":[{"href":"https:\/\/www.campus02.at\/en\/wp-json\/wp\/v2\/pages\/120521","targetHints":{"allow":["GET"]}}],"collection":[{"href":"https:\/\/www.campus02.at\/en\/wp-json\/wp\/v2\/pages"}],"about":[{"href":"https:\/\/www.campus02.at\/en\/wp-json\/wp\/v2\/types\/page"}],"author":[{"embeddable":true,"href":"https:\/\/www.campus02.at\/en\/wp-json\/wp\/v2\/users\/135"}],"replies":[{"embeddable":true,"href":"https:\/\/www.campus02.at\/en\/wp-json\/wp\/v2\/comments?post=120521"}],"version-history":[{"count":7,"href":"https:\/\/www.campus02.at\/en\/wp-json\/wp\/v2\/pages\/120521\/revisions"}],"predecessor-version":[{"id":120597,"href":"https:\/\/www.campus02.at\/en\/wp-json\/wp\/v2\/pages\/120521\/revisions\/120597"}],"up":[{"embeddable":true,"href":"https:\/\/www.campus02.at\/en\/wp-json\/wp\/v2\/pages\/1579"}],"wp:attachment":[{"href":"https:\/\/www.campus02.at\/en\/wp-json\/wp\/v2\/media?parent=120521"}],"wp:term":[{"taxonomy":"author","embeddable":true,"href":"https:\/\/www.campus02.at\/en\/wp-json\/wp\/v2\/coauthors?post=120521"}],"curies":[{"name":"wp","href":"https:\/\/api.w.org\/{rel}","templated":true}]}}