{"id":118324,"date":"2021-05-18T10:33:07","date_gmt":"2021-05-18T08:33:07","guid":{"rendered":"https:\/\/www.campus02.at\/?page_id=118324"},"modified":"2022-09-21T13:08:56","modified_gmt":"2022-09-21T11:08:56","slug":"technische-voraussetzungen","status":"publish","type":"page","link":"https:\/\/www.campus02.at\/en\/services-studierende\/technische-voraussetzungen\/","title":{"rendered":"Technische Voraussetzungen"},"content":{"rendered":"<div class=\"flex-campus-main flex-campus-main-Heading\"><h1>Technische Voraussetzungen<\/h1><\/div><div class=\"flex-campus-main flex-campus-main-Heading\"><h3>f\u00fcr ein Studium an der FH CAMPUS 02<\/h3><\/div><div class=\"flex-campus-main flex-campus-main-Contentpart\">\n    <div class=\"flex-campus-main flex-campus-main-Text\"><p>Wir empfehlen Ihnen f\u00fcr ein Studium an der FH CAMPUS 02 folgende technische Mindestvoraussetzungen f\u00fcr Ihr Notebook zu ber\u00fccksichtigen:<\/p>\n<ul>\n<li>min. Intel Core i3 (ab 11. Generation) oder Intel Core i5 (ab 8. Generation)<\/li>\n<li>min. 8 GB Arbeitsspeicher (RAM)<\/li>\n<li>min. 128 GB Solid-State-Disk (SSD)<\/li>\n<li>min. 13,3 Zoll Display mit Full-HD-Aufl\u00f6sung (1.920 x 1.080)<\/li>\n<li>integrierte Funknetzwerkkarte (WLAN)<\/li>\n<li>integrierte Kamera<\/li>\n<li>integrierte Lautsprecher<\/li>\n<li>integriertes Mikrofon<\/li>\n<li>externer Videoausgang (u.a. Mini-DisplayPort, DisplayPort oder HDMI)<\/li>\n<li>USB Anschl\u00fcsse<\/li>\n<li>Microsoft Windows 10 Betriebssystem<\/li>\n<\/ul>\n<p>Als pers\u00f6nliche mobile oder station\u00e4re Internetverbindung, au\u00dferhalb der R\u00e4umlichkeiten der FH CAMPUS 02, empfehlen wir zumindest 20 MBit\/s Download und 5 MBit\/s Upload-Geschwindigkeit.<\/p>\n<p>Des Weiteren sollten Sie folgende Mindestanforderungen f\u00fcr Ihr pers\u00f6nliches Smartphone\/Tablet beachten:<\/p>\n<ul>\n<li>min. Android 9 oder iOS 14 Betriebssystem<\/li>\n<li>Zugang zu Google PlayStore bzw. Apple AppStore<\/li>\n<li>integriertes Funknetzwerkmodul (WLAN)<\/li>\n<li>integrierte Kamera<\/li>\n<\/ul>\n<hr \/>\n<p><span style=\"font-size: 14px;\">F\u00fcr Studierende der <\/span><b style=\"font-size: 14px;\">Studienrichtung Automatisierungstechnik<\/b><span style=\"font-size: 14px;\"> gelten abweichende Mindestvoraussetzungen:<\/span><\/p>\n<ul>\n<li>min. Intel Core i5 (Quad-Core mit mind. 3,3 GHz)<\/li>\n<li>min. 16 GB Arbeitsspeicher (RAM)<\/li>\n<li>min. 256 GB Solid-State-Disk (SSD)<\/li>\n<li>min. 15 Zoll Display mit Full-HD-Aufl\u00f6sung (1.920 x 1.080)<\/li>\n<li>NVIDIA Quadro oder AMD Radeon Pro Grafikkarte<\/li>\n<li>Microsoft Windows 10 Betriebssystem mit 64-Bit<\/li>\n<\/ul>\n<p>Diese Voraussetzungen sind f\u00fcr den reibungslosen Betrieb der folgenden Softwareprodukte im Zuge des Studiums notwendig:<\/p>\n<ul>\n<li>SolidWorks EDU<\/li>\n<li>Microsoft Visual Studio Ultimate<\/li>\n<li>Diverse Entwicklungsumgebungen (u.a. Android Studio, Arduino, Python)<\/li>\n<\/ul>\n<\/div>\n<\/div>","protected":false},"excerpt":{"rendered":"<p>Wir empfehlen Ihnen f\u00fcr ein Studium an der FH CAMPUS 02 folgende technische Mindestvoraussetzungen f\u00fcr Ihr Notebook zu <a href=\"https:\/\/www.campus02.at\/en\/campus_contentpart\/it-services-technische-voraussetzungen\/\" class=\"more-link\">more&hellip;<\/a><\/p>","protected":false},"author":135,"featured_media":0,"parent":1560,"menu_order":2,"comment_status":"closed","ping_status":"closed","template":"","meta":{"_acf_changed":false,"footnotes":""},"coauthors":[690,661],"class_list":["post-118324","page","type-page","status-publish","hentry"],"acf":[],"yoast_head":"<!-- This site is optimized with the Yoast SEO plugin v26.9 - https:\/\/yoast.com\/product\/yoast-seo-wordpress\/ -->\n<title>Technische Voraussetzungen - FH CAMPUS 02<\/title>\n<meta name=\"robots\" content=\"index, follow, max-snippet:-1, max-image-preview:large, max-video-preview:-1\" \/>\n<link rel=\"canonical\" href=\"https:\/\/www.campus02.at\/en\/studium-lehre__trashed\/services-studierende\/technische-voraussetzungen\/\" \/>\n<meta property=\"og:locale\" content=\"en_GB\" \/>\n<meta property=\"og:type\" content=\"article\" \/>\n<meta property=\"og:title\" content=\"Technische Voraussetzungen - FH CAMPUS 02\" \/>\n<meta property=\"og:description\" content=\"Wir empfehlen Ihnen f\u00fcr ein Studium an der FH CAMPUS 02 folgende technische Mindestvoraussetzungen f\u00fcr Ihr Notebook zu more&hellip;\" \/>\n<meta property=\"og:url\" content=\"https:\/\/www.campus02.at\/en\/studium-lehre__trashed\/services-studierende\/technische-voraussetzungen\/\" \/>\n<meta property=\"og:site_name\" content=\"FH CAMPUS 02\" \/>\n<meta property=\"article:modified_time\" content=\"2022-09-21T11:08:56+00:00\" \/>\n<meta property=\"og:image\" content=\"https:\/\/www.campus02.at\/wp-content\/uploads\/2015\/10\/T_LEI2980.jpg\" \/>\n\t<meta property=\"og:image:width\" content=\"1200\" \/>\n\t<meta property=\"og:image:height\" content=\"630\" \/>\n\t<meta property=\"og:image:type\" content=\"image\/jpeg\" \/>\n<meta name=\"twitter:card\" content=\"summary_large_image\" \/>\n<script type=\"application\/ld+json\" class=\"yoast-schema-graph\">{\"@context\":\"https:\/\/schema.org\",\"@graph\":[{\"@type\":\"WebPage\",\"@id\":\"https:\/\/www.campus02.at\/studium-lehre__trashed\/services-studierende\/technische-voraussetzungen\/\",\"url\":\"https:\/\/www.campus02.at\/studium-lehre__trashed\/services-studierende\/technische-voraussetzungen\/\",\"name\":\"Technische Voraussetzungen - FH CAMPUS 02\",\"isPartOf\":{\"@id\":\"https:\/\/www.campus02.at\/#website\"},\"datePublished\":\"2021-05-18T08:33:07+00:00\",\"dateModified\":\"2022-09-21T11:08:56+00:00\",\"breadcrumb\":{\"@id\":\"https:\/\/www.campus02.at\/studium-lehre__trashed\/services-studierende\/technische-voraussetzungen\/#breadcrumb\"},\"inLanguage\":\"en-GB\",\"potentialAction\":[{\"@type\":\"ReadAction\",\"target\":[\"https:\/\/www.campus02.at\/studium-lehre__trashed\/services-studierende\/technische-voraussetzungen\/\"]}]},{\"@type\":\"BreadcrumbList\",\"@id\":\"https:\/\/www.campus02.at\/studium-lehre__trashed\/services-studierende\/technische-voraussetzungen\/#breadcrumb\",\"itemListElement\":[{\"@type\":\"ListItem\",\"position\":1,\"name\":\"Startseite\",\"item\":\"https:\/\/www.campus02.at\/\"},{\"@type\":\"ListItem\",\"position\":2,\"name\":\"Services f\u00fcr Studierende\",\"item\":\"https:\/\/www.campus02.at\/studium-lehre__trashed\/services-studierende\/\"},{\"@type\":\"ListItem\",\"position\":3,\"name\":\"Technische Voraussetzungen\"}]},{\"@type\":\"WebSite\",\"@id\":\"https:\/\/www.campus02.at\/#website\",\"url\":\"https:\/\/www.campus02.at\/\",\"name\":\"FH CAMPUS 02\",\"description\":\"\",\"publisher\":{\"@id\":\"https:\/\/www.campus02.at\/#organization\"},\"potentialAction\":[{\"@type\":\"SearchAction\",\"target\":{\"@type\":\"EntryPoint\",\"urlTemplate\":\"https:\/\/www.campus02.at\/?s={search_term_string}\"},\"query-input\":{\"@type\":\"PropertyValueSpecification\",\"valueRequired\":true,\"valueName\":\"search_term_string\"}}],\"inLanguage\":\"en-GB\"},{\"@type\":\"Organization\",\"@id\":\"https:\/\/www.campus02.at\/#organization\",\"name\":\"FH CAMPUS 02\",\"url\":\"https:\/\/www.campus02.at\/\",\"logo\":{\"@type\":\"ImageObject\",\"inLanguage\":\"en-GB\",\"@id\":\"https:\/\/www.campus02.at\/#\/schema\/logo\/image\/\",\"url\":\"https:\/\/www.campus02.at\/wp-content\/uploads\/2016\/10\/Logo.jpg\",\"contentUrl\":\"https:\/\/www.campus02.at\/wp-content\/uploads\/2016\/10\/Logo.jpg\",\"width\":1108,\"height\":440,\"caption\":\"FH CAMPUS 02\"},\"image\":{\"@id\":\"https:\/\/www.campus02.at\/#\/schema\/logo\/image\/\"}}]}<\/script>\n<!-- \/ Yoast SEO plugin. -->","yoast_head_json":{"title":"Technische Voraussetzungen - FH CAMPUS 02","robots":{"index":"index","follow":"follow","max-snippet":"max-snippet:-1","max-image-preview":"max-image-preview:large","max-video-preview":"max-video-preview:-1"},"canonical":"https:\/\/www.campus02.at\/en\/studium-lehre__trashed\/services-studierende\/technische-voraussetzungen\/","og_locale":"en_GB","og_type":"article","og_title":"Technische Voraussetzungen - FH CAMPUS 02","og_description":"Wir empfehlen Ihnen f\u00fcr ein Studium an der FH CAMPUS 02 folgende technische Mindestvoraussetzungen f\u00fcr Ihr Notebook zu more&hellip;","og_url":"https:\/\/www.campus02.at\/en\/studium-lehre__trashed\/services-studierende\/technische-voraussetzungen\/","og_site_name":"FH CAMPUS 02","article_modified_time":"2022-09-21T11:08:56+00:00","og_image":[{"width":1200,"height":630,"url":"https:\/\/www.campus02.at\/wp-content\/uploads\/2015\/10\/T_LEI2980.jpg","type":"image\/jpeg"}],"twitter_card":"summary_large_image","schema":{"@context":"https:\/\/schema.org","@graph":[{"@type":"WebPage","@id":"https:\/\/www.campus02.at\/studium-lehre__trashed\/services-studierende\/technische-voraussetzungen\/","url":"https:\/\/www.campus02.at\/studium-lehre__trashed\/services-studierende\/technische-voraussetzungen\/","name":"Technische Voraussetzungen - FH CAMPUS 02","isPartOf":{"@id":"https:\/\/www.campus02.at\/#website"},"datePublished":"2021-05-18T08:33:07+00:00","dateModified":"2022-09-21T11:08:56+00:00","breadcrumb":{"@id":"https:\/\/www.campus02.at\/studium-lehre__trashed\/services-studierende\/technische-voraussetzungen\/#breadcrumb"},"inLanguage":"en-GB","potentialAction":[{"@type":"ReadAction","target":["https:\/\/www.campus02.at\/studium-lehre__trashed\/services-studierende\/technische-voraussetzungen\/"]}]},{"@type":"BreadcrumbList","@id":"https:\/\/www.campus02.at\/studium-lehre__trashed\/services-studierende\/technische-voraussetzungen\/#breadcrumb","itemListElement":[{"@type":"ListItem","position":1,"name":"Startseite","item":"https:\/\/www.campus02.at\/"},{"@type":"ListItem","position":2,"name":"Services f\u00fcr Studierende","item":"https:\/\/www.campus02.at\/studium-lehre__trashed\/services-studierende\/"},{"@type":"ListItem","position":3,"name":"Technische Voraussetzungen"}]},{"@type":"WebSite","@id":"https:\/\/www.campus02.at\/#website","url":"https:\/\/www.campus02.at\/","name":"CAMPUS 02 UAS","description":"","publisher":{"@id":"https:\/\/www.campus02.at\/#organization"},"potentialAction":[{"@type":"SearchAction","target":{"@type":"EntryPoint","urlTemplate":"https:\/\/www.campus02.at\/?s={search_term_string}"},"query-input":{"@type":"PropertyValueSpecification","valueRequired":true,"valueName":"search_term_string"}}],"inLanguage":"en-GB"},{"@type":"Organization","@id":"https:\/\/www.campus02.at\/#organization","name":"CAMPUS 02 UAS","url":"https:\/\/www.campus02.at\/","logo":{"@type":"ImageObject","inLanguage":"en-GB","@id":"https:\/\/www.campus02.at\/#\/schema\/logo\/image\/","url":"https:\/\/www.campus02.at\/wp-content\/uploads\/2016\/10\/Logo.jpg","contentUrl":"https:\/\/www.campus02.at\/wp-content\/uploads\/2016\/10\/Logo.jpg","width":1108,"height":440,"caption":"FH CAMPUS 02"},"image":{"@id":"https:\/\/www.campus02.at\/#\/schema\/logo\/image\/"}}]}},"_links":{"self":[{"href":"https:\/\/www.campus02.at\/en\/wp-json\/wp\/v2\/pages\/118324","targetHints":{"allow":["GET"]}}],"collection":[{"href":"https:\/\/www.campus02.at\/en\/wp-json\/wp\/v2\/pages"}],"about":[{"href":"https:\/\/www.campus02.at\/en\/wp-json\/wp\/v2\/types\/page"}],"author":[{"embeddable":true,"href":"https:\/\/www.campus02.at\/en\/wp-json\/wp\/v2\/users\/135"}],"replies":[{"embeddable":true,"href":"https:\/\/www.campus02.at\/en\/wp-json\/wp\/v2\/comments?post=118324"}],"version-history":[{"count":7,"href":"https:\/\/www.campus02.at\/en\/wp-json\/wp\/v2\/pages\/118324\/revisions"}],"predecessor-version":[{"id":120737,"href":"https:\/\/www.campus02.at\/en\/wp-json\/wp\/v2\/pages\/118324\/revisions\/120737"}],"up":[{"embeddable":true,"href":"https:\/\/www.campus02.at\/en\/wp-json\/wp\/v2\/pages\/1560"}],"wp:attachment":[{"href":"https:\/\/www.campus02.at\/en\/wp-json\/wp\/v2\/media?parent=118324"}],"wp:term":[{"taxonomy":"author","embeddable":true,"href":"https:\/\/www.campus02.at\/en\/wp-json\/wp\/v2\/coauthors?post=118324"}],"curies":[{"name":"wp","href":"https:\/\/api.w.org\/{rel}","templated":true}]}}