{"id":117135,"date":"2021-04-01T15:59:14","date_gmt":"2021-04-01T13:59:14","guid":{"rendered":"https:\/\/www.campus02.at\/?page_id=117135"},"modified":"2023-03-14T15:14:38","modified_gmt":"2023-03-14T14:14:38","slug":"workshops","status":"publish","type":"page","link":"https:\/\/www.campus02.at\/en\/workshops\/","title":{"rendered":"School Class Workshops"},"content":{"rendered":"<div class=\"flex-campus-main flex-campus-main-Heading\"><h1>School Class Workshops<\/h1><\/div><div class=\"flex-campus-main flex-campus-main-Text\"><p class=\"translation-block\">Our workshops for school classes offer a unique opportunity for students to <strong>learn in a practical, interactive environment<\/strong>. We offer workshops in the fields of Marketing &amp; Sales, Accounting &amp; Controlling, Innovation Management, IT &amp; Business Informatics, and Automation Technology. Our workshop leaders are experts in their respective fields, bringing their knowledge and passion for learning to provide students with an unforgettable experience and bring variety to the classroom.<\/p>\n<p>The workshops are designed for secondary school classes (Key Stage 5). Depending on the region, they can be held at FH CAMPUS 02, on-site in the classroom, or in an online format. They are free of charge and require no special preparation.<\/p>\n<p class=\"translation-block\">We distinguish between <strong>two types of workshops<\/strong>.<\/p>\n<ol>\n<li class=\"translation-block\"><p>The \u201cclassic\u201d <strong>workshop<\/strong> lasts several hours and takes place either at FH CAMPUS 02 or directly at the school.<\/p><\/li>\n<li class=\"translation-block\">The new short version is the <strong>FH CAMPUS 02 School Lesson<\/strong>. This version is limited to the duration of one school lesson. Depending on the region, the lesson can be conducted either directly in the classroom or in an online format, where you can choose the communication tool (MS Teams, Webex, Zoom). Information about the type of lesson can be found directly in the description of each offer.<\/li>\n<\/ol>\n<p>&nbsp;<\/p>\n<p>&nbsp;<\/p>\n<\/div><div class=\"flex-campus-main flex-campus-main-Textbox\"><div class=\"alert bg-yellow\">\n            <h3>It\u2019s as simple as this: <\/h3>\n        <ul>\n<li>Choose from the workshop options listed below. Note: We are also happy to offer several workshops in parallel or as a \"series\" at regular intervals.<\/li>\n<li>Give your preferred programme items a \u201clike\u201d and they will immediately appear in the contact form.<\/li>\n<li>Complete the remaining fields in the order form and we will get in touch with you shortly. Feel free to contact us at any time if you have any further questions.<\/li>\n<\/ul>\n    <\/div><\/div><div class=\"flex-campus-main flex-campus-main-Heading\"><h3>Feedback on the Workshops: <\/h3><\/div><div class=\"flex-campus-main flex-campus-main-Testimonials\">    \n\n    <div class=\"row flex-campus-course-testimonial-slider\">\n        <div class=\"col-md-12\">\n            <div id=\"testimonial-slider-69e346f6e78dd\" class=\"carousel slide\" data-ride=\"carousel\">\n                <div class=\"carousel-inner\" role=\"listbox\">\n                                                                    <div class=\"item active\">\n\n                            <div class=\"row testimonial-item\">\n                                <div class=\"col-md-2 col-xs-3\"><img decoding=\"async\" src=\"https:\/\/www.campus02.at\/wp-content\/uploads\/2021\/04\/Ehrenhofer_Homepage.png\" class=\"img-responsive\" \/><\/div><div class=\"col-md-10 col-xs-9 text-left\"><div><blockquote >The event was very well received by our students. The speaker was very motivating, explained everything clearly, and delivered the session in a student-centred manner. The students who attended this workshop were very enthusiastic and were able to work on topics of their own choice. The feedback at the end of the workshop was very positive, and one of the students said it was the best event out of all the previous talks as part of our \u201cdigital\u201d educational consultancy.<\/blockquote><\/div><div>Mag. Angelika Ehrenhofer<\/div><div class=\"text-muted\"><\/div><div class=\"text-muted\">Teacher, HAK Eisenstadt<\/div><\/div>                            <\/div>\n\n\n                        <\/div>\n                                    <\/div>\n                <a class=\"left carousel-control\" href=\"#testimonial-slider-69e346f6e78dd\" role=\"button\" data-slide=\"prev\">\n                    <span class=\"fa fa-chevron-left glyphicon-chevron-left\" aria-hidden=\"true\"><\/span>\n                    <span class=\"sr-only\">Zur\u00fcck<\/span>\n                <\/a>\n                <a class=\"right carousel-control\" href=\"#testimonial-slider-69e346f6e78dd\" role=\"button\" data-slide=\"next\">\n                    <span class=\"fa fa-chevron-right glyphicon-chevron-right\" aria-hidden=\"true\"><\/span>\n                    <span class=\"sr-only\"><strong>\"Continue\".<\/strong><\/span>\n                <\/a>\n            <\/div>\n        <\/div>\n    <\/div>\n\n<\/div>","protected":false},"excerpt":{"rendered":"<p>Workshops f\u00fcr SchulklassenUnsere Workshops f\u00fcr Schulklassen bieten eine einzigartige Gelegenheit f\u00fcr Sch\u00fcler*innen, um in <a href=\"https:\/\/www.campus02.at\/en\/workshops\/\" class=\"more-link\">more&hellip;<\/a><\/p>","protected":false},"author":135,"featured_media":0,"parent":0,"menu_order":12,"comment_status":"closed","ping_status":"closed","template":"custom-workshops.php","meta":{"_acf_changed":false,"footnotes":""},"coauthors":[399],"class_list":["post-117135","page","type-page","status-publish","hentry"],"acf":[],"yoast_head":"<!-- This site is optimized with the Yoast SEO plugin v26.9 - https:\/\/yoast.com\/product\/yoast-seo-wordpress\/ -->\n<title>Workshops f\u00fcr Schulklassen - FH CAMPUS 02<\/title>\n<meta name=\"robots\" content=\"index, follow, max-snippet:-1, max-image-preview:large, max-video-preview:-1\" \/>\n<link rel=\"canonical\" href=\"https:\/\/www.campus02.at\/en\/workshops\/\" \/>\n<meta property=\"og:locale\" content=\"en_GB\" \/>\n<meta property=\"og:type\" content=\"article\" \/>\n<meta property=\"og:title\" content=\"Workshops f\u00fcr Schulklassen - FH CAMPUS 02\" \/>\n<meta property=\"og:description\" content=\"Workshops f\u00fcr SchulklassenUnsere Workshops f\u00fcr Schulklassen bieten eine einzigartige Gelegenheit f\u00fcr Sch\u00fcler*innen, um in more&hellip;\" \/>\n<meta property=\"og:url\" content=\"https:\/\/www.campus02.at\/en\/workshops\/\" \/>\n<meta property=\"og:site_name\" content=\"FH CAMPUS 02\" \/>\n<meta property=\"article:modified_time\" content=\"2023-03-14T14:14:38+00:00\" \/>\n<meta property=\"og:image\" content=\"https:\/\/www.campus02.at\/wp-content\/uploads\/2015\/10\/T_LEI2980.jpg\" \/>\n\t<meta property=\"og:image:width\" content=\"1200\" \/>\n\t<meta property=\"og:image:height\" content=\"630\" \/>\n\t<meta property=\"og:image:type\" content=\"image\/jpeg\" \/>\n<meta name=\"twitter:card\" content=\"summary_large_image\" \/>\n<script type=\"application\/ld+json\" class=\"yoast-schema-graph\">{\"@context\":\"https:\/\/schema.org\",\"@graph\":[{\"@type\":\"WebPage\",\"@id\":\"https:\/\/www.campus02.at\/workshops\/\",\"url\":\"https:\/\/www.campus02.at\/workshops\/\",\"name\":\"Workshops f\u00fcr Schulklassen - FH CAMPUS 02\",\"isPartOf\":{\"@id\":\"https:\/\/www.campus02.at\/#website\"},\"datePublished\":\"2021-04-01T13:59:14+00:00\",\"dateModified\":\"2023-03-14T14:14:38+00:00\",\"breadcrumb\":{\"@id\":\"https:\/\/www.campus02.at\/workshops\/#breadcrumb\"},\"inLanguage\":\"en-GB\",\"potentialAction\":[{\"@type\":\"ReadAction\",\"target\":[\"https:\/\/www.campus02.at\/workshops\/\"]}]},{\"@type\":\"BreadcrumbList\",\"@id\":\"https:\/\/www.campus02.at\/workshops\/#breadcrumb\",\"itemListElement\":[{\"@type\":\"ListItem\",\"position\":1,\"name\":\"Startseite\",\"item\":\"https:\/\/www.campus02.at\/\"},{\"@type\":\"ListItem\",\"position\":2,\"name\":\"Workshops f\u00fcr Schulklassen\"}]},{\"@type\":\"WebSite\",\"@id\":\"https:\/\/www.campus02.at\/#website\",\"url\":\"https:\/\/www.campus02.at\/\",\"name\":\"FH CAMPUS 02\",\"description\":\"\",\"publisher\":{\"@id\":\"https:\/\/www.campus02.at\/#organization\"},\"potentialAction\":[{\"@type\":\"SearchAction\",\"target\":{\"@type\":\"EntryPoint\",\"urlTemplate\":\"https:\/\/www.campus02.at\/?s={search_term_string}\"},\"query-input\":{\"@type\":\"PropertyValueSpecification\",\"valueRequired\":true,\"valueName\":\"search_term_string\"}}],\"inLanguage\":\"en-GB\"},{\"@type\":\"Organization\",\"@id\":\"https:\/\/www.campus02.at\/#organization\",\"name\":\"FH CAMPUS 02\",\"url\":\"https:\/\/www.campus02.at\/\",\"logo\":{\"@type\":\"ImageObject\",\"inLanguage\":\"en-GB\",\"@id\":\"https:\/\/www.campus02.at\/#\/schema\/logo\/image\/\",\"url\":\"https:\/\/www.campus02.at\/wp-content\/uploads\/2016\/10\/Logo.jpg\",\"contentUrl\":\"https:\/\/www.campus02.at\/wp-content\/uploads\/2016\/10\/Logo.jpg\",\"width\":1108,\"height\":440,\"caption\":\"FH CAMPUS 02\"},\"image\":{\"@id\":\"https:\/\/www.campus02.at\/#\/schema\/logo\/image\/\"}}]}<\/script>\n<!-- \/ Yoast SEO plugin. -->","yoast_head_json":{"title":"Workshops f\u00fcr Schulklassen - FH CAMPUS 02","robots":{"index":"index","follow":"follow","max-snippet":"max-snippet:-1","max-image-preview":"max-image-preview:large","max-video-preview":"max-video-preview:-1"},"canonical":"https:\/\/www.campus02.at\/en\/workshops\/","og_locale":"en_GB","og_type":"article","og_title":"Workshops f\u00fcr Schulklassen - FH CAMPUS 02","og_description":"Workshops f\u00fcr SchulklassenUnsere Workshops f\u00fcr Schulklassen bieten eine einzigartige Gelegenheit f\u00fcr Sch\u00fcler*innen, um in more&hellip;","og_url":"https:\/\/www.campus02.at\/en\/workshops\/","og_site_name":"FH CAMPUS 02","article_modified_time":"2023-03-14T14:14:38+00:00","og_image":[{"width":1200,"height":630,"url":"https:\/\/www.campus02.at\/wp-content\/uploads\/2015\/10\/T_LEI2980.jpg","type":"image\/jpeg"}],"twitter_card":"summary_large_image","schema":{"@context":"https:\/\/schema.org","@graph":[{"@type":"WebPage","@id":"https:\/\/www.campus02.at\/workshops\/","url":"https:\/\/www.campus02.at\/workshops\/","name":"Workshops f\u00fcr Schulklassen - FH CAMPUS 02","isPartOf":{"@id":"https:\/\/www.campus02.at\/#website"},"datePublished":"2021-04-01T13:59:14+00:00","dateModified":"2023-03-14T14:14:38+00:00","breadcrumb":{"@id":"https:\/\/www.campus02.at\/workshops\/#breadcrumb"},"inLanguage":"en-GB","potentialAction":[{"@type":"ReadAction","target":["https:\/\/www.campus02.at\/workshops\/"]}]},{"@type":"BreadcrumbList","@id":"https:\/\/www.campus02.at\/workshops\/#breadcrumb","itemListElement":[{"@type":"ListItem","position":1,"name":"Startseite","item":"https:\/\/www.campus02.at\/"},{"@type":"ListItem","position":2,"name":"Workshops f\u00fcr Schulklassen"}]},{"@type":"WebSite","@id":"https:\/\/www.campus02.at\/#website","url":"https:\/\/www.campus02.at\/","name":"CAMPUS 02 UAS","description":"","publisher":{"@id":"https:\/\/www.campus02.at\/#organization"},"potentialAction":[{"@type":"SearchAction","target":{"@type":"EntryPoint","urlTemplate":"https:\/\/www.campus02.at\/?s={search_term_string}"},"query-input":{"@type":"PropertyValueSpecification","valueRequired":true,"valueName":"search_term_string"}}],"inLanguage":"en-GB"},{"@type":"Organization","@id":"https:\/\/www.campus02.at\/#organization","name":"CAMPUS 02 UAS","url":"https:\/\/www.campus02.at\/","logo":{"@type":"ImageObject","inLanguage":"en-GB","@id":"https:\/\/www.campus02.at\/#\/schema\/logo\/image\/","url":"https:\/\/www.campus02.at\/wp-content\/uploads\/2016\/10\/Logo.jpg","contentUrl":"https:\/\/www.campus02.at\/wp-content\/uploads\/2016\/10\/Logo.jpg","width":1108,"height":440,"caption":"FH CAMPUS 02"},"image":{"@id":"https:\/\/www.campus02.at\/#\/schema\/logo\/image\/"}}]}},"_links":{"self":[{"href":"https:\/\/www.campus02.at\/en\/wp-json\/wp\/v2\/pages\/117135","targetHints":{"allow":["GET"]}}],"collection":[{"href":"https:\/\/www.campus02.at\/en\/wp-json\/wp\/v2\/pages"}],"about":[{"href":"https:\/\/www.campus02.at\/en\/wp-json\/wp\/v2\/types\/page"}],"author":[{"embeddable":true,"href":"https:\/\/www.campus02.at\/en\/wp-json\/wp\/v2\/users\/135"}],"replies":[{"embeddable":true,"href":"https:\/\/www.campus02.at\/en\/wp-json\/wp\/v2\/comments?post=117135"}],"version-history":[{"count":8,"href":"https:\/\/www.campus02.at\/en\/wp-json\/wp\/v2\/pages\/117135\/revisions"}],"predecessor-version":[{"id":136159,"href":"https:\/\/www.campus02.at\/en\/wp-json\/wp\/v2\/pages\/117135\/revisions\/136159"}],"wp:attachment":[{"href":"https:\/\/www.campus02.at\/en\/wp-json\/wp\/v2\/media?parent=117135"}],"wp:term":[{"taxonomy":"author","embeddable":true,"href":"https:\/\/www.campus02.at\/en\/wp-json\/wp\/v2\/coauthors?post=117135"}],"curies":[{"name":"wp","href":"https:\/\/api.w.org\/{rel}","templated":true}]}}