{"id":116764,"date":"2021-03-13T02:02:41","date_gmt":"2021-03-13T01:02:41","guid":{"rendered":"https:\/\/www.campus02.at\/?page_id=116764"},"modified":"2021-12-23T13:11:33","modified_gmt":"2021-12-23T12:11:33","slug":"virtuelle-schnitzeljagd","status":"publish","type":"page","link":"https:\/\/www.campus02.at\/en\/virtuelle-schnitzeljagd\/","title":{"rendered":"Virtuelle Schnitzeljagd"},"content":{"rendered":"<div class=\"flex-campus-main flex-campus-main-Heading\"><h1>Virtuelle Schnitzeljagd<\/h1><\/div><div class=\"flex-campus-main flex-campus-main-Image\"><figure><a href=\"https:\/\/www.campus02.at\/wp-content\/uploads\/2021\/03\/Schnitzeljagd.png\"><img decoding=\"async\" src=\"https:\/\/www.campus02.at\/wp-content\/uploads\/2021\/03\/Schnitzeljagd-1024x784.png\" class=\"img-responsive\" alt=\"Schnitzeljagd\" \/><\/a><\/figure><\/div><div class=\"flex-campus-main flex-campus-main-Text\"><p>Im Herbst 2020 haben wir unseren Neuank\u00f6mmlingen ein Corona-konformes Kennenlernen mittels einer semivirtuellen Schnitzeljagd rund um und durch die FH CAMPUS 02 realisiert. Nun, einige Zeit danach, bietet genau diese f\u00fcr unsere Studieninteressierten die perfekte M\u00f6glichkeit, unsere FH besser kennenzulernen. Dabei m\u00fcssen Interessierte allerdings nicht von Station zu Station laufen, sondern k\u00f6nnen sich bequem die 8 Kurzvideos von zu Hause aus anschauen. Und dabei gibt&#8217;s auch noch etwas zu gewinnen: wer am Ende der Schnitzeljagd die Gewinnfrage beantworten kann und uns diese samt Kontaktdaten verr\u00e4t, hat die Chance auf geniale Preise!<\/p>\n<p>Wir verlosen:<\/p>\n<ol>\n<li>Preis: Goodie-Bag vollgef\u00fcllt mit Merchis der FH CAMPUS 02 inkl. Graz-Gutscheine im Wert von \u20ac 100,-<\/li>\n<li>Preis: Goodie-Bag vollgef\u00fcllt mit Merchis der FH CAMPUS 02 inkl. Graz-Gutscheine im Wert von \u20ac 75,-<\/li>\n<li>Preis: Goodie-Bag vollgef\u00fcllt mit Merchis der FH CAMPUS 02 inkl. Graz-Gutscheine im Wert von \u20ac 50,-<\/li>\n<\/ol>\n<p>Bereit? Los geht&#8217;s!<\/p>\n<p>&nbsp;<\/p>\n<div class=\"li-wp-embed-container\">\n<div class=\"li-wp-embed-oembed\"><iframe title=\"Virtuelle Schnitzeljagd \/ 1. Station \/ FH CAMPUS 02\" width=\"500\" height=\"281\" src=\"https:\/\/www.youtube.com\/embed\/t7TK4SmNauE?feature=oembed\" frameborder=\"0\" allow=\"accelerometer; autoplay; clipboard-write; encrypted-media; gyroscope; picture-in-picture; web-share\" referrerpolicy=\"strict-origin-when-cross-origin\" allowfullscreen><\/iframe><\/div>\n<div class=\"li-wp-embed-cookie-notice translation-block\">Our embedded content is not displaying correctly for you? <a href=\"Cookiebot.renew()\/en\/\" target=\"_self\">Renew or change your cookie consent (Allow cookies)<\/a> or <a href=\"https:\/\/www.youtube.com\/watch?v=QYjbdyxssGk\" target=\"_blank\">view the content directly<\/a>.<\/div>\n<\/p><\/div>\n<div class=\"li-wp-embed-container\">\n<div class=\"li-wp-embed-oembed\"><iframe title=\"Virtuelle Schnitzeljagd \/ 2.Station \/ FH CAMPUS 02\" width=\"500\" height=\"281\" src=\"https:\/\/www.youtube.com\/embed\/jiLDJtGmsfI?feature=oembed\" frameborder=\"0\" allow=\"accelerometer; autoplay; clipboard-write; encrypted-media; gyroscope; picture-in-picture; web-share\" referrerpolicy=\"strict-origin-when-cross-origin\" allowfullscreen><\/iframe><\/div>\n<div class=\"li-wp-embed-cookie-notice translation-block\">Our embedded content is not displaying correctly for you? <a href=\"Cookiebot.renew()\/en\/\" target=\"_self\">Renew or change your cookie consent (Allow cookies)<\/a> or <a href=\"https:\/\/www.youtube.com\/watch?v=QYjbdyxssGk\" target=\"_blank\">view the content directly<\/a>.<\/div>\n<\/p><\/div>\n<div class=\"li-wp-embed-container\">\n<div class=\"li-wp-embed-oembed\"><iframe title=\"Virtuelle Schnitzeljagd \/ 3.Station \/ FH CAMPUS 02\" width=\"500\" height=\"281\" src=\"https:\/\/www.youtube.com\/embed\/EjSp5poHJj0?feature=oembed\" frameborder=\"0\" allow=\"accelerometer; autoplay; clipboard-write; encrypted-media; gyroscope; picture-in-picture; web-share\" referrerpolicy=\"strict-origin-when-cross-origin\" allowfullscreen><\/iframe><\/div>\n<div class=\"li-wp-embed-cookie-notice translation-block\">Our embedded content is not displaying correctly for you? <a href=\"Cookiebot.renew()\/en\/\" target=\"_self\">Renew or change your cookie consent (Allow cookies)<\/a> or <a href=\"https:\/\/www.youtube.com\/watch?v=QYjbdyxssGk\" target=\"_blank\">view the content directly<\/a>.<\/div>\n<\/p><\/div>\n<div class=\"li-wp-embed-container\">\n<div class=\"li-wp-embed-oembed\"><iframe title=\"Virtuelle Schnitzeljagd \/ 4.Station \/ FH CAMPUS 02\" width=\"500\" height=\"281\" src=\"https:\/\/www.youtube.com\/embed\/qy3FAcmdpf0?feature=oembed\" frameborder=\"0\" allow=\"accelerometer; autoplay; clipboard-write; encrypted-media; gyroscope; picture-in-picture; web-share\" referrerpolicy=\"strict-origin-when-cross-origin\" allowfullscreen><\/iframe><\/div>\n<div class=\"li-wp-embed-cookie-notice translation-block\">Our embedded content is not displaying correctly for you? <a href=\"Cookiebot.renew()\/en\/\" target=\"_self\">Renew or change your cookie consent (Allow cookies)<\/a> or <a href=\"https:\/\/www.youtube.com\/watch?v=QYjbdyxssGk\" target=\"_blank\">view the content directly<\/a>.<\/div>\n<\/p><\/div>\n<div class=\"li-wp-embed-container\">\n<div class=\"li-wp-embed-oembed\"><iframe title=\"Virtuelle Schnitzeljagd \/ 5.Station \/ FH CAMPUS 02\" width=\"500\" height=\"281\" src=\"https:\/\/www.youtube.com\/embed\/ffHGmISJTnE?feature=oembed\" frameborder=\"0\" allow=\"accelerometer; autoplay; clipboard-write; encrypted-media; gyroscope; picture-in-picture; web-share\" referrerpolicy=\"strict-origin-when-cross-origin\" allowfullscreen><\/iframe><\/div>\n<div class=\"li-wp-embed-cookie-notice translation-block\">Our embedded content is not displaying correctly for you? <a href=\"Cookiebot.renew()\/en\/\" target=\"_self\">Renew or change your cookie consent (Allow cookies)<\/a> or <a href=\"https:\/\/www.youtube.com\/watch?v=QYjbdyxssGk\" target=\"_blank\">view the content directly<\/a>.<\/div>\n<\/p><\/div>\n<div class=\"li-wp-embed-container\">\n<div class=\"li-wp-embed-oembed\"><iframe title=\"Virtuelle Schnitzeljagd \/ 6.Station \/ FH CAMPUS 02\" width=\"500\" height=\"281\" src=\"https:\/\/www.youtube.com\/embed\/o5DQlVJkOqE?feature=oembed\" frameborder=\"0\" allow=\"accelerometer; autoplay; clipboard-write; encrypted-media; gyroscope; picture-in-picture; web-share\" referrerpolicy=\"strict-origin-when-cross-origin\" allowfullscreen><\/iframe><\/div>\n<div class=\"li-wp-embed-cookie-notice translation-block\">Our embedded content is not displaying correctly for you? <a href=\"Cookiebot.renew()\/en\/\" target=\"_self\">Renew or change your cookie consent (Allow cookies)<\/a> or <a href=\"https:\/\/www.youtube.com\/watch?v=QYjbdyxssGk\" target=\"_blank\">view the content directly<\/a>.<\/div>\n<\/p><\/div>\n<div class=\"li-wp-embed-container\">\n<div class=\"li-wp-embed-oembed\"><iframe title=\"Virtuelle Schnitzeljagd \/ 7.Station \/ FH CAMPUS 02\" width=\"500\" height=\"281\" src=\"https:\/\/www.youtube.com\/embed\/fgpKuQrf_5g?feature=oembed\" frameborder=\"0\" allow=\"accelerometer; autoplay; clipboard-write; encrypted-media; gyroscope; picture-in-picture; web-share\" referrerpolicy=\"strict-origin-when-cross-origin\" allowfullscreen><\/iframe><\/div>\n<div class=\"li-wp-embed-cookie-notice translation-block\">Our embedded content is not displaying correctly for you? <a href=\"Cookiebot.renew()\/en\/\" target=\"_self\">Renew or change your cookie consent (Allow cookies)<\/a> or <a href=\"https:\/\/www.youtube.com\/watch?v=QYjbdyxssGk\" target=\"_blank\">view the content directly<\/a>.<\/div>\n<\/p><\/div>\n<div class=\"li-wp-embed-container\">\n<div class=\"li-wp-embed-oembed\"><iframe title=\"Virtuelle Schnitzeljagd \/ 8. Station (Ziel)  \/ FH CAMPUS 02\" width=\"500\" height=\"281\" src=\"https:\/\/www.youtube.com\/embed\/Lv2ou1Q8rqo?feature=oembed\" frameborder=\"0\" allow=\"accelerometer; autoplay; clipboard-write; encrypted-media; gyroscope; picture-in-picture; web-share\" referrerpolicy=\"strict-origin-when-cross-origin\" allowfullscreen><\/iframe><\/div>\n<div class=\"li-wp-embed-cookie-notice translation-block\">Our embedded content is not displaying correctly for you? <a href=\"Cookiebot.renew()\/en\/\" target=\"_self\">Renew or change your cookie consent (Allow cookies)<\/a> or <a href=\"https:\/\/www.youtube.com\/watch?v=QYjbdyxssGk\" target=\"_blank\">view the content directly<\/a>.<\/div>\n<\/p><\/div>\n<p><!-- Gewinnspiel--><br \/>\n<p class=\"wpcf7-contact-form-not-found\"><strong>Error:<\/strong> Contact form not found.<\/p><\/p>\n<p><!-- Gewinnspiel ende--><\/p>\n<\/div>","protected":false},"excerpt":{"rendered":"<p>Virtuelle SchnitzeljagdIm Herbst 2020 haben wir unseren Neuank\u00f6mmlingen ein Corona-konformes Kennenlernen mittels einer <a href=\"https:\/\/www.campus02.at\/en\/virtuelle-schnitzeljagd\/\" class=\"more-link\">more&hellip;<\/a><\/p>","protected":false},"author":135,"featured_media":0,"parent":0,"menu_order":17,"comment_status":"closed","ping_status":"closed","template":"","meta":{"_acf_changed":false,"footnotes":""},"coauthors":[679],"class_list":["post-116764","page","type-page","status-publish","hentry"],"acf":[],"yoast_head":"<!-- This site is optimized with the Yoast SEO plugin v26.9 - https:\/\/yoast.com\/product\/yoast-seo-wordpress\/ -->\n<title>Virtuelle Schnitzeljagd - FH CAMPUS 02<\/title>\n<meta name=\"robots\" content=\"index, follow, max-snippet:-1, max-image-preview:large, max-video-preview:-1\" \/>\n<link rel=\"canonical\" href=\"https:\/\/www.campus02.at\/en\/virtuelle-schnitzeljagd\/\" \/>\n<meta property=\"og:locale\" content=\"en_GB\" \/>\n<meta property=\"og:type\" content=\"article\" \/>\n<meta property=\"og:title\" content=\"Virtuelle Schnitzeljagd - FH CAMPUS 02\" \/>\n<meta property=\"og:description\" content=\"Virtuelle SchnitzeljagdIm Herbst 2020 haben wir unseren Neuank\u00f6mmlingen ein Corona-konformes Kennenlernen mittels einer more&hellip;\" \/>\n<meta property=\"og:url\" content=\"https:\/\/www.campus02.at\/en\/virtuelle-schnitzeljagd\/\" \/>\n<meta property=\"og:site_name\" content=\"FH CAMPUS 02\" \/>\n<meta property=\"article:modified_time\" content=\"2021-12-23T12:11:33+00:00\" \/>\n<meta property=\"og:image\" content=\"https:\/\/www.campus02.at\/wp-content\/uploads\/2015\/10\/T_LEI2980.jpg\" \/>\n\t<meta property=\"og:image:width\" content=\"1200\" \/>\n\t<meta property=\"og:image:height\" content=\"630\" \/>\n\t<meta property=\"og:image:type\" content=\"image\/jpeg\" \/>\n<meta name=\"twitter:card\" content=\"summary_large_image\" \/>\n<script type=\"application\/ld+json\" class=\"yoast-schema-graph\">{\"@context\":\"https:\/\/schema.org\",\"@graph\":[{\"@type\":\"WebPage\",\"@id\":\"https:\/\/www.campus02.at\/virtuelle-schnitzeljagd\/\",\"url\":\"https:\/\/www.campus02.at\/virtuelle-schnitzeljagd\/\",\"name\":\"Virtuelle Schnitzeljagd - FH CAMPUS 02\",\"isPartOf\":{\"@id\":\"https:\/\/www.campus02.at\/#website\"},\"datePublished\":\"2021-03-13T01:02:41+00:00\",\"dateModified\":\"2021-12-23T12:11:33+00:00\",\"breadcrumb\":{\"@id\":\"https:\/\/www.campus02.at\/virtuelle-schnitzeljagd\/#breadcrumb\"},\"inLanguage\":\"en-GB\",\"potentialAction\":[{\"@type\":\"ReadAction\",\"target\":[\"https:\/\/www.campus02.at\/virtuelle-schnitzeljagd\/\"]}]},{\"@type\":\"BreadcrumbList\",\"@id\":\"https:\/\/www.campus02.at\/virtuelle-schnitzeljagd\/#breadcrumb\",\"itemListElement\":[{\"@type\":\"ListItem\",\"position\":1,\"name\":\"Startseite\",\"item\":\"https:\/\/www.campus02.at\/\"},{\"@type\":\"ListItem\",\"position\":2,\"name\":\"Virtuelle Schnitzeljagd\"}]},{\"@type\":\"WebSite\",\"@id\":\"https:\/\/www.campus02.at\/#website\",\"url\":\"https:\/\/www.campus02.at\/\",\"name\":\"FH CAMPUS 02\",\"description\":\"\",\"publisher\":{\"@id\":\"https:\/\/www.campus02.at\/#organization\"},\"potentialAction\":[{\"@type\":\"SearchAction\",\"target\":{\"@type\":\"EntryPoint\",\"urlTemplate\":\"https:\/\/www.campus02.at\/?s={search_term_string}\"},\"query-input\":{\"@type\":\"PropertyValueSpecification\",\"valueRequired\":true,\"valueName\":\"search_term_string\"}}],\"inLanguage\":\"en-GB\"},{\"@type\":\"Organization\",\"@id\":\"https:\/\/www.campus02.at\/#organization\",\"name\":\"FH CAMPUS 02\",\"url\":\"https:\/\/www.campus02.at\/\",\"logo\":{\"@type\":\"ImageObject\",\"inLanguage\":\"en-GB\",\"@id\":\"https:\/\/www.campus02.at\/#\/schema\/logo\/image\/\",\"url\":\"https:\/\/www.campus02.at\/wp-content\/uploads\/2016\/10\/Logo.jpg\",\"contentUrl\":\"https:\/\/www.campus02.at\/wp-content\/uploads\/2016\/10\/Logo.jpg\",\"width\":1108,\"height\":440,\"caption\":\"FH CAMPUS 02\"},\"image\":{\"@id\":\"https:\/\/www.campus02.at\/#\/schema\/logo\/image\/\"}}]}<\/script>\n<!-- \/ Yoast SEO plugin. -->","yoast_head_json":{"title":"Virtuelle Schnitzeljagd - FH CAMPUS 02","robots":{"index":"index","follow":"follow","max-snippet":"max-snippet:-1","max-image-preview":"max-image-preview:large","max-video-preview":"max-video-preview:-1"},"canonical":"https:\/\/www.campus02.at\/en\/virtuelle-schnitzeljagd\/","og_locale":"en_GB","og_type":"article","og_title":"Virtuelle Schnitzeljagd - FH CAMPUS 02","og_description":"Virtuelle SchnitzeljagdIm Herbst 2020 haben wir unseren Neuank\u00f6mmlingen ein Corona-konformes Kennenlernen mittels einer more&hellip;","og_url":"https:\/\/www.campus02.at\/en\/virtuelle-schnitzeljagd\/","og_site_name":"FH CAMPUS 02","article_modified_time":"2021-12-23T12:11:33+00:00","og_image":[{"width":1200,"height":630,"url":"https:\/\/www.campus02.at\/wp-content\/uploads\/2015\/10\/T_LEI2980.jpg","type":"image\/jpeg"}],"twitter_card":"summary_large_image","schema":{"@context":"https:\/\/schema.org","@graph":[{"@type":"WebPage","@id":"https:\/\/www.campus02.at\/virtuelle-schnitzeljagd\/","url":"https:\/\/www.campus02.at\/virtuelle-schnitzeljagd\/","name":"Virtuelle Schnitzeljagd - FH CAMPUS 02","isPartOf":{"@id":"https:\/\/www.campus02.at\/#website"},"datePublished":"2021-03-13T01:02:41+00:00","dateModified":"2021-12-23T12:11:33+00:00","breadcrumb":{"@id":"https:\/\/www.campus02.at\/virtuelle-schnitzeljagd\/#breadcrumb"},"inLanguage":"en-GB","potentialAction":[{"@type":"ReadAction","target":["https:\/\/www.campus02.at\/virtuelle-schnitzeljagd\/"]}]},{"@type":"BreadcrumbList","@id":"https:\/\/www.campus02.at\/virtuelle-schnitzeljagd\/#breadcrumb","itemListElement":[{"@type":"ListItem","position":1,"name":"Startseite","item":"https:\/\/www.campus02.at\/"},{"@type":"ListItem","position":2,"name":"Virtuelle Schnitzeljagd"}]},{"@type":"WebSite","@id":"https:\/\/www.campus02.at\/#website","url":"https:\/\/www.campus02.at\/","name":"CAMPUS 02 UAS","description":"","publisher":{"@id":"https:\/\/www.campus02.at\/#organization"},"potentialAction":[{"@type":"SearchAction","target":{"@type":"EntryPoint","urlTemplate":"https:\/\/www.campus02.at\/?s={search_term_string}"},"query-input":{"@type":"PropertyValueSpecification","valueRequired":true,"valueName":"search_term_string"}}],"inLanguage":"en-GB"},{"@type":"Organization","@id":"https:\/\/www.campus02.at\/#organization","name":"CAMPUS 02 UAS","url":"https:\/\/www.campus02.at\/","logo":{"@type":"ImageObject","inLanguage":"en-GB","@id":"https:\/\/www.campus02.at\/#\/schema\/logo\/image\/","url":"https:\/\/www.campus02.at\/wp-content\/uploads\/2016\/10\/Logo.jpg","contentUrl":"https:\/\/www.campus02.at\/wp-content\/uploads\/2016\/10\/Logo.jpg","width":1108,"height":440,"caption":"FH CAMPUS 02"},"image":{"@id":"https:\/\/www.campus02.at\/#\/schema\/logo\/image\/"}}]}},"_links":{"self":[{"href":"https:\/\/www.campus02.at\/en\/wp-json\/wp\/v2\/pages\/116764","targetHints":{"allow":["GET"]}}],"collection":[{"href":"https:\/\/www.campus02.at\/en\/wp-json\/wp\/v2\/pages"}],"about":[{"href":"https:\/\/www.campus02.at\/en\/wp-json\/wp\/v2\/types\/page"}],"author":[{"embeddable":true,"href":"https:\/\/www.campus02.at\/en\/wp-json\/wp\/v2\/users\/135"}],"replies":[{"embeddable":true,"href":"https:\/\/www.campus02.at\/en\/wp-json\/wp\/v2\/comments?post=116764"}],"version-history":[{"count":7,"href":"https:\/\/www.campus02.at\/en\/wp-json\/wp\/v2\/pages\/116764\/revisions"}],"predecessor-version":[{"id":122745,"href":"https:\/\/www.campus02.at\/en\/wp-json\/wp\/v2\/pages\/116764\/revisions\/122745"}],"wp:attachment":[{"href":"https:\/\/www.campus02.at\/en\/wp-json\/wp\/v2\/media?parent=116764"}],"wp:term":[{"taxonomy":"author","embeddable":true,"href":"https:\/\/www.campus02.at\/en\/wp-json\/wp\/v2\/coauthors?post=116764"}],"curies":[{"name":"wp","href":"https:\/\/api.w.org\/{rel}","templated":true}]}}