{"id":115780,"date":"2021-02-02T18:02:15","date_gmt":"2021-02-02T17:02:15","guid":{"rendered":"https:\/\/www.campus02.at\/?page_id=115780"},"modified":"2025-02-19T12:19:47","modified_gmt":"2025-02-19T11:19:47","slug":"datenschutzerklaerung-newsletter","status":"publish","type":"page","link":"https:\/\/www.campus02.at\/en\/startseite\/datenschutz\/datenschutzerklaerung-newsletter\/","title":{"rendered":"Privacy statement for Newsletters"},"content":{"rendered":"<div data-elementor-type=\"wp-page\" data-elementor-id=\"115780\" class=\"elementor elementor-115780\" data-elementor-post-type=\"page\">\n\t\t\t\t<div class=\"elementor-element elementor-element-1c6e16ce e-con-full e-flex e-con e-parent\" data-id=\"1c6e16ce\" data-element_type=\"container\">\n\t\t\t\t<div class=\"elementor-element elementor-element-455469d3 elementor-widget elementor-widget-image\" data-id=\"455469d3\" data-element_type=\"widget\" data-widget_type=\"image.default\">\n\t\t\t\t<div class=\"elementor-widget-container\">\n\t\t\t\t\t\t\t\t\t\t\t\t\t<img fetchpriority=\"high\" decoding=\"async\" width=\"1920\" height=\"400\" src=\"https:\/\/www.campus02.at\/wp-content\/uploads\/2016\/10\/LEI5782_Header-1920x400.jpg\" class=\"attachment-campus_large_hd size-campus_large_hd wp-image-7964\" alt=\"Geb\u00e4ude der FH Campus 02\" srcset=\"https:\/\/www.campus02.at\/wp-content\/uploads\/2016\/10\/LEI5782_Header-1920x400.jpg 1920w, https:\/\/www.campus02.at\/wp-content\/uploads\/2016\/10\/LEI5782_Header-300x62.jpg 300w, https:\/\/www.campus02.at\/wp-content\/uploads\/2016\/10\/LEI5782_Header-1024x213.jpg 1024w\" sizes=\"(max-width: 1920px) 100vw, 1920px\" \/>\t\t\t\t\t\t\t\t\t\t\t\t\t<\/div>\n\t\t\t\t<\/div>\n\t\t\t\t<\/div>\n\t\t<div class=\"elementor-element elementor-element-7305190e e-flex e-con-boxed e-con e-parent\" data-id=\"7305190e\" data-element_type=\"container\">\n\t\t\t\t\t<div class=\"e-con-inner\">\n\t\t<div class=\"elementor-element elementor-element-9698d1f e-con-full e-flex e-con e-child\" data-id=\"9698d1f\" data-element_type=\"container\">\n\t\t<div class=\"elementor-element elementor-element-2c270e90 e-con-full e-flex e-con e-child\" data-id=\"2c270e90\" data-element_type=\"container\">\n\t\t\t\t<div class=\"elementor-element elementor-element-43ec4d1c elementor-widget elementor-widget-heading\" data-id=\"43ec4d1c\" data-element_type=\"widget\" data-widget_type=\"heading.default\">\n\t\t\t\t<div class=\"elementor-widget-container\">\n\t\t\t<div class=\"elementor-heading-title elementor-size-default\">Privacy Statement<\/div>\t\t<\/div>\n\t\t\t\t<\/div>\n\t\t\t\t<div class=\"elementor-element elementor-element-5da1c73c elementor-widget elementor-widget-heading\" data-id=\"5da1c73c\" data-element_type=\"widget\" data-widget_type=\"heading.default\">\n\t\t\t\t<div class=\"elementor-widget-container\">\n\t\t\t<h1 class=\"elementor-heading-title elementor-size-default\">newsletter<\/h1>\t\t<\/div>\n\t\t\t\t<\/div>\n\t\t\t\t<\/div>\n\t\t\t\t<\/div>\n\t\t<div class=\"elementor-element elementor-element-2b188cd9 e-con-full e-flex e-con e-child\" data-id=\"2b188cd9\" data-element_type=\"container\">\n\t\t\t\t<div class=\"elementor-element elementor-element-19d74aa elementor-widget elementor-widget-text-editor\" data-id=\"19d74aa\" data-element_type=\"widget\" data-widget_type=\"text-editor.default\">\n\t\t\t\t<div class=\"elementor-widget-container\">\n\t\t\t\t\t\t\tProtecting your data is of utmost importance to us. Our privacy statements for different groups of data subjects offer a brief overview of the personal data we collect and what it is used for.\t\t\t\t\t\t<\/div>\n\t\t\t\t<\/div>\n\t\t\t\t<div class=\"elementor-element elementor-element-6463a275 elementor-widget elementor-widget-n-accordion\" data-id=\"6463a275\" data-element_type=\"widget\" data-settings=\"{&quot;default_state&quot;:&quot;all_collapsed&quot;,&quot;max_items_expended&quot;:&quot;one&quot;,&quot;n_accordion_animation_duration&quot;:{&quot;unit&quot;:&quot;ms&quot;,&quot;size&quot;:400,&quot;sizes&quot;:[]}}\" data-widget_type=\"nested-accordion.default\">\n\t\t\t\t<div class=\"elementor-widget-container\">\n\t\t\t\t\t<div class=\"e-n-accordion\" aria-label=\"Accordion. Open links with Enter or Space, close with Escape, and navigate with Arrow Keys\">\n\t\t\t\t\t\t<details id=\"e-n-accordion-item-1680\" class=\"e-n-accordion-item\" >\n\t\t\t\t<summary class=\"e-n-accordion-item-title\" data-accordion-index=\"1\" tabindex=\"0\" aria-expanded=\"false\" aria-controls=\"e-n-accordion-item-1680\" >\n\t\t\t\t\t<span class='e-n-accordion-item-title-header'><div class=\"e-n-accordion-item-title-text\"> Data collection, purpose and legal grounds <\/div><\/span>\n\t\t\t\t\t\t\t<span class='e-n-accordion-item-title-icon'>\n\t\t\t<span class='e-opened' ><i aria-hidden=\"true\" class=\"fas fa-minus\"><\/i><\/span>\n\t\t\t<span class='e-closed'><i aria-hidden=\"true\" class=\"fas fa-plus\"><\/i><\/span>\n\t\t<\/span>\n\n\t\t\t\t\t\t<\/summary>\n\t\t\t\t<div role=\"region\" aria-labelledby=\"e-n-accordion-item-1680\" class=\"elementor-element elementor-element-74ca0d1b e-flex e-con-boxed e-con e-child\" data-id=\"74ca0d1b\" data-element_type=\"container\">\n\t\t\t\t\t<div class=\"e-con-inner\">\n\t\t\t\t<div class=\"elementor-element elementor-element-756c6330 elementor-widget elementor-widget-text-editor\" data-id=\"756c6330\" data-element_type=\"widget\" data-widget_type=\"text-editor.default\">\n\t\t\t\t<div class=\"elementor-widget-container\">\n\t\t\t\t\t\t\t<p class=\"translation-block\">We, CAMPUS 02 University of Applied Sciences (abbr. CAMPUS 02 UAS), K\u00f6rblergasse 126, 8010 Graz, Austria, provide you with a newsletter based on your consent pursuant to Art. 6 para. 1 cl. a General Data Protection Regulation (GDPR) which informs you about our range of degree programmes, our events and dates or other university-related topics. In doing so, your contact data (in particular e-mail address, first and last name) will be processed. By subscribing to the newsletter, you give your express consent to the processing of your contact data and to the regular receipt of the newsletter. You can revoke your consent at any time with effect for the future at <a href=\"mailto:datenschutz@campus02.at\" target=\"_self\">datenschutz@campus02.at<\/a>  or directly upon receipt of the newsletter by clicking on the link provided there. This does not affect the lawfulness of the processing carried out until the revocation.<\/p><p>Registrations for the newsletter in the web are completed via a double opt-in procedure. Double opt-in means that after entering your e-mail address, you will receive an e-mail with a link that you must confirm. If you do not activate the link, you will not receive any further e-mails from us. Exceptions to this are newsletter registrations in the context of events or if you have a contractual relationship with CAMPUS 02 UAS.<\/p><p>When a newsletter is opened, so-called web beacons are stored. The browser, operating system and time stamp can be viewed on an individual basis in our CRM system. The retrieval locations can also be viewed, whereby data is displayed here in aggregated form and no conclusions can be drawn about a contact.<\/p><p>When sending the newsletter, we can track whether, when and how often newsletters were delivered, opened, clicked on and how many links\/pages contained therein were accessed - both in summarised reports and in relation to individual recipients. In the course of delivery, it can also be displayed why a newsletter could not be delivered. These insights are used to interpret reading behaviour and to efficiently manage campaigns.<\/p>\t\t\t\t\t\t<\/div>\n\t\t\t\t<\/div>\n\t\t\t\t\t<\/div>\n\t\t\t\t<\/div>\n\t\t\t\t\t<\/details>\n\t\t\t\t\t\t<details id=\"e-n-accordion-item-1681\" class=\"e-n-accordion-item\" >\n\t\t\t\t<summary class=\"e-n-accordion-item-title\" data-accordion-index=\"2\" tabindex=\"-1\" aria-expanded=\"false\" aria-controls=\"e-n-accordion-item-1681\" >\n\t\t\t\t\t<span class='e-n-accordion-item-title-header'><div class=\"e-n-accordion-item-title-text\"> Data erasure <\/div><\/span>\n\t\t\t\t\t\t\t<span class='e-n-accordion-item-title-icon'>\n\t\t\t<span class='e-opened' ><i aria-hidden=\"true\" class=\"fas fa-minus\"><\/i><\/span>\n\t\t\t<span class='e-closed'><i aria-hidden=\"true\" class=\"fas fa-plus\"><\/i><\/span>\n\t\t<\/span>\n\n\t\t\t\t\t\t<\/summary>\n\t\t\t\t<div role=\"region\" aria-labelledby=\"e-n-accordion-item-1681\" class=\"elementor-element elementor-element-43c094e3 e-flex e-con-boxed e-con e-child\" data-id=\"43c094e3\" data-element_type=\"container\">\n\t\t\t\t\t<div class=\"e-con-inner\">\n\t\t\t\t<div class=\"elementor-element elementor-element-2baa4fe3 elementor-widget elementor-widget-text-editor\" data-id=\"2baa4fe3\" data-element_type=\"widget\" data-widget_type=\"text-editor.default\">\n\t\t\t\t<div class=\"elementor-widget-container\">\n\t\t\t\t\t\t\t<p class=\"translation-block\">The data that you disclose as part of the registration for the newsletter will be stored until revoked. You can revoke your consent at any time with effect for the future at <a href=\"mailto:datenschutz@campus02.at\" target=\"_self\">datenschutz@campus02.at<\/a>  or directly upon receipt of the newsletter by clicking on the link provided there.<\/p>\t\t\t\t\t\t<\/div>\n\t\t\t\t<\/div>\n\t\t\t\t\t<\/div>\n\t\t\t\t<\/div>\n\t\t\t\t\t<\/details>\n\t\t\t\t\t\t<details id=\"e-n-accordion-item-1682\" class=\"e-n-accordion-item\" >\n\t\t\t\t<summary class=\"e-n-accordion-item-title\" data-accordion-index=\"3\" tabindex=\"-1\" aria-expanded=\"false\" aria-controls=\"e-n-accordion-item-1682\" >\n\t\t\t\t\t<span class='e-n-accordion-item-title-header'><div class=\"e-n-accordion-item-title-text\"> Recipients of data transfers <\/div><\/span>\n\t\t\t\t\t\t\t<span class='e-n-accordion-item-title-icon'>\n\t\t\t<span class='e-opened' ><i aria-hidden=\"true\" class=\"fas fa-minus\"><\/i><\/span>\n\t\t\t<span class='e-closed'><i aria-hidden=\"true\" class=\"fas fa-plus\"><\/i><\/span>\n\t\t<\/span>\n\n\t\t\t\t\t\t<\/summary>\n\t\t\t\t<div role=\"region\" aria-labelledby=\"e-n-accordion-item-1682\" class=\"elementor-element elementor-element-4c89bde8 e-flex e-con-boxed e-con e-child\" data-id=\"4c89bde8\" data-element_type=\"container\">\n\t\t\t\t\t<div class=\"e-con-inner\">\n\t\t\t\t<div class=\"elementor-element elementor-element-4139164c elementor-widget elementor-widget-text-editor\" data-id=\"4139164c\" data-element_type=\"widget\" data-widget_type=\"text-editor.default\">\n\t\t\t\t<div class=\"elementor-widget-container\">\n\t\t\t\t\t\t\t<p>Your personal data is treated as confidential and is generally processed only by CAMPUS 02 UAS staff members internally.<\/p><p>However, data processors who have been commissioned by us can also process data for the purposes mentioned if they can ensure adequate data security. For example, the above-mentioned data categories can be viewed and processed by external IT service providers, in cases where support is required.<\/p><p><strong>Data transfer to the USA<\/strong><\/p><p>The processing of the collected data and the dispatch of our newsletter is carried out via the cloud service Microsoft Dynamics. Hosting is mainly provided within the European Union in accordance with European data protection law. Some services and technical support can also be provided from outside of the EU. Therefore, data transfer to the US is possible in principle.<\/p><p>On July 10, 2023, the European Commission adopted an adequacy decision on the Data Privacy Framework (data protection agreement between the EU and the USA). If providers in the USA certify themselves in accordance with these data protection requirements (which, among other things, restrict access to data by US authorities and provide legal protection for EU citizens), an adequate level of data protection is generally guaranteed for data transfers. You can check which providers are included in the list here: <a href=\"https:\/\/www.dataprivacyframework.gov\/s\/participant-search\"><span style=\"text-decoration: underline\">https:\/\/www.dataprivacyframework.gov\/s\/participant-search<\/span><\/a><\/p><p>Microsoft has undergone this self-certification. The data transfer can therefore be based on the adequacy decision on the Data Privacy Framework as a valid legal basis for data transfers to the USA. Furthermore, the standard contractual clauses and additional technical and organizational measures guaranteed by Microsoft also apply. Further information on data processing can be found in Microsoft's privacy policy (<a href=\"https:\/\/www.microsoft.com\/de-de\/privacy\/privacystatement\"><span style=\"text-decoration: underline\">https:\/\/www.microsoft.com\/de-de\/privacy\/privacystatement<\/span><\/a>).<\/p>\t\t\t\t\t\t<\/div>\n\t\t\t\t<\/div>\n\t\t\t\t\t<\/div>\n\t\t\t\t<\/div>\n\t\t\t\t\t<\/details>\n\t\t\t\t\t<\/div>\n\t\t\t\t<\/div>\n\t\t\t\t<\/div>\n\t\t\t\t<div class=\"elementor-element elementor-element-2708fae0 elementor-widget elementor-widget-text-editor\" data-id=\"2708fae0\" data-element_type=\"widget\" data-widget_type=\"text-editor.default\">\n\t\t\t\t<div class=\"elementor-widget-container\">\n\t\t\t\t\t\t\t<p>Please note that we will update this privacy statement from time to time (e.g. due to law amendments, usage of new technology, new study opportunities). We recommend that you regularly check it for updates.<\/p>\t\t\t\t\t\t<\/div>\n\t\t\t\t<\/div>\n\t\t<div class=\"elementor-element elementor-element-39e804e5 e-con-full e-flex e-con e-child\" data-id=\"39e804e5\" data-element_type=\"container\" data-settings=\"{&quot;background_background&quot;:&quot;classic&quot;}\">\n\t\t\t\t<div class=\"elementor-element elementor-element-55dd957c elementor-widget elementor-widget-text-editor\" data-id=\"55dd957c\" data-element_type=\"widget\" data-widget_type=\"text-editor.default\">\n\t\t\t\t<div class=\"elementor-widget-container\">\n\t\t\t\t\t\t\t<p>In general, you have right of access, the right to rectification, to erasure, to restrict, to data portability, to withdraw and to object.<br \/><strong>If you do, please contact us \u2014 we will be happy to help.<\/strong><\/p>\t\t\t\t\t\t<\/div>\n\t\t\t\t<\/div>\n\t\t\t\t<\/div>\n\t\t<div class=\"elementor-element elementor-element-64757322 e-con-full e-flex e-con e-child\" data-id=\"64757322\" data-element_type=\"container\" data-settings=\"{&quot;background_background&quot;:&quot;classic&quot;}\">\n\t\t<div class=\"elementor-element elementor-element-384bf3ab e-grid e-con-full e-con e-child\" data-id=\"384bf3ab\" data-element_type=\"container\">\n\t\t\t\t<div class=\"elementor-element elementor-element-67edcbd8 elementor-widget elementor-widget-text-editor\" data-id=\"67edcbd8\" data-element_type=\"widget\" data-widget_type=\"text-editor.default\">\n\t\t\t\t<div class=\"elementor-widget-container\">\n\t\t\t\t\t\t\t<p class=\"translation-block\"><strong>Data Protection Coordination Team<br>at CAMPUS 02 UAS<\/strong><\/p><p>CAMPUS 02 - University of Applied Sciences<br \/>K\u00f6rblergasse 126, 8010 Graz<br \/>+43 316 6002-8909<br \/><a href=\"mailto:datenschutz@campus02.at\"><span style=\"text-decoration: underline\">datenschutz@campus02.at<\/span><\/a><\/p>\t\t\t\t\t\t<\/div>\n\t\t\t\t<\/div>\n\t\t\t\t<div class=\"elementor-element elementor-element-69d745bb elementor-widget elementor-widget-text-editor\" data-id=\"69d745bb\" data-element_type=\"widget\" data-widget_type=\"text-editor.default\">\n\t\t\t\t<div class=\"elementor-widget-container\">\n\t\t\t\t\t\t\t<p class=\"translation-block\"><strong>Data Protection Officer<\/strong><br><strong>at CAMPUS 02 UAS<\/strong><\/p><p><a href=\"mailto:dsb@campus02.at\"><span style=\"text-decoration: underline\">dsb@campus02.at<\/span><\/a><\/p>\t\t\t\t\t\t<\/div>\n\t\t\t\t<\/div>\n\t\t\t\t<\/div>\n\t\t\t\t<div class=\"elementor-element elementor-element-b140afa elementor-widget elementor-widget-text-editor\" data-id=\"b140afa\" data-element_type=\"widget\" data-widget_type=\"text-editor.default\">\n\t\t\t\t<div class=\"elementor-widget-container\">\n\t\t\t\t\t\t\t<p class=\"translation-block\">If you believe that processing your data violates data protection laws or that your data protection rights have been infringed in some other way, you can also file a complaint with the supervisory authority. In Austria, the competent supervisory authority is the Austrian Data Protection Authority in Barichgasse 40-42, 1030 Vienna, telephone no.:+43 1 52 152-0, e-mail <span style=\"text-decoration: underline\"><a href=\"mailto:dsb@dsb.gv.at\" target=\"_blank\">dsb@dsb.gv.at<\/a><\/span>.<\/p>\t\t\t\t\t\t<\/div>\n\t\t\t\t<\/div>\n\t\t\t\t<\/div>\n\t\t\t\t<\/div>\n\t\t\t\t\t<\/div>\n\t\t\t\t<\/div>\n\t\t\t\t<\/div>","protected":false},"excerpt":{"rendered":"<p>Datenschutzerkl\u00e4rung Newsletter Der Schutz Ihrer personenbezogenen Daten ist uns ein besonderes Anliegen. Hier k\u00f6nnen Sie sich <a href=\"https:\/\/www.campus02.at\/en\/startseite\/datenschutz\/datenschutzerklaerung-newsletter\/\" class=\"more-link\">more&hellip;<\/a><\/p>","protected":false},"author":172,"featured_media":0,"parent":100911,"menu_order":14,"comment_status":"closed","ping_status":"closed","template":"elementor_header_footer","meta":{"_acf_changed":false,"footnotes":""},"coauthors":[1141],"class_list":["post-115780","page","type-page","status-publish","hentry"],"acf":[],"yoast_head":"<!-- This site is optimized with the Yoast SEO plugin v26.9 - https:\/\/yoast.com\/product\/yoast-seo-wordpress\/ -->\n<title>Datenschutzerkl\u00e4rung Newsletter - FH CAMPUS 02<\/title>\n<meta name=\"robots\" content=\"index, follow, max-snippet:-1, max-image-preview:large, max-video-preview:-1\" \/>\n<link rel=\"canonical\" href=\"https:\/\/www.campus02.at\/en\/startseite\/datenschutz\/datenschutzerklaerung-newsletter\/\" \/>\n<meta property=\"og:locale\" content=\"en_GB\" \/>\n<meta property=\"og:type\" content=\"article\" \/>\n<meta property=\"og:title\" content=\"Datenschutzerkl\u00e4rung Newsletter - FH CAMPUS 02\" \/>\n<meta property=\"og:description\" content=\"Datenschutzerkl\u00e4rung Newsletter Der Schutz Ihrer personenbezogenen Daten ist uns ein besonderes Anliegen. Hier k\u00f6nnen Sie sich more&hellip;\" \/>\n<meta property=\"og:url\" content=\"https:\/\/www.campus02.at\/en\/startseite\/datenschutz\/datenschutzerklaerung-newsletter\/\" \/>\n<meta property=\"og:site_name\" content=\"FH CAMPUS 02\" \/>\n<meta property=\"article:modified_time\" content=\"2025-02-19T11:19:47+00:00\" \/>\n<meta property=\"og:image\" content=\"https:\/\/www.campus02.at\/wp-content\/uploads\/2016\/10\/LEI5782_Header-1024x213.jpg\" \/>\n\t<meta property=\"og:image:width\" content=\"1024\" \/>\n\t<meta property=\"og:image:height\" content=\"213\" \/>\n\t<meta property=\"og:image:type\" content=\"image\/jpeg\" \/>\n<meta name=\"twitter:card\" content=\"summary_large_image\" \/>\n<meta name=\"twitter:label1\" content=\"Estimated reading time\" \/>\n\t<meta name=\"twitter:data1\" content=\"8 minutes\" \/>\n\t<meta name=\"twitter:label2\" content=\"Written by\" \/>\n\t<meta name=\"twitter:data2\" content=\"Ziegerhofer Theresa\" \/>\n<script type=\"application\/ld+json\" class=\"yoast-schema-graph\">{\"@context\":\"https:\/\/schema.org\",\"@graph\":[{\"@type\":\"WebPage\",\"@id\":\"https:\/\/www.campus02.at\/startseite\/datenschutz\/datenschutzerklaerung-newsletter\/\",\"url\":\"https:\/\/www.campus02.at\/startseite\/datenschutz\/datenschutzerklaerung-newsletter\/\",\"name\":\"Datenschutzerkl\u00e4rung Newsletter - FH CAMPUS 02\",\"isPartOf\":{\"@id\":\"https:\/\/www.campus02.at\/#website\"},\"primaryImageOfPage\":{\"@id\":\"https:\/\/www.campus02.at\/startseite\/datenschutz\/datenschutzerklaerung-newsletter\/#primaryimage\"},\"image\":{\"@id\":\"https:\/\/www.campus02.at\/startseite\/datenschutz\/datenschutzerklaerung-newsletter\/#primaryimage\"},\"thumbnailUrl\":\"https:\/\/www.campus02.at\/wp-content\/uploads\/2016\/10\/LEI5782_Header-1920x400.jpg\",\"datePublished\":\"2021-02-02T17:02:15+00:00\",\"dateModified\":\"2025-02-19T11:19:47+00:00\",\"breadcrumb\":{\"@id\":\"https:\/\/www.campus02.at\/startseite\/datenschutz\/datenschutzerklaerung-newsletter\/#breadcrumb\"},\"inLanguage\":\"en-GB\",\"potentialAction\":[{\"@type\":\"ReadAction\",\"target\":[\"https:\/\/www.campus02.at\/startseite\/datenschutz\/datenschutzerklaerung-newsletter\/\"]}]},{\"@type\":\"ImageObject\",\"inLanguage\":\"en-GB\",\"@id\":\"https:\/\/www.campus02.at\/startseite\/datenschutz\/datenschutzerklaerung-newsletter\/#primaryimage\",\"url\":\"https:\/\/www.campus02.at\/wp-content\/uploads\/2016\/10\/LEI5782_Header-1920x400.jpg\",\"contentUrl\":\"https:\/\/www.campus02.at\/wp-content\/uploads\/2016\/10\/LEI5782_Header-1920x400.jpg\"},{\"@type\":\"BreadcrumbList\",\"@id\":\"https:\/\/www.campus02.at\/startseite\/datenschutz\/datenschutzerklaerung-newsletter\/#breadcrumb\",\"itemListElement\":[{\"@type\":\"ListItem\",\"position\":1,\"name\":\"Startseite\",\"item\":\"https:\/\/www.campus02.at\/\"},{\"@type\":\"ListItem\",\"position\":2,\"name\":\"Startseite\",\"item\":\"https:\/\/www.campus02.at\/\"},{\"@type\":\"ListItem\",\"position\":3,\"name\":\"Datenschutz\",\"item\":\"https:\/\/www.campus02.at\/startseite\/datenschutz\/\"},{\"@type\":\"ListItem\",\"position\":4,\"name\":\"Datenschutzerkl\u00e4rung Newsletter\"}]},{\"@type\":\"WebSite\",\"@id\":\"https:\/\/www.campus02.at\/#website\",\"url\":\"https:\/\/www.campus02.at\/\",\"name\":\"FH CAMPUS 02\",\"description\":\"\",\"publisher\":{\"@id\":\"https:\/\/www.campus02.at\/#organization\"},\"potentialAction\":[{\"@type\":\"SearchAction\",\"target\":{\"@type\":\"EntryPoint\",\"urlTemplate\":\"https:\/\/www.campus02.at\/?s={search_term_string}\"},\"query-input\":{\"@type\":\"PropertyValueSpecification\",\"valueRequired\":true,\"valueName\":\"search_term_string\"}}],\"inLanguage\":\"en-GB\"},{\"@type\":\"Organization\",\"@id\":\"https:\/\/www.campus02.at\/#organization\",\"name\":\"FH CAMPUS 02\",\"url\":\"https:\/\/www.campus02.at\/\",\"logo\":{\"@type\":\"ImageObject\",\"inLanguage\":\"en-GB\",\"@id\":\"https:\/\/www.campus02.at\/#\/schema\/logo\/image\/\",\"url\":\"https:\/\/www.campus02.at\/wp-content\/uploads\/2016\/10\/Logo.jpg\",\"contentUrl\":\"https:\/\/www.campus02.at\/wp-content\/uploads\/2016\/10\/Logo.jpg\",\"width\":1108,\"height\":440,\"caption\":\"FH CAMPUS 02\"},\"image\":{\"@id\":\"https:\/\/www.campus02.at\/#\/schema\/logo\/image\/\"}}]}<\/script>\n<!-- \/ Yoast SEO plugin. -->","yoast_head_json":{"title":"Datenschutzerkl\u00e4rung Newsletter - FH CAMPUS 02","robots":{"index":"index","follow":"follow","max-snippet":"max-snippet:-1","max-image-preview":"max-image-preview:large","max-video-preview":"max-video-preview:-1"},"canonical":"https:\/\/www.campus02.at\/en\/startseite\/datenschutz\/datenschutzerklaerung-newsletter\/","og_locale":"en_GB","og_type":"article","og_title":"Datenschutzerkl\u00e4rung Newsletter - FH CAMPUS 02","og_description":"Datenschutzerkl\u00e4rung Newsletter Der Schutz Ihrer personenbezogenen Daten ist uns ein besonderes Anliegen. Hier k\u00f6nnen Sie sich more&hellip;","og_url":"https:\/\/www.campus02.at\/en\/startseite\/datenschutz\/datenschutzerklaerung-newsletter\/","og_site_name":"FH CAMPUS 02","article_modified_time":"2025-02-19T11:19:47+00:00","og_image":[{"width":1024,"height":213,"url":"https:\/\/www.campus02.at\/wp-content\/uploads\/2016\/10\/LEI5782_Header-1024x213.jpg","type":"image\/jpeg"}],"twitter_card":"summary_large_image","twitter_misc":{"Estimated reading time":"8 minutes","Written by":"Ziegerhofer Theresa"},"schema":{"@context":"https:\/\/schema.org","@graph":[{"@type":"WebPage","@id":"https:\/\/www.campus02.at\/startseite\/datenschutz\/datenschutzerklaerung-newsletter\/","url":"https:\/\/www.campus02.at\/startseite\/datenschutz\/datenschutzerklaerung-newsletter\/","name":"Datenschutzerkl\u00e4rung Newsletter - FH CAMPUS 02","isPartOf":{"@id":"https:\/\/www.campus02.at\/#website"},"primaryImageOfPage":{"@id":"https:\/\/www.campus02.at\/startseite\/datenschutz\/datenschutzerklaerung-newsletter\/#primaryimage"},"image":{"@id":"https:\/\/www.campus02.at\/startseite\/datenschutz\/datenschutzerklaerung-newsletter\/#primaryimage"},"thumbnailUrl":"https:\/\/www.campus02.at\/wp-content\/uploads\/2016\/10\/LEI5782_Header-1920x400.jpg","datePublished":"2021-02-02T17:02:15+00:00","dateModified":"2025-02-19T11:19:47+00:00","breadcrumb":{"@id":"https:\/\/www.campus02.at\/startseite\/datenschutz\/datenschutzerklaerung-newsletter\/#breadcrumb"},"inLanguage":"en-GB","potentialAction":[{"@type":"ReadAction","target":["https:\/\/www.campus02.at\/startseite\/datenschutz\/datenschutzerklaerung-newsletter\/"]}]},{"@type":"ImageObject","inLanguage":"en-GB","@id":"https:\/\/www.campus02.at\/startseite\/datenschutz\/datenschutzerklaerung-newsletter\/#primaryimage","url":"https:\/\/www.campus02.at\/wp-content\/uploads\/2016\/10\/LEI5782_Header-1920x400.jpg","contentUrl":"https:\/\/www.campus02.at\/wp-content\/uploads\/2016\/10\/LEI5782_Header-1920x400.jpg"},{"@type":"BreadcrumbList","@id":"https:\/\/www.campus02.at\/startseite\/datenschutz\/datenschutzerklaerung-newsletter\/#breadcrumb","itemListElement":[{"@type":"ListItem","position":1,"name":"Startseite","item":"https:\/\/www.campus02.at\/"},{"@type":"ListItem","position":2,"name":"Startseite","item":"https:\/\/www.campus02.at\/"},{"@type":"ListItem","position":3,"name":"Datenschutz","item":"https:\/\/www.campus02.at\/startseite\/datenschutz\/"},{"@type":"ListItem","position":4,"name":"Datenschutzerkl\u00e4rung Newsletter"}]},{"@type":"WebSite","@id":"https:\/\/www.campus02.at\/#website","url":"https:\/\/www.campus02.at\/","name":"CAMPUS 02 UAS","description":"","publisher":{"@id":"https:\/\/www.campus02.at\/#organization"},"potentialAction":[{"@type":"SearchAction","target":{"@type":"EntryPoint","urlTemplate":"https:\/\/www.campus02.at\/?s={search_term_string}"},"query-input":{"@type":"PropertyValueSpecification","valueRequired":true,"valueName":"search_term_string"}}],"inLanguage":"en-GB"},{"@type":"Organization","@id":"https:\/\/www.campus02.at\/#organization","name":"CAMPUS 02 UAS","url":"https:\/\/www.campus02.at\/","logo":{"@type":"ImageObject","inLanguage":"en-GB","@id":"https:\/\/www.campus02.at\/#\/schema\/logo\/image\/","url":"https:\/\/www.campus02.at\/wp-content\/uploads\/2016\/10\/Logo.jpg","contentUrl":"https:\/\/www.campus02.at\/wp-content\/uploads\/2016\/10\/Logo.jpg","width":1108,"height":440,"caption":"FH CAMPUS 02"},"image":{"@id":"https:\/\/www.campus02.at\/#\/schema\/logo\/image\/"}}]}},"_links":{"self":[{"href":"https:\/\/www.campus02.at\/en\/wp-json\/wp\/v2\/pages\/115780","targetHints":{"allow":["GET"]}}],"collection":[{"href":"https:\/\/www.campus02.at\/en\/wp-json\/wp\/v2\/pages"}],"about":[{"href":"https:\/\/www.campus02.at\/en\/wp-json\/wp\/v2\/types\/page"}],"author":[{"embeddable":true,"href":"https:\/\/www.campus02.at\/en\/wp-json\/wp\/v2\/users\/172"}],"replies":[{"embeddable":true,"href":"https:\/\/www.campus02.at\/en\/wp-json\/wp\/v2\/comments?post=115780"}],"version-history":[{"count":7,"href":"https:\/\/www.campus02.at\/en\/wp-json\/wp\/v2\/pages\/115780\/revisions"}],"predecessor-version":[{"id":155165,"href":"https:\/\/www.campus02.at\/en\/wp-json\/wp\/v2\/pages\/115780\/revisions\/155165"}],"up":[{"embeddable":true,"href":"https:\/\/www.campus02.at\/en\/wp-json\/wp\/v2\/pages\/100911"}],"wp:attachment":[{"href":"https:\/\/www.campus02.at\/en\/wp-json\/wp\/v2\/media?parent=115780"}],"wp:term":[{"taxonomy":"author","embeddable":true,"href":"https:\/\/www.campus02.at\/en\/wp-json\/wp\/v2\/coauthors?post=115780"}],"curies":[{"name":"wp","href":"https:\/\/api.w.org\/{rel}","templated":true}]}}