{"id":114091,"date":"2020-10-05T12:59:30","date_gmt":"2020-10-05T10:59:30","guid":{"rendered":"https:\/\/www.campus02.at\/?page_id=114091"},"modified":"2021-07-22T18:26:22","modified_gmt":"2021-07-22T16:26:22","slug":"drive-in-sponsion-feedback","status":"publish","type":"page","link":"https:\/\/www.campus02.at\/en\/drive-in-sponsion-feedback\/","title":{"rendered":"Drive-In-Sponsion Feedback"},"content":{"rendered":"<div class=\"flex-campus-main flex-campus-main-Image\"><figure><img decoding=\"async\" src=\"https:\/\/www.campus02.at\/wp-content\/uploads\/2021\/07\/AN_0625-scaled-e1626971096763-1024x304.jpg\" class=\"img-responsive\" alt=\"Drive-In Sponsion\" \/><\/figure><\/div><div class=\"flex-campus-main flex-campus-main-Heading\"><h1>Drive-In-Sponsion Feedback<\/h1><\/div><div class=\"flex-campus-main flex-campus-main-Text\"><p>Sch\u00f6n, dass Sie uns noch eine Nachricht zukommen lassen wollen!<\/p>\n<p>F\u00fcr Ihr Feedback haben wir hier ein Formular eingerichtet &#8211; wir freuen uns!<\/p>\n<p>&nbsp;<\/p>\n\n<div class=\"wpcf7 no-js\" id=\"wpcf7-f114090-o1\" lang=\"de-DE\" dir=\"ltr\" data-wpcf7-id=\"114090\">\n<div class=\"screen-reader-response\"><p role=\"status\" aria-live=\"polite\" aria-atomic=\"true\"><\/p> <ul><\/ul><\/div>\n<form action=\"\/en\/wp-json\/wp\/v2\/pages\/114091#wpcf7-f114090-o1\" method=\"post\" class=\"wpcf7-form init\" aria-label=\"Kontaktformular\" novalidate=\"novalidate\" data-status=\"init\" data-trp-original-action=\"\/en\/wp-json\/wp\/v2\/pages\/114091#wpcf7-f114090-o1\">\n<fieldset class=\"hidden-fields-container\"><input type=\"hidden\" name=\"_wpcf7\" value=\"114090\" \/><input type=\"hidden\" name=\"_wpcf7_version\" value=\"6.1.5\" \/><input type=\"hidden\" name=\"_wpcf7_locale\" value=\"de_DE\" \/><input type=\"hidden\" name=\"_wpcf7_unit_tag\" value=\"wpcf7-f114090-o1\" \/><input type=\"hidden\" name=\"_wpcf7_container_post\" value=\"0\" \/><input type=\"hidden\" name=\"_wpcf7_posted_data_hash\" value=\"\" \/><input type=\"hidden\" name=\"_wpcf7cf_hidden_group_fields\" value=\"[]\" \/><input type=\"hidden\" name=\"_wpcf7cf_hidden_groups\" value=\"[]\" \/><input type=\"hidden\" name=\"_wpcf7cf_visible_groups\" value=\"[]\" \/><input type=\"hidden\" name=\"_wpcf7cf_repeaters\" value=\"[]\" \/><input type=\"hidden\" name=\"_wpcf7cf_steps\" value=\"{}\" \/><input type=\"hidden\" name=\"_wpcf7cf_options\" value=\"{&quot;form_id&quot;:114090,&quot;conditions&quot;:[],&quot;settings&quot;:{&quot;animation&quot;:&quot;yes&quot;,&quot;animation_intime&quot;:200,&quot;animation_outtime&quot;:200,&quot;conditions_ui&quot;:&quot;normal&quot;,&quot;notice_dismissed&quot;:false,&quot;notice_dismissed_rollback-cf7-5.8.3&quot;:true,&quot;notice_dismissed_rollback-cf7-5.9.4&quot;:true,&quot;notice_dismissed_rollback-cf7-5.9.8&quot;:true}}\" \/>\n<\/fieldset>\n<div>\n\t<p>Wenn Sie uns noch ein Feedback auf die Veranstaltung geben m\u00f6chten, uns ein Statement von Ihren Eindr\u00fccken \u00fcbermitteln wollen, dann tun Sie das \u2013 wir freuen uns, von Ihnen zu lesen!\n\t<\/p>\n\t<p>Die mit einem Stern * gekennzeichneten Felder sind Pflichtfelder.\n\t<\/p>\n<\/div>\n<div class=\"row\">\n\t<div class=\"col-md-6\">\n\t\t<div class=\"form-group\">\n\t\t\t<p><label>Ihr Vorname*<\/label><br \/>\n<span class=\"wpcf7-form-control-wrap\" data-name=\"person-firstname\"><input size=\"40\" maxlength=\"400\" class=\"wpcf7-form-control wpcf7-text wpcf7-validates-as-required form-control\" aria-required=\"true\" aria-invalid=\"false\" placeholder=\"First Name\" value=\"\" type=\"text\" name=\"person-firstname\" \/><\/span>\n\t\t\t<\/p>\n\t\t<\/div>\n\t<\/div>\n\t<div class=\"col-md-6\">\n\t\t<div class=\"form-group\">\n\t\t\t<p><label>Ihr Nachname<\/label><br \/>\n<span class=\"wpcf7-form-control-wrap\" data-name=\"person-lastname\"><input size=\"40\" maxlength=\"400\" class=\"wpcf7-form-control wpcf7-text form-control\" aria-invalid=\"false\" placeholder=\"Last Name\" value=\"\" type=\"text\" name=\"person-lastname\" \/><\/span>\n\t\t\t<\/p>\n\t\t<\/div>\n\t<\/div>\n<\/div>\n<div class=\"form-group\">\n\t<p><label>Ihre E-Mail-Adresse<\/label><br \/>\n<span class=\"wpcf7-form-control-wrap\" data-name=\"mail\"><input size=\"40\" maxlength=\"400\" class=\"wpcf7-form-control wpcf7-email wpcf7-text wpcf7-validates-as-email form-control\" aria-invalid=\"false\" placeholder=\"E-mail address:\" value=\"\" type=\"email\" name=\"mail\" \/><\/span>\n\t<\/p>\n<\/div>\n\n<!-- HIER WIRD DER STUDIENGANG AUSGESUCHT  -->\n<div class=\"toggle-wrapper\" style=\"margin-top: 30px;\">\n\t<p><label>Was ist Ihr Studiengang?<\/label><br \/>\nW\u00e4hlen Sie bitte zuerst den Studienabschnitt.\n\t<\/p>\n\t<div class=\"from-group checkbox\">\n\t\t<p><span class=\"wpcf7-form-control-wrap\" data-name=\"bachelor\"><span class=\"wpcf7-form-control wpcf7-checkbox toggle-checkbox\"><span class=\"wpcf7-list-item first last\"><label><input type=\"checkbox\" name=\"bachelor[]\" value=\"Bachelor\" \/><span class=\"wpcf7-list-item-label\">Bachelor's Degree Programmes<\/span><\/label><\/span><\/span><\/span>\n\t\t<\/p>\n\t<\/div>\n\t<div class=\"toggle-container\">\n\t\t<div class=\"checkbox\" style=\"margin-left:20px;\">\n\t\t\t<p><span class=\"wpcf7-form-control-wrap\" data-name=\"checkbox-bachelor\"><span class=\"wpcf7-form-control wpcf7-checkbox\"><span class=\"wpcf7-list-item first\"><input type=\"checkbox\" name=\"checkbox-bachelor[]\" value=\"Automatierungstechnik\" \/><span class=\"wpcf7-list-item-label\">Automatierungstechnik<\/span><\/span><span class=\"wpcf7-list-item\"><input type=\"checkbox\" name=\"checkbox-bachelor[]\" value=\"Innovationsmanagement\" \/><span class=\"wpcf7-list-item-label\">Innovation Management<\/span><\/span><span class=\"wpcf7-list-item\"><input type=\"checkbox\" name=\"checkbox-bachelor[]\" value=\"Wirtschaftsinformatik\" \/><span class=\"wpcf7-list-item-label\">Business Informatics<\/span><\/span><span class=\"wpcf7-list-item\"><input type=\"checkbox\" name=\"checkbox-bachelor[]\" value=\"Business Software Development\" \/><span class=\"wpcf7-list-item-label\">Business Software Development<\/span><\/span><span class=\"wpcf7-list-item\"><input type=\"checkbox\" name=\"checkbox-bachelor[]\" value=\"Rechnungswesen &amp; Controlling\" \/><span class=\"wpcf7-list-item-label\">Financial Accounting<\/span><\/span><span class=\"wpcf7-list-item last\"><input type=\"checkbox\" name=\"checkbox-bachelor[]\" value=\"Marketing &amp; Sales\" \/><span class=\"wpcf7-list-item-label\">Marketing &amp; Sales<\/span><\/span><\/span><\/span>\n\t\t\t<\/p>\n\t\t<\/div>\n\t<\/div>\n<\/div>\n<div class=\"toggle-wrapper\">\n\t<div class=\"from-group checkbox\">\n\t\t<p><span class=\"wpcf7-form-control-wrap\" data-name=\"master\"><span class=\"wpcf7-form-control wpcf7-checkbox toggle-checkbox\"><span class=\"wpcf7-list-item first last\"><label><input type=\"checkbox\" name=\"master[]\" value=\"Master\" \/><span class=\"wpcf7-list-item-label\">Master's Degree Programmes<\/span><\/label><\/span><\/span><\/span>\n\t\t<\/p>\n\t<\/div>\n\t<div class=\"toggle-container\" style=\"margin-left:20px;\">\n\t\t<div class=\"checkbox\">\n\t\t\t<p><span class=\"wpcf7-form-control-wrap\" data-name=\"checkbox-master\"><span class=\"wpcf7-form-control wpcf7-checkbox\"><span class=\"wpcf7-list-item first\"><input type=\"checkbox\" name=\"checkbox-master[]\" value=\"Automatierungstechnik-Wirtschaft\" \/><span class=\"wpcf7-list-item-label\">Automatierungstechnik-Wirtschaft<\/span><\/span><span class=\"wpcf7-list-item\"><input type=\"checkbox\" name=\"checkbox-master[]\" value=\"Innovationsmanagement\" \/><span class=\"wpcf7-list-item-label\">Innovation Management<\/span><\/span><span class=\"wpcf7-list-item\"><input type=\"checkbox\" name=\"checkbox-master[]\" value=\"Informationstechnologien &amp; Wirtschaftsinformatik\" \/><span class=\"wpcf7-list-item-label\">IT &amp; Business Informatics<\/span><\/span><span class=\"wpcf7-list-item\"><input type=\"checkbox\" name=\"checkbox-master[]\" value=\"Rechnungswesen &amp; Controlling\" \/><span class=\"wpcf7-list-item-label\">Financial Accounting<\/span><\/span><span class=\"wpcf7-list-item\"><input type=\"checkbox\" name=\"checkbox-master[]\" value=\"Sales Management\" \/><span class=\"wpcf7-list-item-label\">Sales Management<\/span><\/span><span class=\"wpcf7-list-item last\"><input type=\"checkbox\" name=\"checkbox-master[]\" value=\"International Management\" \/><span class=\"wpcf7-list-item-label\">International Management<\/span><\/span><\/span><\/span>\n\t\t\t<\/p>\n\t\t<\/div>\n\t<\/div>\n<\/div>\n<!-- HIER ENDET DIE STUDIENAUSWAHL -->\n<p><strong>Was ich Euch noch sagen wollte*<\/strong><br \/>\n<span class=\"wpcf7-form-control-wrap\" data-name=\"textarea-additional\"><textarea cols=\"40\" rows=\"3\" maxlength=\"2000\" class=\"wpcf7-form-control wpcf7-textarea wpcf7-validates-as-required form-control\" aria-required=\"true\" aria-invalid=\"false\" placeholder=\"Was ich Euch noch sagen wollte\" name=\"textarea-additional\"><\/textarea><\/span>\n<\/p>\n<p><span id=\"wpcf7-6a03c92bad986-wrapper\" class=\"wpcf7-form-control-wrap email2-wrap\" style=\"display:none !important; visibility:hidden !important;\"><label for=\"wpcf7-6a03c92bad986-field\" class=\"hp-message\">Bitte lasse dieses Feld leer.<\/label><input id=\"wpcf7-6a03c92bad986-field\"  class=\"wpcf7-form-control wpcf7-text\" type=\"text\" name=\"email2\" value=\"\" size=\"40\" tabindex=\"-1\" autocomplete=\"new-password\" \/><\/span>\n<\/p>\n<p><div class=\"altcha-widget-wrap\"><altcha-widget challengeurl=\"https:\/\/www.campus02.at\/en\/wp-json\/altcha\/v1\/challenge\" strings=\"{&quot;error&quot;:&quot;Verifizierung fehlgeschlagen. Bitte versuchen Sie es sp\\u00e4ter erneut.&quot;,&quot;footer&quot;:&quot;Gesch\\u00fctzt durch &lt;a href=\\&quot;https:\\\/\\\/altcha.org\\\/\\&quot; target=\\&quot;_blank\\&quot;&gt;ALTCHA&lt;\\\/a&gt;&quot;,&quot;label&quot;:&quot;Ich bin kein Roboter&quot;,&quot;verified&quot;:&quot;\\u00dcberpr\\u00fcft&quot;,&quot;verifying&quot;:&quot;\\u00dcberpr\\u00fcfung...&quot;,&quot;waitAlert&quot;:&quot;\\u00dcberpr\\u00fcfung... Bitte warten.&quot;}\" hidefooter=\"1\"><\/altcha-widget><noscript><div class=\"altcha-no-javascript\">This form requires JavaScript!<\/div><\/noscript><\/div><input class=\"wpcf7-form-control wpcf7-submit has-spinner btn btn-default\" type=\"submit\" value=\"Send\" \/>\n<\/p>\n<div class=\"wpcf7-response-output\" aria-hidden=\"true\"><\/div>\n<hr \/>\n<p>[dsgvo]\n<\/p>\n<input type=\"hidden\" name=\"trp-form-language\" value=\"en\"\/><\/form>\n<\/div>\n\n<\/div>","protected":false},"excerpt":{"rendered":"<p>Drive-In-Sponsion FeedbackSch\u00f6n, dass Sie uns noch eine Nachricht zukommen lassen wollen! F\u00fcr Ihr Feedback haben wir hier ein <a href=\"https:\/\/www.campus02.at\/en\/drive-in-sponsion-feedback\/\" class=\"more-link\">more&hellip;<\/a><\/p>","protected":false},"author":135,"featured_media":114055,"parent":0,"menu_order":30,"comment_status":"closed","ping_status":"closed","template":"","meta":{"_acf_changed":false,"footnotes":""},"coauthors":[679],"class_list":["post-114091","page","type-page","status-publish","has-post-thumbnail","hentry"],"acf":[],"yoast_head":"<!-- This site is optimized with the Yoast SEO plugin v26.9 - https:\/\/yoast.com\/product\/yoast-seo-wordpress\/ -->\n<title>Drive-In-Sponsion Feedback - FH CAMPUS 02<\/title>\n<meta name=\"robots\" content=\"noindex, nofollow\" \/>\n<meta property=\"og:locale\" content=\"en_GB\" \/>\n<meta property=\"og:type\" content=\"article\" \/>\n<meta property=\"og:title\" content=\"Drive-In-Sponsion Feedback - FH CAMPUS 02\" \/>\n<meta property=\"og:description\" content=\"Drive-In-Sponsion FeedbackSch\u00f6n, dass Sie uns noch eine Nachricht zukommen lassen wollen! F\u00fcr Ihr Feedback haben wir hier ein more&hellip;\" \/>\n<meta property=\"og:url\" content=\"https:\/\/www.campus02.at\/en\/drive-in-sponsion-feedback\/\" \/>\n<meta property=\"og:site_name\" content=\"FH CAMPUS 02\" \/>\n<meta property=\"article:modified_time\" content=\"2021-07-22T16:26:22+00:00\" \/>\n<meta property=\"og:image\" content=\"https:\/\/www.campus02.at\/wp-content\/uploads\/2020\/09\/703712_opener_243427_a.jpg\" \/>\n\t<meta property=\"og:image:width\" content=\"1280\" \/>\n\t<meta property=\"og:image:height\" content=\"512\" \/>\n\t<meta property=\"og:image:type\" content=\"image\/jpeg\" \/>\n<meta name=\"twitter:card\" content=\"summary_large_image\" \/>\n<script type=\"application\/ld+json\" class=\"yoast-schema-graph\">{\"@context\":\"https:\/\/schema.org\",\"@graph\":[{\"@type\":\"WebPage\",\"@id\":\"https:\/\/www.campus02.at\/drive-in-sponsion-feedback\/\",\"url\":\"https:\/\/www.campus02.at\/drive-in-sponsion-feedback\/\",\"name\":\"Drive-In-Sponsion Feedback - FH CAMPUS 02\",\"isPartOf\":{\"@id\":\"https:\/\/www.campus02.at\/#website\"},\"primaryImageOfPage\":{\"@id\":\"https:\/\/www.campus02.at\/drive-in-sponsion-feedback\/#primaryimage\"},\"image\":{\"@id\":\"https:\/\/www.campus02.at\/drive-in-sponsion-feedback\/#primaryimage\"},\"thumbnailUrl\":\"https:\/\/www.campus02.at\/wp-content\/uploads\/2020\/09\/703712_opener_243427_a.jpg\",\"datePublished\":\"2020-10-05T10:59:30+00:00\",\"dateModified\":\"2021-07-22T16:26:22+00:00\",\"breadcrumb\":{\"@id\":\"https:\/\/www.campus02.at\/drive-in-sponsion-feedback\/#breadcrumb\"},\"inLanguage\":\"en-GB\",\"potentialAction\":[{\"@type\":\"ReadAction\",\"target\":[\"https:\/\/www.campus02.at\/drive-in-sponsion-feedback\/\"]}]},{\"@type\":\"ImageObject\",\"inLanguage\":\"en-GB\",\"@id\":\"https:\/\/www.campus02.at\/drive-in-sponsion-feedback\/#primaryimage\",\"url\":\"https:\/\/www.campus02.at\/wp-content\/uploads\/2020\/09\/703712_opener_243427_a.jpg\",\"contentUrl\":\"https:\/\/www.campus02.at\/wp-content\/uploads\/2020\/09\/703712_opener_243427_a.jpg\",\"width\":1280,\"height\":512,\"caption\":\"Drive-In Sponsion\"},{\"@type\":\"BreadcrumbList\",\"@id\":\"https:\/\/www.campus02.at\/drive-in-sponsion-feedback\/#breadcrumb\",\"itemListElement\":[{\"@type\":\"ListItem\",\"position\":1,\"name\":\"Startseite\",\"item\":\"https:\/\/www.campus02.at\/\"},{\"@type\":\"ListItem\",\"position\":2,\"name\":\"Drive-In-Sponsion Feedback\"}]},{\"@type\":\"WebSite\",\"@id\":\"https:\/\/www.campus02.at\/#website\",\"url\":\"https:\/\/www.campus02.at\/\",\"name\":\"FH CAMPUS 02\",\"description\":\"\",\"publisher\":{\"@id\":\"https:\/\/www.campus02.at\/#organization\"},\"potentialAction\":[{\"@type\":\"SearchAction\",\"target\":{\"@type\":\"EntryPoint\",\"urlTemplate\":\"https:\/\/www.campus02.at\/?s={search_term_string}\"},\"query-input\":{\"@type\":\"PropertyValueSpecification\",\"valueRequired\":true,\"valueName\":\"search_term_string\"}}],\"inLanguage\":\"en-GB\"},{\"@type\":\"Organization\",\"@id\":\"https:\/\/www.campus02.at\/#organization\",\"name\":\"FH CAMPUS 02\",\"url\":\"https:\/\/www.campus02.at\/\",\"logo\":{\"@type\":\"ImageObject\",\"inLanguage\":\"en-GB\",\"@id\":\"https:\/\/www.campus02.at\/#\/schema\/logo\/image\/\",\"url\":\"https:\/\/www.campus02.at\/wp-content\/uploads\/2016\/10\/Logo.jpg\",\"contentUrl\":\"https:\/\/www.campus02.at\/wp-content\/uploads\/2016\/10\/Logo.jpg\",\"width\":1108,\"height\":440,\"caption\":\"FH CAMPUS 02\"},\"image\":{\"@id\":\"https:\/\/www.campus02.at\/#\/schema\/logo\/image\/\"}}]}<\/script>\n<!-- \/ Yoast SEO plugin. -->","yoast_head_json":{"title":"Drive-In-Sponsion Feedback - FH CAMPUS 02","robots":{"index":"noindex","follow":"nofollow"},"og_locale":"en_GB","og_type":"article","og_title":"Drive-In-Sponsion Feedback - FH CAMPUS 02","og_description":"Drive-In-Sponsion FeedbackSch\u00f6n, dass Sie uns noch eine Nachricht zukommen lassen wollen! F\u00fcr Ihr Feedback haben wir hier ein more&hellip;","og_url":"https:\/\/www.campus02.at\/en\/drive-in-sponsion-feedback\/","og_site_name":"FH CAMPUS 02","article_modified_time":"2021-07-22T16:26:22+00:00","og_image":[{"width":1280,"height":512,"url":"https:\/\/www.campus02.at\/wp-content\/uploads\/2020\/09\/703712_opener_243427_a.jpg","type":"image\/jpeg"}],"twitter_card":"summary_large_image","schema":{"@context":"https:\/\/schema.org","@graph":[{"@type":"WebPage","@id":"https:\/\/www.campus02.at\/drive-in-sponsion-feedback\/","url":"https:\/\/www.campus02.at\/drive-in-sponsion-feedback\/","name":"Drive-In-Sponsion Feedback - FH CAMPUS 02","isPartOf":{"@id":"https:\/\/www.campus02.at\/#website"},"primaryImageOfPage":{"@id":"https:\/\/www.campus02.at\/drive-in-sponsion-feedback\/#primaryimage"},"image":{"@id":"https:\/\/www.campus02.at\/drive-in-sponsion-feedback\/#primaryimage"},"thumbnailUrl":"https:\/\/www.campus02.at\/wp-content\/uploads\/2020\/09\/703712_opener_243427_a.jpg","datePublished":"2020-10-05T10:59:30+00:00","dateModified":"2021-07-22T16:26:22+00:00","breadcrumb":{"@id":"https:\/\/www.campus02.at\/drive-in-sponsion-feedback\/#breadcrumb"},"inLanguage":"en-GB","potentialAction":[{"@type":"ReadAction","target":["https:\/\/www.campus02.at\/drive-in-sponsion-feedback\/"]}]},{"@type":"ImageObject","inLanguage":"en-GB","@id":"https:\/\/www.campus02.at\/drive-in-sponsion-feedback\/#primaryimage","url":"https:\/\/www.campus02.at\/wp-content\/uploads\/2020\/09\/703712_opener_243427_a.jpg","contentUrl":"https:\/\/www.campus02.at\/wp-content\/uploads\/2020\/09\/703712_opener_243427_a.jpg","width":1280,"height":512,"caption":"Drive-In Sponsion"},{"@type":"BreadcrumbList","@id":"https:\/\/www.campus02.at\/drive-in-sponsion-feedback\/#breadcrumb","itemListElement":[{"@type":"ListItem","position":1,"name":"Startseite","item":"https:\/\/www.campus02.at\/"},{"@type":"ListItem","position":2,"name":"Drive-In-Sponsion Feedback"}]},{"@type":"WebSite","@id":"https:\/\/www.campus02.at\/#website","url":"https:\/\/www.campus02.at\/","name":"CAMPUS 02 UAS","description":"","publisher":{"@id":"https:\/\/www.campus02.at\/#organization"},"potentialAction":[{"@type":"SearchAction","target":{"@type":"EntryPoint","urlTemplate":"https:\/\/www.campus02.at\/?s={search_term_string}"},"query-input":{"@type":"PropertyValueSpecification","valueRequired":true,"valueName":"search_term_string"}}],"inLanguage":"en-GB"},{"@type":"Organization","@id":"https:\/\/www.campus02.at\/#organization","name":"CAMPUS 02 UAS","url":"https:\/\/www.campus02.at\/","logo":{"@type":"ImageObject","inLanguage":"en-GB","@id":"https:\/\/www.campus02.at\/#\/schema\/logo\/image\/","url":"https:\/\/www.campus02.at\/wp-content\/uploads\/2016\/10\/Logo.jpg","contentUrl":"https:\/\/www.campus02.at\/wp-content\/uploads\/2016\/10\/Logo.jpg","width":1108,"height":440,"caption":"FH CAMPUS 02"},"image":{"@id":"https:\/\/www.campus02.at\/#\/schema\/logo\/image\/"}}]}},"_links":{"self":[{"href":"https:\/\/www.campus02.at\/en\/wp-json\/wp\/v2\/pages\/114091","targetHints":{"allow":["GET"]}}],"collection":[{"href":"https:\/\/www.campus02.at\/en\/wp-json\/wp\/v2\/pages"}],"about":[{"href":"https:\/\/www.campus02.at\/en\/wp-json\/wp\/v2\/types\/page"}],"author":[{"embeddable":true,"href":"https:\/\/www.campus02.at\/en\/wp-json\/wp\/v2\/users\/135"}],"replies":[{"embeddable":true,"href":"https:\/\/www.campus02.at\/en\/wp-json\/wp\/v2\/comments?post=114091"}],"version-history":[{"count":6,"href":"https:\/\/www.campus02.at\/en\/wp-json\/wp\/v2\/pages\/114091\/revisions"}],"predecessor-version":[{"id":120087,"href":"https:\/\/www.campus02.at\/en\/wp-json\/wp\/v2\/pages\/114091\/revisions\/120087"}],"wp:featuredmedia":[{"embeddable":true,"href":"https:\/\/www.campus02.at\/en\/wp-json\/wp\/v2\/media\/114055"}],"wp:attachment":[{"href":"https:\/\/www.campus02.at\/en\/wp-json\/wp\/v2\/media?parent=114091"}],"wp:term":[{"taxonomy":"author","embeddable":true,"href":"https:\/\/www.campus02.at\/en\/wp-json\/wp\/v2\/coauthors?post=114091"}],"curies":[{"name":"wp","href":"https:\/\/api.w.org\/{rel}","templated":true}]}}