{"id":113493,"date":"2020-08-18T16:08:50","date_gmt":"2020-08-18T14:08:50","guid":{"rendered":"https:\/\/www.campus02.at\/?page_id=113493"},"modified":"2020-08-18T16:19:24","modified_gmt":"2020-08-18T14:19:24","slug":"it_einfuehrung_studierende","status":"publish","type":"page","link":"https:\/\/www.campus02.at\/en\/unsere-hochschule\/hochschulleitung\/geschaeftsfuehrung\/digitalisierung-it-services\/it_einfuehrung_studierende\/","title":{"rendered":"Einf\u00fchrung f\u00fcr Studierende"},"content":{"rendered":"<div class=\"flex-campus-main flex-campus-main-Heading\"><h1>IT-Einf\u00fchrung f\u00fcr Studierende<\/h1><\/div><div class=\"flex-campus-main flex-campus-main-Text\"><p><iframe width=\"560\" height=\"315\" src=\"https:\/\/www.youtube.com\/embed\/videoseries?list=PLTU3h2dMIUvZknHmL3omsDkw4alADlO3L\" frameborder=\"0\" allow=\"accelerometer; autoplay; encrypted-media; gyroscope; picture-in-picture\" allowfullscreen><\/iframe><\/p>\n<\/div>","protected":false},"excerpt":{"rendered":"<p>IT-Einf\u00fchrung f\u00fcr Studierende<\/p>","protected":false},"author":152,"featured_media":0,"parent":1484,"menu_order":0,"comment_status":"closed","ping_status":"closed","template":"","meta":{"_acf_changed":false,"footnotes":""},"coauthors":[631],"class_list":["post-113493","page","type-page","status-publish","hentry"],"acf":[],"yoast_head":"<!-- This site is optimized with the Yoast SEO plugin v26.9 - https:\/\/yoast.com\/product\/yoast-seo-wordpress\/ -->\n<title>Einf\u00fchrung f\u00fcr Studierende - FH CAMPUS 02<\/title>\n<meta name=\"robots\" content=\"index, follow, max-snippet:-1, max-image-preview:large, max-video-preview:-1\" \/>\n<link rel=\"canonical\" href=\"https:\/\/www.campus02.at\/en\/unsere-hochschule\/hochschulleitung\/geschaeftsfuehrung\/digitalisierung-it-services\/it_einfuehrung_studierende\/\" \/>\n<meta property=\"og:locale\" content=\"en_GB\" \/>\n<meta property=\"og:type\" content=\"article\" \/>\n<meta property=\"og:title\" content=\"Einf\u00fchrung f\u00fcr Studierende - FH CAMPUS 02\" \/>\n<meta property=\"og:description\" content=\"IT-Einf\u00fchrung f\u00fcr Studierende\" \/>\n<meta property=\"og:url\" content=\"https:\/\/www.campus02.at\/en\/unsere-hochschule\/hochschulleitung\/geschaeftsfuehrung\/digitalisierung-it-services\/it_einfuehrung_studierende\/\" \/>\n<meta property=\"og:site_name\" content=\"FH CAMPUS 02\" \/>\n<meta property=\"article:modified_time\" content=\"2020-08-18T14:19:24+00:00\" \/>\n<meta property=\"og:image\" content=\"https:\/\/www.campus02.at\/wp-content\/uploads\/2015\/10\/T_LEI2980.jpg\" \/>\n\t<meta property=\"og:image:width\" content=\"1200\" \/>\n\t<meta property=\"og:image:height\" content=\"630\" \/>\n\t<meta property=\"og:image:type\" content=\"image\/jpeg\" \/>\n<meta name=\"twitter:card\" content=\"summary_large_image\" \/>\n<script type=\"application\/ld+json\" class=\"yoast-schema-graph\">{\"@context\":\"https:\/\/schema.org\",\"@graph\":[{\"@type\":\"WebPage\",\"@id\":\"https:\/\/www.campus02.at\/unsere-hochschule\/hochschulleitung\/geschaeftsfuehrung\/digitalisierung-it-services\/it_einfuehrung_studierende\/\",\"url\":\"https:\/\/www.campus02.at\/unsere-hochschule\/hochschulleitung\/geschaeftsfuehrung\/digitalisierung-it-services\/it_einfuehrung_studierende\/\",\"name\":\"Einf\u00fchrung f\u00fcr Studierende - FH CAMPUS 02\",\"isPartOf\":{\"@id\":\"https:\/\/www.campus02.at\/#website\"},\"datePublished\":\"2020-08-18T14:08:50+00:00\",\"dateModified\":\"2020-08-18T14:19:24+00:00\",\"breadcrumb\":{\"@id\":\"https:\/\/www.campus02.at\/unsere-hochschule\/hochschulleitung\/geschaeftsfuehrung\/digitalisierung-it-services\/it_einfuehrung_studierende\/#breadcrumb\"},\"inLanguage\":\"en-GB\",\"potentialAction\":[{\"@type\":\"ReadAction\",\"target\":[\"https:\/\/www.campus02.at\/unsere-hochschule\/hochschulleitung\/geschaeftsfuehrung\/digitalisierung-it-services\/it_einfuehrung_studierende\/\"]}]},{\"@type\":\"BreadcrumbList\",\"@id\":\"https:\/\/www.campus02.at\/unsere-hochschule\/hochschulleitung\/geschaeftsfuehrung\/digitalisierung-it-services\/it_einfuehrung_studierende\/#breadcrumb\",\"itemListElement\":[{\"@type\":\"ListItem\",\"position\":1,\"name\":\"Startseite\",\"item\":\"https:\/\/www.campus02.at\/\"},{\"@type\":\"ListItem\",\"position\":2,\"name\":\"Organisation\",\"item\":\"https:\/\/www.campus02.at\/unsere-hochschule\/\"},{\"@type\":\"ListItem\",\"position\":3,\"name\":\"Hochschulleitung\",\"item\":\"https:\/\/www.campus02.at\/unsere-hochschule\/hochschulleitung\/\"},{\"@type\":\"ListItem\",\"position\":4,\"name\":\"Gesch\u00e4ftsf\u00fchrung\",\"item\":\"https:\/\/www.campus02.at\/?page_id=1468\"},{\"@type\":\"ListItem\",\"position\":5,\"name\":\"Digitalisierung &amp; IT-Services\",\"item\":\"https:\/\/www.campus02.at\/unsere-hochschule\/hochschulleitung\/geschaeftsfuehrung\/digitalisierung-it-services\/\"},{\"@type\":\"ListItem\",\"position\":6,\"name\":\"Einf\u00fchrung f\u00fcr Studierende\"}]},{\"@type\":\"WebSite\",\"@id\":\"https:\/\/www.campus02.at\/#website\",\"url\":\"https:\/\/www.campus02.at\/\",\"name\":\"FH CAMPUS 02\",\"description\":\"\",\"publisher\":{\"@id\":\"https:\/\/www.campus02.at\/#organization\"},\"potentialAction\":[{\"@type\":\"SearchAction\",\"target\":{\"@type\":\"EntryPoint\",\"urlTemplate\":\"https:\/\/www.campus02.at\/?s={search_term_string}\"},\"query-input\":{\"@type\":\"PropertyValueSpecification\",\"valueRequired\":true,\"valueName\":\"search_term_string\"}}],\"inLanguage\":\"en-GB\"},{\"@type\":\"Organization\",\"@id\":\"https:\/\/www.campus02.at\/#organization\",\"name\":\"FH CAMPUS 02\",\"url\":\"https:\/\/www.campus02.at\/\",\"logo\":{\"@type\":\"ImageObject\",\"inLanguage\":\"en-GB\",\"@id\":\"https:\/\/www.campus02.at\/#\/schema\/logo\/image\/\",\"url\":\"https:\/\/www.campus02.at\/wp-content\/uploads\/2016\/10\/Logo.jpg\",\"contentUrl\":\"https:\/\/www.campus02.at\/wp-content\/uploads\/2016\/10\/Logo.jpg\",\"width\":1108,\"height\":440,\"caption\":\"FH CAMPUS 02\"},\"image\":{\"@id\":\"https:\/\/www.campus02.at\/#\/schema\/logo\/image\/\"}}]}<\/script>\n<!-- \/ Yoast SEO plugin. -->","yoast_head_json":{"title":"Einf\u00fchrung f\u00fcr Studierende - FH CAMPUS 02","robots":{"index":"index","follow":"follow","max-snippet":"max-snippet:-1","max-image-preview":"max-image-preview:large","max-video-preview":"max-video-preview:-1"},"canonical":"https:\/\/www.campus02.at\/en\/unsere-hochschule\/hochschulleitung\/geschaeftsfuehrung\/digitalisierung-it-services\/it_einfuehrung_studierende\/","og_locale":"en_GB","og_type":"article","og_title":"Einf\u00fchrung f\u00fcr Studierende - FH CAMPUS 02","og_description":"IT-Einf\u00fchrung f\u00fcr Studierende","og_url":"https:\/\/www.campus02.at\/en\/unsere-hochschule\/hochschulleitung\/geschaeftsfuehrung\/digitalisierung-it-services\/it_einfuehrung_studierende\/","og_site_name":"FH CAMPUS 02","article_modified_time":"2020-08-18T14:19:24+00:00","og_image":[{"width":1200,"height":630,"url":"https:\/\/www.campus02.at\/wp-content\/uploads\/2015\/10\/T_LEI2980.jpg","type":"image\/jpeg"}],"twitter_card":"summary_large_image","schema":{"@context":"https:\/\/schema.org","@graph":[{"@type":"WebPage","@id":"https:\/\/www.campus02.at\/unsere-hochschule\/hochschulleitung\/geschaeftsfuehrung\/digitalisierung-it-services\/it_einfuehrung_studierende\/","url":"https:\/\/www.campus02.at\/unsere-hochschule\/hochschulleitung\/geschaeftsfuehrung\/digitalisierung-it-services\/it_einfuehrung_studierende\/","name":"Einf\u00fchrung f\u00fcr Studierende - FH CAMPUS 02","isPartOf":{"@id":"https:\/\/www.campus02.at\/#website"},"datePublished":"2020-08-18T14:08:50+00:00","dateModified":"2020-08-18T14:19:24+00:00","breadcrumb":{"@id":"https:\/\/www.campus02.at\/unsere-hochschule\/hochschulleitung\/geschaeftsfuehrung\/digitalisierung-it-services\/it_einfuehrung_studierende\/#breadcrumb"},"inLanguage":"en-GB","potentialAction":[{"@type":"ReadAction","target":["https:\/\/www.campus02.at\/unsere-hochschule\/hochschulleitung\/geschaeftsfuehrung\/digitalisierung-it-services\/it_einfuehrung_studierende\/"]}]},{"@type":"BreadcrumbList","@id":"https:\/\/www.campus02.at\/unsere-hochschule\/hochschulleitung\/geschaeftsfuehrung\/digitalisierung-it-services\/it_einfuehrung_studierende\/#breadcrumb","itemListElement":[{"@type":"ListItem","position":1,"name":"Startseite","item":"https:\/\/www.campus02.at\/"},{"@type":"ListItem","position":2,"name":"Organisation","item":"https:\/\/www.campus02.at\/unsere-hochschule\/"},{"@type":"ListItem","position":3,"name":"Hochschulleitung","item":"https:\/\/www.campus02.at\/unsere-hochschule\/hochschulleitung\/"},{"@type":"ListItem","position":4,"name":"Gesch\u00e4ftsf\u00fchrung","item":"https:\/\/www.campus02.at\/?page_id=1468"},{"@type":"ListItem","position":5,"name":"Digitalisierung &amp; IT-Services","item":"https:\/\/www.campus02.at\/unsere-hochschule\/hochschulleitung\/geschaeftsfuehrung\/digitalisierung-it-services\/"},{"@type":"ListItem","position":6,"name":"Einf\u00fchrung f\u00fcr Studierende"}]},{"@type":"WebSite","@id":"https:\/\/www.campus02.at\/#website","url":"https:\/\/www.campus02.at\/","name":"CAMPUS 02 UAS","description":"","publisher":{"@id":"https:\/\/www.campus02.at\/#organization"},"potentialAction":[{"@type":"SearchAction","target":{"@type":"EntryPoint","urlTemplate":"https:\/\/www.campus02.at\/?s={search_term_string}"},"query-input":{"@type":"PropertyValueSpecification","valueRequired":true,"valueName":"search_term_string"}}],"inLanguage":"en-GB"},{"@type":"Organization","@id":"https:\/\/www.campus02.at\/#organization","name":"CAMPUS 02 UAS","url":"https:\/\/www.campus02.at\/","logo":{"@type":"ImageObject","inLanguage":"en-GB","@id":"https:\/\/www.campus02.at\/#\/schema\/logo\/image\/","url":"https:\/\/www.campus02.at\/wp-content\/uploads\/2016\/10\/Logo.jpg","contentUrl":"https:\/\/www.campus02.at\/wp-content\/uploads\/2016\/10\/Logo.jpg","width":1108,"height":440,"caption":"FH CAMPUS 02"},"image":{"@id":"https:\/\/www.campus02.at\/#\/schema\/logo\/image\/"}}]}},"_links":{"self":[{"href":"https:\/\/www.campus02.at\/en\/wp-json\/wp\/v2\/pages\/113493","targetHints":{"allow":["GET"]}}],"collection":[{"href":"https:\/\/www.campus02.at\/en\/wp-json\/wp\/v2\/pages"}],"about":[{"href":"https:\/\/www.campus02.at\/en\/wp-json\/wp\/v2\/types\/page"}],"author":[{"embeddable":true,"href":"https:\/\/www.campus02.at\/en\/wp-json\/wp\/v2\/users\/152"}],"replies":[{"embeddable":true,"href":"https:\/\/www.campus02.at\/en\/wp-json\/wp\/v2\/comments?post=113493"}],"version-history":[{"count":2,"href":"https:\/\/www.campus02.at\/en\/wp-json\/wp\/v2\/pages\/113493\/revisions"}],"predecessor-version":[{"id":113495,"href":"https:\/\/www.campus02.at\/en\/wp-json\/wp\/v2\/pages\/113493\/revisions\/113495"}],"up":[{"embeddable":true,"href":"https:\/\/www.campus02.at\/en\/wp-json\/wp\/v2\/pages\/1484"}],"wp:attachment":[{"href":"https:\/\/www.campus02.at\/en\/wp-json\/wp\/v2\/media?parent=113493"}],"wp:term":[{"taxonomy":"author","embeddable":true,"href":"https:\/\/www.campus02.at\/en\/wp-json\/wp\/v2\/coauthors?post=113493"}],"curies":[{"name":"wp","href":"https:\/\/api.w.org\/{rel}","templated":true}]}}