{"id":113124,"date":"2020-09-09T15:12:59","date_gmt":"2020-09-09T13:12:59","guid":{"rendered":"https:\/\/www.campus02.at\/?page_id=113124"},"modified":"2022-12-07T11:14:33","modified_gmt":"2022-12-07T10:14:33","slug":"akademische-weiterbildung","status":"publish","type":"page","link":"https:\/\/www.campus02.at\/en\/akademische-weiterbildung\/","title":{"rendered":"Vocational training"},"content":{"rendered":"<div class=\"flex-campus-main flex-campus-main-Text\"><h1><strong><small>LIFELONG LEARNING<\/small><\/strong><br \/>\n<strong>Vocational training<\/strong><\/h1>\n<p>N\u00fctzen Sie unser Angebot an akademischer Weiterbildung, um neue Perspektiven zu erschlie\u00dfen und Ihre Karriere voranzutreiben. Unabh\u00e4ngig davon, ob Sie eine Hochschulreife erlangt haben, ein Grundstudium absolviert haben oder \u00fcber mehrj\u00e4hrige Berufserfahrung verf\u00fcgen &#8211; unsere unterschiedlichen Angebote bieten in jedem Fall den richtigen Ankn\u00fcpfungspunkt f\u00fcr Ihren Karriere-Boost. Bew\u00e4hrte Qualit\u00e4t in Didaktik und Methodik, ausgereifte und abgestimmte Lehrinhalte und ein praxisnahes Team von Vortragenden wartet auf Sie. The future is now!<\/p>\n<\/div><div class=\"flex-campus-main flex-campus-main-Textbox\"><div class=\"alert bg-yellow\">\n        <h3><strong>Starte jetzt deinen Weg zum CERTIFIED INNOVATION EXPERT!<br \/>\n<\/strong><\/h3>\n<h4><\/h4>\n<h3><\/h3>\n    <p class=\"linkcollection-link\"><a class=\"\" href=\"https:\/\/www.campus02.at\/innovationsmanagement\/en\/inno-business-school\/\" target=\"_blank\"><i class=\"fa fa-external-link-square\"><\/i>CERTIFIED INNOVATION EXPERT<\/a><\/p><\/div><\/div><div class=\"flex-campus-main flex-campus-main-Textbox\"><div class=\"alert bg-grey\">\n        <p>Sind Sie als Unternehmen an einer Bildungskooperation mit der FH CAMPUS 02 interessiert? Oder haben Sie als bildungsinteressierte Person grunds\u00e4tzliche Fragen zur akademischen Weiterbildung? Wir freuen uns auf auf Ihre Kontaktaufnahme!<\/p>\n<p><i class=\"fa fa-arrow-circle-right\"><\/i> \u00a0\u00a0 \u00a0<a href=\"https:\/\/www.campus02.at\/en\/zaw\/\">Centre for Academic Development<\/a><\/p>\n<p><i class=\"fa fa-envelope\"><\/i>\u00a0 \u00a0\u00a0<a href=\"mailto:karin.madenberger@campus02.at\">Mag. Dr. Karin Madenberger, MSc<\/a><\/p>\n<p><i class=\"fa fa-phone-square\"><\/i>\u00a0 \u00a0\u00a0<a href=\"tel:+4331660028918\/en\/\">+43 316\/6002-8918<\/a><\/p>\n    <\/div><\/div>","protected":false},"excerpt":{"rendered":"<p>Lebenslanges Lernen Akademische Weiterbildung N\u00fctzen Sie unser Angebot an akademischer Weiterbildung, um neue Perspektiven zu <a href=\"https:\/\/www.campus02.at\/en\/akademische-weiterbildung\/\" class=\"more-link\">more&hellip;<\/a><\/p>","protected":false},"author":72,"featured_media":0,"parent":0,"menu_order":36,"comment_status":"closed","ping_status":"closed","template":"custom-academical.php","meta":{"_acf_changed":false,"footnotes":""},"coauthors":[667],"class_list":["post-113124","page","type-page","status-publish","hentry"],"acf":[],"yoast_head":"<!-- This site is optimized with the Yoast SEO plugin v26.9 - https:\/\/yoast.com\/product\/yoast-seo-wordpress\/ -->\n<title>Akademische Weiterbildung - FH CAMPUS 02<\/title>\n<meta name=\"robots\" content=\"index, follow, max-snippet:-1, max-image-preview:large, max-video-preview:-1\" \/>\n<link rel=\"canonical\" href=\"https:\/\/www.campus02.at\/en\/akademische-weiterbildung\/\" \/>\n<meta property=\"og:locale\" content=\"en_GB\" \/>\n<meta property=\"og:type\" content=\"article\" \/>\n<meta property=\"og:title\" content=\"Akademische Weiterbildung - FH CAMPUS 02\" \/>\n<meta property=\"og:description\" content=\"Lebenslanges Lernen Akademische Weiterbildung N\u00fctzen Sie unser Angebot an akademischer Weiterbildung, um neue Perspektiven zu more&hellip;\" \/>\n<meta property=\"og:url\" content=\"https:\/\/www.campus02.at\/en\/akademische-weiterbildung\/\" \/>\n<meta property=\"og:site_name\" content=\"FH CAMPUS 02\" \/>\n<meta property=\"article:modified_time\" content=\"2022-12-07T10:14:33+00:00\" \/>\n<meta property=\"og:image\" content=\"https:\/\/www.campus02.at\/wp-content\/uploads\/2015\/10\/T_LEI2980.jpg\" \/>\n\t<meta property=\"og:image:width\" content=\"1200\" \/>\n\t<meta property=\"og:image:height\" content=\"630\" \/>\n\t<meta property=\"og:image:type\" content=\"image\/jpeg\" \/>\n<meta name=\"twitter:card\" content=\"summary_large_image\" \/>\n<meta name=\"twitter:label1\" content=\"Written by\" \/>\n\t<meta name=\"twitter:data1\" content=\"Georg Perrogon\" \/>\n<script type=\"application\/ld+json\" class=\"yoast-schema-graph\">{\"@context\":\"https:\/\/schema.org\",\"@graph\":[{\"@type\":\"WebPage\",\"@id\":\"https:\/\/www.campus02.at\/akademische-weiterbildung\/\",\"url\":\"https:\/\/www.campus02.at\/akademische-weiterbildung\/\",\"name\":\"Akademische Weiterbildung - FH CAMPUS 02\",\"isPartOf\":{\"@id\":\"https:\/\/www.campus02.at\/#website\"},\"datePublished\":\"2020-09-09T13:12:59+00:00\",\"dateModified\":\"2022-12-07T10:14:33+00:00\",\"breadcrumb\":{\"@id\":\"https:\/\/www.campus02.at\/akademische-weiterbildung\/#breadcrumb\"},\"inLanguage\":\"en-GB\",\"potentialAction\":[{\"@type\":\"ReadAction\",\"target\":[\"https:\/\/www.campus02.at\/akademische-weiterbildung\/\"]}]},{\"@type\":\"BreadcrumbList\",\"@id\":\"https:\/\/www.campus02.at\/akademische-weiterbildung\/#breadcrumb\",\"itemListElement\":[{\"@type\":\"ListItem\",\"position\":1,\"name\":\"Startseite\",\"item\":\"https:\/\/www.campus02.at\/\"},{\"@type\":\"ListItem\",\"position\":2,\"name\":\"Akademische Weiterbildung\"}]},{\"@type\":\"WebSite\",\"@id\":\"https:\/\/www.campus02.at\/#website\",\"url\":\"https:\/\/www.campus02.at\/\",\"name\":\"FH CAMPUS 02\",\"description\":\"\",\"publisher\":{\"@id\":\"https:\/\/www.campus02.at\/#organization\"},\"potentialAction\":[{\"@type\":\"SearchAction\",\"target\":{\"@type\":\"EntryPoint\",\"urlTemplate\":\"https:\/\/www.campus02.at\/?s={search_term_string}\"},\"query-input\":{\"@type\":\"PropertyValueSpecification\",\"valueRequired\":true,\"valueName\":\"search_term_string\"}}],\"inLanguage\":\"en-GB\"},{\"@type\":\"Organization\",\"@id\":\"https:\/\/www.campus02.at\/#organization\",\"name\":\"FH CAMPUS 02\",\"url\":\"https:\/\/www.campus02.at\/\",\"logo\":{\"@type\":\"ImageObject\",\"inLanguage\":\"en-GB\",\"@id\":\"https:\/\/www.campus02.at\/#\/schema\/logo\/image\/\",\"url\":\"https:\/\/www.campus02.at\/wp-content\/uploads\/2016\/10\/Logo.jpg\",\"contentUrl\":\"https:\/\/www.campus02.at\/wp-content\/uploads\/2016\/10\/Logo.jpg\",\"width\":1108,\"height\":440,\"caption\":\"FH CAMPUS 02\"},\"image\":{\"@id\":\"https:\/\/www.campus02.at\/#\/schema\/logo\/image\/\"}}]}<\/script>\n<!-- \/ Yoast SEO plugin. -->","yoast_head_json":{"title":"Akademische Weiterbildung - FH CAMPUS 02","robots":{"index":"index","follow":"follow","max-snippet":"max-snippet:-1","max-image-preview":"max-image-preview:large","max-video-preview":"max-video-preview:-1"},"canonical":"https:\/\/www.campus02.at\/en\/akademische-weiterbildung\/","og_locale":"en_GB","og_type":"article","og_title":"Akademische Weiterbildung - FH CAMPUS 02","og_description":"Lebenslanges Lernen Akademische Weiterbildung N\u00fctzen Sie unser Angebot an akademischer Weiterbildung, um neue Perspektiven zu more&hellip;","og_url":"https:\/\/www.campus02.at\/en\/akademische-weiterbildung\/","og_site_name":"FH CAMPUS 02","article_modified_time":"2022-12-07T10:14:33+00:00","og_image":[{"width":1200,"height":630,"url":"https:\/\/www.campus02.at\/wp-content\/uploads\/2015\/10\/T_LEI2980.jpg","type":"image\/jpeg"}],"twitter_card":"summary_large_image","twitter_misc":{"Written by":"Georg Perrogon"},"schema":{"@context":"https:\/\/schema.org","@graph":[{"@type":"WebPage","@id":"https:\/\/www.campus02.at\/akademische-weiterbildung\/","url":"https:\/\/www.campus02.at\/akademische-weiterbildung\/","name":"Akademische Weiterbildung - FH CAMPUS 02","isPartOf":{"@id":"https:\/\/www.campus02.at\/#website"},"datePublished":"2020-09-09T13:12:59+00:00","dateModified":"2022-12-07T10:14:33+00:00","breadcrumb":{"@id":"https:\/\/www.campus02.at\/akademische-weiterbildung\/#breadcrumb"},"inLanguage":"en-GB","potentialAction":[{"@type":"ReadAction","target":["https:\/\/www.campus02.at\/akademische-weiterbildung\/"]}]},{"@type":"BreadcrumbList","@id":"https:\/\/www.campus02.at\/akademische-weiterbildung\/#breadcrumb","itemListElement":[{"@type":"ListItem","position":1,"name":"Startseite","item":"https:\/\/www.campus02.at\/"},{"@type":"ListItem","position":2,"name":"Akademische Weiterbildung"}]},{"@type":"WebSite","@id":"https:\/\/www.campus02.at\/#website","url":"https:\/\/www.campus02.at\/","name":"CAMPUS 02 UAS","description":"","publisher":{"@id":"https:\/\/www.campus02.at\/#organization"},"potentialAction":[{"@type":"SearchAction","target":{"@type":"EntryPoint","urlTemplate":"https:\/\/www.campus02.at\/?s={search_term_string}"},"query-input":{"@type":"PropertyValueSpecification","valueRequired":true,"valueName":"search_term_string"}}],"inLanguage":"en-GB"},{"@type":"Organization","@id":"https:\/\/www.campus02.at\/#organization","name":"CAMPUS 02 UAS","url":"https:\/\/www.campus02.at\/","logo":{"@type":"ImageObject","inLanguage":"en-GB","@id":"https:\/\/www.campus02.at\/#\/schema\/logo\/image\/","url":"https:\/\/www.campus02.at\/wp-content\/uploads\/2016\/10\/Logo.jpg","contentUrl":"https:\/\/www.campus02.at\/wp-content\/uploads\/2016\/10\/Logo.jpg","width":1108,"height":440,"caption":"FH CAMPUS 02"},"image":{"@id":"https:\/\/www.campus02.at\/#\/schema\/logo\/image\/"}}]}},"_links":{"self":[{"href":"https:\/\/www.campus02.at\/en\/wp-json\/wp\/v2\/pages\/113124","targetHints":{"allow":["GET"]}}],"collection":[{"href":"https:\/\/www.campus02.at\/en\/wp-json\/wp\/v2\/pages"}],"about":[{"href":"https:\/\/www.campus02.at\/en\/wp-json\/wp\/v2\/types\/page"}],"author":[{"embeddable":true,"href":"https:\/\/www.campus02.at\/en\/wp-json\/wp\/v2\/users\/72"}],"replies":[{"embeddable":true,"href":"https:\/\/www.campus02.at\/en\/wp-json\/wp\/v2\/comments?post=113124"}],"version-history":[{"count":10,"href":"https:\/\/www.campus02.at\/en\/wp-json\/wp\/v2\/pages\/113124\/revisions"}],"predecessor-version":[{"id":149706,"href":"https:\/\/www.campus02.at\/en\/wp-json\/wp\/v2\/pages\/113124\/revisions\/149706"}],"wp:attachment":[{"href":"https:\/\/www.campus02.at\/en\/wp-json\/wp\/v2\/media?parent=113124"}],"wp:term":[{"taxonomy":"author","embeddable":true,"href":"https:\/\/www.campus02.at\/en\/wp-json\/wp\/v2\/coauthors?post=113124"}],"curies":[{"name":"wp","href":"https:\/\/api.w.org\/{rel}","templated":true}]}}