{"id":111904,"date":"2020-04-16T11:59:47","date_gmt":"2020-04-16T09:59:47","guid":{"rendered":"https:\/\/www.campus02.at\/?page_id=111904"},"modified":"2025-01-03T13:56:27","modified_gmt":"2025-01-03T12:56:27","slug":"datenschutzerklaerung-fuer-zoom","status":"publish","type":"page","link":"https:\/\/www.campus02.at\/en\/startseite\/datenschutz\/datenschutzerklaerung-fuer-zoom\/","title":{"rendered":"Privacy statement  for Zoom"},"content":{"rendered":"<div data-elementor-type=\"wp-page\" data-elementor-id=\"111904\" class=\"elementor elementor-111904\" data-elementor-post-type=\"page\">\n\t\t\t\t<div class=\"elementor-element elementor-element-4f3aada4 e-con-full e-flex e-con e-parent\" data-id=\"4f3aada4\" data-element_type=\"container\">\n\t\t\t\t<div class=\"elementor-element elementor-element-7bfdfea8 elementor-widget elementor-widget-image\" data-id=\"7bfdfea8\" data-element_type=\"widget\" data-widget_type=\"image.default\">\n\t\t\t\t<div class=\"elementor-widget-container\">\n\t\t\t\t\t\t\t\t\t\t\t\t\t<img fetchpriority=\"high\" decoding=\"async\" width=\"1920\" height=\"400\" src=\"https:\/\/www.campus02.at\/wp-content\/uploads\/2016\/10\/LEI5782_Header-1920x400.jpg\" class=\"attachment-campus_large_hd size-campus_large_hd wp-image-7964\" alt=\"Geb\u00e4ude der FH Campus 02\" srcset=\"https:\/\/www.campus02.at\/wp-content\/uploads\/2016\/10\/LEI5782_Header-1920x400.jpg 1920w, https:\/\/www.campus02.at\/wp-content\/uploads\/2016\/10\/LEI5782_Header-300x62.jpg 300w, https:\/\/www.campus02.at\/wp-content\/uploads\/2016\/10\/LEI5782_Header-1024x213.jpg 1024w\" sizes=\"(max-width: 1920px) 100vw, 1920px\" \/>\t\t\t\t\t\t\t\t\t\t\t\t\t<\/div>\n\t\t\t\t<\/div>\n\t\t\t\t<\/div>\n\t\t<div class=\"elementor-element elementor-element-702dbc1a e-flex e-con-boxed e-con e-parent\" data-id=\"702dbc1a\" data-element_type=\"container\">\n\t\t\t\t\t<div class=\"e-con-inner\">\n\t\t<div class=\"elementor-element elementor-element-3ac51e55 e-con-full e-flex e-con e-child\" data-id=\"3ac51e55\" data-element_type=\"container\">\n\t\t<div class=\"elementor-element elementor-element-306431bb e-con-full e-flex e-con e-child\" data-id=\"306431bb\" data-element_type=\"container\">\n\t\t\t\t<div class=\"elementor-element elementor-element-37b893db elementor-widget elementor-widget-heading\" data-id=\"37b893db\" data-element_type=\"widget\" data-widget_type=\"heading.default\">\n\t\t\t\t<div class=\"elementor-widget-container\">\n\t\t\t<div class=\"elementor-heading-title elementor-size-default\">Privacy Statement<\/div>\t\t<\/div>\n\t\t\t\t<\/div>\n\t\t\t\t<div class=\"elementor-element elementor-element-7a6ab173 elementor-widget elementor-widget-heading\" data-id=\"7a6ab173\" data-element_type=\"widget\" data-widget_type=\"heading.default\">\n\t\t\t\t<div class=\"elementor-widget-container\">\n\t\t\t<h1 class=\"elementor-heading-title elementor-size-default\">Zoom<\/h1>\t\t<\/div>\n\t\t\t\t<\/div>\n\t\t\t\t<\/div>\n\t\t\t\t<\/div>\n\t\t<div class=\"elementor-element elementor-element-2fd7ab7d e-con-full e-flex e-con e-child\" data-id=\"2fd7ab7d\" data-element_type=\"container\">\n\t\t\t\t<div class=\"elementor-element elementor-element-4dfdc3bc elementor-widget elementor-widget-text-editor\" data-id=\"4dfdc3bc\" data-element_type=\"widget\" data-widget_type=\"text-editor.default\">\n\t\t\t\t<div class=\"elementor-widget-container\">\n\t\t\t\t\t\t\tProtecting your data is of utmost importance to us. Our privacy statements for different groups of data subjects offer a brief overview of the personal data we collect and what it is used for.\t\t\t\t\t\t<\/div>\n\t\t\t\t<\/div>\n\t\t\t\t<div class=\"elementor-element elementor-element-5c409b38 elementor-widget elementor-widget-n-accordion\" data-id=\"5c409b38\" data-element_type=\"widget\" data-settings=\"{&quot;default_state&quot;:&quot;all_collapsed&quot;,&quot;max_items_expended&quot;:&quot;one&quot;,&quot;n_accordion_animation_duration&quot;:{&quot;unit&quot;:&quot;ms&quot;,&quot;size&quot;:400,&quot;sizes&quot;:[]}}\" data-widget_type=\"nested-accordion.default\">\n\t\t\t\t<div class=\"elementor-widget-container\">\n\t\t\t\t\t<div class=\"e-n-accordion\" aria-label=\"Accordion. Open links with Enter or Space, close with Escape, and navigate with Arrow Keys\">\n\t\t\t\t\t\t<details id=\"e-n-accordion-item-1540\" class=\"e-n-accordion-item\" >\n\t\t\t\t<summary class=\"e-n-accordion-item-title\" data-accordion-index=\"1\" tabindex=\"0\" aria-expanded=\"false\" aria-controls=\"e-n-accordion-item-1540\" >\n\t\t\t\t\t<span class='e-n-accordion-item-title-header'><div class=\"e-n-accordion-item-title-text\"> Data collection, purpose and legal grounds <\/div><\/span>\n\t\t\t\t\t\t\t<span class='e-n-accordion-item-title-icon'>\n\t\t\t<span class='e-opened' ><i aria-hidden=\"true\" class=\"fas fa-minus\"><\/i><\/span>\n\t\t\t<span class='e-closed'><i aria-hidden=\"true\" class=\"fas fa-plus\"><\/i><\/span>\n\t\t<\/span>\n\n\t\t\t\t\t\t<\/summary>\n\t\t\t\t<div role=\"region\" aria-labelledby=\"e-n-accordion-item-1540\" class=\"elementor-element elementor-element-2adf6d13 e-flex e-con-boxed e-con e-child\" data-id=\"2adf6d13\" data-element_type=\"container\">\n\t\t\t\t\t<div class=\"e-con-inner\">\n\t\t\t\t<div class=\"elementor-element elementor-element-73951d20 elementor-widget elementor-widget-text-editor\" data-id=\"73951d20\" data-element_type=\"widget\" data-widget_type=\"text-editor.default\">\n\t\t\t\t<div class=\"elementor-widget-container\">\n\t\t\t\t\t\t\t<p>We, CAMPUS 02 University of Applied Sciences (abbr. CAMPUS 02 UAS), K\u00f6rblergasse 126, 8010 Graz, Austria, use the \u201cZoom\u201d tool to facilitate communication via telephone conferences, online meetings and video conferences.<\/p><p>When using the \u201cZoom\u201d tool, personal data is processed:<\/p><p><strong>User details:<\/strong> at least one specified name, if necessary also first name, surname, e-mail, password, profile picture (optional), telephone (optional), department (optional).<\/p><p><strong>Metadata of meeting:<\/strong> IP addresses of participants, device and hardware information, topic, description (optional).<\/p><p><strong>Text, audio and video data:<\/strong> Text entries when using the chat, question or survey function, microphone and camera data of your device during the meeting in the course of audio and video playback.<\/p><p><strong>When dialling in by telephone:<\/strong> Incoming and outgoing telephone number, country name, start and end time, IP address, registered service address, host name, host e-mail, MAC address.<\/p><p>The processing of this data is based either on the fulfilment of a pre-contractual or contractual legal relationship in accordance with Art. 6 Para. 1 letter b EU General Data Protection Regulation (GDPR) and is carried out for the purpose of fulfilling the study contract and running the degree programmes or fulfilling the contract of employment, or on the basis of CAMPUS 02\u2019s justified interest in the efficient conduct of online conferences in accordance with Art. 6 Para. 1 letter f GDPR.<\/p>\t\t\t\t\t\t<\/div>\n\t\t\t\t<\/div>\n\t\t\t\t\t<\/div>\n\t\t\t\t<\/div>\n\t\t\t\t\t<\/details>\n\t\t\t\t\t\t<details id=\"e-n-accordion-item-1541\" class=\"e-n-accordion-item\" >\n\t\t\t\t<summary class=\"e-n-accordion-item-title\" data-accordion-index=\"2\" tabindex=\"-1\" aria-expanded=\"false\" aria-controls=\"e-n-accordion-item-1541\" >\n\t\t\t\t\t<span class='e-n-accordion-item-title-header'><div class=\"e-n-accordion-item-title-text\"> Data erasure <\/div><\/span>\n\t\t\t\t\t\t\t<span class='e-n-accordion-item-title-icon'>\n\t\t\t<span class='e-opened' ><i aria-hidden=\"true\" class=\"fas fa-minus\"><\/i><\/span>\n\t\t\t<span class='e-closed'><i aria-hidden=\"true\" class=\"fas fa-plus\"><\/i><\/span>\n\t\t<\/span>\n\n\t\t\t\t\t\t<\/summary>\n\t\t\t\t<div role=\"region\" aria-labelledby=\"e-n-accordion-item-1541\" class=\"elementor-element elementor-element-10c4aa47 e-flex e-con-boxed e-con e-child\" data-id=\"10c4aa47\" data-element_type=\"container\">\n\t\t\t\t\t<div class=\"e-con-inner\">\n\t\t\t\t<div class=\"elementor-element elementor-element-424d6982 elementor-widget elementor-widget-text-editor\" data-id=\"424d6982\" data-element_type=\"widget\" data-widget_type=\"text-editor.default\">\n\t\t\t\t<div class=\"elementor-widget-container\">\n\t\t\t\t\t\t\t<p>Any data stored by us will be deleted in accordance with internal regulations (see respective privacy statements).<\/p><p>\u201cZoom\u201d stores personal data as long as it is necessary for the purpose of providing its services and deletes them at the latest at the end of the existing contract, unless a longer retention period is required by law. You can delete your own content yourself.<\/p><p>Further information on data erasure can be found in Zoom\u2019s privacy statement (<a href=\"https:\/\/zoom.us\/de-de\/privacy.html\"><span style=\"text-decoration: underline;\">https:\/\/zoom.us\/de-de\/privacy.html<\/span><\/a>).<\/p>\t\t\t\t\t\t<\/div>\n\t\t\t\t<\/div>\n\t\t\t\t\t<\/div>\n\t\t\t\t<\/div>\n\t\t\t\t\t<\/details>\n\t\t\t\t\t\t<details id=\"e-n-accordion-item-1542\" class=\"e-n-accordion-item\" >\n\t\t\t\t<summary class=\"e-n-accordion-item-title\" data-accordion-index=\"3\" tabindex=\"-1\" aria-expanded=\"false\" aria-controls=\"e-n-accordion-item-1542\" >\n\t\t\t\t\t<span class='e-n-accordion-item-title-header'><div class=\"e-n-accordion-item-title-text\"> Recipients of data transfers <\/div><\/span>\n\t\t\t\t\t\t\t<span class='e-n-accordion-item-title-icon'>\n\t\t\t<span class='e-opened' ><i aria-hidden=\"true\" class=\"fas fa-minus\"><\/i><\/span>\n\t\t\t<span class='e-closed'><i aria-hidden=\"true\" class=\"fas fa-plus\"><\/i><\/span>\n\t\t<\/span>\n\n\t\t\t\t\t\t<\/summary>\n\t\t\t\t<div role=\"region\" aria-labelledby=\"e-n-accordion-item-1542\" class=\"elementor-element elementor-element-15764554 e-flex e-con-boxed e-con e-child\" data-id=\"15764554\" data-element_type=\"container\">\n\t\t\t\t\t<div class=\"e-con-inner\">\n\t\t\t\t<div class=\"elementor-element elementor-element-9f1be64 elementor-widget elementor-widget-text-editor\" data-id=\"9f1be64\" data-element_type=\"widget\" data-widget_type=\"text-editor.default\">\n\t\t\t\t<div class=\"elementor-widget-container\">\n\t\t\t\t\t\t\t<p>Zoom Video Communications, Inc. is located in the USA. Personal data is therefore also processed in a third country. On 10 July 2023, the European Commission adopted an adequacy decision on the Data Privacy Framework (data protection agreement between the EU and the USA). If providers in the USA certify themselves in accordance with these data protection requirements (which, among other things, restrict access to data by US authorities and provide legal protection for EU citizens), an adequate level of data protection is generally guaranteed for data transfers. You can check which providers are included in the list here: <a href=\"https:\/\/www.dataprivacyframework.gov\/s\/participant-search\"><span style=\"text-decoration: underline;\">https:\/\/www.dataprivacyframework.gov\/s\/participant-search<\/span><\/a><\/p><p>Zoom has undergone this self-certification. The data transfer can therefore be based on the adequacy decision on the Data Privacy Framework as a valid legal basis for data transfers to the USA. Further information on data processing can be found in Zoom's privacy policy (<a href=\"https:\/\/zoom.us\/de-de\/privacy.html\"><span style=\"text-decoration: underline;\">https:\/\/zoom.us\/de-de\/privacy.html<\/span><\/a>).<\/p>\t\t\t\t\t\t<\/div>\n\t\t\t\t<\/div>\n\t\t\t\t\t<\/div>\n\t\t\t\t<\/div>\n\t\t\t\t\t<\/details>\n\t\t\t\t\t<\/div>\n\t\t\t\t<\/div>\n\t\t\t\t<\/div>\n\t\t\t\t<div class=\"elementor-element elementor-element-1e45a2c elementor-widget elementor-widget-text-editor\" data-id=\"1e45a2c\" data-element_type=\"widget\" data-widget_type=\"text-editor.default\">\n\t\t\t\t<div class=\"elementor-widget-container\">\n\t\t\t\t\t\t\t<p>Please note that we will update this privacy statement from time to time (e.g. due to law amendments, usage of new technology, new study opportunities). We recommend that you regularly check it for updates.<\/p>\t\t\t\t\t\t<\/div>\n\t\t\t\t<\/div>\n\t\t<div class=\"elementor-element elementor-element-7e5049cd e-con-full e-flex e-con e-child\" data-id=\"7e5049cd\" data-element_type=\"container\" data-settings=\"{&quot;background_background&quot;:&quot;classic&quot;}\">\n\t\t\t\t<div class=\"elementor-element elementor-element-3cdd2fe8 elementor-widget elementor-widget-text-editor\" data-id=\"3cdd2fe8\" data-element_type=\"widget\" data-widget_type=\"text-editor.default\">\n\t\t\t\t<div class=\"elementor-widget-container\">\n\t\t\t\t\t\t\t<p>In general, you have right of access, the right to rectification, to erasure, to restrict, to data portability, to withdraw and to object.<br \/><strong>If you do, please contact us \u2014 we will be happy to help.<\/strong><\/p>\t\t\t\t\t\t<\/div>\n\t\t\t\t<\/div>\n\t\t\t\t<\/div>\n\t\t<div class=\"elementor-element elementor-element-51f45d18 e-con-full e-flex e-con e-child\" data-id=\"51f45d18\" data-element_type=\"container\" data-settings=\"{&quot;background_background&quot;:&quot;classic&quot;}\">\n\t\t<div class=\"elementor-element elementor-element-a12f820 e-grid e-con-full e-con e-child\" data-id=\"a12f820\" data-element_type=\"container\">\n\t\t\t\t<div class=\"elementor-element elementor-element-74e9325f elementor-widget elementor-widget-text-editor\" data-id=\"74e9325f\" data-element_type=\"widget\" data-widget_type=\"text-editor.default\">\n\t\t\t\t<div class=\"elementor-widget-container\">\n\t\t\t\t\t\t\t<p class=\"translation-block\"><strong>Data Protection Coordination Team<br>at CAMPUS 02 UAS<\/strong><\/p><p>CAMPUS 02 - University of Applied Sciences<br \/>K\u00f6rblergasse 126, 8010 Graz<br \/>+43 316 6002-8909<br \/><a href=\"mailto:datenschutz@campus02.at\"><span style=\"text-decoration: underline;\">datenschutz@campus02.at<\/span><\/a><\/p>\t\t\t\t\t\t<\/div>\n\t\t\t\t<\/div>\n\t\t\t\t<div class=\"elementor-element elementor-element-5bd243e8 elementor-widget elementor-widget-text-editor\" data-id=\"5bd243e8\" data-element_type=\"widget\" data-widget_type=\"text-editor.default\">\n\t\t\t\t<div class=\"elementor-widget-container\">\n\t\t\t\t\t\t\t<p class=\"translation-block\"><strong>Data Protection Officer<\/strong><br><strong>at CAMPUS 02 UAS<\/strong><\/p><p><a href=\"mailto:dsb@campus02.at\"><span style=\"text-decoration: underline;\">dsb@campus02.at<\/span><\/a><\/p>\t\t\t\t\t\t<\/div>\n\t\t\t\t<\/div>\n\t\t\t\t<\/div>\n\t\t\t\t<div class=\"elementor-element elementor-element-7c166087 elementor-widget elementor-widget-text-editor\" data-id=\"7c166087\" data-element_type=\"widget\" data-widget_type=\"text-editor.default\">\n\t\t\t\t<div class=\"elementor-widget-container\">\n\t\t\t\t\t\t\t<p class=\"translation-block\">If you believe that processing your data violates data protection laws or that your data protection rights have been infringed in some other way, you can also file a complaint with the supervisory authority. In Austria, the competent supervisory authority is the Austrian Data Protection Authority in Barichgasse 40-42, 1030 Vienna, telephone no.:+43 1 52 152-0, e-mail <span style=\"text-decoration: underline\"><a href=\"mailto:dsb@dsb.gv.at\" target=\"_blank\">dsb@dsb.gv.at<\/a><\/span>.<\/p>\t\t\t\t\t\t<\/div>\n\t\t\t\t<\/div>\n\t\t\t\t<\/div>\n\t\t\t\t<\/div>\n\t\t\t\t\t<\/div>\n\t\t\t\t<\/div>\n\t\t\t\t<\/div>","protected":false},"excerpt":{"rendered":"<p>Datenschutzerkl\u00e4rung Zoom Der Schutz Ihrer personenbezogenen Daten ist uns ein besonderes Anliegen. Hier k\u00f6nnen Sie sich <a href=\"https:\/\/www.campus02.at\/en\/startseite\/datenschutz\/datenschutzerklaerung-fuer-zoom\/\" class=\"more-link\">more&hellip;<\/a><\/p>","protected":false},"author":78,"featured_media":0,"parent":100911,"menu_order":4,"comment_status":"closed","ping_status":"closed","template":"elementor_header_footer","meta":{"_acf_changed":false,"footnotes":""},"coauthors":[677,1141],"class_list":["post-111904","page","type-page","status-publish","hentry"],"acf":[],"yoast_head":"<!-- This site is optimized with the Yoast SEO plugin v26.9 - https:\/\/yoast.com\/product\/yoast-seo-wordpress\/ -->\n<title>Datenschutzerkl\u00e4rung f\u00fcr Zoom - FH CAMPUS 02<\/title>\n<meta name=\"robots\" content=\"index, follow, max-snippet:-1, max-image-preview:large, max-video-preview:-1\" \/>\n<link rel=\"canonical\" href=\"https:\/\/www.campus02.at\/en\/startseite\/datenschutz\/datenschutzerklaerung-fuer-zoom\/\" \/>\n<meta property=\"og:locale\" content=\"en_GB\" \/>\n<meta property=\"og:type\" content=\"article\" \/>\n<meta property=\"og:title\" content=\"Datenschutzerkl\u00e4rung f\u00fcr Zoom - FH CAMPUS 02\" \/>\n<meta property=\"og:description\" content=\"Datenschutzerkl\u00e4rung Zoom Der Schutz Ihrer personenbezogenen Daten ist uns ein besonderes Anliegen. Hier k\u00f6nnen Sie sich more&hellip;\" \/>\n<meta property=\"og:url\" content=\"https:\/\/www.campus02.at\/en\/startseite\/datenschutz\/datenschutzerklaerung-fuer-zoom\/\" \/>\n<meta property=\"og:site_name\" content=\"FH CAMPUS 02\" \/>\n<meta property=\"article:modified_time\" content=\"2025-01-03T12:56:27+00:00\" \/>\n<meta property=\"og:image\" content=\"https:\/\/www.campus02.at\/wp-content\/uploads\/2016\/10\/LEI5782_Header-1920x400.jpg\" \/>\n<meta name=\"twitter:card\" content=\"summary_large_image\" \/>\n<meta name=\"twitter:label1\" content=\"Estimated reading time\" \/>\n\t<meta name=\"twitter:data1\" content=\"6 minutes\" \/>\n\t<meta name=\"twitter:label2\" content=\"Written by\" \/>\n\t<meta name=\"twitter:data2\" content=\"G\u00f6dl Lisa, Ziegerhofer Theresa\" \/>\n<script type=\"application\/ld+json\" class=\"yoast-schema-graph\">{\"@context\":\"https:\/\/schema.org\",\"@graph\":[{\"@type\":\"WebPage\",\"@id\":\"https:\/\/www.campus02.at\/startseite\/datenschutz\/datenschutzerklaerung-fuer-zoom\/\",\"url\":\"https:\/\/www.campus02.at\/startseite\/datenschutz\/datenschutzerklaerung-fuer-zoom\/\",\"name\":\"Datenschutzerkl\u00e4rung f\u00fcr Zoom - FH CAMPUS 02\",\"isPartOf\":{\"@id\":\"https:\/\/www.campus02.at\/#website\"},\"primaryImageOfPage\":{\"@id\":\"https:\/\/www.campus02.at\/startseite\/datenschutz\/datenschutzerklaerung-fuer-zoom\/#primaryimage\"},\"image\":{\"@id\":\"https:\/\/www.campus02.at\/startseite\/datenschutz\/datenschutzerklaerung-fuer-zoom\/#primaryimage\"},\"thumbnailUrl\":\"https:\/\/www.campus02.at\/wp-content\/uploads\/2016\/10\/LEI5782_Header-1920x400.jpg\",\"datePublished\":\"2020-04-16T09:59:47+00:00\",\"dateModified\":\"2025-01-03T12:56:27+00:00\",\"breadcrumb\":{\"@id\":\"https:\/\/www.campus02.at\/startseite\/datenschutz\/datenschutzerklaerung-fuer-zoom\/#breadcrumb\"},\"inLanguage\":\"en-GB\",\"potentialAction\":[{\"@type\":\"ReadAction\",\"target\":[\"https:\/\/www.campus02.at\/startseite\/datenschutz\/datenschutzerklaerung-fuer-zoom\/\"]}]},{\"@type\":\"ImageObject\",\"inLanguage\":\"en-GB\",\"@id\":\"https:\/\/www.campus02.at\/startseite\/datenschutz\/datenschutzerklaerung-fuer-zoom\/#primaryimage\",\"url\":\"https:\/\/www.campus02.at\/wp-content\/uploads\/2016\/10\/LEI5782_Header-1920x400.jpg\",\"contentUrl\":\"https:\/\/www.campus02.at\/wp-content\/uploads\/2016\/10\/LEI5782_Header-1920x400.jpg\"},{\"@type\":\"BreadcrumbList\",\"@id\":\"https:\/\/www.campus02.at\/startseite\/datenschutz\/datenschutzerklaerung-fuer-zoom\/#breadcrumb\",\"itemListElement\":[{\"@type\":\"ListItem\",\"position\":1,\"name\":\"Startseite\",\"item\":\"https:\/\/www.campus02.at\/\"},{\"@type\":\"ListItem\",\"position\":2,\"name\":\"Startseite\",\"item\":\"https:\/\/www.campus02.at\/\"},{\"@type\":\"ListItem\",\"position\":3,\"name\":\"Datenschutz\",\"item\":\"https:\/\/www.campus02.at\/startseite\/datenschutz\/\"},{\"@type\":\"ListItem\",\"position\":4,\"name\":\"Datenschutzerkl\u00e4rung f\u00fcr Zoom\"}]},{\"@type\":\"WebSite\",\"@id\":\"https:\/\/www.campus02.at\/#website\",\"url\":\"https:\/\/www.campus02.at\/\",\"name\":\"FH CAMPUS 02\",\"description\":\"\",\"publisher\":{\"@id\":\"https:\/\/www.campus02.at\/#organization\"},\"potentialAction\":[{\"@type\":\"SearchAction\",\"target\":{\"@type\":\"EntryPoint\",\"urlTemplate\":\"https:\/\/www.campus02.at\/?s={search_term_string}\"},\"query-input\":{\"@type\":\"PropertyValueSpecification\",\"valueRequired\":true,\"valueName\":\"search_term_string\"}}],\"inLanguage\":\"en-GB\"},{\"@type\":\"Organization\",\"@id\":\"https:\/\/www.campus02.at\/#organization\",\"name\":\"FH CAMPUS 02\",\"url\":\"https:\/\/www.campus02.at\/\",\"logo\":{\"@type\":\"ImageObject\",\"inLanguage\":\"en-GB\",\"@id\":\"https:\/\/www.campus02.at\/#\/schema\/logo\/image\/\",\"url\":\"https:\/\/www.campus02.at\/wp-content\/uploads\/2016\/10\/Logo.jpg\",\"contentUrl\":\"https:\/\/www.campus02.at\/wp-content\/uploads\/2016\/10\/Logo.jpg\",\"width\":1108,\"height\":440,\"caption\":\"FH CAMPUS 02\"},\"image\":{\"@id\":\"https:\/\/www.campus02.at\/#\/schema\/logo\/image\/\"}}]}<\/script>\n<!-- \/ Yoast SEO plugin. -->","yoast_head_json":{"title":"Datenschutzerkl\u00e4rung f\u00fcr Zoom - FH CAMPUS 02","robots":{"index":"index","follow":"follow","max-snippet":"max-snippet:-1","max-image-preview":"max-image-preview:large","max-video-preview":"max-video-preview:-1"},"canonical":"https:\/\/www.campus02.at\/en\/startseite\/datenschutz\/datenschutzerklaerung-fuer-zoom\/","og_locale":"en_GB","og_type":"article","og_title":"Datenschutzerkl\u00e4rung f\u00fcr Zoom - FH CAMPUS 02","og_description":"Datenschutzerkl\u00e4rung Zoom Der Schutz Ihrer personenbezogenen Daten ist uns ein besonderes Anliegen. Hier k\u00f6nnen Sie sich more&hellip;","og_url":"https:\/\/www.campus02.at\/en\/startseite\/datenschutz\/datenschutzerklaerung-fuer-zoom\/","og_site_name":"FH CAMPUS 02","article_modified_time":"2025-01-03T12:56:27+00:00","og_image":[{"url":"https:\/\/www.campus02.at\/wp-content\/uploads\/2016\/10\/LEI5782_Header-1920x400.jpg","type":"","width":"","height":""}],"twitter_card":"summary_large_image","twitter_misc":{"Estimated reading time":"6 minutes","Written by":"G\u00f6dl Lisa, Ziegerhofer Theresa"},"schema":{"@context":"https:\/\/schema.org","@graph":[{"@type":"WebPage","@id":"https:\/\/www.campus02.at\/startseite\/datenschutz\/datenschutzerklaerung-fuer-zoom\/","url":"https:\/\/www.campus02.at\/startseite\/datenschutz\/datenschutzerklaerung-fuer-zoom\/","name":"Datenschutzerkl\u00e4rung f\u00fcr Zoom - FH CAMPUS 02","isPartOf":{"@id":"https:\/\/www.campus02.at\/#website"},"primaryImageOfPage":{"@id":"https:\/\/www.campus02.at\/startseite\/datenschutz\/datenschutzerklaerung-fuer-zoom\/#primaryimage"},"image":{"@id":"https:\/\/www.campus02.at\/startseite\/datenschutz\/datenschutzerklaerung-fuer-zoom\/#primaryimage"},"thumbnailUrl":"https:\/\/www.campus02.at\/wp-content\/uploads\/2016\/10\/LEI5782_Header-1920x400.jpg","datePublished":"2020-04-16T09:59:47+00:00","dateModified":"2025-01-03T12:56:27+00:00","breadcrumb":{"@id":"https:\/\/www.campus02.at\/startseite\/datenschutz\/datenschutzerklaerung-fuer-zoom\/#breadcrumb"},"inLanguage":"en-GB","potentialAction":[{"@type":"ReadAction","target":["https:\/\/www.campus02.at\/startseite\/datenschutz\/datenschutzerklaerung-fuer-zoom\/"]}]},{"@type":"ImageObject","inLanguage":"en-GB","@id":"https:\/\/www.campus02.at\/startseite\/datenschutz\/datenschutzerklaerung-fuer-zoom\/#primaryimage","url":"https:\/\/www.campus02.at\/wp-content\/uploads\/2016\/10\/LEI5782_Header-1920x400.jpg","contentUrl":"https:\/\/www.campus02.at\/wp-content\/uploads\/2016\/10\/LEI5782_Header-1920x400.jpg"},{"@type":"BreadcrumbList","@id":"https:\/\/www.campus02.at\/startseite\/datenschutz\/datenschutzerklaerung-fuer-zoom\/#breadcrumb","itemListElement":[{"@type":"ListItem","position":1,"name":"Startseite","item":"https:\/\/www.campus02.at\/"},{"@type":"ListItem","position":2,"name":"Startseite","item":"https:\/\/www.campus02.at\/"},{"@type":"ListItem","position":3,"name":"Datenschutz","item":"https:\/\/www.campus02.at\/startseite\/datenschutz\/"},{"@type":"ListItem","position":4,"name":"Datenschutzerkl\u00e4rung f\u00fcr Zoom"}]},{"@type":"WebSite","@id":"https:\/\/www.campus02.at\/#website","url":"https:\/\/www.campus02.at\/","name":"CAMPUS 02 UAS","description":"","publisher":{"@id":"https:\/\/www.campus02.at\/#organization"},"potentialAction":[{"@type":"SearchAction","target":{"@type":"EntryPoint","urlTemplate":"https:\/\/www.campus02.at\/?s={search_term_string}"},"query-input":{"@type":"PropertyValueSpecification","valueRequired":true,"valueName":"search_term_string"}}],"inLanguage":"en-GB"},{"@type":"Organization","@id":"https:\/\/www.campus02.at\/#organization","name":"CAMPUS 02 UAS","url":"https:\/\/www.campus02.at\/","logo":{"@type":"ImageObject","inLanguage":"en-GB","@id":"https:\/\/www.campus02.at\/#\/schema\/logo\/image\/","url":"https:\/\/www.campus02.at\/wp-content\/uploads\/2016\/10\/Logo.jpg","contentUrl":"https:\/\/www.campus02.at\/wp-content\/uploads\/2016\/10\/Logo.jpg","width":1108,"height":440,"caption":"FH CAMPUS 02"},"image":{"@id":"https:\/\/www.campus02.at\/#\/schema\/logo\/image\/"}}]}},"_links":{"self":[{"href":"https:\/\/www.campus02.at\/en\/wp-json\/wp\/v2\/pages\/111904","targetHints":{"allow":["GET"]}}],"collection":[{"href":"https:\/\/www.campus02.at\/en\/wp-json\/wp\/v2\/pages"}],"about":[{"href":"https:\/\/www.campus02.at\/en\/wp-json\/wp\/v2\/types\/page"}],"author":[{"embeddable":true,"href":"https:\/\/www.campus02.at\/en\/wp-json\/wp\/v2\/users\/78"}],"replies":[{"embeddable":true,"href":"https:\/\/www.campus02.at\/en\/wp-json\/wp\/v2\/comments?post=111904"}],"version-history":[{"count":7,"href":"https:\/\/www.campus02.at\/en\/wp-json\/wp\/v2\/pages\/111904\/revisions"}],"predecessor-version":[{"id":154188,"href":"https:\/\/www.campus02.at\/en\/wp-json\/wp\/v2\/pages\/111904\/revisions\/154188"}],"up":[{"embeddable":true,"href":"https:\/\/www.campus02.at\/en\/wp-json\/wp\/v2\/pages\/100911"}],"wp:attachment":[{"href":"https:\/\/www.campus02.at\/en\/wp-json\/wp\/v2\/media?parent=111904"}],"wp:term":[{"taxonomy":"author","embeddable":true,"href":"https:\/\/www.campus02.at\/en\/wp-json\/wp\/v2\/coauthors?post=111904"}],"curies":[{"name":"wp","href":"https:\/\/api.w.org\/{rel}","templated":true}]}}