{"id":111021,"date":"2020-02-05T14:01:39","date_gmt":"2020-02-05T13:01:39","guid":{"rendered":"https:\/\/www.campus02.at\/?page_id=111021"},"modified":"2025-10-15T08:56:56","modified_gmt":"2025-10-15T06:56:56","slug":"datenschutzerklaerung-fuer-sprachreise","status":"publish","type":"page","link":"https:\/\/www.campus02.at\/en\/startseite\/datenschutz\/datenschutzerklaerung-fuer-sprachreise\/","title":{"rendered":"Privacy statement for language trip"},"content":{"rendered":"<div data-elementor-type=\"wp-page\" data-elementor-id=\"111021\" class=\"elementor elementor-111021\" data-elementor-post-type=\"page\">\n\t\t\t\t<div class=\"elementor-element elementor-element-154adbb6 e-con-full e-flex e-con e-parent\" data-id=\"154adbb6\" data-element_type=\"container\">\n\t\t\t\t<div class=\"elementor-element elementor-element-2185db7e elementor-widget elementor-widget-image\" data-id=\"2185db7e\" data-element_type=\"widget\" data-widget_type=\"image.default\">\n\t\t\t\t<div class=\"elementor-widget-container\">\n\t\t\t\t\t\t\t\t\t\t\t\t\t<img fetchpriority=\"high\" decoding=\"async\" width=\"1920\" height=\"400\" src=\"https:\/\/www.campus02.at\/wp-content\/uploads\/2016\/10\/LEI5782_Header-1920x400.jpg\" class=\"attachment-campus_large_hd size-campus_large_hd wp-image-7964\" alt=\"Geb\u00e4ude der FH Campus 02\" srcset=\"https:\/\/www.campus02.at\/wp-content\/uploads\/2016\/10\/LEI5782_Header-1920x400.jpg 1920w, https:\/\/www.campus02.at\/wp-content\/uploads\/2016\/10\/LEI5782_Header-300x62.jpg 300w, https:\/\/www.campus02.at\/wp-content\/uploads\/2016\/10\/LEI5782_Header-1024x213.jpg 1024w\" sizes=\"(max-width: 1920px) 100vw, 1920px\" \/>\t\t\t\t\t\t\t\t\t\t\t\t\t<\/div>\n\t\t\t\t<\/div>\n\t\t\t\t<\/div>\n\t\t<div class=\"elementor-element elementor-element-3b274e11 e-flex e-con-boxed e-con e-parent\" data-id=\"3b274e11\" data-element_type=\"container\">\n\t\t\t\t\t<div class=\"e-con-inner\">\n\t\t<div class=\"elementor-element elementor-element-7a7a959a e-con-full e-flex e-con e-child\" data-id=\"7a7a959a\" data-element_type=\"container\">\n\t\t<div class=\"elementor-element elementor-element-15c0aac0 e-con-full e-flex e-con e-child\" data-id=\"15c0aac0\" data-element_type=\"container\">\n\t\t\t\t<div class=\"elementor-element elementor-element-7be35ef8 elementor-widget elementor-widget-heading\" data-id=\"7be35ef8\" data-element_type=\"widget\" data-widget_type=\"heading.default\">\n\t\t\t\t<div class=\"elementor-widget-container\">\n\t\t\t<div class=\"elementor-heading-title elementor-size-default\">Privacy Statement<\/div>\t\t<\/div>\n\t\t\t\t<\/div>\n\t\t\t\t<div class=\"elementor-element elementor-element-35f67132 elementor-widget elementor-widget-heading\" data-id=\"35f67132\" data-element_type=\"widget\" data-widget_type=\"heading.default\">\n\t\t\t\t<div class=\"elementor-widget-container\">\n\t\t\t<h1 class=\"elementor-heading-title elementor-size-default\">FOR LANGUAGE TRIP<\/h1>\t\t<\/div>\n\t\t\t\t<\/div>\n\t\t\t\t<\/div>\n\t\t\t\t<\/div>\n\t\t<div class=\"elementor-element elementor-element-52574fcf e-con-full e-flex e-con e-child\" data-id=\"52574fcf\" data-element_type=\"container\">\n\t\t\t\t<div class=\"elementor-element elementor-element-11c6de75 elementor-widget elementor-widget-text-editor\" data-id=\"11c6de75\" data-element_type=\"widget\" data-widget_type=\"text-editor.default\">\n\t\t\t\t<div class=\"elementor-widget-container\">\n\t\t\t\t\t\t\tProtecting your data is of utmost importance to us. Our privacy statements for different groups of data subjects offer a brief overview of the personal data we collect and what it is used for.\t\t\t\t\t\t<\/div>\n\t\t\t\t<\/div>\n\t\t\t\t<div class=\"elementor-element elementor-element-5e5ca176 elementor-widget elementor-widget-n-accordion\" data-id=\"5e5ca176\" data-element_type=\"widget\" data-settings=\"{&quot;default_state&quot;:&quot;all_collapsed&quot;,&quot;max_items_expended&quot;:&quot;one&quot;,&quot;n_accordion_animation_duration&quot;:{&quot;unit&quot;:&quot;ms&quot;,&quot;size&quot;:400,&quot;sizes&quot;:[]}}\" data-widget_type=\"nested-accordion.default\">\n\t\t\t\t<div class=\"elementor-widget-container\">\n\t\t\t\t\t<div class=\"e-n-accordion\" aria-label=\"Accordion. Open links with Enter or Space, close with Escape, and navigate with Arrow Keys\">\n\t\t\t\t\t\t<details id=\"e-n-accordion-item-1580\" class=\"e-n-accordion-item\" >\n\t\t\t\t<summary class=\"e-n-accordion-item-title\" data-accordion-index=\"1\" tabindex=\"0\" aria-expanded=\"false\" aria-controls=\"e-n-accordion-item-1580\" >\n\t\t\t\t\t<span class='e-n-accordion-item-title-header'><div class=\"e-n-accordion-item-title-text\"> Data collection, purpose and legal grounds <\/div><\/span>\n\t\t\t\t\t\t\t<span class='e-n-accordion-item-title-icon'>\n\t\t\t<span class='e-opened' ><i aria-hidden=\"true\" class=\"fas fa-minus\"><\/i><\/span>\n\t\t\t<span class='e-closed'><i aria-hidden=\"true\" class=\"fas fa-plus\"><\/i><\/span>\n\t\t<\/span>\n\n\t\t\t\t\t\t<\/summary>\n\t\t\t\t<div role=\"region\" aria-labelledby=\"e-n-accordion-item-1580\" class=\"elementor-element elementor-element-70b8d69d e-flex e-con-boxed e-con e-child\" data-id=\"70b8d69d\" data-element_type=\"container\">\n\t\t\t\t\t<div class=\"e-con-inner\">\n\t\t\t\t<div class=\"elementor-element elementor-element-60d34a53 elementor-widget elementor-widget-text-editor\" data-id=\"60d34a53\" data-element_type=\"widget\" data-widget_type=\"text-editor.default\">\n\t\t\t\t<div class=\"elementor-widget-container\">\n\t\t\t\t\t\t\t<p>We, CAMPUS 02 University of Applied Sciences (abbr. CAMPUS 02 UAS), K\u00f6rblergasse 126, 8010 Graz, Austria, process personal data that you have provided, when registering for the language trip or that is generated during the language trip by automated means:<\/p><p>Name, Titel, Geschlecht, Geburtsdatum, Studiengang und Organisationsform, FH-E-Mail-Adresse, Telefonnummer, Adressdaten, Staatsb\u00fcrgerschaft, zus\u00e4tzliche Informationen (Unterbringung in Hotel oder Host Family), Zertifikat<\/p><p>The processing of this data is based on the fulfilment of a contractual legal relationship in accordance with Art. 6 para. 1 cl. b EU General Data Protection Regulation (GDPR) and is carried out for the purpose of handling the language trip. Disclosure and processing of the above-mentioned personal data is voluntary and serves to fulfil the contract. Without the disclosure and processing of your data, the language travel is not possible.<\/p>\t\t\t\t\t\t<\/div>\n\t\t\t\t<\/div>\n\t\t\t\t\t<\/div>\n\t\t\t\t<\/div>\n\t\t\t\t\t<\/details>\n\t\t\t\t\t\t<details id=\"e-n-accordion-item-1581\" class=\"e-n-accordion-item\" >\n\t\t\t\t<summary class=\"e-n-accordion-item-title\" data-accordion-index=\"2\" tabindex=\"-1\" aria-expanded=\"false\" aria-controls=\"e-n-accordion-item-1581\" >\n\t\t\t\t\t<span class='e-n-accordion-item-title-header'><div class=\"e-n-accordion-item-title-text\"> Data erasure <\/div><\/span>\n\t\t\t\t\t\t\t<span class='e-n-accordion-item-title-icon'>\n\t\t\t<span class='e-opened' ><i aria-hidden=\"true\" class=\"fas fa-minus\"><\/i><\/span>\n\t\t\t<span class='e-closed'><i aria-hidden=\"true\" class=\"fas fa-plus\"><\/i><\/span>\n\t\t<\/span>\n\n\t\t\t\t\t\t<\/summary>\n\t\t\t\t<div role=\"region\" aria-labelledby=\"e-n-accordion-item-1581\" class=\"elementor-element elementor-element-78387f54 e-flex e-con-boxed e-con e-child\" data-id=\"78387f54\" data-element_type=\"container\">\n\t\t\t\t\t<div class=\"e-con-inner\">\n\t\t\t\t<div class=\"elementor-element elementor-element-14cc0bff elementor-widget elementor-widget-text-editor\" data-id=\"14cc0bff\" data-element_type=\"widget\" data-widget_type=\"text-editor.default\">\n\t\t\t\t<div class=\"elementor-widget-container\">\n\t\t\t\t\t\t\tYour personal data will be deleted 10 years after the end of the language trip in accordance with the valid legal retention obligations. The retention period may be extended in all cases where judicial or administrative proceedings are pending in which CAMPUS 02 UAS has party status and in which this data is at issue.\t\t\t\t\t\t<\/div>\n\t\t\t\t<\/div>\n\t\t\t\t\t<\/div>\n\t\t\t\t<\/div>\n\t\t\t\t\t<\/details>\n\t\t\t\t\t\t<details id=\"e-n-accordion-item-1582\" class=\"e-n-accordion-item\" >\n\t\t\t\t<summary class=\"e-n-accordion-item-title\" data-accordion-index=\"3\" tabindex=\"-1\" aria-expanded=\"false\" aria-controls=\"e-n-accordion-item-1582\" >\n\t\t\t\t\t<span class='e-n-accordion-item-title-header'><div class=\"e-n-accordion-item-title-text\"> Recipients of data transfers <\/div><\/span>\n\t\t\t\t\t\t\t<span class='e-n-accordion-item-title-icon'>\n\t\t\t<span class='e-opened' ><i aria-hidden=\"true\" class=\"fas fa-minus\"><\/i><\/span>\n\t\t\t<span class='e-closed'><i aria-hidden=\"true\" class=\"fas fa-plus\"><\/i><\/span>\n\t\t<\/span>\n\n\t\t\t\t\t\t<\/summary>\n\t\t\t\t<div role=\"region\" aria-labelledby=\"e-n-accordion-item-1582\" class=\"elementor-element elementor-element-3b7ee47e e-flex e-con-boxed e-con e-child\" data-id=\"3b7ee47e\" data-element_type=\"container\">\n\t\t\t\t\t<div class=\"e-con-inner\">\n\t\t\t\t<div class=\"elementor-element elementor-element-46ac49fc elementor-widget elementor-widget-text-editor\" data-id=\"46ac49fc\" data-element_type=\"widget\" data-widget_type=\"text-editor.default\">\n\t\t\t\t<div class=\"elementor-widget-container\">\n\t\t\t\t\t\t\t<p>Your personal data is treated confidentially and will be primarily processed by CAMPUS 02 staff members internally. To successfully process the booking and the provision of travel-related services, we will pass on your data to the language school as well as to tour operators (e.g. airline and hotel), travel service providers (e.g. ticket sales systems, travel insurance companies) and company partners visited during the language course.<\/p><p>F\u00fcr die London Experience wird die Reise von der SFA Sprach-, Bildungs- und Kulturreisen GmbH, Otto-Pflanzl-Stra\u00dfe 11, 5020 Salzburg organisiert.<\/p><p>However, data processors who have been commissioned by us can also process data for the purposes mentioned if they can ensure adequate data security. For example, the above-mentioned data categories can be viewed and processed by external IT service providers, in cases where support is required.<\/p>\t\t\t\t\t\t<\/div>\n\t\t\t\t<\/div>\n\t\t\t\t\t<\/div>\n\t\t\t\t<\/div>\n\t\t\t\t\t<\/details>\n\t\t\t\t\t<\/div>\n\t\t\t\t<\/div>\n\t\t\t\t<\/div>\n\t\t\t\t<div class=\"elementor-element elementor-element-3c7e962c elementor-widget elementor-widget-text-editor\" data-id=\"3c7e962c\" data-element_type=\"widget\" data-widget_type=\"text-editor.default\">\n\t\t\t\t<div class=\"elementor-widget-container\">\n\t\t\t\t\t\t\t<p>Please note that we will update this privacy statement from time to time (e.g. due to law amendments, usage of new technology, new study opportunities). We recommend that you regularly check it for updates.<\/p>\t\t\t\t\t\t<\/div>\n\t\t\t\t<\/div>\n\t\t<div class=\"elementor-element elementor-element-4f081918 e-con-full e-flex e-con e-child\" data-id=\"4f081918\" data-element_type=\"container\" data-settings=\"{&quot;background_background&quot;:&quot;classic&quot;}\">\n\t\t\t\t<div class=\"elementor-element elementor-element-33417dfe elementor-widget elementor-widget-text-editor\" data-id=\"33417dfe\" data-element_type=\"widget\" data-widget_type=\"text-editor.default\">\n\t\t\t\t<div class=\"elementor-widget-container\">\n\t\t\t\t\t\t\t<p>In general, you have right of access, the right to rectification, to erasure, to restrict, to data portability, to withdraw and to object.<br \/><strong>If you do, please contact us \u2014 we will be happy to help.<\/strong><\/p>\t\t\t\t\t\t<\/div>\n\t\t\t\t<\/div>\n\t\t\t\t<\/div>\n\t\t<div class=\"elementor-element elementor-element-725ade48 e-con-full e-flex e-con e-child\" data-id=\"725ade48\" data-element_type=\"container\" data-settings=\"{&quot;background_background&quot;:&quot;classic&quot;}\">\n\t\t<div class=\"elementor-element elementor-element-46f62c66 e-grid e-con-full e-con e-child\" data-id=\"46f62c66\" data-element_type=\"container\">\n\t\t\t\t<div class=\"elementor-element elementor-element-549389ca elementor-widget elementor-widget-text-editor\" data-id=\"549389ca\" data-element_type=\"widget\" data-widget_type=\"text-editor.default\">\n\t\t\t\t<div class=\"elementor-widget-container\">\n\t\t\t\t\t\t\t<p class=\"translation-block\"><strong>Data Protection Coordination Team<br>at CAMPUS 02 UAS<\/strong><\/p><p>CAMPUS 02 - University of Applied Sciences<br \/>K\u00f6rblergasse 126, 8010 Graz<br \/>+43 316 6002-8909<br \/><a href=\"mailto:datenschutz@campus02.at\"><span style=\"text-decoration: underline\">datenschutz@campus02.at<\/span><\/a><\/p>\t\t\t\t\t\t<\/div>\n\t\t\t\t<\/div>\n\t\t\t\t<div class=\"elementor-element elementor-element-87595a9 elementor-widget elementor-widget-text-editor\" data-id=\"87595a9\" data-element_type=\"widget\" data-widget_type=\"text-editor.default\">\n\t\t\t\t<div class=\"elementor-widget-container\">\n\t\t\t\t\t\t\t<p class=\"translation-block\"><strong>Data Protection Officer<\/strong><br><strong>at CAMPUS 02 UAS<\/strong><\/p><p><a href=\"mailto:dsb@campus02.at\"><span style=\"text-decoration: underline\">dsb@campus02.at<\/span><\/a><\/p>\t\t\t\t\t\t<\/div>\n\t\t\t\t<\/div>\n\t\t\t\t<\/div>\n\t\t\t\t<div class=\"elementor-element elementor-element-17a72a38 elementor-widget elementor-widget-text-editor\" data-id=\"17a72a38\" data-element_type=\"widget\" data-widget_type=\"text-editor.default\">\n\t\t\t\t<div class=\"elementor-widget-container\">\n\t\t\t\t\t\t\t<p class=\"translation-block\">If you believe that processing your data violates data protection laws or that your data protection rights have been infringed in some other way, you can also file a complaint with the supervisory authority. In Austria, the competent supervisory authority is the Austrian Data Protection Authority in Barichgasse 40-42, 1030 Vienna, telephone no.:+43 1 52 152-0, e-mail <span style=\"text-decoration: underline\"><a href=\"mailto:dsb@dsb.gv.at\" target=\"_blank\">dsb@dsb.gv.at<\/a><\/span>.<\/p>\t\t\t\t\t\t<\/div>\n\t\t\t\t<\/div>\n\t\t\t\t<\/div>\n\t\t\t\t<\/div>\n\t\t\t\t\t<\/div>\n\t\t\t\t<\/div>\n\t\t\t\t<\/div>","protected":false},"excerpt":{"rendered":"<p>Datenschutzerkl\u00e4rung Teilnehmer*innen an einer Sprachreise Der Schutz Ihrer personenbezogenen Daten ist uns ein besonderes <a href=\"https:\/\/www.campus02.at\/en\/startseite\/datenschutz\/datenschutzerklaerung-fuer-sprachreise\/\" class=\"more-link\">more&hellip;<\/a><\/p>","protected":false},"author":78,"featured_media":0,"parent":100911,"menu_order":12,"comment_status":"closed","ping_status":"closed","template":"elementor_header_footer","meta":{"_acf_changed":false,"footnotes":""},"coauthors":[677,1141],"class_list":["post-111021","page","type-page","status-publish","hentry"],"acf":[],"yoast_head":"<!-- This site is optimized with the Yoast SEO plugin v26.9 - https:\/\/yoast.com\/product\/yoast-seo-wordpress\/ -->\n<title>Datenschutzerkl\u00e4rung f\u00fcr Sprachreise - FH CAMPUS 02<\/title>\n<meta name=\"robots\" content=\"index, follow, max-snippet:-1, max-image-preview:large, max-video-preview:-1\" \/>\n<link rel=\"canonical\" href=\"https:\/\/www.campus02.at\/en\/startseite\/datenschutz\/datenschutzerklaerung-fuer-sprachreise\/\" \/>\n<meta property=\"og:locale\" content=\"en_GB\" \/>\n<meta property=\"og:type\" content=\"article\" \/>\n<meta property=\"og:title\" content=\"Datenschutzerkl\u00e4rung f\u00fcr Sprachreise - FH CAMPUS 02\" \/>\n<meta property=\"og:description\" content=\"Datenschutzerkl\u00e4rung Teilnehmer*innen an einer Sprachreise Der Schutz Ihrer personenbezogenen Daten ist uns ein besonderes more&hellip;\" \/>\n<meta property=\"og:url\" content=\"https:\/\/www.campus02.at\/en\/startseite\/datenschutz\/datenschutzerklaerung-fuer-sprachreise\/\" \/>\n<meta property=\"og:site_name\" content=\"FH CAMPUS 02\" \/>\n<meta property=\"article:modified_time\" content=\"2025-10-15T06:56:56+00:00\" \/>\n<meta property=\"og:image\" content=\"https:\/\/www.campus02.at\/wp-content\/uploads\/2016\/10\/LEI5782_Header-1024x213.jpg\" \/>\n\t<meta property=\"og:image:width\" content=\"1024\" \/>\n\t<meta property=\"og:image:height\" content=\"213\" \/>\n\t<meta property=\"og:image:type\" content=\"image\/jpeg\" \/>\n<meta name=\"twitter:card\" content=\"summary_large_image\" \/>\n<meta name=\"twitter:label1\" content=\"Estimated reading time\" \/>\n\t<meta name=\"twitter:data1\" content=\"5 minutes\" \/>\n\t<meta name=\"twitter:label2\" content=\"Written by\" \/>\n\t<meta name=\"twitter:data2\" content=\"G\u00f6dl Lisa, Ziegerhofer Theresa\" \/>\n<script type=\"application\/ld+json\" class=\"yoast-schema-graph\">{\"@context\":\"https:\/\/schema.org\",\"@graph\":[{\"@type\":\"WebPage\",\"@id\":\"https:\/\/www.campus02.at\/startseite\/datenschutz\/datenschutzerklaerung-fuer-sprachreise\/\",\"url\":\"https:\/\/www.campus02.at\/startseite\/datenschutz\/datenschutzerklaerung-fuer-sprachreise\/\",\"name\":\"Datenschutzerkl\u00e4rung f\u00fcr Sprachreise - FH CAMPUS 02\",\"isPartOf\":{\"@id\":\"https:\/\/www.campus02.at\/#website\"},\"primaryImageOfPage\":{\"@id\":\"https:\/\/www.campus02.at\/startseite\/datenschutz\/datenschutzerklaerung-fuer-sprachreise\/#primaryimage\"},\"image\":{\"@id\":\"https:\/\/www.campus02.at\/startseite\/datenschutz\/datenschutzerklaerung-fuer-sprachreise\/#primaryimage\"},\"thumbnailUrl\":\"https:\/\/www.campus02.at\/wp-content\/uploads\/2016\/10\/LEI5782_Header-1920x400.jpg\",\"datePublished\":\"2020-02-05T13:01:39+00:00\",\"dateModified\":\"2025-10-15T06:56:56+00:00\",\"breadcrumb\":{\"@id\":\"https:\/\/www.campus02.at\/startseite\/datenschutz\/datenschutzerklaerung-fuer-sprachreise\/#breadcrumb\"},\"inLanguage\":\"en-GB\",\"potentialAction\":[{\"@type\":\"ReadAction\",\"target\":[\"https:\/\/www.campus02.at\/startseite\/datenschutz\/datenschutzerklaerung-fuer-sprachreise\/\"]}]},{\"@type\":\"ImageObject\",\"inLanguage\":\"en-GB\",\"@id\":\"https:\/\/www.campus02.at\/startseite\/datenschutz\/datenschutzerklaerung-fuer-sprachreise\/#primaryimage\",\"url\":\"https:\/\/www.campus02.at\/wp-content\/uploads\/2016\/10\/LEI5782_Header-1920x400.jpg\",\"contentUrl\":\"https:\/\/www.campus02.at\/wp-content\/uploads\/2016\/10\/LEI5782_Header-1920x400.jpg\"},{\"@type\":\"BreadcrumbList\",\"@id\":\"https:\/\/www.campus02.at\/startseite\/datenschutz\/datenschutzerklaerung-fuer-sprachreise\/#breadcrumb\",\"itemListElement\":[{\"@type\":\"ListItem\",\"position\":1,\"name\":\"Startseite\",\"item\":\"https:\/\/www.campus02.at\/\"},{\"@type\":\"ListItem\",\"position\":2,\"name\":\"Startseite\",\"item\":\"https:\/\/www.campus02.at\/\"},{\"@type\":\"ListItem\",\"position\":3,\"name\":\"Datenschutz\",\"item\":\"https:\/\/www.campus02.at\/startseite\/datenschutz\/\"},{\"@type\":\"ListItem\",\"position\":4,\"name\":\"Datenschutzerkl\u00e4rung f\u00fcr Sprachreise\"}]},{\"@type\":\"WebSite\",\"@id\":\"https:\/\/www.campus02.at\/#website\",\"url\":\"https:\/\/www.campus02.at\/\",\"name\":\"FH CAMPUS 02\",\"description\":\"\",\"publisher\":{\"@id\":\"https:\/\/www.campus02.at\/#organization\"},\"potentialAction\":[{\"@type\":\"SearchAction\",\"target\":{\"@type\":\"EntryPoint\",\"urlTemplate\":\"https:\/\/www.campus02.at\/?s={search_term_string}\"},\"query-input\":{\"@type\":\"PropertyValueSpecification\",\"valueRequired\":true,\"valueName\":\"search_term_string\"}}],\"inLanguage\":\"en-GB\"},{\"@type\":\"Organization\",\"@id\":\"https:\/\/www.campus02.at\/#organization\",\"name\":\"FH CAMPUS 02\",\"url\":\"https:\/\/www.campus02.at\/\",\"logo\":{\"@type\":\"ImageObject\",\"inLanguage\":\"en-GB\",\"@id\":\"https:\/\/www.campus02.at\/#\/schema\/logo\/image\/\",\"url\":\"https:\/\/www.campus02.at\/wp-content\/uploads\/2016\/10\/Logo.jpg\",\"contentUrl\":\"https:\/\/www.campus02.at\/wp-content\/uploads\/2016\/10\/Logo.jpg\",\"width\":1108,\"height\":440,\"caption\":\"FH CAMPUS 02\"},\"image\":{\"@id\":\"https:\/\/www.campus02.at\/#\/schema\/logo\/image\/\"}}]}<\/script>\n<!-- \/ Yoast SEO plugin. -->","yoast_head_json":{"title":"Datenschutzerkl\u00e4rung f\u00fcr Sprachreise - FH CAMPUS 02","robots":{"index":"index","follow":"follow","max-snippet":"max-snippet:-1","max-image-preview":"max-image-preview:large","max-video-preview":"max-video-preview:-1"},"canonical":"https:\/\/www.campus02.at\/en\/startseite\/datenschutz\/datenschutzerklaerung-fuer-sprachreise\/","og_locale":"en_GB","og_type":"article","og_title":"Datenschutzerkl\u00e4rung f\u00fcr Sprachreise - FH CAMPUS 02","og_description":"Datenschutzerkl\u00e4rung Teilnehmer*innen an einer Sprachreise Der Schutz Ihrer personenbezogenen Daten ist uns ein besonderes more&hellip;","og_url":"https:\/\/www.campus02.at\/en\/startseite\/datenschutz\/datenschutzerklaerung-fuer-sprachreise\/","og_site_name":"FH CAMPUS 02","article_modified_time":"2025-10-15T06:56:56+00:00","og_image":[{"width":1024,"height":213,"url":"https:\/\/www.campus02.at\/wp-content\/uploads\/2016\/10\/LEI5782_Header-1024x213.jpg","type":"image\/jpeg"}],"twitter_card":"summary_large_image","twitter_misc":{"Estimated reading time":"5 minutes","Written by":"G\u00f6dl Lisa, Ziegerhofer Theresa"},"schema":{"@context":"https:\/\/schema.org","@graph":[{"@type":"WebPage","@id":"https:\/\/www.campus02.at\/startseite\/datenschutz\/datenschutzerklaerung-fuer-sprachreise\/","url":"https:\/\/www.campus02.at\/startseite\/datenschutz\/datenschutzerklaerung-fuer-sprachreise\/","name":"Datenschutzerkl\u00e4rung f\u00fcr Sprachreise - FH CAMPUS 02","isPartOf":{"@id":"https:\/\/www.campus02.at\/#website"},"primaryImageOfPage":{"@id":"https:\/\/www.campus02.at\/startseite\/datenschutz\/datenschutzerklaerung-fuer-sprachreise\/#primaryimage"},"image":{"@id":"https:\/\/www.campus02.at\/startseite\/datenschutz\/datenschutzerklaerung-fuer-sprachreise\/#primaryimage"},"thumbnailUrl":"https:\/\/www.campus02.at\/wp-content\/uploads\/2016\/10\/LEI5782_Header-1920x400.jpg","datePublished":"2020-02-05T13:01:39+00:00","dateModified":"2025-10-15T06:56:56+00:00","breadcrumb":{"@id":"https:\/\/www.campus02.at\/startseite\/datenschutz\/datenschutzerklaerung-fuer-sprachreise\/#breadcrumb"},"inLanguage":"en-GB","potentialAction":[{"@type":"ReadAction","target":["https:\/\/www.campus02.at\/startseite\/datenschutz\/datenschutzerklaerung-fuer-sprachreise\/"]}]},{"@type":"ImageObject","inLanguage":"en-GB","@id":"https:\/\/www.campus02.at\/startseite\/datenschutz\/datenschutzerklaerung-fuer-sprachreise\/#primaryimage","url":"https:\/\/www.campus02.at\/wp-content\/uploads\/2016\/10\/LEI5782_Header-1920x400.jpg","contentUrl":"https:\/\/www.campus02.at\/wp-content\/uploads\/2016\/10\/LEI5782_Header-1920x400.jpg"},{"@type":"BreadcrumbList","@id":"https:\/\/www.campus02.at\/startseite\/datenschutz\/datenschutzerklaerung-fuer-sprachreise\/#breadcrumb","itemListElement":[{"@type":"ListItem","position":1,"name":"Startseite","item":"https:\/\/www.campus02.at\/"},{"@type":"ListItem","position":2,"name":"Startseite","item":"https:\/\/www.campus02.at\/"},{"@type":"ListItem","position":3,"name":"Datenschutz","item":"https:\/\/www.campus02.at\/startseite\/datenschutz\/"},{"@type":"ListItem","position":4,"name":"Datenschutzerkl\u00e4rung f\u00fcr Sprachreise"}]},{"@type":"WebSite","@id":"https:\/\/www.campus02.at\/#website","url":"https:\/\/www.campus02.at\/","name":"CAMPUS 02 UAS","description":"","publisher":{"@id":"https:\/\/www.campus02.at\/#organization"},"potentialAction":[{"@type":"SearchAction","target":{"@type":"EntryPoint","urlTemplate":"https:\/\/www.campus02.at\/?s={search_term_string}"},"query-input":{"@type":"PropertyValueSpecification","valueRequired":true,"valueName":"search_term_string"}}],"inLanguage":"en-GB"},{"@type":"Organization","@id":"https:\/\/www.campus02.at\/#organization","name":"CAMPUS 02 UAS","url":"https:\/\/www.campus02.at\/","logo":{"@type":"ImageObject","inLanguage":"en-GB","@id":"https:\/\/www.campus02.at\/#\/schema\/logo\/image\/","url":"https:\/\/www.campus02.at\/wp-content\/uploads\/2016\/10\/Logo.jpg","contentUrl":"https:\/\/www.campus02.at\/wp-content\/uploads\/2016\/10\/Logo.jpg","width":1108,"height":440,"caption":"FH CAMPUS 02"},"image":{"@id":"https:\/\/www.campus02.at\/#\/schema\/logo\/image\/"}}]}},"_links":{"self":[{"href":"https:\/\/www.campus02.at\/en\/wp-json\/wp\/v2\/pages\/111021","targetHints":{"allow":["GET"]}}],"collection":[{"href":"https:\/\/www.campus02.at\/en\/wp-json\/wp\/v2\/pages"}],"about":[{"href":"https:\/\/www.campus02.at\/en\/wp-json\/wp\/v2\/types\/page"}],"author":[{"embeddable":true,"href":"https:\/\/www.campus02.at\/en\/wp-json\/wp\/v2\/users\/78"}],"replies":[{"embeddable":true,"href":"https:\/\/www.campus02.at\/en\/wp-json\/wp\/v2\/comments?post=111021"}],"version-history":[{"count":7,"href":"https:\/\/www.campus02.at\/en\/wp-json\/wp\/v2\/pages\/111021\/revisions"}],"predecessor-version":[{"id":160451,"href":"https:\/\/www.campus02.at\/en\/wp-json\/wp\/v2\/pages\/111021\/revisions\/160451"}],"up":[{"embeddable":true,"href":"https:\/\/www.campus02.at\/en\/wp-json\/wp\/v2\/pages\/100911"}],"wp:attachment":[{"href":"https:\/\/www.campus02.at\/en\/wp-json\/wp\/v2\/media?parent=111021"}],"wp:term":[{"taxonomy":"author","embeddable":true,"href":"https:\/\/www.campus02.at\/en\/wp-json\/wp\/v2\/coauthors?post=111021"}],"curies":[{"name":"wp","href":"https:\/\/api.w.org\/{rel}","templated":true}]}}