{"id":109929,"date":"2019-11-05T17:03:16","date_gmt":"2019-11-05T16:03:16","guid":{"rendered":"https:\/\/www.campus02.at\/?page_id=109929"},"modified":"2021-11-30T15:17:27","modified_gmt":"2021-11-30T14:17:27","slug":"hr-info","status":"publish","type":"page","link":"https:\/\/www.campus02.at\/en\/hr-info\/","title":{"rendered":"Services f\u00fcr HR Manager*innen"},"content":{"rendered":"<div class=\"flex-campus-main flex-campus-main-Image\"><figure><a href=\"https:\/\/www.campus02.at\/wp-content\/uploads\/2019\/11\/LEI1979-e1572970191239.jpg\"><img decoding=\"async\" src=\"https:\/\/www.campus02.at\/wp-content\/uploads\/2019\/11\/LEI1979-e1572970191239-1024x449.jpg\" class=\"img-responsive\" alt=\"Besprechung\" \/><\/a><\/figure><\/div><div class=\"flex-campus-main flex-campus-main-Heading\"><h1>Akademische Weiterbildung als Personalentwicklungsstrategie<\/h1><\/div><div class=\"flex-campus-main flex-campus-main-Text\"><p>Das Human Ressource Management steht vor gro\u00dfen Herausforderungen: Fachkr\u00e4ftemangel, Digitalisierung und der demographische Wandel sind hier vorrangig zu nennen. Aber auch der st\u00e4ndige Wissenstranfer von neuen Entwicklungen und Innovationen am Markt erweist sich f\u00fcr einige Unternehmen als schwierig. Hinzu kommt, dass viele Mitarbeiter*innen auf ein berufliches Umfeld wert legen, das eine Weiterbildung beg\u00fcnstigt und vorantreibt. Um diesem Wunsch entgegenzukommen, setzt bereits die \u00fcberwiegende Mehrheit an Unternehmen in ihrer Personalentwicklungsstrategie auf weiterbildungsfreundliche Rahmenbedingungen.<\/p>\n<\/div><div class=\"flex-campus-main flex-campus-main-Heading\"><h2>akademische Weiterbildung als Win-Win f\u00fcr Mitarbeiter*innen und Unternehmen<\/h2><\/div><div class=\"flex-campus-main flex-campus-main-Text\"><p>Doch nicht jedes Unternehmen verf\u00fcgt \u00fcber eine eigene Akademie oder ein Schulungszentrum, das alle Bed\u00fcrfnisse der Mitarbeiter*innen abdeckt. Oftmals begeben sich dann Mitarbeiter*innen selbst auf die Suche nach passenden Bildungsangeboten. An dieser Stelle gestaltet es sich f\u00fcr Unternehmen manchmal schwierig, Qualit\u00e4t, Inhalt und Kosten-Nutzen der Weiterbildung mit dem eigenen Bildungscontrolling in Einklang zu bringen, zumal der wirtschaftliche Nutzennachweis f\u00fcr das Management schwer darstellbar scheint. Generell \u00fcberwiegen aber die Vorteile eines weiterbildungsfreundlichen Klimas: Die Personalfluktuation nimmt deutlich ab, die Zufriedenheit hingegen steigt an.<\/p>\n<\/div><div class=\"flex-campus-main flex-campus-main-Button\"><a class=\"btn btn-yellow\" href=\"https:\/\/www.campus02.at\/en\/akademische-weiterbildung\/\" >Zum Weiterbildungsangebot<\/a><\/div><div class=\"flex-campus-main flex-campus-main-Heading\"><h2>Die FH CAMPUS 02 unterst\u00fctzt sie dabei<\/h2><\/div><div class=\"flex-campus-main flex-campus-main-Text\"><p>Die FH CAMPUS 02 pflegt seit ihrer Gr\u00fcndung vor \u00fcber 25 Jahren als &#8222;FH f\u00fcr Berufst\u00e4tige&#8220; ihre Tradition, beste Rahmenbedingungen f\u00fcr berufsbegleitende Studienangebote zu erm\u00f6glichen sowie im engen Austausch mit der heimischen Wirtschaft Studieninhalte auf h\u00f6chsten akademischen Niveau zu bieten. Im Fokus steht die anwendungsorientierte Lehre mit hohem Transfergehalt f\u00fcr die Unternehmen. Damit ist sichergestellt, dass die Absolvent*innen, trotz ihrer beruflichen Expertise, mit neuen L\u00f6sungsans\u00e4tzen f\u00fcr aktuelle Problemstellungen in der Wirtschaft ausgestattet und f\u00fcr die Herausforderungen der Unternehmen gewappnet sind.<\/p>\n<\/div><div class=\"flex-campus-main flex-campus-main-Heading\"><h2>Am Freitag beginnt das Studium, am Montag der Transfer in die Praxis<\/h2><\/div><div class=\"flex-campus-main flex-campus-main-Text\"><p>Die berufsbegleitende Variante des Studiums bietet beste Voraussetzungen f\u00fcr Studierende und ihre Arbeitgeber, um Studium und Beruf optimal zu kombinieren. Freitag Nachmittag und Samstag ganzt\u00e4gig werden die Studierenden von Lehrenden aus der Wirtschaft unter Bezugnahme auf aktuelle Problemstellungen sowie wissenschaftliche Erkenntnisse unterrichtet. Dieses Zeitmodell l\u00e4sst einen st\u00e4ndigen Transfer zwischen Beruf und Studium zu und bedeutet f\u00fcr Studierenden und Unternehmen gleicherma\u00dfen einen Know-how-Zugewinn.<\/p>\n<\/div><div class=\"flex-campus-main flex-campus-main-Heading\"><h3>Sie wollen mehr dazu erfahren?<\/h3><\/div><div class=\"flex-campus-main flex-campus-main-Text\"><p>Gut. Lassen Sie uns dar\u00fcber sprechen, wie wir Sie bestm\u00f6glich unterst\u00fctzen k\u00f6nnen. Wir erz\u00e4hlen Ihnen gerne, wie andere Unternehmen erfolgreich mit uns zusammenarbeiten und unsere Studienangebote aktiv \u00fcber ihre Mitarbeiter*innen nutzen. Wir kommen auch gerne zu Ihnen ins Unternehmen und beraten Sie und Ihr Team. Oder wir laden Sie auch gerne zu uns an die FH CAMPUS 02 ein, damit Sie sich selbst ein Bild vor Ort machen k\u00f6nnen. Ganz egal, wozu Sie sich entschlie\u00dfen &#8211; die FH CAMPUS 02 steht Ihnen gerne als akademischer Bildungspartner zur Verf\u00fcgung.<\/p>\n<\/div>","protected":false},"excerpt":{"rendered":"<p>Akademische Weiterbildung als PersonalentwicklungsstrategieDas Human Ressource Management steht vor gro\u00dfen Herausforderungen: <a href=\"https:\/\/www.campus02.at\/en\/hr-info\/\" class=\"more-link\">more&hellip;<\/a><\/p>","protected":false},"author":135,"featured_media":7069,"parent":0,"menu_order":64,"comment_status":"closed","ping_status":"closed","template":"","meta":{"_acf_changed":false,"footnotes":""},"coauthors":[83],"class_list":["post-109929","page","type-page","status-publish","has-post-thumbnail","hentry"],"acf":[],"yoast_head":"<!-- This site is optimized with the Yoast SEO plugin v26.9 - https:\/\/yoast.com\/product\/yoast-seo-wordpress\/ -->\n<title>Services f\u00fcr HR Manager*innen - FH CAMPUS 02<\/title>\n<meta name=\"robots\" content=\"index, follow, max-snippet:-1, max-image-preview:large, max-video-preview:-1\" \/>\n<link rel=\"canonical\" href=\"https:\/\/www.campus02.at\/en\/hr-info\/\" \/>\n<meta property=\"og:locale\" content=\"en_GB\" \/>\n<meta property=\"og:type\" content=\"article\" \/>\n<meta property=\"og:title\" content=\"Services f\u00fcr HR Manager*innen - FH CAMPUS 02\" \/>\n<meta property=\"og:description\" content=\"Akademische Weiterbildung als PersonalentwicklungsstrategieDas Human Ressource Management steht vor gro\u00dfen Herausforderungen: more&hellip;\" \/>\n<meta property=\"og:url\" content=\"https:\/\/www.campus02.at\/en\/hr-info\/\" \/>\n<meta property=\"og:site_name\" content=\"FH CAMPUS 02\" \/>\n<meta property=\"article:modified_time\" content=\"2021-11-30T14:17:27+00:00\" \/>\n<meta property=\"og:image\" content=\"https:\/\/www.campus02.at\/wp-content\/uploads\/2016\/10\/LEI2655-Druck-e1475505512170.jpg\" \/>\n\t<meta property=\"og:image:width\" content=\"8256\" \/>\n\t<meta property=\"og:image:height\" content=\"1692\" \/>\n\t<meta property=\"og:image:type\" content=\"image\/jpeg\" \/>\n<meta name=\"twitter:card\" content=\"summary_large_image\" \/>\n<script type=\"application\/ld+json\" class=\"yoast-schema-graph\">{\"@context\":\"https:\/\/schema.org\",\"@graph\":[{\"@type\":\"WebPage\",\"@id\":\"https:\/\/www.campus02.at\/hr-info\/\",\"url\":\"https:\/\/www.campus02.at\/hr-info\/\",\"name\":\"Services f\u00fcr HR Manager*innen - FH CAMPUS 02\",\"isPartOf\":{\"@id\":\"https:\/\/www.campus02.at\/#website\"},\"primaryImageOfPage\":{\"@id\":\"https:\/\/www.campus02.at\/hr-info\/#primaryimage\"},\"image\":{\"@id\":\"https:\/\/www.campus02.at\/hr-info\/#primaryimage\"},\"thumbnailUrl\":\"https:\/\/www.campus02.at\/wp-content\/uploads\/2016\/10\/LEI2655-Druck-e1475505512170.jpg\",\"datePublished\":\"2019-11-05T16:03:16+00:00\",\"dateModified\":\"2021-11-30T14:17:27+00:00\",\"breadcrumb\":{\"@id\":\"https:\/\/www.campus02.at\/hr-info\/#breadcrumb\"},\"inLanguage\":\"en-GB\",\"potentialAction\":[{\"@type\":\"ReadAction\",\"target\":[\"https:\/\/www.campus02.at\/hr-info\/\"]}]},{\"@type\":\"ImageObject\",\"inLanguage\":\"en-GB\",\"@id\":\"https:\/\/www.campus02.at\/hr-info\/#primaryimage\",\"url\":\"https:\/\/www.campus02.at\/wp-content\/uploads\/2016\/10\/LEI2655-Druck-e1475505512170.jpg\",\"contentUrl\":\"https:\/\/www.campus02.at\/wp-content\/uploads\/2016\/10\/LEI2655-Druck-e1475505512170.jpg\",\"width\":8256,\"height\":1692,\"caption\":\"\u00a9 FH CAMPUS 02\/Leitner\"},{\"@type\":\"BreadcrumbList\",\"@id\":\"https:\/\/www.campus02.at\/hr-info\/#breadcrumb\",\"itemListElement\":[{\"@type\":\"ListItem\",\"position\":1,\"name\":\"Startseite\",\"item\":\"https:\/\/www.campus02.at\/\"},{\"@type\":\"ListItem\",\"position\":2,\"name\":\"Services f\u00fcr HR Manager*innen\"}]},{\"@type\":\"WebSite\",\"@id\":\"https:\/\/www.campus02.at\/#website\",\"url\":\"https:\/\/www.campus02.at\/\",\"name\":\"FH CAMPUS 02\",\"description\":\"\",\"publisher\":{\"@id\":\"https:\/\/www.campus02.at\/#organization\"},\"potentialAction\":[{\"@type\":\"SearchAction\",\"target\":{\"@type\":\"EntryPoint\",\"urlTemplate\":\"https:\/\/www.campus02.at\/?s={search_term_string}\"},\"query-input\":{\"@type\":\"PropertyValueSpecification\",\"valueRequired\":true,\"valueName\":\"search_term_string\"}}],\"inLanguage\":\"en-GB\"},{\"@type\":\"Organization\",\"@id\":\"https:\/\/www.campus02.at\/#organization\",\"name\":\"FH CAMPUS 02\",\"url\":\"https:\/\/www.campus02.at\/\",\"logo\":{\"@type\":\"ImageObject\",\"inLanguage\":\"en-GB\",\"@id\":\"https:\/\/www.campus02.at\/#\/schema\/logo\/image\/\",\"url\":\"https:\/\/www.campus02.at\/wp-content\/uploads\/2016\/10\/Logo.jpg\",\"contentUrl\":\"https:\/\/www.campus02.at\/wp-content\/uploads\/2016\/10\/Logo.jpg\",\"width\":1108,\"height\":440,\"caption\":\"FH CAMPUS 02\"},\"image\":{\"@id\":\"https:\/\/www.campus02.at\/#\/schema\/logo\/image\/\"}}]}<\/script>\n<!-- \/ Yoast SEO plugin. -->","yoast_head_json":{"title":"Services f\u00fcr HR Manager*innen - FH CAMPUS 02","robots":{"index":"index","follow":"follow","max-snippet":"max-snippet:-1","max-image-preview":"max-image-preview:large","max-video-preview":"max-video-preview:-1"},"canonical":"https:\/\/www.campus02.at\/en\/hr-info\/","og_locale":"en_GB","og_type":"article","og_title":"Services f\u00fcr HR Manager*innen - FH CAMPUS 02","og_description":"Akademische Weiterbildung als PersonalentwicklungsstrategieDas Human Ressource Management steht vor gro\u00dfen Herausforderungen: more&hellip;","og_url":"https:\/\/www.campus02.at\/en\/hr-info\/","og_site_name":"FH CAMPUS 02","article_modified_time":"2021-11-30T14:17:27+00:00","og_image":[{"width":8256,"height":1692,"url":"https:\/\/www.campus02.at\/wp-content\/uploads\/2016\/10\/LEI2655-Druck-e1475505512170.jpg","type":"image\/jpeg"}],"twitter_card":"summary_large_image","schema":{"@context":"https:\/\/schema.org","@graph":[{"@type":"WebPage","@id":"https:\/\/www.campus02.at\/hr-info\/","url":"https:\/\/www.campus02.at\/hr-info\/","name":"Services f\u00fcr HR Manager*innen - FH CAMPUS 02","isPartOf":{"@id":"https:\/\/www.campus02.at\/#website"},"primaryImageOfPage":{"@id":"https:\/\/www.campus02.at\/hr-info\/#primaryimage"},"image":{"@id":"https:\/\/www.campus02.at\/hr-info\/#primaryimage"},"thumbnailUrl":"https:\/\/www.campus02.at\/wp-content\/uploads\/2016\/10\/LEI2655-Druck-e1475505512170.jpg","datePublished":"2019-11-05T16:03:16+00:00","dateModified":"2021-11-30T14:17:27+00:00","breadcrumb":{"@id":"https:\/\/www.campus02.at\/hr-info\/#breadcrumb"},"inLanguage":"en-GB","potentialAction":[{"@type":"ReadAction","target":["https:\/\/www.campus02.at\/hr-info\/"]}]},{"@type":"ImageObject","inLanguage":"en-GB","@id":"https:\/\/www.campus02.at\/hr-info\/#primaryimage","url":"https:\/\/www.campus02.at\/wp-content\/uploads\/2016\/10\/LEI2655-Druck-e1475505512170.jpg","contentUrl":"https:\/\/www.campus02.at\/wp-content\/uploads\/2016\/10\/LEI2655-Druck-e1475505512170.jpg","width":8256,"height":1692,"caption":"\u00a9 FH CAMPUS 02\/Leitner"},{"@type":"BreadcrumbList","@id":"https:\/\/www.campus02.at\/hr-info\/#breadcrumb","itemListElement":[{"@type":"ListItem","position":1,"name":"Startseite","item":"https:\/\/www.campus02.at\/"},{"@type":"ListItem","position":2,"name":"Services f\u00fcr HR Manager*innen"}]},{"@type":"WebSite","@id":"https:\/\/www.campus02.at\/#website","url":"https:\/\/www.campus02.at\/","name":"CAMPUS 02 UAS","description":"","publisher":{"@id":"https:\/\/www.campus02.at\/#organization"},"potentialAction":[{"@type":"SearchAction","target":{"@type":"EntryPoint","urlTemplate":"https:\/\/www.campus02.at\/?s={search_term_string}"},"query-input":{"@type":"PropertyValueSpecification","valueRequired":true,"valueName":"search_term_string"}}],"inLanguage":"en-GB"},{"@type":"Organization","@id":"https:\/\/www.campus02.at\/#organization","name":"CAMPUS 02 UAS","url":"https:\/\/www.campus02.at\/","logo":{"@type":"ImageObject","inLanguage":"en-GB","@id":"https:\/\/www.campus02.at\/#\/schema\/logo\/image\/","url":"https:\/\/www.campus02.at\/wp-content\/uploads\/2016\/10\/Logo.jpg","contentUrl":"https:\/\/www.campus02.at\/wp-content\/uploads\/2016\/10\/Logo.jpg","width":1108,"height":440,"caption":"FH CAMPUS 02"},"image":{"@id":"https:\/\/www.campus02.at\/#\/schema\/logo\/image\/"}}]}},"_links":{"self":[{"href":"https:\/\/www.campus02.at\/en\/wp-json\/wp\/v2\/pages\/109929","targetHints":{"allow":["GET"]}}],"collection":[{"href":"https:\/\/www.campus02.at\/en\/wp-json\/wp\/v2\/pages"}],"about":[{"href":"https:\/\/www.campus02.at\/en\/wp-json\/wp\/v2\/types\/page"}],"author":[{"embeddable":true,"href":"https:\/\/www.campus02.at\/en\/wp-json\/wp\/v2\/users\/135"}],"replies":[{"embeddable":true,"href":"https:\/\/www.campus02.at\/en\/wp-json\/wp\/v2\/comments?post=109929"}],"version-history":[{"count":8,"href":"https:\/\/www.campus02.at\/en\/wp-json\/wp\/v2\/pages\/109929\/revisions"}],"predecessor-version":[{"id":122239,"href":"https:\/\/www.campus02.at\/en\/wp-json\/wp\/v2\/pages\/109929\/revisions\/122239"}],"wp:featuredmedia":[{"embeddable":true,"href":"https:\/\/www.campus02.at\/en\/wp-json\/wp\/v2\/media\/7069"}],"wp:attachment":[{"href":"https:\/\/www.campus02.at\/en\/wp-json\/wp\/v2\/media?parent=109929"}],"wp:term":[{"taxonomy":"author","embeddable":true,"href":"https:\/\/www.campus02.at\/en\/wp-json\/wp\/v2\/coauthors?post=109929"}],"curies":[{"name":"wp","href":"https:\/\/api.w.org\/{rel}","templated":true}]}}