{"id":109321,"date":"2019-09-24T14:25:00","date_gmt":"2019-09-24T12:25:00","guid":{"rendered":"https:\/\/www.campus02.at\/?page_id=109321"},"modified":"2022-08-30T15:48:25","modified_gmt":"2022-08-30T13:48:25","slug":"fe-award-2019","status":"publish","type":"page","link":"https:\/\/www.campus02.at\/en\/fue\/fe-projekte\/fe-award-2019\/","title":{"rendered":"F&#038;E Award 2019"},"content":{"rendered":"<div class=\"flex-campus-main flex-campus-main-Heading\"><h1>F&amp;E Award 2019<\/h1><\/div><div class=\"flex-campus-main flex-campus-main-Text\"><p>Die zweite Verleihung des FH CAMPUS 02 F&amp;E-Preises fand im Oktober 2019 im Rahmen der Veranstaltung Wissensdurst statt. Nominiert waren insgesamt 6 Projekte, die in den letzten beiden Jahren an der FH CAMPUS 02 erarbeitet wurden.<\/p>\n<p>Als bestes F&amp;E Projekt 2017-2019 wurde das Projekt \u201eInsolvenzprophylaxe f\u00fcr Kleinunternehmen\u201c der Studienrichtung Rechnungswesen &amp; Controlling ausgezeichnet. Ausgehend vom Datenmaterial zu Insolvenzen des Kreditschutzverbands 1870 wurde ein Tool entwickelt, welches speziell f\u00fcr Kleinunternehmen ein Monitoring des Gesch\u00e4ftsverlaufs erm\u00f6glicht, um fr\u00fchzeitig auf Insolvenzgefahren hinzuweisen.<\/p>\n<\/div>","protected":false},"excerpt":{"rendered":"<p>F&amp;E Award 2019Die zweite Verleihung des FH CAMPUS 02 F&amp;E-Preises fand im Oktober 2019 im Rahmen der Veranstaltung <a href=\"https:\/\/www.campus02.at\/en\/fue\/fe-projekte\/fe-award-2019\/\" class=\"more-link\">more&hellip;<\/a><\/p>","protected":false},"author":186,"featured_media":0,"parent":1869,"menu_order":0,"comment_status":"closed","ping_status":"closed","template":"custom-projects.php","meta":{"_acf_changed":false,"footnotes":""},"coauthors":[1113,679],"class_list":["post-109321","page","type-page","status-publish","hentry"],"acf":[],"yoast_head":"<!-- This site is optimized with the Yoast SEO plugin v26.9 - https:\/\/yoast.com\/product\/yoast-seo-wordpress\/ -->\n<title>F&amp;E Award 2019 - FH CAMPUS 02<\/title>\n<meta name=\"robots\" content=\"index, follow, max-snippet:-1, max-image-preview:large, max-video-preview:-1\" \/>\n<link rel=\"canonical\" href=\"https:\/\/www.campus02.at\/en\/fue\/fe-projekte\/fe-award-2019\/\" \/>\n<meta property=\"og:locale\" content=\"en_GB\" \/>\n<meta property=\"og:type\" content=\"article\" \/>\n<meta property=\"og:title\" content=\"F&amp;E Award 2019 - FH CAMPUS 02\" \/>\n<meta property=\"og:description\" content=\"F&amp;E Award 2019Die zweite Verleihung des FH CAMPUS 02 F&amp;E-Preises fand im Oktober 2019 im Rahmen der Veranstaltung more&hellip;\" \/>\n<meta property=\"og:url\" content=\"https:\/\/www.campus02.at\/en\/fue\/fe-projekte\/fe-award-2019\/\" \/>\n<meta property=\"og:site_name\" content=\"FH CAMPUS 02\" \/>\n<meta property=\"article:modified_time\" content=\"2022-08-30T13:48:25+00:00\" \/>\n<meta property=\"og:image\" content=\"https:\/\/www.campus02.at\/wp-content\/uploads\/2015\/10\/T_LEI2980.jpg\" \/>\n\t<meta property=\"og:image:width\" content=\"1200\" \/>\n\t<meta property=\"og:image:height\" content=\"630\" \/>\n\t<meta property=\"og:image:type\" content=\"image\/jpeg\" \/>\n<meta name=\"twitter:card\" content=\"summary_large_image\" \/>\n<meta name=\"twitter:label1\" content=\"Written by\" \/>\n\t<meta name=\"twitter:data1\" content=\"Wolf Wilfried\" \/>\n<script type=\"application\/ld+json\" class=\"yoast-schema-graph\">{\"@context\":\"https:\/\/schema.org\",\"@graph\":[{\"@type\":\"WebPage\",\"@id\":\"https:\/\/www.campus02.at\/fue\/fe-projekte\/fe-award-2019\/\",\"url\":\"https:\/\/www.campus02.at\/fue\/fe-projekte\/fe-award-2019\/\",\"name\":\"F&E Award 2019 - FH CAMPUS 02\",\"isPartOf\":{\"@id\":\"https:\/\/www.campus02.at\/#website\"},\"datePublished\":\"2019-09-24T12:25:00+00:00\",\"dateModified\":\"2022-08-30T13:48:25+00:00\",\"breadcrumb\":{\"@id\":\"https:\/\/www.campus02.at\/fue\/fe-projekte\/fe-award-2019\/#breadcrumb\"},\"inLanguage\":\"en-GB\",\"potentialAction\":[{\"@type\":\"ReadAction\",\"target\":[\"https:\/\/www.campus02.at\/fue\/fe-projekte\/fe-award-2019\/\"]}]},{\"@type\":\"BreadcrumbList\",\"@id\":\"https:\/\/www.campus02.at\/fue\/fe-projekte\/fe-award-2019\/#breadcrumb\",\"itemListElement\":[{\"@type\":\"ListItem\",\"position\":1,\"name\":\"Startseite\",\"item\":\"https:\/\/www.campus02.at\/\"},{\"@type\":\"ListItem\",\"position\":2,\"name\":\"Forschung &amp; Entwicklung\",\"item\":\"https:\/\/www.campus02.at\/fue\/\"},{\"@type\":\"ListItem\",\"position\":3,\"name\":\"Projekte\",\"item\":\"https:\/\/www.campus02.at\/fue\/fe-projekte\/\"},{\"@type\":\"ListItem\",\"position\":4,\"name\":\"F&#038;E Award 2019\"}]},{\"@type\":\"WebSite\",\"@id\":\"https:\/\/www.campus02.at\/#website\",\"url\":\"https:\/\/www.campus02.at\/\",\"name\":\"FH CAMPUS 02\",\"description\":\"\",\"publisher\":{\"@id\":\"https:\/\/www.campus02.at\/#organization\"},\"potentialAction\":[{\"@type\":\"SearchAction\",\"target\":{\"@type\":\"EntryPoint\",\"urlTemplate\":\"https:\/\/www.campus02.at\/?s={search_term_string}\"},\"query-input\":{\"@type\":\"PropertyValueSpecification\",\"valueRequired\":true,\"valueName\":\"search_term_string\"}}],\"inLanguage\":\"en-GB\"},{\"@type\":\"Organization\",\"@id\":\"https:\/\/www.campus02.at\/#organization\",\"name\":\"FH CAMPUS 02\",\"url\":\"https:\/\/www.campus02.at\/\",\"logo\":{\"@type\":\"ImageObject\",\"inLanguage\":\"en-GB\",\"@id\":\"https:\/\/www.campus02.at\/#\/schema\/logo\/image\/\",\"url\":\"https:\/\/www.campus02.at\/wp-content\/uploads\/2016\/10\/Logo.jpg\",\"contentUrl\":\"https:\/\/www.campus02.at\/wp-content\/uploads\/2016\/10\/Logo.jpg\",\"width\":1108,\"height\":440,\"caption\":\"FH CAMPUS 02\"},\"image\":{\"@id\":\"https:\/\/www.campus02.at\/#\/schema\/logo\/image\/\"}}]}<\/script>\n<!-- \/ Yoast SEO plugin. -->","yoast_head_json":{"title":"F&E Award 2019 - FH CAMPUS 02","robots":{"index":"index","follow":"follow","max-snippet":"max-snippet:-1","max-image-preview":"max-image-preview:large","max-video-preview":"max-video-preview:-1"},"canonical":"https:\/\/www.campus02.at\/en\/fue\/fe-projekte\/fe-award-2019\/","og_locale":"en_GB","og_type":"article","og_title":"F&E Award 2019 - FH CAMPUS 02","og_description":"F&amp;E Award 2019Die zweite Verleihung des FH CAMPUS 02 F&amp;E-Preises fand im Oktober 2019 im Rahmen der Veranstaltung more&hellip;","og_url":"https:\/\/www.campus02.at\/en\/fue\/fe-projekte\/fe-award-2019\/","og_site_name":"FH CAMPUS 02","article_modified_time":"2022-08-30T13:48:25+00:00","og_image":[{"width":1200,"height":630,"url":"https:\/\/www.campus02.at\/wp-content\/uploads\/2015\/10\/T_LEI2980.jpg","type":"image\/jpeg"}],"twitter_card":"summary_large_image","twitter_misc":{"Written by":"Wolf Wilfried"},"schema":{"@context":"https:\/\/schema.org","@graph":[{"@type":"WebPage","@id":"https:\/\/www.campus02.at\/fue\/fe-projekte\/fe-award-2019\/","url":"https:\/\/www.campus02.at\/fue\/fe-projekte\/fe-award-2019\/","name":"F&E Award 2019 - FH CAMPUS 02","isPartOf":{"@id":"https:\/\/www.campus02.at\/#website"},"datePublished":"2019-09-24T12:25:00+00:00","dateModified":"2022-08-30T13:48:25+00:00","breadcrumb":{"@id":"https:\/\/www.campus02.at\/fue\/fe-projekte\/fe-award-2019\/#breadcrumb"},"inLanguage":"en-GB","potentialAction":[{"@type":"ReadAction","target":["https:\/\/www.campus02.at\/fue\/fe-projekte\/fe-award-2019\/"]}]},{"@type":"BreadcrumbList","@id":"https:\/\/www.campus02.at\/fue\/fe-projekte\/fe-award-2019\/#breadcrumb","itemListElement":[{"@type":"ListItem","position":1,"name":"Startseite","item":"https:\/\/www.campus02.at\/"},{"@type":"ListItem","position":2,"name":"Forschung &amp; Entwicklung","item":"https:\/\/www.campus02.at\/fue\/"},{"@type":"ListItem","position":3,"name":"Projekte","item":"https:\/\/www.campus02.at\/fue\/fe-projekte\/"},{"@type":"ListItem","position":4,"name":"F&#038;E Award 2019"}]},{"@type":"WebSite","@id":"https:\/\/www.campus02.at\/#website","url":"https:\/\/www.campus02.at\/","name":"CAMPUS 02 UAS","description":"","publisher":{"@id":"https:\/\/www.campus02.at\/#organization"},"potentialAction":[{"@type":"SearchAction","target":{"@type":"EntryPoint","urlTemplate":"https:\/\/www.campus02.at\/?s={search_term_string}"},"query-input":{"@type":"PropertyValueSpecification","valueRequired":true,"valueName":"search_term_string"}}],"inLanguage":"en-GB"},{"@type":"Organization","@id":"https:\/\/www.campus02.at\/#organization","name":"CAMPUS 02 UAS","url":"https:\/\/www.campus02.at\/","logo":{"@type":"ImageObject","inLanguage":"en-GB","@id":"https:\/\/www.campus02.at\/#\/schema\/logo\/image\/","url":"https:\/\/www.campus02.at\/wp-content\/uploads\/2016\/10\/Logo.jpg","contentUrl":"https:\/\/www.campus02.at\/wp-content\/uploads\/2016\/10\/Logo.jpg","width":1108,"height":440,"caption":"FH CAMPUS 02"},"image":{"@id":"https:\/\/www.campus02.at\/#\/schema\/logo\/image\/"}}]}},"_links":{"self":[{"href":"https:\/\/www.campus02.at\/en\/wp-json\/wp\/v2\/pages\/109321","targetHints":{"allow":["GET"]}}],"collection":[{"href":"https:\/\/www.campus02.at\/en\/wp-json\/wp\/v2\/pages"}],"about":[{"href":"https:\/\/www.campus02.at\/en\/wp-json\/wp\/v2\/types\/page"}],"author":[{"embeddable":true,"href":"https:\/\/www.campus02.at\/en\/wp-json\/wp\/v2\/users\/186"}],"replies":[{"embeddable":true,"href":"https:\/\/www.campus02.at\/en\/wp-json\/wp\/v2\/comments?post=109321"}],"version-history":[{"count":7,"href":"https:\/\/www.campus02.at\/en\/wp-json\/wp\/v2\/pages\/109321\/revisions"}],"predecessor-version":[{"id":121767,"href":"https:\/\/www.campus02.at\/en\/wp-json\/wp\/v2\/pages\/109321\/revisions\/121767"}],"up":[{"embeddable":true,"href":"https:\/\/www.campus02.at\/en\/wp-json\/wp\/v2\/pages\/1869"}],"wp:attachment":[{"href":"https:\/\/www.campus02.at\/en\/wp-json\/wp\/v2\/media?parent=109321"}],"wp:term":[{"taxonomy":"author","embeddable":true,"href":"https:\/\/www.campus02.at\/en\/wp-json\/wp\/v2\/coauthors?post=109321"}],"curies":[{"name":"wp","href":"https:\/\/api.w.org\/{rel}","templated":true}]}}