{"id":104536,"date":"2018-10-11T15:28:19","date_gmt":"2018-10-11T13:28:19","guid":{"rendered":"https:\/\/www.campus02.at\/?page_id=104536"},"modified":"2025-01-10T08:43:50","modified_gmt":"2025-01-10T07:43:50","slug":"ds-leistungsstipendium","status":"publish","type":"page","link":"https:\/\/www.campus02.at\/en\/startseite\/datenschutz\/ds-leistungsstipendium\/","title":{"rendered":"Privacy statement for <br>merit scholarship applicants"},"content":{"rendered":"<div data-elementor-type=\"wp-page\" data-elementor-id=\"104536\" class=\"elementor elementor-104536\" data-elementor-post-type=\"page\">\n\t\t\t\t<div class=\"elementor-element elementor-element-54e98997 e-con-full e-flex e-con e-parent\" data-id=\"54e98997\" data-element_type=\"container\">\n\t\t\t\t<div class=\"elementor-element elementor-element-73b9a104 elementor-widget elementor-widget-image\" data-id=\"73b9a104\" data-element_type=\"widget\" data-widget_type=\"image.default\">\n\t\t\t\t<div class=\"elementor-widget-container\">\n\t\t\t\t\t\t\t\t\t\t\t\t\t<img fetchpriority=\"high\" decoding=\"async\" width=\"1920\" height=\"400\" src=\"https:\/\/www.campus02.at\/wp-content\/uploads\/2016\/10\/LEI5782_Header-1920x400.jpg\" class=\"attachment-campus_large_hd size-campus_large_hd wp-image-7964\" alt=\"Geb\u00e4ude der FH Campus 02\" srcset=\"https:\/\/www.campus02.at\/wp-content\/uploads\/2016\/10\/LEI5782_Header-1920x400.jpg 1920w, https:\/\/www.campus02.at\/wp-content\/uploads\/2016\/10\/LEI5782_Header-300x62.jpg 300w, https:\/\/www.campus02.at\/wp-content\/uploads\/2016\/10\/LEI5782_Header-1024x213.jpg 1024w\" sizes=\"(max-width: 1920px) 100vw, 1920px\" \/>\t\t\t\t\t\t\t\t\t\t\t\t\t<\/div>\n\t\t\t\t<\/div>\n\t\t\t\t<\/div>\n\t\t<div class=\"elementor-element elementor-element-1d1ce34d e-flex e-con-boxed e-con e-parent\" data-id=\"1d1ce34d\" data-element_type=\"container\">\n\t\t\t\t\t<div class=\"e-con-inner\">\n\t\t<div class=\"elementor-element elementor-element-5da856ad e-con-full e-flex e-con e-child\" data-id=\"5da856ad\" data-element_type=\"container\">\n\t\t<div class=\"elementor-element elementor-element-7fde85b1 e-con-full e-flex e-con e-child\" data-id=\"7fde85b1\" data-element_type=\"container\">\n\t\t\t\t<div class=\"elementor-element elementor-element-1937b3d elementor-widget elementor-widget-heading\" data-id=\"1937b3d\" data-element_type=\"widget\" data-widget_type=\"heading.default\">\n\t\t\t\t<div class=\"elementor-widget-container\">\n\t\t\t<div class=\"elementor-heading-title elementor-size-default\">Privacy Statement<\/div>\t\t<\/div>\n\t\t\t\t<\/div>\n\t\t\t\t<div class=\"elementor-element elementor-element-3c06727a elementor-widget elementor-widget-heading\" data-id=\"3c06727a\" data-element_type=\"widget\" data-widget_type=\"heading.default\">\n\t\t\t\t<div class=\"elementor-widget-container\">\n\t\t\t<h1 class=\"elementor-heading-title elementor-size-default\">FOR MERIT SCHOLARSHIP APPLICANTS<\/h1>\t\t<\/div>\n\t\t\t\t<\/div>\n\t\t\t\t<\/div>\n\t\t\t\t<\/div>\n\t\t<div class=\"elementor-element elementor-element-5afb8dc2 e-con-full e-flex e-con e-child\" data-id=\"5afb8dc2\" data-element_type=\"container\">\n\t\t\t\t<div class=\"elementor-element elementor-element-6c91dde elementor-widget elementor-widget-text-editor\" data-id=\"6c91dde\" data-element_type=\"widget\" data-widget_type=\"text-editor.default\">\n\t\t\t\t<div class=\"elementor-widget-container\">\n\t\t\t\t\t\t\tProtecting your data is of utmost importance to us. Our privacy statements for different groups of data subjects offer a brief overview of the personal data we collect and what it is used for.\t\t\t\t\t\t<\/div>\n\t\t\t\t<\/div>\n\t\t\t\t<div class=\"elementor-element elementor-element-6b44c6f5 elementor-widget elementor-widget-n-accordion\" data-id=\"6b44c6f5\" data-element_type=\"widget\" data-settings=\"{&quot;default_state&quot;:&quot;all_collapsed&quot;,&quot;max_items_expended&quot;:&quot;one&quot;,&quot;n_accordion_animation_duration&quot;:{&quot;unit&quot;:&quot;ms&quot;,&quot;size&quot;:400,&quot;sizes&quot;:[]}}\" data-widget_type=\"nested-accordion.default\">\n\t\t\t\t<div class=\"elementor-widget-container\">\n\t\t\t\t\t<div class=\"e-n-accordion\" aria-label=\"Accordion. Open links with Enter or Space, close with Escape, and navigate with Arrow Keys\">\n\t\t\t\t\t\t<details id=\"e-n-accordion-item-1790\" class=\"e-n-accordion-item\" >\n\t\t\t\t<summary class=\"e-n-accordion-item-title\" data-accordion-index=\"1\" tabindex=\"0\" aria-expanded=\"false\" aria-controls=\"e-n-accordion-item-1790\" >\n\t\t\t\t\t<span class='e-n-accordion-item-title-header'><div class=\"e-n-accordion-item-title-text\"> Data collection, purpose and legal grounds <\/div><\/span>\n\t\t\t\t\t\t\t<span class='e-n-accordion-item-title-icon'>\n\t\t\t<span class='e-opened' ><i aria-hidden=\"true\" class=\"fas fa-minus\"><\/i><\/span>\n\t\t\t<span class='e-closed'><i aria-hidden=\"true\" class=\"fas fa-plus\"><\/i><\/span>\n\t\t<\/span>\n\n\t\t\t\t\t\t<\/summary>\n\t\t\t\t<div role=\"region\" aria-labelledby=\"e-n-accordion-item-1790\" class=\"elementor-element elementor-element-1bca6085 e-flex e-con-boxed e-con e-child\" data-id=\"1bca6085\" data-element_type=\"container\">\n\t\t\t\t\t<div class=\"e-con-inner\">\n\t\t\t\t<div class=\"elementor-element elementor-element-4066a8e0 elementor-widget elementor-widget-text-editor\" data-id=\"4066a8e0\" data-element_type=\"widget\" data-widget_type=\"text-editor.default\">\n\t\t\t\t<div class=\"elementor-widget-container\">\n\t\t\t\t\t\t\t<p>We, CAMPUS 02 University of Applied Sciences (abbr. CAMPUS 02 UAS), K\u00f6rblergasse 126, 8010 Graz, Austria, process personal data you provide in the course of your application for a merit scholarship by automated means.<\/p><p>We process your data based on legal obligations regarding scholarship management according to the Student Support Act (Studienf\u00f6rderungsgesetz, StudFG). You have no obligation to provide us with your data. Without this data, however, processing your application is unfortunately not possible.<\/p>\t\t\t\t\t\t<\/div>\n\t\t\t\t<\/div>\n\t\t\t\t\t<\/div>\n\t\t\t\t<\/div>\n\t\t\t\t\t<\/details>\n\t\t\t\t\t\t<details id=\"e-n-accordion-item-1791\" class=\"e-n-accordion-item\" >\n\t\t\t\t<summary class=\"e-n-accordion-item-title\" data-accordion-index=\"2\" tabindex=\"-1\" aria-expanded=\"false\" aria-controls=\"e-n-accordion-item-1791\" >\n\t\t\t\t\t<span class='e-n-accordion-item-title-header'><div class=\"e-n-accordion-item-title-text\"> Data erasure <\/div><\/span>\n\t\t\t\t\t\t\t<span class='e-n-accordion-item-title-icon'>\n\t\t\t<span class='e-opened' ><i aria-hidden=\"true\" class=\"fas fa-minus\"><\/i><\/span>\n\t\t\t<span class='e-closed'><i aria-hidden=\"true\" class=\"fas fa-plus\"><\/i><\/span>\n\t\t<\/span>\n\n\t\t\t\t\t\t<\/summary>\n\t\t\t\t<div role=\"region\" aria-labelledby=\"e-n-accordion-item-1791\" class=\"elementor-element elementor-element-65b6cb37 e-flex e-con-boxed e-con e-child\" data-id=\"65b6cb37\" data-element_type=\"container\">\n\t\t\t\t\t<div class=\"e-con-inner\">\n\t\t\t\t<div class=\"elementor-element elementor-element-282f96a3 elementor-widget elementor-widget-text-editor\" data-id=\"282f96a3\" data-element_type=\"widget\" data-widget_type=\"text-editor.default\">\n\t\t\t\t<div class=\"elementor-widget-container\">\n\t\t\t\t\t\t\t<p>If you will be accepted, your personal data is held based on legal obligations according to Art. 36e of the Transparent Database Act (Transparenzdatenbankgesetz, TDBG) for a period of 10 years, starting from the end of the academic year in which the merit scholarship is awarded. Your data will be erased upon expiry of the retention period. If your application is rejected, your personal data will be deleted at the end of the academic year in which you submitted your application.<\/p>\t\t\t\t\t\t<\/div>\n\t\t\t\t<\/div>\n\t\t\t\t\t<\/div>\n\t\t\t\t<\/div>\n\t\t\t\t\t<\/details>\n\t\t\t\t\t\t<details id=\"e-n-accordion-item-1792\" class=\"e-n-accordion-item\" >\n\t\t\t\t<summary class=\"e-n-accordion-item-title\" data-accordion-index=\"3\" tabindex=\"-1\" aria-expanded=\"false\" aria-controls=\"e-n-accordion-item-1792\" >\n\t\t\t\t\t<span class='e-n-accordion-item-title-header'><div class=\"e-n-accordion-item-title-text\"> Recipients of data transfers <\/div><\/span>\n\t\t\t\t\t\t\t<span class='e-n-accordion-item-title-icon'>\n\t\t\t<span class='e-opened' ><i aria-hidden=\"true\" class=\"fas fa-minus\"><\/i><\/span>\n\t\t\t<span class='e-closed'><i aria-hidden=\"true\" class=\"fas fa-plus\"><\/i><\/span>\n\t\t<\/span>\n\n\t\t\t\t\t\t<\/summary>\n\t\t\t\t<div role=\"region\" aria-labelledby=\"e-n-accordion-item-1792\" class=\"elementor-element elementor-element-668e33b4 e-flex e-con-boxed e-con e-child\" data-id=\"668e33b4\" data-element_type=\"container\">\n\t\t\t\t\t<div class=\"e-con-inner\">\n\t\t\t\t<div class=\"elementor-element elementor-element-732814fc elementor-widget elementor-widget-text-editor\" data-id=\"732814fc\" data-element_type=\"widget\" data-widget_type=\"text-editor.default\">\n\t\t\t\t<div class=\"elementor-widget-container\">\n\t\t\t\t\t\t\t<p>Your personal data is treated as confidential and is mainly processed only by CAMPUS 02 UAS staff members internally.<\/p><p>Merit scholarships are awarded based on Art. 61 of the Student Support Act upon consultation with the student representatives of CAMPUS 02 UAS.<\/p><p>According to the TDBG, if students and graduates have been awarded a merit scholarship, their personal data must be communicated to the Austrian Transparency Database (Transparenzdatenbank).<\/p>\t\t\t\t\t\t<\/div>\n\t\t\t\t<\/div>\n\t\t\t\t\t<\/div>\n\t\t\t\t<\/div>\n\t\t\t\t\t<\/details>\n\t\t\t\t\t<\/div>\n\t\t\t\t<\/div>\n\t\t\t\t<\/div>\n\t\t\t\t<div class=\"elementor-element elementor-element-125a6ccc elementor-widget elementor-widget-text-editor\" data-id=\"125a6ccc\" data-element_type=\"widget\" data-widget_type=\"text-editor.default\">\n\t\t\t\t<div class=\"elementor-widget-container\">\n\t\t\t\t\t\t\t<p>Please note that we will update this privacy statement from time to time (e.g. due to law amendments, usage of new technology, new study opportunities). We recommend that you regularly check it for updates.<\/p>\t\t\t\t\t\t<\/div>\n\t\t\t\t<\/div>\n\t\t<div class=\"elementor-element elementor-element-6513c084 e-con-full e-flex e-con e-child\" data-id=\"6513c084\" data-element_type=\"container\" data-settings=\"{&quot;background_background&quot;:&quot;classic&quot;}\">\n\t\t\t\t<div class=\"elementor-element elementor-element-59c3a61c elementor-widget elementor-widget-text-editor\" data-id=\"59c3a61c\" data-element_type=\"widget\" data-widget_type=\"text-editor.default\">\n\t\t\t\t<div class=\"elementor-widget-container\">\n\t\t\t\t\t\t\t<p>In general, you have right of access, the right to rectification, to erasure, to restrict, to data portability, to withdraw and to object.<br \/><strong>If you do, please contact us \u2014 we will be happy to help.<\/strong><\/p>\t\t\t\t\t\t<\/div>\n\t\t\t\t<\/div>\n\t\t\t\t<\/div>\n\t\t<div class=\"elementor-element elementor-element-7a093c41 e-con-full e-flex e-con e-child\" data-id=\"7a093c41\" data-element_type=\"container\" data-settings=\"{&quot;background_background&quot;:&quot;classic&quot;}\">\n\t\t<div class=\"elementor-element elementor-element-26aeaeb4 e-grid e-con-full e-con e-child\" data-id=\"26aeaeb4\" data-element_type=\"container\">\n\t\t\t\t<div class=\"elementor-element elementor-element-3dee20e2 elementor-widget elementor-widget-text-editor\" data-id=\"3dee20e2\" data-element_type=\"widget\" data-widget_type=\"text-editor.default\">\n\t\t\t\t<div class=\"elementor-widget-container\">\n\t\t\t\t\t\t\t<p class=\"translation-block\"><strong>Data Protection Coordination Team<br>at CAMPUS 02 UAS<\/strong><\/p><p>CAMPUS 02 - University of Applied Sciences<br \/>K\u00f6rblergasse 126, 8010 Graz<br \/>+43 316 6002-8909<br \/><a href=\"mailto:datenschutz@campus02.at\"><span style=\"text-decoration: underline;\">datenschutz@campus02.at<\/span><\/a><\/p>\t\t\t\t\t\t<\/div>\n\t\t\t\t<\/div>\n\t\t\t\t<div class=\"elementor-element elementor-element-483df66f elementor-widget elementor-widget-text-editor\" data-id=\"483df66f\" data-element_type=\"widget\" data-widget_type=\"text-editor.default\">\n\t\t\t\t<div class=\"elementor-widget-container\">\n\t\t\t\t\t\t\t<p class=\"translation-block\"><strong>Data Protection Officer<\/strong><br><strong>at CAMPUS 02 UAS<\/strong><\/p><p><a href=\"mailto:dsb@campus02.at\"><span style=\"text-decoration: underline;\">dsb@campus02.at<\/span><\/a><\/p>\t\t\t\t\t\t<\/div>\n\t\t\t\t<\/div>\n\t\t\t\t<\/div>\n\t\t\t\t<div class=\"elementor-element elementor-element-6dbcf7d7 elementor-widget elementor-widget-text-editor\" data-id=\"6dbcf7d7\" data-element_type=\"widget\" data-widget_type=\"text-editor.default\">\n\t\t\t\t<div class=\"elementor-widget-container\">\n\t\t\t\t\t\t\t<p class=\"translation-block\">If you believe that processing your data violates data protection laws or that your data protection rights have been infringed in some other way, you can also file a complaint with the supervisory authority. In Austria, the competent supervisory authority is the Austrian Data Protection Authority in Barichgasse 40-42, 1030 Vienna, telephone no.:+43 1 52 152-0, e-mail <span style=\"text-decoration: underline\"><a href=\"mailto:dsb@dsb.gv.at\" target=\"_blank\">dsb@dsb.gv.at<\/a><\/span>.<\/p>\t\t\t\t\t\t<\/div>\n\t\t\t\t<\/div>\n\t\t\t\t<\/div>\n\t\t\t\t<\/div>\n\t\t\t\t\t<\/div>\n\t\t\t\t<\/div>\n\t\t\t\t<\/div>","protected":false},"excerpt":{"rendered":"<p>Datenschutzerkl\u00e4rung Bewerber*innen f\u00fcr ein Leistungs\u00adstipendium Der Schutz Ihrer personenbezogenen Daten ist uns ein <a href=\"https:\/\/www.campus02.at\/en\/startseite\/datenschutz\/ds-leistungsstipendium\/\" class=\"more-link\">more&hellip;<\/a><\/p>","protected":false},"author":78,"featured_media":0,"parent":100911,"menu_order":6,"comment_status":"closed","ping_status":"closed","template":"elementor_header_footer","meta":{"_acf_changed":false,"footnotes":""},"coauthors":[677,1141],"class_list":["post-104536","page","type-page","status-publish","hentry"],"acf":[],"yoast_head":"<!-- This site is optimized with the Yoast SEO plugin v26.9 - https:\/\/yoast.com\/product\/yoast-seo-wordpress\/ -->\n<title>Datenschutzerkl\u00e4rung f\u00fcr Bewerber*innen f\u00fcr ein Leistungsstipendium - FH CAMPUS 02<\/title>\n<meta name=\"robots\" content=\"index, follow, max-snippet:-1, max-image-preview:large, max-video-preview:-1\" \/>\n<link rel=\"canonical\" href=\"https:\/\/www.campus02.at\/en\/startseite\/datenschutz\/ds-leistungsstipendium\/\" \/>\n<meta property=\"og:locale\" content=\"en_GB\" \/>\n<meta property=\"og:type\" content=\"article\" \/>\n<meta property=\"og:title\" content=\"Datenschutzerkl\u00e4rung f\u00fcr Bewerber*innen f\u00fcr ein Leistungsstipendium - FH CAMPUS 02\" \/>\n<meta property=\"og:description\" content=\"Datenschutzerkl\u00e4rung Bewerber*innen f\u00fcr ein Leistungs\u00adstipendium Der Schutz Ihrer personenbezogenen Daten ist uns ein more&hellip;\" \/>\n<meta property=\"og:url\" content=\"https:\/\/www.campus02.at\/en\/startseite\/datenschutz\/ds-leistungsstipendium\/\" \/>\n<meta property=\"og:site_name\" content=\"FH CAMPUS 02\" \/>\n<meta property=\"article:modified_time\" content=\"2025-01-10T07:43:50+00:00\" \/>\n<meta property=\"og:image\" content=\"https:\/\/www.campus02.at\/wp-content\/uploads\/2016\/10\/LEI5782_Header-1920x400.jpg\" \/>\n<meta name=\"twitter:card\" content=\"summary_large_image\" \/>\n<meta name=\"twitter:label1\" content=\"Estimated reading time\" \/>\n\t<meta name=\"twitter:data1\" content=\"4 minutes\" \/>\n\t<meta name=\"twitter:label2\" content=\"Written by\" \/>\n\t<meta name=\"twitter:data2\" content=\"G\u00f6dl Lisa, Ziegerhofer Theresa\" \/>\n<script type=\"application\/ld+json\" class=\"yoast-schema-graph\">{\"@context\":\"https:\/\/schema.org\",\"@graph\":[{\"@type\":\"WebPage\",\"@id\":\"https:\/\/www.campus02.at\/startseite\/datenschutz\/ds-leistungsstipendium\/\",\"url\":\"https:\/\/www.campus02.at\/startseite\/datenschutz\/ds-leistungsstipendium\/\",\"name\":\"Datenschutzerkl\u00e4rung f\u00fcr Bewerber*innen f\u00fcr ein Leistungsstipendium - FH CAMPUS 02\",\"isPartOf\":{\"@id\":\"https:\/\/www.campus02.at\/#website\"},\"primaryImageOfPage\":{\"@id\":\"https:\/\/www.campus02.at\/startseite\/datenschutz\/ds-leistungsstipendium\/#primaryimage\"},\"image\":{\"@id\":\"https:\/\/www.campus02.at\/startseite\/datenschutz\/ds-leistungsstipendium\/#primaryimage\"},\"thumbnailUrl\":\"https:\/\/www.campus02.at\/wp-content\/uploads\/2016\/10\/LEI5782_Header-1920x400.jpg\",\"datePublished\":\"2018-10-11T13:28:19+00:00\",\"dateModified\":\"2025-01-10T07:43:50+00:00\",\"breadcrumb\":{\"@id\":\"https:\/\/www.campus02.at\/startseite\/datenschutz\/ds-leistungsstipendium\/#breadcrumb\"},\"inLanguage\":\"en-GB\",\"potentialAction\":[{\"@type\":\"ReadAction\",\"target\":[\"https:\/\/www.campus02.at\/startseite\/datenschutz\/ds-leistungsstipendium\/\"]}]},{\"@type\":\"ImageObject\",\"inLanguage\":\"en-GB\",\"@id\":\"https:\/\/www.campus02.at\/startseite\/datenschutz\/ds-leistungsstipendium\/#primaryimage\",\"url\":\"https:\/\/www.campus02.at\/wp-content\/uploads\/2016\/10\/LEI5782_Header-1920x400.jpg\",\"contentUrl\":\"https:\/\/www.campus02.at\/wp-content\/uploads\/2016\/10\/LEI5782_Header-1920x400.jpg\"},{\"@type\":\"BreadcrumbList\",\"@id\":\"https:\/\/www.campus02.at\/startseite\/datenschutz\/ds-leistungsstipendium\/#breadcrumb\",\"itemListElement\":[{\"@type\":\"ListItem\",\"position\":1,\"name\":\"Startseite\",\"item\":\"https:\/\/www.campus02.at\/\"},{\"@type\":\"ListItem\",\"position\":2,\"name\":\"Startseite\",\"item\":\"https:\/\/www.campus02.at\/\"},{\"@type\":\"ListItem\",\"position\":3,\"name\":\"Datenschutz\",\"item\":\"https:\/\/www.campus02.at\/startseite\/datenschutz\/\"},{\"@type\":\"ListItem\",\"position\":4,\"name\":\"Datenschutzerkl\u00e4rung f\u00fcr Bewerber*innen f\u00fcr ein Leistungsstipendium\"}]},{\"@type\":\"WebSite\",\"@id\":\"https:\/\/www.campus02.at\/#website\",\"url\":\"https:\/\/www.campus02.at\/\",\"name\":\"FH CAMPUS 02\",\"description\":\"\",\"publisher\":{\"@id\":\"https:\/\/www.campus02.at\/#organization\"},\"potentialAction\":[{\"@type\":\"SearchAction\",\"target\":{\"@type\":\"EntryPoint\",\"urlTemplate\":\"https:\/\/www.campus02.at\/?s={search_term_string}\"},\"query-input\":{\"@type\":\"PropertyValueSpecification\",\"valueRequired\":true,\"valueName\":\"search_term_string\"}}],\"inLanguage\":\"en-GB\"},{\"@type\":\"Organization\",\"@id\":\"https:\/\/www.campus02.at\/#organization\",\"name\":\"FH CAMPUS 02\",\"url\":\"https:\/\/www.campus02.at\/\",\"logo\":{\"@type\":\"ImageObject\",\"inLanguage\":\"en-GB\",\"@id\":\"https:\/\/www.campus02.at\/#\/schema\/logo\/image\/\",\"url\":\"https:\/\/www.campus02.at\/wp-content\/uploads\/2016\/10\/Logo.jpg\",\"contentUrl\":\"https:\/\/www.campus02.at\/wp-content\/uploads\/2016\/10\/Logo.jpg\",\"width\":1108,\"height\":440,\"caption\":\"FH CAMPUS 02\"},\"image\":{\"@id\":\"https:\/\/www.campus02.at\/#\/schema\/logo\/image\/\"}}]}<\/script>\n<!-- \/ Yoast SEO plugin. -->","yoast_head_json":{"title":"Datenschutzerkl\u00e4rung f\u00fcr Bewerber*innen f\u00fcr ein Leistungsstipendium - FH CAMPUS 02","robots":{"index":"index","follow":"follow","max-snippet":"max-snippet:-1","max-image-preview":"max-image-preview:large","max-video-preview":"max-video-preview:-1"},"canonical":"https:\/\/www.campus02.at\/en\/startseite\/datenschutz\/ds-leistungsstipendium\/","og_locale":"en_GB","og_type":"article","og_title":"Datenschutzerkl\u00e4rung f\u00fcr Bewerber*innen f\u00fcr ein Leistungsstipendium - FH CAMPUS 02","og_description":"Datenschutzerkl\u00e4rung Bewerber*innen f\u00fcr ein Leistungs\u00adstipendium Der Schutz Ihrer personenbezogenen Daten ist uns ein more&hellip;","og_url":"https:\/\/www.campus02.at\/en\/startseite\/datenschutz\/ds-leistungsstipendium\/","og_site_name":"FH CAMPUS 02","article_modified_time":"2025-01-10T07:43:50+00:00","og_image":[{"url":"https:\/\/www.campus02.at\/wp-content\/uploads\/2016\/10\/LEI5782_Header-1920x400.jpg","type":"","width":"","height":""}],"twitter_card":"summary_large_image","twitter_misc":{"Estimated reading time":"4 minutes","Written by":"G\u00f6dl Lisa, Ziegerhofer Theresa"},"schema":{"@context":"https:\/\/schema.org","@graph":[{"@type":"WebPage","@id":"https:\/\/www.campus02.at\/startseite\/datenschutz\/ds-leistungsstipendium\/","url":"https:\/\/www.campus02.at\/startseite\/datenschutz\/ds-leistungsstipendium\/","name":"Datenschutzerkl\u00e4rung f\u00fcr Bewerber*innen f\u00fcr ein Leistungsstipendium - FH CAMPUS 02","isPartOf":{"@id":"https:\/\/www.campus02.at\/#website"},"primaryImageOfPage":{"@id":"https:\/\/www.campus02.at\/startseite\/datenschutz\/ds-leistungsstipendium\/#primaryimage"},"image":{"@id":"https:\/\/www.campus02.at\/startseite\/datenschutz\/ds-leistungsstipendium\/#primaryimage"},"thumbnailUrl":"https:\/\/www.campus02.at\/wp-content\/uploads\/2016\/10\/LEI5782_Header-1920x400.jpg","datePublished":"2018-10-11T13:28:19+00:00","dateModified":"2025-01-10T07:43:50+00:00","breadcrumb":{"@id":"https:\/\/www.campus02.at\/startseite\/datenschutz\/ds-leistungsstipendium\/#breadcrumb"},"inLanguage":"en-GB","potentialAction":[{"@type":"ReadAction","target":["https:\/\/www.campus02.at\/startseite\/datenschutz\/ds-leistungsstipendium\/"]}]},{"@type":"ImageObject","inLanguage":"en-GB","@id":"https:\/\/www.campus02.at\/startseite\/datenschutz\/ds-leistungsstipendium\/#primaryimage","url":"https:\/\/www.campus02.at\/wp-content\/uploads\/2016\/10\/LEI5782_Header-1920x400.jpg","contentUrl":"https:\/\/www.campus02.at\/wp-content\/uploads\/2016\/10\/LEI5782_Header-1920x400.jpg"},{"@type":"BreadcrumbList","@id":"https:\/\/www.campus02.at\/startseite\/datenschutz\/ds-leistungsstipendium\/#breadcrumb","itemListElement":[{"@type":"ListItem","position":1,"name":"Startseite","item":"https:\/\/www.campus02.at\/"},{"@type":"ListItem","position":2,"name":"Startseite","item":"https:\/\/www.campus02.at\/"},{"@type":"ListItem","position":3,"name":"Datenschutz","item":"https:\/\/www.campus02.at\/startseite\/datenschutz\/"},{"@type":"ListItem","position":4,"name":"Datenschutzerkl\u00e4rung f\u00fcr Bewerber*innen f\u00fcr ein Leistungsstipendium"}]},{"@type":"WebSite","@id":"https:\/\/www.campus02.at\/#website","url":"https:\/\/www.campus02.at\/","name":"CAMPUS 02 UAS","description":"","publisher":{"@id":"https:\/\/www.campus02.at\/#organization"},"potentialAction":[{"@type":"SearchAction","target":{"@type":"EntryPoint","urlTemplate":"https:\/\/www.campus02.at\/?s={search_term_string}"},"query-input":{"@type":"PropertyValueSpecification","valueRequired":true,"valueName":"search_term_string"}}],"inLanguage":"en-GB"},{"@type":"Organization","@id":"https:\/\/www.campus02.at\/#organization","name":"CAMPUS 02 UAS","url":"https:\/\/www.campus02.at\/","logo":{"@type":"ImageObject","inLanguage":"en-GB","@id":"https:\/\/www.campus02.at\/#\/schema\/logo\/image\/","url":"https:\/\/www.campus02.at\/wp-content\/uploads\/2016\/10\/Logo.jpg","contentUrl":"https:\/\/www.campus02.at\/wp-content\/uploads\/2016\/10\/Logo.jpg","width":1108,"height":440,"caption":"FH CAMPUS 02"},"image":{"@id":"https:\/\/www.campus02.at\/#\/schema\/logo\/image\/"}}]}},"_links":{"self":[{"href":"https:\/\/www.campus02.at\/en\/wp-json\/wp\/v2\/pages\/104536","targetHints":{"allow":["GET"]}}],"collection":[{"href":"https:\/\/www.campus02.at\/en\/wp-json\/wp\/v2\/pages"}],"about":[{"href":"https:\/\/www.campus02.at\/en\/wp-json\/wp\/v2\/types\/page"}],"author":[{"embeddable":true,"href":"https:\/\/www.campus02.at\/en\/wp-json\/wp\/v2\/users\/78"}],"replies":[{"embeddable":true,"href":"https:\/\/www.campus02.at\/en\/wp-json\/wp\/v2\/comments?post=104536"}],"version-history":[{"count":8,"href":"https:\/\/www.campus02.at\/en\/wp-json\/wp\/v2\/pages\/104536\/revisions"}],"predecessor-version":[{"id":154395,"href":"https:\/\/www.campus02.at\/en\/wp-json\/wp\/v2\/pages\/104536\/revisions\/154395"}],"up":[{"embeddable":true,"href":"https:\/\/www.campus02.at\/en\/wp-json\/wp\/v2\/pages\/100911"}],"wp:attachment":[{"href":"https:\/\/www.campus02.at\/en\/wp-json\/wp\/v2\/media?parent=104536"}],"wp:term":[{"taxonomy":"author","embeddable":true,"href":"https:\/\/www.campus02.at\/en\/wp-json\/wp\/v2\/coauthors?post=104536"}],"curies":[{"name":"wp","href":"https:\/\/api.w.org\/{rel}","templated":true}]}}