{"id":104468,"date":"2018-10-09T12:31:42","date_gmt":"2018-10-09T10:31:42","guid":{"rendered":"https:\/\/www.campus02.at\/?page_id=104468"},"modified":"2022-08-30T15:41:38","modified_gmt":"2022-08-30T13:41:38","slug":"vt-3d-druck-mit-den-fff-verfahren","status":"publish","type":"page","link":"https:\/\/www.campus02.at\/en\/vt-3d-druck-mit-den-fff-verfahren\/","title":{"rendered":"VT 3D Druck mit den FFF Verfahren"},"content":{"rendered":"<div class=\"flex-campus-main flex-campus-main-Heading\"><h1>3D Druck mit den FFF Verfahren<\/h1><\/div><div class=\"flex-campus-main flex-campus-main-Text\"><p>FFF \u2013 Fused Filament Fabrication: auch Fused Deposition Modeling (FDM), Schmelzschichtung oder thermoplastische Extrusion genannt, ist beim Rapid Prototyping ein sehr h\u00e4ufig eingesetztes Fertigungsverfahren f\u00fcr Modellierungen, Prototypenherstellung und Produktionsapplikationen. Die thermoplastischen Baustoffe werden durch Erhitzen verfl\u00fcssigt und unter Druck durch eine horizontal bewegte Heizd\u00fcse herausgepresst. Das gew\u00e4hlte Material wird in feinen Schichten und einer St\u00e4rke von mindestens 0,1 mm aufgetragen. F\u00fcr dieses Verfahren werden zwei Ger\u00e4te vorgesehen. Einerseits ein industrieller FFF-Drucker, welcher sowohl f\u00fcr experimentelle Zwecke als auch auftragsbezogen verwendet werden kann. Der gro\u00dfe Vorteil dieses Druckers ist die Flexibilit\u00e4t bezogen auf Materialauswahl, Austausch bzw. Modifizierung der Druckkopfeinheit und ein gro\u00dfer Bauraum um Kleinserienversuche durchzuf\u00fchren. Andererseits ein Faserdrucker oder Continous Filament Fabrication (CFF-Drucker) mit welchem durch die Einbringung unterschiedlicher Fasermaterialien (Glasfaser, Karbon, Kevlar) gezielt verst\u00e4rkte Bauteile f\u00fcr unterschiedliche Maschinenbau\u00adanwendungsgebiete hergestellt werden k\u00f6nnen.<\/p>\n<div class=\"li-wp-embed-container\">\n<div class=\"li-wp-embed-oembed\"><iframe title=\"3D Printing with FDM\" width=\"500\" height=\"281\" src=\"https:\/\/www.youtube.com\/embed\/rkUILe3zv98?feature=oembed\" frameborder=\"0\" allow=\"accelerometer; autoplay; clipboard-write; encrypted-media; gyroscope; picture-in-picture; web-share\" referrerpolicy=\"strict-origin-when-cross-origin\" allowfullscreen><\/iframe><\/div>\n<div class=\"li-wp-embed-cookie-notice translation-block\">Our embedded content is not displaying correctly for you? <a href=\"Cookiebot.renew()\/en\/\" target=\"_self\">Renew or change your cookie consent (Allow cookies)<\/a> or <a href=\"https:\/\/www.youtube.com\/watch?v=QYjbdyxssGk\" target=\"_blank\">view the content directly<\/a>.<\/div>\n<\/p><\/div>\n<p>&nbsp;<\/p>\n<\/div>","protected":false},"excerpt":{"rendered":"<p>3D Druck mit den FFF VerfahrenFFF \u2013 Fused Filament Fabrication: auch Fused Deposition Modeling (FDM), Schmelzschichtung oder <a href=\"https:\/\/www.campus02.at\/en\/vt-3d-druck-mit-den-fff-verfahren\/\" class=\"more-link\">more&hellip;<\/a><\/p>","protected":false},"author":186,"featured_media":0,"parent":0,"menu_order":58,"comment_status":"closed","ping_status":"closed","template":"","meta":{"_acf_changed":false,"footnotes":""},"coauthors":[1113,679],"class_list":["post-104468","page","type-page","status-publish","hentry"],"acf":[],"yoast_head":"<!-- This site is optimized with the Yoast SEO plugin v26.9 - https:\/\/yoast.com\/product\/yoast-seo-wordpress\/ -->\n<title>VT 3D Druck mit den FFF Verfahren - FH CAMPUS 02<\/title>\n<meta name=\"robots\" content=\"index, follow, max-snippet:-1, max-image-preview:large, max-video-preview:-1\" \/>\n<link rel=\"canonical\" href=\"https:\/\/www.campus02.at\/en\/vt-3d-druck-mit-den-fff-verfahren\/\" \/>\n<meta property=\"og:locale\" content=\"en_GB\" \/>\n<meta property=\"og:type\" content=\"article\" \/>\n<meta property=\"og:title\" content=\"VT 3D Druck mit den FFF Verfahren - FH CAMPUS 02\" \/>\n<meta property=\"og:description\" content=\"3D Druck mit den FFF VerfahrenFFF \u2013 Fused Filament Fabrication: auch Fused Deposition Modeling (FDM), Schmelzschichtung oder more&hellip;\" \/>\n<meta property=\"og:url\" content=\"https:\/\/www.campus02.at\/en\/vt-3d-druck-mit-den-fff-verfahren\/\" \/>\n<meta property=\"og:site_name\" content=\"FH CAMPUS 02\" \/>\n<meta property=\"article:modified_time\" content=\"2022-08-30T13:41:38+00:00\" \/>\n<meta property=\"og:image\" content=\"https:\/\/www.campus02.at\/wp-content\/uploads\/2015\/10\/T_LEI2980.jpg\" \/>\n\t<meta property=\"og:image:width\" content=\"1200\" \/>\n\t<meta property=\"og:image:height\" content=\"630\" \/>\n\t<meta property=\"og:image:type\" content=\"image\/jpeg\" \/>\n<meta name=\"twitter:card\" content=\"summary_large_image\" \/>\n<meta name=\"twitter:label1\" content=\"Written by\" \/>\n\t<meta name=\"twitter:data1\" content=\"Wolf Wilfried\" \/>\n<script type=\"application\/ld+json\" class=\"yoast-schema-graph\">{\"@context\":\"https:\/\/schema.org\",\"@graph\":[{\"@type\":\"WebPage\",\"@id\":\"https:\/\/www.campus02.at\/vt-3d-druck-mit-den-fff-verfahren\/\",\"url\":\"https:\/\/www.campus02.at\/vt-3d-druck-mit-den-fff-verfahren\/\",\"name\":\"VT 3D Druck mit den FFF Verfahren - FH CAMPUS 02\",\"isPartOf\":{\"@id\":\"https:\/\/www.campus02.at\/#website\"},\"datePublished\":\"2018-10-09T10:31:42+00:00\",\"dateModified\":\"2022-08-30T13:41:38+00:00\",\"breadcrumb\":{\"@id\":\"https:\/\/www.campus02.at\/vt-3d-druck-mit-den-fff-verfahren\/#breadcrumb\"},\"inLanguage\":\"en-GB\",\"potentialAction\":[{\"@type\":\"ReadAction\",\"target\":[\"https:\/\/www.campus02.at\/vt-3d-druck-mit-den-fff-verfahren\/\"]}]},{\"@type\":\"BreadcrumbList\",\"@id\":\"https:\/\/www.campus02.at\/vt-3d-druck-mit-den-fff-verfahren\/#breadcrumb\",\"itemListElement\":[{\"@type\":\"ListItem\",\"position\":1,\"name\":\"Startseite\",\"item\":\"https:\/\/www.campus02.at\/\"},{\"@type\":\"ListItem\",\"position\":2,\"name\":\"VT 3D Druck mit den FFF Verfahren\"}]},{\"@type\":\"WebSite\",\"@id\":\"https:\/\/www.campus02.at\/#website\",\"url\":\"https:\/\/www.campus02.at\/\",\"name\":\"FH CAMPUS 02\",\"description\":\"\",\"publisher\":{\"@id\":\"https:\/\/www.campus02.at\/#organization\"},\"potentialAction\":[{\"@type\":\"SearchAction\",\"target\":{\"@type\":\"EntryPoint\",\"urlTemplate\":\"https:\/\/www.campus02.at\/?s={search_term_string}\"},\"query-input\":{\"@type\":\"PropertyValueSpecification\",\"valueRequired\":true,\"valueName\":\"search_term_string\"}}],\"inLanguage\":\"en-GB\"},{\"@type\":\"Organization\",\"@id\":\"https:\/\/www.campus02.at\/#organization\",\"name\":\"FH CAMPUS 02\",\"url\":\"https:\/\/www.campus02.at\/\",\"logo\":{\"@type\":\"ImageObject\",\"inLanguage\":\"en-GB\",\"@id\":\"https:\/\/www.campus02.at\/#\/schema\/logo\/image\/\",\"url\":\"https:\/\/www.campus02.at\/wp-content\/uploads\/2016\/10\/Logo.jpg\",\"contentUrl\":\"https:\/\/www.campus02.at\/wp-content\/uploads\/2016\/10\/Logo.jpg\",\"width\":1108,\"height\":440,\"caption\":\"FH CAMPUS 02\"},\"image\":{\"@id\":\"https:\/\/www.campus02.at\/#\/schema\/logo\/image\/\"}}]}<\/script>\n<!-- \/ Yoast SEO plugin. -->","yoast_head_json":{"title":"VT 3D Druck mit den FFF Verfahren - FH CAMPUS 02","robots":{"index":"index","follow":"follow","max-snippet":"max-snippet:-1","max-image-preview":"max-image-preview:large","max-video-preview":"max-video-preview:-1"},"canonical":"https:\/\/www.campus02.at\/en\/vt-3d-druck-mit-den-fff-verfahren\/","og_locale":"en_GB","og_type":"article","og_title":"VT 3D Druck mit den FFF Verfahren - FH CAMPUS 02","og_description":"3D Druck mit den FFF VerfahrenFFF \u2013 Fused Filament Fabrication: auch Fused Deposition Modeling (FDM), Schmelzschichtung oder more&hellip;","og_url":"https:\/\/www.campus02.at\/en\/vt-3d-druck-mit-den-fff-verfahren\/","og_site_name":"FH CAMPUS 02","article_modified_time":"2022-08-30T13:41:38+00:00","og_image":[{"width":1200,"height":630,"url":"https:\/\/www.campus02.at\/wp-content\/uploads\/2015\/10\/T_LEI2980.jpg","type":"image\/jpeg"}],"twitter_card":"summary_large_image","twitter_misc":{"Written by":"Wolf Wilfried"},"schema":{"@context":"https:\/\/schema.org","@graph":[{"@type":"WebPage","@id":"https:\/\/www.campus02.at\/vt-3d-druck-mit-den-fff-verfahren\/","url":"https:\/\/www.campus02.at\/vt-3d-druck-mit-den-fff-verfahren\/","name":"VT 3D Druck mit den FFF Verfahren - FH CAMPUS 02","isPartOf":{"@id":"https:\/\/www.campus02.at\/#website"},"datePublished":"2018-10-09T10:31:42+00:00","dateModified":"2022-08-30T13:41:38+00:00","breadcrumb":{"@id":"https:\/\/www.campus02.at\/vt-3d-druck-mit-den-fff-verfahren\/#breadcrumb"},"inLanguage":"en-GB","potentialAction":[{"@type":"ReadAction","target":["https:\/\/www.campus02.at\/vt-3d-druck-mit-den-fff-verfahren\/"]}]},{"@type":"BreadcrumbList","@id":"https:\/\/www.campus02.at\/vt-3d-druck-mit-den-fff-verfahren\/#breadcrumb","itemListElement":[{"@type":"ListItem","position":1,"name":"Startseite","item":"https:\/\/www.campus02.at\/"},{"@type":"ListItem","position":2,"name":"VT 3D Druck mit den FFF Verfahren"}]},{"@type":"WebSite","@id":"https:\/\/www.campus02.at\/#website","url":"https:\/\/www.campus02.at\/","name":"CAMPUS 02 UAS","description":"","publisher":{"@id":"https:\/\/www.campus02.at\/#organization"},"potentialAction":[{"@type":"SearchAction","target":{"@type":"EntryPoint","urlTemplate":"https:\/\/www.campus02.at\/?s={search_term_string}"},"query-input":{"@type":"PropertyValueSpecification","valueRequired":true,"valueName":"search_term_string"}}],"inLanguage":"en-GB"},{"@type":"Organization","@id":"https:\/\/www.campus02.at\/#organization","name":"CAMPUS 02 UAS","url":"https:\/\/www.campus02.at\/","logo":{"@type":"ImageObject","inLanguage":"en-GB","@id":"https:\/\/www.campus02.at\/#\/schema\/logo\/image\/","url":"https:\/\/www.campus02.at\/wp-content\/uploads\/2016\/10\/Logo.jpg","contentUrl":"https:\/\/www.campus02.at\/wp-content\/uploads\/2016\/10\/Logo.jpg","width":1108,"height":440,"caption":"FH CAMPUS 02"},"image":{"@id":"https:\/\/www.campus02.at\/#\/schema\/logo\/image\/"}}]}},"_links":{"self":[{"href":"https:\/\/www.campus02.at\/en\/wp-json\/wp\/v2\/pages\/104468","targetHints":{"allow":["GET"]}}],"collection":[{"href":"https:\/\/www.campus02.at\/en\/wp-json\/wp\/v2\/pages"}],"about":[{"href":"https:\/\/www.campus02.at\/en\/wp-json\/wp\/v2\/types\/page"}],"author":[{"embeddable":true,"href":"https:\/\/www.campus02.at\/en\/wp-json\/wp\/v2\/users\/186"}],"replies":[{"embeddable":true,"href":"https:\/\/www.campus02.at\/en\/wp-json\/wp\/v2\/comments?post=104468"}],"version-history":[{"count":6,"href":"https:\/\/www.campus02.at\/en\/wp-json\/wp\/v2\/pages\/104468\/revisions"}],"predecessor-version":[{"id":104498,"href":"https:\/\/www.campus02.at\/en\/wp-json\/wp\/v2\/pages\/104468\/revisions\/104498"}],"wp:attachment":[{"href":"https:\/\/www.campus02.at\/en\/wp-json\/wp\/v2\/media?parent=104468"}],"wp:term":[{"taxonomy":"author","embeddable":true,"href":"https:\/\/www.campus02.at\/en\/wp-json\/wp\/v2\/coauthors?post=104468"}],"curies":[{"name":"wp","href":"https:\/\/api.w.org\/{rel}","templated":true}]}}