{"id":104467,"date":"2018-10-09T12:31:13","date_gmt":"2018-10-09T10:31:13","guid":{"rendered":"https:\/\/www.campus02.at\/?page_id=104467"},"modified":"2022-08-30T15:41:24","modified_gmt":"2022-08-30T13:41:24","slug":"vt-3d-druck-mit-dem-pulverschichtverfahren","status":"publish","type":"page","link":"https:\/\/www.campus02.at\/en\/vt-3d-druck-mit-dem-pulverschichtverfahren\/","title":{"rendered":"VT  3D Druck mit dem Pulverschichtverfahren"},"content":{"rendered":"<div class=\"flex-campus-main flex-campus-main-Heading\"><h1>3D Druck mit dem Pulverschichtverfahren<\/h1><\/div><div class=\"flex-campus-main flex-campus-main-Text\"><p>Beim\u00a0 Pulverschichtverfahren wird auf einer h\u00f6henver\u00e4nderlichen Arbeitsplattform eine ca. 0,1 mm d\u00fcnne Pulverschicht (Gips-Keramikpulver) mit einer Walze aufgetragen. Auf diese Pulverschicht werden dann die zu verfestigenden Stellen in der Ebene mit einem speziellen Binder verklebt. Dieser Binder wird durch einen Druckkopf aufgetragen. Nach diesem Arbeitsschritt f\u00e4hrt die Arbeitsplattform um die Schichtst\u00e4rke nach unten und eine weitere Pulverschicht wird aufgetragen, erneut wird eine Ebene verfestigt.<\/p>\n<p>Die Schichten werden auch in der vertikalen Richtung miteinander verklebt \u2013 ein dreidimensionales Objekt entsteht. Nach dem Trocknungsprozess wird das nicht verklebte Pulver, das w\u00e4hren des Druckvorgangs auch als St\u00fctze dient, abgesaugt. Um die Material- und Farbeigenschaften des 3D-Modells zu verbessern, wird es abschlie\u00dfend noch mit einem Infiltrat (z.B. Cyanacrylat) behandeln.<\/p>\n<p>Eine Besonderheit bei diesem Verfahren ist, dass ein vollfarbiger Druck durch den Einsatz von f\u00fcnf Druckk\u00f6pfen (Schwarz, Klar, Cyan, Magenta, Gelb) m\u00f6glich ist.<\/p>\n<p><strong>Anwendung<\/strong><\/p>\n<p>Die entstehenden K\u00f6rper sind relativ por\u00f6s und zerbrechlich und als Anschauungsmodell gut geeignet, die \u00dcbernahme von technischen Funktionen ist mit derartigen Drucken nicht m\u00f6glich.<a href=\"https:\/\/www.campus02.at\/wp-content\/uploads\/2018\/10\/Schere_Simulation.jpg\"><img fetchpriority=\"high\" decoding=\"async\" class=\"size-medium wp-image-104477 alignleft\" src=\"https:\/\/www.campus02.at\/wp-content\/uploads\/2018\/10\/Schere_Simulation-274x300.jpg\" alt=\"\" width=\"274\" height=\"300\" srcset=\"https:\/\/www.campus02.at\/wp-content\/uploads\/2018\/10\/Schere_Simulation-274x300.jpg 274w, https:\/\/www.campus02.at\/wp-content\/uploads\/2018\/10\/Schere_Simulation-768x840.jpg 768w, https:\/\/www.campus02.at\/wp-content\/uploads\/2018\/10\/Schere_Simulation-937x1024.jpg 937w, https:\/\/www.campus02.at\/wp-content\/uploads\/2018\/10\/Schere_Simulation.jpg 996w\" sizes=\"(max-width: 274px) 100vw, 274px\" \/><\/a><\/p>\n<div class=\"li-wp-embed-container\">\n<div class=\"li-wp-embed-oembed\"><iframe title=\"3D printing demo -- ball bearings!\" width=\"500\" height=\"375\" src=\"https:\/\/www.youtube.com\/embed\/u7h09dTVkdw?feature=oembed\" frameborder=\"0\" allow=\"accelerometer; autoplay; clipboard-write; encrypted-media; gyroscope; picture-in-picture; web-share\" referrerpolicy=\"strict-origin-when-cross-origin\" allowfullscreen><\/iframe><\/div>\n<div class=\"li-wp-embed-cookie-notice translation-block\">Our embedded content is not displaying correctly for you? <a href=\"Cookiebot.renew()\/en\/\" target=\"_self\">Renew or change your cookie consent (Allow cookies)<\/a> or <a href=\"https:\/\/www.youtube.com\/watch?v=QYjbdyxssGk\" target=\"_blank\">view the content directly<\/a>.<\/div>\n<\/p><\/div>\n<\/div>","protected":false},"excerpt":{"rendered":"<p>3D Druck mit dem PulverschichtverfahrenBeim\u00a0 Pulverschichtverfahren wird auf einer h\u00f6henver\u00e4nderlichen Arbeitsplattform eine <a href=\"https:\/\/www.campus02.at\/en\/vt-3d-druck-mit-dem-pulverschichtverfahren\/\" class=\"more-link\">more&hellip;<\/a><\/p>","protected":false},"author":186,"featured_media":0,"parent":0,"menu_order":57,"comment_status":"closed","ping_status":"closed","template":"","meta":{"_acf_changed":false,"footnotes":""},"coauthors":[1113,679],"class_list":["post-104467","page","type-page","status-publish","hentry"],"acf":[],"yoast_head":"<!-- This site is optimized with the Yoast SEO plugin v26.9 - https:\/\/yoast.com\/product\/yoast-seo-wordpress\/ -->\n<title>VT 3D Druck mit dem Pulverschichtverfahren - FH CAMPUS 02<\/title>\n<meta name=\"robots\" content=\"index, follow, max-snippet:-1, max-image-preview:large, max-video-preview:-1\" \/>\n<link rel=\"canonical\" href=\"https:\/\/www.campus02.at\/en\/vt-3d-druck-mit-dem-pulverschichtverfahren\/\" \/>\n<meta property=\"og:locale\" content=\"en_GB\" \/>\n<meta property=\"og:type\" content=\"article\" \/>\n<meta property=\"og:title\" content=\"VT 3D Druck mit dem Pulverschichtverfahren - FH CAMPUS 02\" \/>\n<meta property=\"og:description\" content=\"3D Druck mit dem PulverschichtverfahrenBeim\u00a0 Pulverschichtverfahren wird auf einer h\u00f6henver\u00e4nderlichen Arbeitsplattform eine more&hellip;\" \/>\n<meta property=\"og:url\" content=\"https:\/\/www.campus02.at\/en\/vt-3d-druck-mit-dem-pulverschichtverfahren\/\" \/>\n<meta property=\"og:site_name\" content=\"FH CAMPUS 02\" \/>\n<meta property=\"article:modified_time\" content=\"2022-08-30T13:41:24+00:00\" \/>\n<meta property=\"og:image\" content=\"https:\/\/www.campus02.at\/wp-content\/uploads\/2015\/10\/T_LEI2980.jpg\" \/>\n\t<meta property=\"og:image:width\" content=\"1200\" \/>\n\t<meta property=\"og:image:height\" content=\"630\" \/>\n\t<meta property=\"og:image:type\" content=\"image\/jpeg\" \/>\n<meta name=\"twitter:card\" content=\"summary_large_image\" \/>\n<meta name=\"twitter:label1\" content=\"Written by\" \/>\n\t<meta name=\"twitter:data1\" content=\"Wolf Wilfried\" \/>\n<script type=\"application\/ld+json\" class=\"yoast-schema-graph\">{\"@context\":\"https:\/\/schema.org\",\"@graph\":[{\"@type\":\"WebPage\",\"@id\":\"https:\/\/www.campus02.at\/vt-3d-druck-mit-dem-pulverschichtverfahren\/\",\"url\":\"https:\/\/www.campus02.at\/vt-3d-druck-mit-dem-pulverschichtverfahren\/\",\"name\":\"VT 3D Druck mit dem Pulverschichtverfahren - FH CAMPUS 02\",\"isPartOf\":{\"@id\":\"https:\/\/www.campus02.at\/#website\"},\"datePublished\":\"2018-10-09T10:31:13+00:00\",\"dateModified\":\"2022-08-30T13:41:24+00:00\",\"breadcrumb\":{\"@id\":\"https:\/\/www.campus02.at\/vt-3d-druck-mit-dem-pulverschichtverfahren\/#breadcrumb\"},\"inLanguage\":\"en-GB\",\"potentialAction\":[{\"@type\":\"ReadAction\",\"target\":[\"https:\/\/www.campus02.at\/vt-3d-druck-mit-dem-pulverschichtverfahren\/\"]}]},{\"@type\":\"BreadcrumbList\",\"@id\":\"https:\/\/www.campus02.at\/vt-3d-druck-mit-dem-pulverschichtverfahren\/#breadcrumb\",\"itemListElement\":[{\"@type\":\"ListItem\",\"position\":1,\"name\":\"Startseite\",\"item\":\"https:\/\/www.campus02.at\/\"},{\"@type\":\"ListItem\",\"position\":2,\"name\":\"VT 3D Druck mit dem Pulverschichtverfahren\"}]},{\"@type\":\"WebSite\",\"@id\":\"https:\/\/www.campus02.at\/#website\",\"url\":\"https:\/\/www.campus02.at\/\",\"name\":\"FH CAMPUS 02\",\"description\":\"\",\"publisher\":{\"@id\":\"https:\/\/www.campus02.at\/#organization\"},\"potentialAction\":[{\"@type\":\"SearchAction\",\"target\":{\"@type\":\"EntryPoint\",\"urlTemplate\":\"https:\/\/www.campus02.at\/?s={search_term_string}\"},\"query-input\":{\"@type\":\"PropertyValueSpecification\",\"valueRequired\":true,\"valueName\":\"search_term_string\"}}],\"inLanguage\":\"en-GB\"},{\"@type\":\"Organization\",\"@id\":\"https:\/\/www.campus02.at\/#organization\",\"name\":\"FH CAMPUS 02\",\"url\":\"https:\/\/www.campus02.at\/\",\"logo\":{\"@type\":\"ImageObject\",\"inLanguage\":\"en-GB\",\"@id\":\"https:\/\/www.campus02.at\/#\/schema\/logo\/image\/\",\"url\":\"https:\/\/www.campus02.at\/wp-content\/uploads\/2016\/10\/Logo.jpg\",\"contentUrl\":\"https:\/\/www.campus02.at\/wp-content\/uploads\/2016\/10\/Logo.jpg\",\"width\":1108,\"height\":440,\"caption\":\"FH CAMPUS 02\"},\"image\":{\"@id\":\"https:\/\/www.campus02.at\/#\/schema\/logo\/image\/\"}}]}<\/script>\n<!-- \/ Yoast SEO plugin. -->","yoast_head_json":{"title":"VT 3D Druck mit dem Pulverschichtverfahren - FH CAMPUS 02","robots":{"index":"index","follow":"follow","max-snippet":"max-snippet:-1","max-image-preview":"max-image-preview:large","max-video-preview":"max-video-preview:-1"},"canonical":"https:\/\/www.campus02.at\/en\/vt-3d-druck-mit-dem-pulverschichtverfahren\/","og_locale":"en_GB","og_type":"article","og_title":"VT 3D Druck mit dem Pulverschichtverfahren - FH CAMPUS 02","og_description":"3D Druck mit dem PulverschichtverfahrenBeim\u00a0 Pulverschichtverfahren wird auf einer h\u00f6henver\u00e4nderlichen Arbeitsplattform eine more&hellip;","og_url":"https:\/\/www.campus02.at\/en\/vt-3d-druck-mit-dem-pulverschichtverfahren\/","og_site_name":"FH CAMPUS 02","article_modified_time":"2022-08-30T13:41:24+00:00","og_image":[{"width":1200,"height":630,"url":"https:\/\/www.campus02.at\/wp-content\/uploads\/2015\/10\/T_LEI2980.jpg","type":"image\/jpeg"}],"twitter_card":"summary_large_image","twitter_misc":{"Written by":"Wolf Wilfried"},"schema":{"@context":"https:\/\/schema.org","@graph":[{"@type":"WebPage","@id":"https:\/\/www.campus02.at\/vt-3d-druck-mit-dem-pulverschichtverfahren\/","url":"https:\/\/www.campus02.at\/vt-3d-druck-mit-dem-pulverschichtverfahren\/","name":"VT 3D Druck mit dem Pulverschichtverfahren - FH CAMPUS 02","isPartOf":{"@id":"https:\/\/www.campus02.at\/#website"},"datePublished":"2018-10-09T10:31:13+00:00","dateModified":"2022-08-30T13:41:24+00:00","breadcrumb":{"@id":"https:\/\/www.campus02.at\/vt-3d-druck-mit-dem-pulverschichtverfahren\/#breadcrumb"},"inLanguage":"en-GB","potentialAction":[{"@type":"ReadAction","target":["https:\/\/www.campus02.at\/vt-3d-druck-mit-dem-pulverschichtverfahren\/"]}]},{"@type":"BreadcrumbList","@id":"https:\/\/www.campus02.at\/vt-3d-druck-mit-dem-pulverschichtverfahren\/#breadcrumb","itemListElement":[{"@type":"ListItem","position":1,"name":"Startseite","item":"https:\/\/www.campus02.at\/"},{"@type":"ListItem","position":2,"name":"VT 3D Druck mit dem Pulverschichtverfahren"}]},{"@type":"WebSite","@id":"https:\/\/www.campus02.at\/#website","url":"https:\/\/www.campus02.at\/","name":"CAMPUS 02 UAS","description":"","publisher":{"@id":"https:\/\/www.campus02.at\/#organization"},"potentialAction":[{"@type":"SearchAction","target":{"@type":"EntryPoint","urlTemplate":"https:\/\/www.campus02.at\/?s={search_term_string}"},"query-input":{"@type":"PropertyValueSpecification","valueRequired":true,"valueName":"search_term_string"}}],"inLanguage":"en-GB"},{"@type":"Organization","@id":"https:\/\/www.campus02.at\/#organization","name":"CAMPUS 02 UAS","url":"https:\/\/www.campus02.at\/","logo":{"@type":"ImageObject","inLanguage":"en-GB","@id":"https:\/\/www.campus02.at\/#\/schema\/logo\/image\/","url":"https:\/\/www.campus02.at\/wp-content\/uploads\/2016\/10\/Logo.jpg","contentUrl":"https:\/\/www.campus02.at\/wp-content\/uploads\/2016\/10\/Logo.jpg","width":1108,"height":440,"caption":"FH CAMPUS 02"},"image":{"@id":"https:\/\/www.campus02.at\/#\/schema\/logo\/image\/"}}]}},"_links":{"self":[{"href":"https:\/\/www.campus02.at\/en\/wp-json\/wp\/v2\/pages\/104467","targetHints":{"allow":["GET"]}}],"collection":[{"href":"https:\/\/www.campus02.at\/en\/wp-json\/wp\/v2\/pages"}],"about":[{"href":"https:\/\/www.campus02.at\/en\/wp-json\/wp\/v2\/types\/page"}],"author":[{"embeddable":true,"href":"https:\/\/www.campus02.at\/en\/wp-json\/wp\/v2\/users\/186"}],"replies":[{"embeddable":true,"href":"https:\/\/www.campus02.at\/en\/wp-json\/wp\/v2\/comments?post=104467"}],"version-history":[{"count":5,"href":"https:\/\/www.campus02.at\/en\/wp-json\/wp\/v2\/pages\/104467\/revisions"}],"predecessor-version":[{"id":104495,"href":"https:\/\/www.campus02.at\/en\/wp-json\/wp\/v2\/pages\/104467\/revisions\/104495"}],"wp:attachment":[{"href":"https:\/\/www.campus02.at\/en\/wp-json\/wp\/v2\/media?parent=104467"}],"wp:term":[{"taxonomy":"author","embeddable":true,"href":"https:\/\/www.campus02.at\/en\/wp-json\/wp\/v2\/coauthors?post=104467"}],"curies":[{"name":"wp","href":"https:\/\/api.w.org\/{rel}","templated":true}]}}