{"id":104425,"date":"2018-10-09T12:30:24","date_gmt":"2018-10-09T10:30:24","guid":{"rendered":"https:\/\/www.campus02.at\/?page_id=104425"},"modified":"2022-08-30T15:46:08","modified_gmt":"2022-08-30T13:46:08","slug":"vt_bigpicture","status":"publish","type":"page","link":"https:\/\/www.campus02.at\/en\/vt_bigpicture\/","title":{"rendered":"VT_Bigpicture"},"content":{"rendered":"<div class=\"flex-campus-main flex-campus-main-Heading\"><h1>Projekt Big Picture<\/h1><\/div><div class=\"flex-campus-main flex-campus-main-Text\"><p>Das Innovationsmodell BIG Picture\u2122 ist ein ganzheitliches, strategieorientiertes, zyklisches Modell, das als \u201eInnovationsmotor\u201c vor allem in Mittelstandsunternehmen gut eingesetzt werden kann.<\/p>\n<div class=\"li-wp-embed-container\">\n<div class=\"li-wp-embed-oembed\"><iframe title=\"BIG PICTURE\" width=\"500\" height=\"281\" src=\"https:\/\/www.youtube.com\/embed\/o_wEXFFABr8?feature=oembed\" frameborder=\"0\" allow=\"accelerometer; autoplay; clipboard-write; encrypted-media; gyroscope; picture-in-picture; web-share\" referrerpolicy=\"strict-origin-when-cross-origin\" allowfullscreen><\/iframe><\/div>\n<div class=\"li-wp-embed-cookie-notice translation-block\">Our embedded content is not displaying correctly for you? <a href=\"Cookiebot.renew()\/en\/\" target=\"_self\">Renew or change your cookie consent (Allow cookies)<\/a> or <a href=\"https:\/\/www.youtube.com\/watch?v=QYjbdyxssGk\" target=\"_blank\">view the content directly<\/a>.<\/div>\n<\/p><\/div>\n<p>Das Modell versteht Innovation nicht als linearen Prozess mit einem fixen Startpunkt und einem finalen Endpunkt, sondern als einen gesamtheitlichen, strategischen Masterplan f\u00fcr Unternehmen, mit dessen Hilfe Wettbewerbsvorteile durch Innovationen generiert werden sollen. Es ist als geschlossener Kreislauf dargestellt. Der Zyklus wird von Markt-, Technologiefr\u00fchaufkl\u00e4rung und Trenderkennung angetrieben und erh\u00e4lt gleichzeitig Input durch den Lebenszyklusstatus bei Produkten, Dienstleistungen, Prozessen und Technologien, durch die Unternehmensstrategie, die Innovationsflugh\u00f6he (\u201ewas kann bzw. will das Unternehmen am Markt leisten\u201c) und die Vision. Gleichzeitig ist das Modell auch konkret und pragmatisch und lenkt operativ durch alle Vorbereitungs- und Entscheidungsphasen der Innovationsarbeit inklusive mehrerer Abbruchm\u00f6glichkeiten je nach Innovationsprojekt.<\/p>\n<\/div>","protected":false},"excerpt":{"rendered":"<p>Projekt Big PictureDas Innovationsmodell BIG Picture\u2122 ist ein ganzheitliches, strategieorientiertes, zyklisches Modell, das <a href=\"https:\/\/www.campus02.at\/en\/vt_bigpicture\/\" class=\"more-link\">more&hellip;<\/a><\/p>","protected":false},"author":186,"featured_media":0,"parent":0,"menu_order":61,"comment_status":"closed","ping_status":"closed","template":"","meta":{"_acf_changed":false,"footnotes":""},"coauthors":[1113,679],"class_list":["post-104425","page","type-page","status-publish","hentry"],"acf":[],"yoast_head":"<!-- This site is optimized with the Yoast SEO plugin v26.9 - https:\/\/yoast.com\/product\/yoast-seo-wordpress\/ -->\n<title>VT_Bigpicture - FH CAMPUS 02<\/title>\n<meta name=\"robots\" content=\"index, follow, max-snippet:-1, max-image-preview:large, max-video-preview:-1\" \/>\n<link rel=\"canonical\" href=\"https:\/\/www.campus02.at\/en\/vt_bigpicture\/\" \/>\n<meta property=\"og:locale\" content=\"en_GB\" \/>\n<meta property=\"og:type\" content=\"article\" \/>\n<meta property=\"og:title\" content=\"VT_Bigpicture - FH CAMPUS 02\" \/>\n<meta property=\"og:description\" content=\"Projekt Big PictureDas Innovationsmodell BIG Picture\u2122 ist ein ganzheitliches, strategieorientiertes, zyklisches Modell, das more&hellip;\" \/>\n<meta property=\"og:url\" content=\"https:\/\/www.campus02.at\/en\/vt_bigpicture\/\" \/>\n<meta property=\"og:site_name\" content=\"FH CAMPUS 02\" \/>\n<meta property=\"article:modified_time\" content=\"2022-08-30T13:46:08+00:00\" \/>\n<meta property=\"og:image\" content=\"https:\/\/www.campus02.at\/wp-content\/uploads\/2015\/10\/T_LEI2980.jpg\" \/>\n\t<meta property=\"og:image:width\" content=\"1200\" \/>\n\t<meta property=\"og:image:height\" content=\"630\" \/>\n\t<meta property=\"og:image:type\" content=\"image\/jpeg\" \/>\n<meta name=\"twitter:card\" content=\"summary_large_image\" \/>\n<meta name=\"twitter:label1\" content=\"Written by\" \/>\n\t<meta name=\"twitter:data1\" content=\"Wolf Wilfried\" \/>\n<script type=\"application\/ld+json\" class=\"yoast-schema-graph\">{\"@context\":\"https:\/\/schema.org\",\"@graph\":[{\"@type\":\"WebPage\",\"@id\":\"https:\/\/www.campus02.at\/vt_bigpicture\/\",\"url\":\"https:\/\/www.campus02.at\/vt_bigpicture\/\",\"name\":\"VT_Bigpicture - FH CAMPUS 02\",\"isPartOf\":{\"@id\":\"https:\/\/www.campus02.at\/#website\"},\"datePublished\":\"2018-10-09T10:30:24+00:00\",\"dateModified\":\"2022-08-30T13:46:08+00:00\",\"breadcrumb\":{\"@id\":\"https:\/\/www.campus02.at\/vt_bigpicture\/#breadcrumb\"},\"inLanguage\":\"en-GB\",\"potentialAction\":[{\"@type\":\"ReadAction\",\"target\":[\"https:\/\/www.campus02.at\/vt_bigpicture\/\"]}]},{\"@type\":\"BreadcrumbList\",\"@id\":\"https:\/\/www.campus02.at\/vt_bigpicture\/#breadcrumb\",\"itemListElement\":[{\"@type\":\"ListItem\",\"position\":1,\"name\":\"Startseite\",\"item\":\"https:\/\/www.campus02.at\/\"},{\"@type\":\"ListItem\",\"position\":2,\"name\":\"VT_Bigpicture\"}]},{\"@type\":\"WebSite\",\"@id\":\"https:\/\/www.campus02.at\/#website\",\"url\":\"https:\/\/www.campus02.at\/\",\"name\":\"FH CAMPUS 02\",\"description\":\"\",\"publisher\":{\"@id\":\"https:\/\/www.campus02.at\/#organization\"},\"potentialAction\":[{\"@type\":\"SearchAction\",\"target\":{\"@type\":\"EntryPoint\",\"urlTemplate\":\"https:\/\/www.campus02.at\/?s={search_term_string}\"},\"query-input\":{\"@type\":\"PropertyValueSpecification\",\"valueRequired\":true,\"valueName\":\"search_term_string\"}}],\"inLanguage\":\"en-GB\"},{\"@type\":\"Organization\",\"@id\":\"https:\/\/www.campus02.at\/#organization\",\"name\":\"FH CAMPUS 02\",\"url\":\"https:\/\/www.campus02.at\/\",\"logo\":{\"@type\":\"ImageObject\",\"inLanguage\":\"en-GB\",\"@id\":\"https:\/\/www.campus02.at\/#\/schema\/logo\/image\/\",\"url\":\"https:\/\/www.campus02.at\/wp-content\/uploads\/2016\/10\/Logo.jpg\",\"contentUrl\":\"https:\/\/www.campus02.at\/wp-content\/uploads\/2016\/10\/Logo.jpg\",\"width\":1108,\"height\":440,\"caption\":\"FH CAMPUS 02\"},\"image\":{\"@id\":\"https:\/\/www.campus02.at\/#\/schema\/logo\/image\/\"}}]}<\/script>\n<!-- \/ Yoast SEO plugin. -->","yoast_head_json":{"title":"VT_Bigpicture - FH CAMPUS 02","robots":{"index":"index","follow":"follow","max-snippet":"max-snippet:-1","max-image-preview":"max-image-preview:large","max-video-preview":"max-video-preview:-1"},"canonical":"https:\/\/www.campus02.at\/en\/vt_bigpicture\/","og_locale":"en_GB","og_type":"article","og_title":"VT_Bigpicture - FH CAMPUS 02","og_description":"Projekt Big PictureDas Innovationsmodell BIG Picture\u2122 ist ein ganzheitliches, strategieorientiertes, zyklisches Modell, das more&hellip;","og_url":"https:\/\/www.campus02.at\/en\/vt_bigpicture\/","og_site_name":"FH CAMPUS 02","article_modified_time":"2022-08-30T13:46:08+00:00","og_image":[{"width":1200,"height":630,"url":"https:\/\/www.campus02.at\/wp-content\/uploads\/2015\/10\/T_LEI2980.jpg","type":"image\/jpeg"}],"twitter_card":"summary_large_image","twitter_misc":{"Written by":"Wolf Wilfried"},"schema":{"@context":"https:\/\/schema.org","@graph":[{"@type":"WebPage","@id":"https:\/\/www.campus02.at\/vt_bigpicture\/","url":"https:\/\/www.campus02.at\/vt_bigpicture\/","name":"VT_Bigpicture - FH CAMPUS 02","isPartOf":{"@id":"https:\/\/www.campus02.at\/#website"},"datePublished":"2018-10-09T10:30:24+00:00","dateModified":"2022-08-30T13:46:08+00:00","breadcrumb":{"@id":"https:\/\/www.campus02.at\/vt_bigpicture\/#breadcrumb"},"inLanguage":"en-GB","potentialAction":[{"@type":"ReadAction","target":["https:\/\/www.campus02.at\/vt_bigpicture\/"]}]},{"@type":"BreadcrumbList","@id":"https:\/\/www.campus02.at\/vt_bigpicture\/#breadcrumb","itemListElement":[{"@type":"ListItem","position":1,"name":"Startseite","item":"https:\/\/www.campus02.at\/"},{"@type":"ListItem","position":2,"name":"VT_Bigpicture"}]},{"@type":"WebSite","@id":"https:\/\/www.campus02.at\/#website","url":"https:\/\/www.campus02.at\/","name":"CAMPUS 02 UAS","description":"","publisher":{"@id":"https:\/\/www.campus02.at\/#organization"},"potentialAction":[{"@type":"SearchAction","target":{"@type":"EntryPoint","urlTemplate":"https:\/\/www.campus02.at\/?s={search_term_string}"},"query-input":{"@type":"PropertyValueSpecification","valueRequired":true,"valueName":"search_term_string"}}],"inLanguage":"en-GB"},{"@type":"Organization","@id":"https:\/\/www.campus02.at\/#organization","name":"CAMPUS 02 UAS","url":"https:\/\/www.campus02.at\/","logo":{"@type":"ImageObject","inLanguage":"en-GB","@id":"https:\/\/www.campus02.at\/#\/schema\/logo\/image\/","url":"https:\/\/www.campus02.at\/wp-content\/uploads\/2016\/10\/Logo.jpg","contentUrl":"https:\/\/www.campus02.at\/wp-content\/uploads\/2016\/10\/Logo.jpg","width":1108,"height":440,"caption":"FH CAMPUS 02"},"image":{"@id":"https:\/\/www.campus02.at\/#\/schema\/logo\/image\/"}}]}},"_links":{"self":[{"href":"https:\/\/www.campus02.at\/en\/wp-json\/wp\/v2\/pages\/104425","targetHints":{"allow":["GET"]}}],"collection":[{"href":"https:\/\/www.campus02.at\/en\/wp-json\/wp\/v2\/pages"}],"about":[{"href":"https:\/\/www.campus02.at\/en\/wp-json\/wp\/v2\/types\/page"}],"author":[{"embeddable":true,"href":"https:\/\/www.campus02.at\/en\/wp-json\/wp\/v2\/users\/186"}],"replies":[{"embeddable":true,"href":"https:\/\/www.campus02.at\/en\/wp-json\/wp\/v2\/comments?post=104425"}],"version-history":[{"count":4,"href":"https:\/\/www.campus02.at\/en\/wp-json\/wp\/v2\/pages\/104425\/revisions"}],"predecessor-version":[{"id":104430,"href":"https:\/\/www.campus02.at\/en\/wp-json\/wp\/v2\/pages\/104425\/revisions\/104430"}],"wp:attachment":[{"href":"https:\/\/www.campus02.at\/en\/wp-json\/wp\/v2\/media?parent=104425"}],"wp:term":[{"taxonomy":"author","embeddable":true,"href":"https:\/\/www.campus02.at\/en\/wp-json\/wp\/v2\/coauthors?post=104425"}],"curies":[{"name":"wp","href":"https:\/\/api.w.org\/{rel}","templated":true}]}}