{"id":102737,"date":"2018-05-30T17:05:59","date_gmt":"2018-05-30T15:05:59","guid":{"rendered":"https:\/\/www.campus02.at\/?page_id=102737"},"modified":"2018-05-30T17:08:46","modified_gmt":"2018-05-30T15:08:46","slug":"the-ballromm-sessions-digital-teamwork","status":"publish","type":"page","link":"https:\/\/www.campus02.at\/en\/the-ballromm-sessions-digital-teamwork\/","title":{"rendered":"The Ballroom Sessions &#8211; Digital Teamwork"},"content":{"rendered":"<div class=\"flex-campus-main flex-campus-main-Heading\"><h1>Workshop Digital Teamwork<\/h1><\/div><div class=\"flex-campus-main flex-campus-main-Textbox\"><div class=\"alert bg-yellow\">\n            <h3>Im Workshop behandeln wir:<\/h3>\n        <ul>\n<li>Einf\u00fchrung ist das IT-gest\u00fctzte Projektmanagement und Teamwork<\/li>\n<li>Datenschutz? Betrifft uns das?<\/li>\n<li>Was, wie, wann, wo &#8211; von Checklisten auf Papier zu einem Projektverwaltungssystem<\/li>\n<\/ul>\n    <\/div><\/div><div class=\"flex-campus-main flex-campus-main-Text\"><p>Teamwork ist wichtig. Besonders, wenn es sich um ein Projekt wie den Maturaball handelt. Doch Teams brauchen auch die richtigen Tools, um sich gemeinsam auszutauschen, Arbeitsauftr\u00e4ge zu verteilen und deren Erledigung zu \u00fcberwachen. Mittels IT-gest\u00fctzter Projektmanagement-Tools ist das ganz einfach. Wir zeigen euch anhand typischer Aufgaben, wie ihr euch abstimmt, worauf ihr bei eurem Datenaustausch achten m\u00fcsst und mit euren Hilfsmitteln nie mehr den \u00dcberblick verliert.<\/p>\n<\/div>","protected":false},"excerpt":{"rendered":"<p>Workshop Digital Teamwork Im Workshop behandeln wir: Einf\u00fchrung ist das IT-gest\u00fctzte Projektmanagement und Teamwork <a href=\"https:\/\/www.campus02.at\/en\/the-ballromm-sessions-digital-teamwork\/\" class=\"more-link\">more&hellip;<\/a><\/p>","protected":false},"author":135,"featured_media":0,"parent":0,"menu_order":54,"comment_status":"closed","ping_status":"closed","template":"","meta":{"_acf_changed":false,"footnotes":""},"coauthors":[83],"class_list":["post-102737","page","type-page","status-publish","hentry"],"acf":[],"yoast_head":"<!-- This site is optimized with the Yoast SEO plugin v26.9 - https:\/\/yoast.com\/product\/yoast-seo-wordpress\/ -->\n<title>The Ballroom Sessions - Digital Teamwork - FH CAMPUS 02<\/title>\n<meta name=\"robots\" content=\"index, follow, max-snippet:-1, max-image-preview:large, max-video-preview:-1\" \/>\n<link rel=\"canonical\" href=\"https:\/\/www.campus02.at\/en\/the-ballromm-sessions-digital-teamwork\/\" \/>\n<meta property=\"og:locale\" content=\"en_GB\" \/>\n<meta property=\"og:type\" content=\"article\" \/>\n<meta property=\"og:title\" content=\"The Ballroom Sessions - Digital Teamwork - FH CAMPUS 02\" \/>\n<meta property=\"og:description\" content=\"Workshop Digital Teamwork Im Workshop behandeln wir: Einf\u00fchrung ist das IT-gest\u00fctzte Projektmanagement und Teamwork more&hellip;\" \/>\n<meta property=\"og:url\" content=\"https:\/\/www.campus02.at\/en\/the-ballromm-sessions-digital-teamwork\/\" \/>\n<meta property=\"og:site_name\" content=\"FH CAMPUS 02\" \/>\n<meta property=\"article:modified_time\" content=\"2018-05-30T15:08:46+00:00\" \/>\n<meta property=\"og:image\" content=\"https:\/\/www.campus02.at\/wp-content\/uploads\/2015\/10\/T_LEI2980.jpg\" \/>\n\t<meta property=\"og:image:width\" content=\"1200\" \/>\n\t<meta property=\"og:image:height\" content=\"630\" \/>\n\t<meta property=\"og:image:type\" content=\"image\/jpeg\" \/>\n<meta name=\"twitter:card\" content=\"summary_large_image\" \/>\n<script type=\"application\/ld+json\" class=\"yoast-schema-graph\">{\"@context\":\"https:\/\/schema.org\",\"@graph\":[{\"@type\":\"WebPage\",\"@id\":\"https:\/\/www.campus02.at\/the-ballromm-sessions-digital-teamwork\/\",\"url\":\"https:\/\/www.campus02.at\/the-ballromm-sessions-digital-teamwork\/\",\"name\":\"The Ballroom Sessions - Digital Teamwork - FH CAMPUS 02\",\"isPartOf\":{\"@id\":\"https:\/\/www.campus02.at\/#website\"},\"datePublished\":\"2018-05-30T15:05:59+00:00\",\"dateModified\":\"2018-05-30T15:08:46+00:00\",\"breadcrumb\":{\"@id\":\"https:\/\/www.campus02.at\/the-ballromm-sessions-digital-teamwork\/#breadcrumb\"},\"inLanguage\":\"en-GB\",\"potentialAction\":[{\"@type\":\"ReadAction\",\"target\":[\"https:\/\/www.campus02.at\/the-ballromm-sessions-digital-teamwork\/\"]}]},{\"@type\":\"BreadcrumbList\",\"@id\":\"https:\/\/www.campus02.at\/the-ballromm-sessions-digital-teamwork\/#breadcrumb\",\"itemListElement\":[{\"@type\":\"ListItem\",\"position\":1,\"name\":\"Startseite\",\"item\":\"https:\/\/www.campus02.at\/\"},{\"@type\":\"ListItem\",\"position\":2,\"name\":\"The Ballroom Sessions &#8211; Digital Teamwork\"}]},{\"@type\":\"WebSite\",\"@id\":\"https:\/\/www.campus02.at\/#website\",\"url\":\"https:\/\/www.campus02.at\/\",\"name\":\"FH CAMPUS 02\",\"description\":\"\",\"publisher\":{\"@id\":\"https:\/\/www.campus02.at\/#organization\"},\"potentialAction\":[{\"@type\":\"SearchAction\",\"target\":{\"@type\":\"EntryPoint\",\"urlTemplate\":\"https:\/\/www.campus02.at\/?s={search_term_string}\"},\"query-input\":{\"@type\":\"PropertyValueSpecification\",\"valueRequired\":true,\"valueName\":\"search_term_string\"}}],\"inLanguage\":\"en-GB\"},{\"@type\":\"Organization\",\"@id\":\"https:\/\/www.campus02.at\/#organization\",\"name\":\"FH CAMPUS 02\",\"url\":\"https:\/\/www.campus02.at\/\",\"logo\":{\"@type\":\"ImageObject\",\"inLanguage\":\"en-GB\",\"@id\":\"https:\/\/www.campus02.at\/#\/schema\/logo\/image\/\",\"url\":\"https:\/\/www.campus02.at\/wp-content\/uploads\/2016\/10\/Logo.jpg\",\"contentUrl\":\"https:\/\/www.campus02.at\/wp-content\/uploads\/2016\/10\/Logo.jpg\",\"width\":1108,\"height\":440,\"caption\":\"FH CAMPUS 02\"},\"image\":{\"@id\":\"https:\/\/www.campus02.at\/#\/schema\/logo\/image\/\"}}]}<\/script>\n<!-- \/ Yoast SEO plugin. -->","yoast_head_json":{"title":"The Ballroom Sessions - Digital Teamwork - FH CAMPUS 02","robots":{"index":"index","follow":"follow","max-snippet":"max-snippet:-1","max-image-preview":"max-image-preview:large","max-video-preview":"max-video-preview:-1"},"canonical":"https:\/\/www.campus02.at\/en\/the-ballromm-sessions-digital-teamwork\/","og_locale":"en_GB","og_type":"article","og_title":"The Ballroom Sessions - Digital Teamwork - FH CAMPUS 02","og_description":"Workshop Digital Teamwork Im Workshop behandeln wir: Einf\u00fchrung ist das IT-gest\u00fctzte Projektmanagement und Teamwork more&hellip;","og_url":"https:\/\/www.campus02.at\/en\/the-ballromm-sessions-digital-teamwork\/","og_site_name":"FH CAMPUS 02","article_modified_time":"2018-05-30T15:08:46+00:00","og_image":[{"width":1200,"height":630,"url":"https:\/\/www.campus02.at\/wp-content\/uploads\/2015\/10\/T_LEI2980.jpg","type":"image\/jpeg"}],"twitter_card":"summary_large_image","schema":{"@context":"https:\/\/schema.org","@graph":[{"@type":"WebPage","@id":"https:\/\/www.campus02.at\/the-ballromm-sessions-digital-teamwork\/","url":"https:\/\/www.campus02.at\/the-ballromm-sessions-digital-teamwork\/","name":"The Ballroom Sessions - Digital Teamwork - FH CAMPUS 02","isPartOf":{"@id":"https:\/\/www.campus02.at\/#website"},"datePublished":"2018-05-30T15:05:59+00:00","dateModified":"2018-05-30T15:08:46+00:00","breadcrumb":{"@id":"https:\/\/www.campus02.at\/the-ballromm-sessions-digital-teamwork\/#breadcrumb"},"inLanguage":"en-GB","potentialAction":[{"@type":"ReadAction","target":["https:\/\/www.campus02.at\/the-ballromm-sessions-digital-teamwork\/"]}]},{"@type":"BreadcrumbList","@id":"https:\/\/www.campus02.at\/the-ballromm-sessions-digital-teamwork\/#breadcrumb","itemListElement":[{"@type":"ListItem","position":1,"name":"Startseite","item":"https:\/\/www.campus02.at\/"},{"@type":"ListItem","position":2,"name":"The Ballroom Sessions &#8211; Digital Teamwork"}]},{"@type":"WebSite","@id":"https:\/\/www.campus02.at\/#website","url":"https:\/\/www.campus02.at\/","name":"CAMPUS 02 UAS","description":"","publisher":{"@id":"https:\/\/www.campus02.at\/#organization"},"potentialAction":[{"@type":"SearchAction","target":{"@type":"EntryPoint","urlTemplate":"https:\/\/www.campus02.at\/?s={search_term_string}"},"query-input":{"@type":"PropertyValueSpecification","valueRequired":true,"valueName":"search_term_string"}}],"inLanguage":"en-GB"},{"@type":"Organization","@id":"https:\/\/www.campus02.at\/#organization","name":"CAMPUS 02 UAS","url":"https:\/\/www.campus02.at\/","logo":{"@type":"ImageObject","inLanguage":"en-GB","@id":"https:\/\/www.campus02.at\/#\/schema\/logo\/image\/","url":"https:\/\/www.campus02.at\/wp-content\/uploads\/2016\/10\/Logo.jpg","contentUrl":"https:\/\/www.campus02.at\/wp-content\/uploads\/2016\/10\/Logo.jpg","width":1108,"height":440,"caption":"FH CAMPUS 02"},"image":{"@id":"https:\/\/www.campus02.at\/#\/schema\/logo\/image\/"}}]}},"_links":{"self":[{"href":"https:\/\/www.campus02.at\/en\/wp-json\/wp\/v2\/pages\/102737","targetHints":{"allow":["GET"]}}],"collection":[{"href":"https:\/\/www.campus02.at\/en\/wp-json\/wp\/v2\/pages"}],"about":[{"href":"https:\/\/www.campus02.at\/en\/wp-json\/wp\/v2\/types\/page"}],"author":[{"embeddable":true,"href":"https:\/\/www.campus02.at\/en\/wp-json\/wp\/v2\/users\/135"}],"replies":[{"embeddable":true,"href":"https:\/\/www.campus02.at\/en\/wp-json\/wp\/v2\/comments?post=102737"}],"version-history":[{"count":3,"href":"https:\/\/www.campus02.at\/en\/wp-json\/wp\/v2\/pages\/102737\/revisions"}],"predecessor-version":[{"id":102742,"href":"https:\/\/www.campus02.at\/en\/wp-json\/wp\/v2\/pages\/102737\/revisions\/102742"}],"wp:attachment":[{"href":"https:\/\/www.campus02.at\/en\/wp-json\/wp\/v2\/media?parent=102737"}],"wp:term":[{"taxonomy":"author","embeddable":true,"href":"https:\/\/www.campus02.at\/en\/wp-json\/wp\/v2\/coauthors?post=102737"}],"curies":[{"name":"wp","href":"https:\/\/api.w.org\/{rel}","templated":true}]}}