{"id":102720,"date":"2018-05-30T16:30:26","date_gmt":"2018-05-30T14:30:26","guid":{"rendered":"https:\/\/www.campus02.at\/?page_id=102720"},"modified":"2018-05-30T16:30:26","modified_gmt":"2018-05-30T14:30:26","slug":"the-ballroom-sessions-das-1x1-der-eventplanung","status":"publish","type":"page","link":"https:\/\/www.campus02.at\/en\/the-ballroom-sessions-das-1x1-der-eventplanung\/","title":{"rendered":"The Ballroom Sessions &#8211; Das 1&#215;1 der Eventplanung"},"content":{"rendered":"<div class=\"flex-campus-main flex-campus-main-Heading\"><h1>Workshop Das 1x1 der Eventplanung<\/h1><\/div><div class=\"flex-campus-main flex-campus-main-Textbox\"><div class=\"alert bg-yellow\">\n            <h3>Im Workshop behandeln wir:<\/h3>\n        <ul>\n<li>Einf\u00fchrung in das Eventmanagement<\/li>\n<li>Vom Brainstormen zum strategischen Planen<\/li>\n<li>Erstellen von Checklists mit Arbeitspaketen, Zeitplanung, Zust\u00e4ndigkeiten und Monitoring<\/li>\n<li>Tipps, um den \u00dcberblick zu bewahren<\/li>\n<\/ul>\n    <\/div><\/div><div class=\"flex-campus-main flex-campus-main-Text\"><p>Steht man am Beginn einer\u00a0Eventplanung, wei\u00df man oft gar nicht, wo man anfangen soll. Schnell verliert man da den \u00dcberblick, was alles zu tun ist, schon getan wurde oder bis wann etwas von wem erledigt werden sollte. Da kommt es dann h\u00e4ufig vor, dass aus einem planenden Vorbereiten pl\u00f6tzlich nur noch Trouble-Shooting \u00fcbrig bleibt. Das muss nicht sein. Wir schauen uns gemeinsam an, wo ihr in der Vorbereitung steht und wo ihr noch ein wenig Struktur braucht. Mit den richtigen Tipps und Tricks werdet ihr alles rechtzeitig fertig bekommen und k\u00f6nnt dann euren Ball auch richtig genie\u00dfen.<\/p>\n<\/div>","protected":false},"excerpt":{"rendered":"<p>Workshop Das 1&#215;1 der Eventplanung Im Workshop behandeln wir: Einf\u00fchrung in das Eventmanagement Vom Brainstormen zum <a href=\"https:\/\/www.campus02.at\/en\/the-ballroom-sessions-das-1x1-der-eventplanung\/\" class=\"more-link\">more&hellip;<\/a><\/p>","protected":false},"author":135,"featured_media":0,"parent":0,"menu_order":52,"comment_status":"closed","ping_status":"closed","template":"","meta":{"_acf_changed":false,"footnotes":""},"coauthors":[83],"class_list":["post-102720","page","type-page","status-publish","hentry"],"acf":[],"yoast_head":"<!-- This site is optimized with the Yoast SEO plugin v26.9 - https:\/\/yoast.com\/product\/yoast-seo-wordpress\/ -->\n<title>The Ballroom Sessions - Das 1x1 der Eventplanung - FH CAMPUS 02<\/title>\n<meta name=\"robots\" content=\"index, follow, max-snippet:-1, max-image-preview:large, max-video-preview:-1\" \/>\n<link rel=\"canonical\" href=\"https:\/\/www.campus02.at\/en\/the-ballroom-sessions-das-1x1-der-eventplanung\/\" \/>\n<meta property=\"og:locale\" content=\"en_GB\" \/>\n<meta property=\"og:type\" content=\"article\" \/>\n<meta property=\"og:title\" content=\"The Ballroom Sessions - Das 1x1 der Eventplanung - FH CAMPUS 02\" \/>\n<meta property=\"og:description\" content=\"Workshop Das 1x1 der Eventplanung Im Workshop behandeln wir: Einf\u00fchrung in das Eventmanagement Vom Brainstormen zum more&hellip;\" \/>\n<meta property=\"og:url\" content=\"https:\/\/www.campus02.at\/en\/the-ballroom-sessions-das-1x1-der-eventplanung\/\" \/>\n<meta property=\"og:site_name\" content=\"FH CAMPUS 02\" \/>\n<meta property=\"og:image\" content=\"https:\/\/www.campus02.at\/wp-content\/uploads\/2015\/10\/T_LEI2980.jpg\" \/>\n\t<meta property=\"og:image:width\" content=\"1200\" \/>\n\t<meta property=\"og:image:height\" content=\"630\" \/>\n\t<meta property=\"og:image:type\" content=\"image\/jpeg\" \/>\n<meta name=\"twitter:card\" content=\"summary_large_image\" \/>\n<script type=\"application\/ld+json\" class=\"yoast-schema-graph\">{\"@context\":\"https:\/\/schema.org\",\"@graph\":[{\"@type\":\"WebPage\",\"@id\":\"https:\/\/www.campus02.at\/the-ballroom-sessions-das-1x1-der-eventplanung\/\",\"url\":\"https:\/\/www.campus02.at\/the-ballroom-sessions-das-1x1-der-eventplanung\/\",\"name\":\"The Ballroom Sessions - Das 1x1 der Eventplanung - FH CAMPUS 02\",\"isPartOf\":{\"@id\":\"https:\/\/www.campus02.at\/#website\"},\"datePublished\":\"2018-05-30T14:30:26+00:00\",\"breadcrumb\":{\"@id\":\"https:\/\/www.campus02.at\/the-ballroom-sessions-das-1x1-der-eventplanung\/#breadcrumb\"},\"inLanguage\":\"en-GB\",\"potentialAction\":[{\"@type\":\"ReadAction\",\"target\":[\"https:\/\/www.campus02.at\/the-ballroom-sessions-das-1x1-der-eventplanung\/\"]}]},{\"@type\":\"BreadcrumbList\",\"@id\":\"https:\/\/www.campus02.at\/the-ballroom-sessions-das-1x1-der-eventplanung\/#breadcrumb\",\"itemListElement\":[{\"@type\":\"ListItem\",\"position\":1,\"name\":\"Startseite\",\"item\":\"https:\/\/www.campus02.at\/\"},{\"@type\":\"ListItem\",\"position\":2,\"name\":\"The Ballroom Sessions &#8211; Das 1&#215;1 der Eventplanung\"}]},{\"@type\":\"WebSite\",\"@id\":\"https:\/\/www.campus02.at\/#website\",\"url\":\"https:\/\/www.campus02.at\/\",\"name\":\"FH CAMPUS 02\",\"description\":\"\",\"publisher\":{\"@id\":\"https:\/\/www.campus02.at\/#organization\"},\"potentialAction\":[{\"@type\":\"SearchAction\",\"target\":{\"@type\":\"EntryPoint\",\"urlTemplate\":\"https:\/\/www.campus02.at\/?s={search_term_string}\"},\"query-input\":{\"@type\":\"PropertyValueSpecification\",\"valueRequired\":true,\"valueName\":\"search_term_string\"}}],\"inLanguage\":\"en-GB\"},{\"@type\":\"Organization\",\"@id\":\"https:\/\/www.campus02.at\/#organization\",\"name\":\"FH CAMPUS 02\",\"url\":\"https:\/\/www.campus02.at\/\",\"logo\":{\"@type\":\"ImageObject\",\"inLanguage\":\"en-GB\",\"@id\":\"https:\/\/www.campus02.at\/#\/schema\/logo\/image\/\",\"url\":\"https:\/\/www.campus02.at\/wp-content\/uploads\/2016\/10\/Logo.jpg\",\"contentUrl\":\"https:\/\/www.campus02.at\/wp-content\/uploads\/2016\/10\/Logo.jpg\",\"width\":1108,\"height\":440,\"caption\":\"FH CAMPUS 02\"},\"image\":{\"@id\":\"https:\/\/www.campus02.at\/#\/schema\/logo\/image\/\"}}]}<\/script>\n<!-- \/ Yoast SEO plugin. -->","yoast_head_json":{"title":"The Ballroom Sessions - Das 1x1 der Eventplanung - FH CAMPUS 02","robots":{"index":"index","follow":"follow","max-snippet":"max-snippet:-1","max-image-preview":"max-image-preview:large","max-video-preview":"max-video-preview:-1"},"canonical":"https:\/\/www.campus02.at\/en\/the-ballroom-sessions-das-1x1-der-eventplanung\/","og_locale":"en_GB","og_type":"article","og_title":"The Ballroom Sessions - Das 1x1 der Eventplanung - FH CAMPUS 02","og_description":"Workshop Das 1x1 der Eventplanung Im Workshop behandeln wir: Einf\u00fchrung in das Eventmanagement Vom Brainstormen zum more&hellip;","og_url":"https:\/\/www.campus02.at\/en\/the-ballroom-sessions-das-1x1-der-eventplanung\/","og_site_name":"FH CAMPUS 02","og_image":[{"width":1200,"height":630,"url":"https:\/\/www.campus02.at\/wp-content\/uploads\/2015\/10\/T_LEI2980.jpg","type":"image\/jpeg"}],"twitter_card":"summary_large_image","schema":{"@context":"https:\/\/schema.org","@graph":[{"@type":"WebPage","@id":"https:\/\/www.campus02.at\/the-ballroom-sessions-das-1x1-der-eventplanung\/","url":"https:\/\/www.campus02.at\/the-ballroom-sessions-das-1x1-der-eventplanung\/","name":"The Ballroom Sessions - Das 1x1 der Eventplanung - FH CAMPUS 02","isPartOf":{"@id":"https:\/\/www.campus02.at\/#website"},"datePublished":"2018-05-30T14:30:26+00:00","breadcrumb":{"@id":"https:\/\/www.campus02.at\/the-ballroom-sessions-das-1x1-der-eventplanung\/#breadcrumb"},"inLanguage":"en-GB","potentialAction":[{"@type":"ReadAction","target":["https:\/\/www.campus02.at\/the-ballroom-sessions-das-1x1-der-eventplanung\/"]}]},{"@type":"BreadcrumbList","@id":"https:\/\/www.campus02.at\/the-ballroom-sessions-das-1x1-der-eventplanung\/#breadcrumb","itemListElement":[{"@type":"ListItem","position":1,"name":"Startseite","item":"https:\/\/www.campus02.at\/"},{"@type":"ListItem","position":2,"name":"The Ballroom Sessions &#8211; Das 1&#215;1 der Eventplanung"}]},{"@type":"WebSite","@id":"https:\/\/www.campus02.at\/#website","url":"https:\/\/www.campus02.at\/","name":"CAMPUS 02 UAS","description":"","publisher":{"@id":"https:\/\/www.campus02.at\/#organization"},"potentialAction":[{"@type":"SearchAction","target":{"@type":"EntryPoint","urlTemplate":"https:\/\/www.campus02.at\/?s={search_term_string}"},"query-input":{"@type":"PropertyValueSpecification","valueRequired":true,"valueName":"search_term_string"}}],"inLanguage":"en-GB"},{"@type":"Organization","@id":"https:\/\/www.campus02.at\/#organization","name":"CAMPUS 02 UAS","url":"https:\/\/www.campus02.at\/","logo":{"@type":"ImageObject","inLanguage":"en-GB","@id":"https:\/\/www.campus02.at\/#\/schema\/logo\/image\/","url":"https:\/\/www.campus02.at\/wp-content\/uploads\/2016\/10\/Logo.jpg","contentUrl":"https:\/\/www.campus02.at\/wp-content\/uploads\/2016\/10\/Logo.jpg","width":1108,"height":440,"caption":"FH CAMPUS 02"},"image":{"@id":"https:\/\/www.campus02.at\/#\/schema\/logo\/image\/"}}]}},"_links":{"self":[{"href":"https:\/\/www.campus02.at\/en\/wp-json\/wp\/v2\/pages\/102720","targetHints":{"allow":["GET"]}}],"collection":[{"href":"https:\/\/www.campus02.at\/en\/wp-json\/wp\/v2\/pages"}],"about":[{"href":"https:\/\/www.campus02.at\/en\/wp-json\/wp\/v2\/types\/page"}],"author":[{"embeddable":true,"href":"https:\/\/www.campus02.at\/en\/wp-json\/wp\/v2\/users\/135"}],"replies":[{"embeddable":true,"href":"https:\/\/www.campus02.at\/en\/wp-json\/wp\/v2\/comments?post=102720"}],"version-history":[{"count":2,"href":"https:\/\/www.campus02.at\/en\/wp-json\/wp\/v2\/pages\/102720\/revisions"}],"predecessor-version":[{"id":102726,"href":"https:\/\/www.campus02.at\/en\/wp-json\/wp\/v2\/pages\/102720\/revisions\/102726"}],"wp:attachment":[{"href":"https:\/\/www.campus02.at\/en\/wp-json\/wp\/v2\/media?parent=102720"}],"wp:term":[{"taxonomy":"author","embeddable":true,"href":"https:\/\/www.campus02.at\/en\/wp-json\/wp\/v2\/coauthors?post=102720"}],"curies":[{"name":"wp","href":"https:\/\/api.w.org\/{rel}","templated":true}]}}