{"id":102681,"date":"2018-05-29T10:22:06","date_gmt":"2018-05-29T08:22:06","guid":{"rendered":"https:\/\/www.campus02.at\/?page_id=102681"},"modified":"2018-05-29T10:22:06","modified_gmt":"2018-05-29T08:22:06","slug":"the-ballroom-sessions-inno-your-ball","status":"publish","type":"page","link":"https:\/\/www.campus02.at\/en\/the-ballroom-sessions-inno-your-ball\/","title":{"rendered":"The Ballroom Sessions &#8211; INNO your Ball"},"content":{"rendered":"<div class=\"flex-campus-main flex-campus-main-Heading\"><h1>Workshop INNO your Ball<\/h1><\/div><div class=\"flex-campus-main flex-campus-main-Textbox\"><div class=\"alert bg-yellow\">\n            <h3>Im Workshop behandeln wir:<\/h3>\n        <ul>\n<li>Kreative Problemstellungen rund um euren Ball<\/li>\n<li>Vorstellung ausgew\u00e4hlter Kreativit\u00e4tstechniken<\/li>\n<li>Gemeinsames Arbeiten an euren Ideen<\/li>\n<\/ul>\n    <\/div><\/div><div class=\"flex-campus-main flex-campus-main-Text\"><p>Helden der Nacht, Wilde im Dschungel oder zur\u00fcck in die 80s? \u2013 Ganz egal in welche Welt ihr eure Ballg\u00e4ste entf\u00fchren m\u00f6chtet, wir helfen euch bei dabei, euren Ball zum unvergesslichen Event zu machen. Ihr wisst noch nicht, wo es hingehen soll? Auch kein Problem. In unserem Workshop stellen wir euch Kreativit\u00e4tstechniken vor, die euch bei der Findung eines Ballmottos und allem drum herum unterst\u00fctzen. Wir werden auch gleich gemeinsam an euren Problemstellungen arbeiten, sodass ihr ganz sicher nicht mit leeren H\u00e4nden heimkehrt. Nach dem Workshop ist vor dem Workshop? Bestimmt nicht! Die von uns vorgestellten Kreativit\u00e4tstechniken k\u00f6nnt ihr danach selbst einsetzen und seid damit auch f\u00fcr zuk\u00fcnftige kreative Challenges gewappnet.<\/p>\n<p>Wir freuen uns auf eure Teilnahme!<\/p>\n<\/div>","protected":false},"excerpt":{"rendered":"<p>Workshop INNO your Ball Im Workshop behandeln wir: Kreative Problemstellungen rund um euren Ball Vorstellung ausgew\u00e4hlter <a href=\"https:\/\/www.campus02.at\/en\/the-ballroom-sessions-inno-your-ball\/\" class=\"more-link\">more&hellip;<\/a><\/p>","protected":false},"author":135,"featured_media":0,"parent":0,"menu_order":50,"comment_status":"closed","ping_status":"closed","template":"","meta":{"_acf_changed":false,"footnotes":""},"coauthors":[83],"class_list":["post-102681","page","type-page","status-publish","hentry"],"acf":[],"yoast_head":"<!-- This site is optimized with the Yoast SEO plugin v26.9 - https:\/\/yoast.com\/product\/yoast-seo-wordpress\/ -->\n<title>The Ballroom Sessions - INNO your Ball - FH CAMPUS 02<\/title>\n<meta name=\"robots\" content=\"index, follow, max-snippet:-1, max-image-preview:large, max-video-preview:-1\" \/>\n<link rel=\"canonical\" href=\"https:\/\/www.campus02.at\/en\/the-ballroom-sessions-inno-your-ball\/\" \/>\n<meta property=\"og:locale\" content=\"en_GB\" \/>\n<meta property=\"og:type\" content=\"article\" \/>\n<meta property=\"og:title\" content=\"The Ballroom Sessions - INNO your Ball - FH CAMPUS 02\" \/>\n<meta property=\"og:description\" content=\"Workshop INNO your Ball Im Workshop behandeln wir: Kreative Problemstellungen rund um euren Ball Vorstellung ausgew\u00e4hlter more&hellip;\" \/>\n<meta property=\"og:url\" content=\"https:\/\/www.campus02.at\/en\/the-ballroom-sessions-inno-your-ball\/\" \/>\n<meta property=\"og:site_name\" content=\"FH CAMPUS 02\" \/>\n<meta property=\"og:image\" content=\"https:\/\/www.campus02.at\/wp-content\/uploads\/2015\/10\/T_LEI2980.jpg\" \/>\n\t<meta property=\"og:image:width\" content=\"1200\" \/>\n\t<meta property=\"og:image:height\" content=\"630\" \/>\n\t<meta property=\"og:image:type\" content=\"image\/jpeg\" \/>\n<meta name=\"twitter:card\" content=\"summary_large_image\" \/>\n<script type=\"application\/ld+json\" class=\"yoast-schema-graph\">{\"@context\":\"https:\/\/schema.org\",\"@graph\":[{\"@type\":\"WebPage\",\"@id\":\"https:\/\/www.campus02.at\/the-ballroom-sessions-inno-your-ball\/\",\"url\":\"https:\/\/www.campus02.at\/the-ballroom-sessions-inno-your-ball\/\",\"name\":\"The Ballroom Sessions - INNO your Ball - FH CAMPUS 02\",\"isPartOf\":{\"@id\":\"https:\/\/www.campus02.at\/#website\"},\"datePublished\":\"2018-05-29T08:22:06+00:00\",\"breadcrumb\":{\"@id\":\"https:\/\/www.campus02.at\/the-ballroom-sessions-inno-your-ball\/#breadcrumb\"},\"inLanguage\":\"en-GB\",\"potentialAction\":[{\"@type\":\"ReadAction\",\"target\":[\"https:\/\/www.campus02.at\/the-ballroom-sessions-inno-your-ball\/\"]}]},{\"@type\":\"BreadcrumbList\",\"@id\":\"https:\/\/www.campus02.at\/the-ballroom-sessions-inno-your-ball\/#breadcrumb\",\"itemListElement\":[{\"@type\":\"ListItem\",\"position\":1,\"name\":\"Startseite\",\"item\":\"https:\/\/www.campus02.at\/\"},{\"@type\":\"ListItem\",\"position\":2,\"name\":\"The Ballroom Sessions &#8211; INNO your Ball\"}]},{\"@type\":\"WebSite\",\"@id\":\"https:\/\/www.campus02.at\/#website\",\"url\":\"https:\/\/www.campus02.at\/\",\"name\":\"FH CAMPUS 02\",\"description\":\"\",\"publisher\":{\"@id\":\"https:\/\/www.campus02.at\/#organization\"},\"potentialAction\":[{\"@type\":\"SearchAction\",\"target\":{\"@type\":\"EntryPoint\",\"urlTemplate\":\"https:\/\/www.campus02.at\/?s={search_term_string}\"},\"query-input\":{\"@type\":\"PropertyValueSpecification\",\"valueRequired\":true,\"valueName\":\"search_term_string\"}}],\"inLanguage\":\"en-GB\"},{\"@type\":\"Organization\",\"@id\":\"https:\/\/www.campus02.at\/#organization\",\"name\":\"FH CAMPUS 02\",\"url\":\"https:\/\/www.campus02.at\/\",\"logo\":{\"@type\":\"ImageObject\",\"inLanguage\":\"en-GB\",\"@id\":\"https:\/\/www.campus02.at\/#\/schema\/logo\/image\/\",\"url\":\"https:\/\/www.campus02.at\/wp-content\/uploads\/2016\/10\/Logo.jpg\",\"contentUrl\":\"https:\/\/www.campus02.at\/wp-content\/uploads\/2016\/10\/Logo.jpg\",\"width\":1108,\"height\":440,\"caption\":\"FH CAMPUS 02\"},\"image\":{\"@id\":\"https:\/\/www.campus02.at\/#\/schema\/logo\/image\/\"}}]}<\/script>\n<!-- \/ Yoast SEO plugin. -->","yoast_head_json":{"title":"The Ballroom Sessions - INNO your Ball - FH CAMPUS 02","robots":{"index":"index","follow":"follow","max-snippet":"max-snippet:-1","max-image-preview":"max-image-preview:large","max-video-preview":"max-video-preview:-1"},"canonical":"https:\/\/www.campus02.at\/en\/the-ballroom-sessions-inno-your-ball\/","og_locale":"en_GB","og_type":"article","og_title":"The Ballroom Sessions - INNO your Ball - FH CAMPUS 02","og_description":"Workshop INNO your Ball Im Workshop behandeln wir: Kreative Problemstellungen rund um euren Ball Vorstellung ausgew\u00e4hlter more&hellip;","og_url":"https:\/\/www.campus02.at\/en\/the-ballroom-sessions-inno-your-ball\/","og_site_name":"FH CAMPUS 02","og_image":[{"width":1200,"height":630,"url":"https:\/\/www.campus02.at\/wp-content\/uploads\/2015\/10\/T_LEI2980.jpg","type":"image\/jpeg"}],"twitter_card":"summary_large_image","schema":{"@context":"https:\/\/schema.org","@graph":[{"@type":"WebPage","@id":"https:\/\/www.campus02.at\/the-ballroom-sessions-inno-your-ball\/","url":"https:\/\/www.campus02.at\/the-ballroom-sessions-inno-your-ball\/","name":"The Ballroom Sessions - INNO your Ball - FH CAMPUS 02","isPartOf":{"@id":"https:\/\/www.campus02.at\/#website"},"datePublished":"2018-05-29T08:22:06+00:00","breadcrumb":{"@id":"https:\/\/www.campus02.at\/the-ballroom-sessions-inno-your-ball\/#breadcrumb"},"inLanguage":"en-GB","potentialAction":[{"@type":"ReadAction","target":["https:\/\/www.campus02.at\/the-ballroom-sessions-inno-your-ball\/"]}]},{"@type":"BreadcrumbList","@id":"https:\/\/www.campus02.at\/the-ballroom-sessions-inno-your-ball\/#breadcrumb","itemListElement":[{"@type":"ListItem","position":1,"name":"Startseite","item":"https:\/\/www.campus02.at\/"},{"@type":"ListItem","position":2,"name":"The Ballroom Sessions &#8211; INNO your Ball"}]},{"@type":"WebSite","@id":"https:\/\/www.campus02.at\/#website","url":"https:\/\/www.campus02.at\/","name":"CAMPUS 02 UAS","description":"","publisher":{"@id":"https:\/\/www.campus02.at\/#organization"},"potentialAction":[{"@type":"SearchAction","target":{"@type":"EntryPoint","urlTemplate":"https:\/\/www.campus02.at\/?s={search_term_string}"},"query-input":{"@type":"PropertyValueSpecification","valueRequired":true,"valueName":"search_term_string"}}],"inLanguage":"en-GB"},{"@type":"Organization","@id":"https:\/\/www.campus02.at\/#organization","name":"CAMPUS 02 UAS","url":"https:\/\/www.campus02.at\/","logo":{"@type":"ImageObject","inLanguage":"en-GB","@id":"https:\/\/www.campus02.at\/#\/schema\/logo\/image\/","url":"https:\/\/www.campus02.at\/wp-content\/uploads\/2016\/10\/Logo.jpg","contentUrl":"https:\/\/www.campus02.at\/wp-content\/uploads\/2016\/10\/Logo.jpg","width":1108,"height":440,"caption":"FH CAMPUS 02"},"image":{"@id":"https:\/\/www.campus02.at\/#\/schema\/logo\/image\/"}}]}},"_links":{"self":[{"href":"https:\/\/www.campus02.at\/en\/wp-json\/wp\/v2\/pages\/102681","targetHints":{"allow":["GET"]}}],"collection":[{"href":"https:\/\/www.campus02.at\/en\/wp-json\/wp\/v2\/pages"}],"about":[{"href":"https:\/\/www.campus02.at\/en\/wp-json\/wp\/v2\/types\/page"}],"author":[{"embeddable":true,"href":"https:\/\/www.campus02.at\/en\/wp-json\/wp\/v2\/users\/135"}],"replies":[{"embeddable":true,"href":"https:\/\/www.campus02.at\/en\/wp-json\/wp\/v2\/comments?post=102681"}],"version-history":[{"count":3,"href":"https:\/\/www.campus02.at\/en\/wp-json\/wp\/v2\/pages\/102681\/revisions"}],"predecessor-version":[{"id":102686,"href":"https:\/\/www.campus02.at\/en\/wp-json\/wp\/v2\/pages\/102681\/revisions\/102686"}],"wp:attachment":[{"href":"https:\/\/www.campus02.at\/en\/wp-json\/wp\/v2\/media?parent=102681"}],"wp:term":[{"taxonomy":"author","embeddable":true,"href":"https:\/\/www.campus02.at\/en\/wp-json\/wp\/v2\/coauthors?post=102681"}],"curies":[{"name":"wp","href":"https:\/\/api.w.org\/{rel}","templated":true}]}}