{"id":102549,"date":"2018-05-22T18:12:25","date_gmt":"2018-05-22T16:12:25","guid":{"rendered":"https:\/\/www.campus02.at\/?page_id=102549"},"modified":"2018-05-22T18:14:01","modified_gmt":"2018-05-22T16:14:01","slug":"the-ballroom-sessions-create-your-goodies","status":"publish","type":"page","link":"https:\/\/www.campus02.at\/en\/the-ballroom-sessions-create-your-goodies\/","title":{"rendered":"The Ballroom Sessions &#8211; Create your Goodies"},"content":{"rendered":"<div class=\"flex-campus-main flex-campus-main-Heading\"><h1>Workshop Create your Goodies<\/h1><\/div><div class=\"flex-campus-main flex-campus-main-Textbox\"><div class=\"alert bg-yellow\">\n            <h3>Im Workshop machen wir:<\/h3>\n        <ul>\n<li>Einf\u00fchrung in das Thema Rapid Prototyping<\/li>\n<li>Erkl\u00e4rung von daf\u00fcr n\u00f6tige Tools und Abl\u00e4ufe<\/li>\n<li>Beratung zur Ideenfindung, Materialentscheidung und Preisgestaltung<\/li>\n<li>Erstellung von ersten Prototypen &#8211; von der Idee bis zum fertigen Produkt<\/li>\n<\/ul>\n    <\/div><\/div><div class=\"flex-campus-main flex-campus-main-Text\"><p>Bei diesem Workshop dreht sich alles darum, wie ihr zu personalisierten Goodies f\u00fcr eure G\u00e4ste, wichtige Personen, MitmaturantInnen sowie LehrerInnen kommt. Dadurch kommt ihr vielleicht zu einer zus\u00e4tzlichen Einnahmequelle an eurem Ball, was eurem Ballkonto sicher gut tut. Unsere Studienrichtung Automatisierungstechnik besitzt daf\u00fcr ein Rapid-Prototyping-Labor mit Maschinen, die eure Ideen mit ein wenig Hilfe Wirklichkeit werden lassen k\u00f6nnen. Wir zeigen euch anhand verschiedenster Designtools, Materialien und Methoden, wie und was man im Labor zaubern kann. Die M\u00f6glichkeiten erstrecken sich von kleinen n\u00fctzlichen Give-Aways f\u00fcr eure Tombola bis hin zur individuell gestalteten Weinflasche f\u00fcr euch und euren Klassenvorstand. Ziel ist es, mit euch Ideen f\u00fcr individualisierte Goodies zu generieren, die zu eurem Ballmotto passen und erste Prototypen zu fertigen. Hier ein paar Beispiele, um euch Ideen zu holen:<\/p>\n<p><a href=\"https:\/\/www.thingiverse.com\/\">https:\/\/www.thingiverse.com\/<\/a><\/p>\n<p><a href=\"https:\/\/www.epiloglaser.de\/ressourcen\/sample-club.htm\">https:\/\/www.epiloglaser.de\/ressourcen\/sample-club.htm<\/a><\/p>\n<p><a href=\"https:\/\/www.troteclaser.com\/de-at\/know-how\/musterauswahl\/\">https:\/\/www.troteclaser.com\/de-at\/know-how\/musterauswahl\/<\/a><\/p>\n<p><a href=\"https:\/\/grabcad.com\/library?page=1&amp;time=all_time&amp;sort=recent&amp;query=laser%20cut\">https:\/\/grabcad.com\/library?page=1&amp;time=all_time&amp;sort=recent&amp;query=laser%20cut<\/a><\/p>\n<p>&nbsp;<\/p>\n<\/div>","protected":false},"excerpt":{"rendered":"<p>Workshop Create your Goodies Im Workshop machen wir: Einf\u00fchrung in das Thema Rapid Prototyping Erkl\u00e4rung von daf\u00fcr n\u00f6tige <a href=\"https:\/\/www.campus02.at\/en\/the-ballroom-sessions-create-your-goodies\/\" class=\"more-link\">more&hellip;<\/a><\/p>","protected":false},"author":135,"featured_media":0,"parent":0,"menu_order":63,"comment_status":"closed","ping_status":"closed","template":"","meta":{"_acf_changed":false,"footnotes":""},"coauthors":[83],"class_list":["post-102549","page","type-page","status-publish","hentry"],"acf":[],"yoast_head":"<!-- This site is optimized with the Yoast SEO plugin v26.9 - https:\/\/yoast.com\/product\/yoast-seo-wordpress\/ -->\n<title>The Ballroom Sessions - Create your Goodies - FH CAMPUS 02<\/title>\n<meta name=\"robots\" content=\"index, follow, max-snippet:-1, max-image-preview:large, max-video-preview:-1\" \/>\n<link rel=\"canonical\" href=\"https:\/\/www.campus02.at\/en\/the-ballroom-sessions-create-your-goodies\/\" \/>\n<meta property=\"og:locale\" content=\"en_GB\" \/>\n<meta property=\"og:type\" content=\"article\" \/>\n<meta property=\"og:title\" content=\"The Ballroom Sessions - Create your Goodies - FH CAMPUS 02\" \/>\n<meta property=\"og:description\" content=\"Workshop Create your Goodies Im Workshop machen wir: Einf\u00fchrung in das Thema Rapid Prototyping Erkl\u00e4rung von daf\u00fcr n\u00f6tige more&hellip;\" \/>\n<meta property=\"og:url\" content=\"https:\/\/www.campus02.at\/en\/the-ballroom-sessions-create-your-goodies\/\" \/>\n<meta property=\"og:site_name\" content=\"FH CAMPUS 02\" \/>\n<meta property=\"article:modified_time\" content=\"2018-05-22T16:14:01+00:00\" \/>\n<meta property=\"og:image\" content=\"https:\/\/www.campus02.at\/wp-content\/uploads\/2015\/10\/T_LEI2980.jpg\" \/>\n\t<meta property=\"og:image:width\" content=\"1200\" \/>\n\t<meta property=\"og:image:height\" content=\"630\" \/>\n\t<meta property=\"og:image:type\" content=\"image\/jpeg\" \/>\n<meta name=\"twitter:card\" content=\"summary_large_image\" \/>\n<script type=\"application\/ld+json\" class=\"yoast-schema-graph\">{\"@context\":\"https:\/\/schema.org\",\"@graph\":[{\"@type\":\"WebPage\",\"@id\":\"https:\/\/www.campus02.at\/the-ballroom-sessions-create-your-goodies\/\",\"url\":\"https:\/\/www.campus02.at\/the-ballroom-sessions-create-your-goodies\/\",\"name\":\"The Ballroom Sessions - Create your Goodies - FH CAMPUS 02\",\"isPartOf\":{\"@id\":\"https:\/\/www.campus02.at\/#website\"},\"datePublished\":\"2018-05-22T16:12:25+00:00\",\"dateModified\":\"2018-05-22T16:14:01+00:00\",\"breadcrumb\":{\"@id\":\"https:\/\/www.campus02.at\/the-ballroom-sessions-create-your-goodies\/#breadcrumb\"},\"inLanguage\":\"en-GB\",\"potentialAction\":[{\"@type\":\"ReadAction\",\"target\":[\"https:\/\/www.campus02.at\/the-ballroom-sessions-create-your-goodies\/\"]}]},{\"@type\":\"BreadcrumbList\",\"@id\":\"https:\/\/www.campus02.at\/the-ballroom-sessions-create-your-goodies\/#breadcrumb\",\"itemListElement\":[{\"@type\":\"ListItem\",\"position\":1,\"name\":\"Startseite\",\"item\":\"https:\/\/www.campus02.at\/\"},{\"@type\":\"ListItem\",\"position\":2,\"name\":\"The Ballroom Sessions &#8211; Create your Goodies\"}]},{\"@type\":\"WebSite\",\"@id\":\"https:\/\/www.campus02.at\/#website\",\"url\":\"https:\/\/www.campus02.at\/\",\"name\":\"FH CAMPUS 02\",\"description\":\"\",\"publisher\":{\"@id\":\"https:\/\/www.campus02.at\/#organization\"},\"potentialAction\":[{\"@type\":\"SearchAction\",\"target\":{\"@type\":\"EntryPoint\",\"urlTemplate\":\"https:\/\/www.campus02.at\/?s={search_term_string}\"},\"query-input\":{\"@type\":\"PropertyValueSpecification\",\"valueRequired\":true,\"valueName\":\"search_term_string\"}}],\"inLanguage\":\"en-GB\"},{\"@type\":\"Organization\",\"@id\":\"https:\/\/www.campus02.at\/#organization\",\"name\":\"FH CAMPUS 02\",\"url\":\"https:\/\/www.campus02.at\/\",\"logo\":{\"@type\":\"ImageObject\",\"inLanguage\":\"en-GB\",\"@id\":\"https:\/\/www.campus02.at\/#\/schema\/logo\/image\/\",\"url\":\"https:\/\/www.campus02.at\/wp-content\/uploads\/2016\/10\/Logo.jpg\",\"contentUrl\":\"https:\/\/www.campus02.at\/wp-content\/uploads\/2016\/10\/Logo.jpg\",\"width\":1108,\"height\":440,\"caption\":\"FH CAMPUS 02\"},\"image\":{\"@id\":\"https:\/\/www.campus02.at\/#\/schema\/logo\/image\/\"}}]}<\/script>\n<!-- \/ Yoast SEO plugin. -->","yoast_head_json":{"title":"The Ballroom Sessions - Create your Goodies - FH CAMPUS 02","robots":{"index":"index","follow":"follow","max-snippet":"max-snippet:-1","max-image-preview":"max-image-preview:large","max-video-preview":"max-video-preview:-1"},"canonical":"https:\/\/www.campus02.at\/en\/the-ballroom-sessions-create-your-goodies\/","og_locale":"en_GB","og_type":"article","og_title":"The Ballroom Sessions - Create your Goodies - FH CAMPUS 02","og_description":"Workshop Create your Goodies Im Workshop machen wir: Einf\u00fchrung in das Thema Rapid Prototyping Erkl\u00e4rung von daf\u00fcr n\u00f6tige more&hellip;","og_url":"https:\/\/www.campus02.at\/en\/the-ballroom-sessions-create-your-goodies\/","og_site_name":"FH CAMPUS 02","article_modified_time":"2018-05-22T16:14:01+00:00","og_image":[{"width":1200,"height":630,"url":"https:\/\/www.campus02.at\/wp-content\/uploads\/2015\/10\/T_LEI2980.jpg","type":"image\/jpeg"}],"twitter_card":"summary_large_image","schema":{"@context":"https:\/\/schema.org","@graph":[{"@type":"WebPage","@id":"https:\/\/www.campus02.at\/the-ballroom-sessions-create-your-goodies\/","url":"https:\/\/www.campus02.at\/the-ballroom-sessions-create-your-goodies\/","name":"The Ballroom Sessions - Create your Goodies - FH CAMPUS 02","isPartOf":{"@id":"https:\/\/www.campus02.at\/#website"},"datePublished":"2018-05-22T16:12:25+00:00","dateModified":"2018-05-22T16:14:01+00:00","breadcrumb":{"@id":"https:\/\/www.campus02.at\/the-ballroom-sessions-create-your-goodies\/#breadcrumb"},"inLanguage":"en-GB","potentialAction":[{"@type":"ReadAction","target":["https:\/\/www.campus02.at\/the-ballroom-sessions-create-your-goodies\/"]}]},{"@type":"BreadcrumbList","@id":"https:\/\/www.campus02.at\/the-ballroom-sessions-create-your-goodies\/#breadcrumb","itemListElement":[{"@type":"ListItem","position":1,"name":"Startseite","item":"https:\/\/www.campus02.at\/"},{"@type":"ListItem","position":2,"name":"The Ballroom Sessions &#8211; Create your Goodies"}]},{"@type":"WebSite","@id":"https:\/\/www.campus02.at\/#website","url":"https:\/\/www.campus02.at\/","name":"CAMPUS 02 UAS","description":"","publisher":{"@id":"https:\/\/www.campus02.at\/#organization"},"potentialAction":[{"@type":"SearchAction","target":{"@type":"EntryPoint","urlTemplate":"https:\/\/www.campus02.at\/?s={search_term_string}"},"query-input":{"@type":"PropertyValueSpecification","valueRequired":true,"valueName":"search_term_string"}}],"inLanguage":"en-GB"},{"@type":"Organization","@id":"https:\/\/www.campus02.at\/#organization","name":"CAMPUS 02 UAS","url":"https:\/\/www.campus02.at\/","logo":{"@type":"ImageObject","inLanguage":"en-GB","@id":"https:\/\/www.campus02.at\/#\/schema\/logo\/image\/","url":"https:\/\/www.campus02.at\/wp-content\/uploads\/2016\/10\/Logo.jpg","contentUrl":"https:\/\/www.campus02.at\/wp-content\/uploads\/2016\/10\/Logo.jpg","width":1108,"height":440,"caption":"FH CAMPUS 02"},"image":{"@id":"https:\/\/www.campus02.at\/#\/schema\/logo\/image\/"}}]}},"_links":{"self":[{"href":"https:\/\/www.campus02.at\/en\/wp-json\/wp\/v2\/pages\/102549","targetHints":{"allow":["GET"]}}],"collection":[{"href":"https:\/\/www.campus02.at\/en\/wp-json\/wp\/v2\/pages"}],"about":[{"href":"https:\/\/www.campus02.at\/en\/wp-json\/wp\/v2\/types\/page"}],"author":[{"embeddable":true,"href":"https:\/\/www.campus02.at\/en\/wp-json\/wp\/v2\/users\/135"}],"replies":[{"embeddable":true,"href":"https:\/\/www.campus02.at\/en\/wp-json\/wp\/v2\/comments?post=102549"}],"version-history":[{"count":2,"href":"https:\/\/www.campus02.at\/en\/wp-json\/wp\/v2\/pages\/102549\/revisions"}],"predecessor-version":[{"id":102553,"href":"https:\/\/www.campus02.at\/en\/wp-json\/wp\/v2\/pages\/102549\/revisions\/102553"}],"wp:attachment":[{"href":"https:\/\/www.campus02.at\/en\/wp-json\/wp\/v2\/media?parent=102549"}],"wp:term":[{"taxonomy":"author","embeddable":true,"href":"https:\/\/www.campus02.at\/en\/wp-json\/wp\/v2\/coauthors?post=102549"}],"curies":[{"name":"wp","href":"https:\/\/api.w.org\/{rel}","templated":true}]}}