{"id":102431,"date":"2018-05-16T12:45:21","date_gmt":"2018-05-16T10:45:21","guid":{"rendered":"https:\/\/www.campus02.at\/?page_id=102431"},"modified":"2018-05-30T16:23:47","modified_gmt":"2018-05-30T14:23:47","slug":"the-ballroom-sessions-social-media-marketing","status":"publish","type":"page","link":"https:\/\/www.campus02.at\/en\/the-ballroom-sessions-social-media-marketing\/","title":{"rendered":"The Ballroom Sessions &#8211; Social Media Marketing"},"content":{"rendered":"<div class=\"flex-campus-main flex-campus-main-Heading\"><h1>Workshop Social Media Marketing<\/h1><\/div><div class=\"flex-campus-main flex-campus-main-Textbox\"><div class=\"alert bg-yellow\">\n            <h3>Im Workshop behandeln wir:<\/h3>\n        <ul>\n<li>Einf\u00fchrung Social Media &#8211; Marketing und Kommunikation mit Facebook, Twitter und Co.<\/li>\n<li>Planen und Anlegen einer Facebook-Kampagne<\/li>\n<li>Verkn\u00fcpfung mit anderen relevanten Social Media-Kan\u00e4len<\/li>\n<li>Praktische Umsetzung anhand des eigenen Maturaballs<\/li>\n<\/ul>\n    <\/div><\/div><div class=\"flex-campus-main flex-campus-main-Text\"><p>Im Workshop erhaltet ihr eine grundlegende Einf\u00fchrung in den Bereich Social Media-Marketing, lernt die f\u00fcr euch wichtigsten Kan\u00e4le kennen und bekommt eine strukturierte Vorgehensweise bei der Kampagnenentwicklung vermittelt. Im praktischen Teil des Workshops werdet ihr das Geh\u00f6rte anhand des eigenen Maturaballs umsetzen, mit dem Ziel, diesen bestm\u00f6glich zu vermarkten und ihn somit zu einem gro\u00dfen Erfolg werden zu lassen!<\/p>\n<\/div>","protected":false},"excerpt":{"rendered":"<p>Workshop Social Media Marketing Im Workshop behandeln wir: Einf\u00fchrung Social Media &#8211; Marketing und Kommunikation mit <a href=\"https:\/\/www.campus02.at\/en\/the-ballroom-sessions-social-media-marketing\/\" class=\"more-link\">more&hellip;<\/a><\/p>","protected":false},"author":135,"featured_media":0,"parent":0,"menu_order":51,"comment_status":"closed","ping_status":"closed","template":"","meta":{"_acf_changed":false,"footnotes":""},"coauthors":[83],"class_list":["post-102431","page","type-page","status-publish","hentry"],"acf":[],"yoast_head":"<!-- This site is optimized with the Yoast SEO plugin v26.9 - https:\/\/yoast.com\/product\/yoast-seo-wordpress\/ -->\n<title>The Ballroom Sessions - Social Media Marketing - FH CAMPUS 02<\/title>\n<meta name=\"robots\" content=\"index, follow, max-snippet:-1, max-image-preview:large, max-video-preview:-1\" \/>\n<link rel=\"canonical\" href=\"https:\/\/www.campus02.at\/en\/the-ballroom-sessions-social-media-marketing\/\" \/>\n<meta property=\"og:locale\" content=\"en_GB\" \/>\n<meta property=\"og:type\" content=\"article\" \/>\n<meta property=\"og:title\" content=\"The Ballroom Sessions - Social Media Marketing - FH CAMPUS 02\" \/>\n<meta property=\"og:description\" content=\"Workshop Social Media Marketing Im Workshop behandeln wir: Einf\u00fchrung Social Media &#8211; Marketing und Kommunikation mit more&hellip;\" \/>\n<meta property=\"og:url\" content=\"https:\/\/www.campus02.at\/en\/the-ballroom-sessions-social-media-marketing\/\" \/>\n<meta property=\"og:site_name\" content=\"FH CAMPUS 02\" \/>\n<meta property=\"article:modified_time\" content=\"2018-05-30T14:23:47+00:00\" \/>\n<meta property=\"og:image\" content=\"https:\/\/www.campus02.at\/wp-content\/uploads\/2015\/10\/T_LEI2980.jpg\" \/>\n\t<meta property=\"og:image:width\" content=\"1200\" \/>\n\t<meta property=\"og:image:height\" content=\"630\" \/>\n\t<meta property=\"og:image:type\" content=\"image\/jpeg\" \/>\n<meta name=\"twitter:card\" content=\"summary_large_image\" \/>\n<script type=\"application\/ld+json\" class=\"yoast-schema-graph\">{\"@context\":\"https:\/\/schema.org\",\"@graph\":[{\"@type\":\"WebPage\",\"@id\":\"https:\/\/www.campus02.at\/the-ballroom-sessions-social-media-marketing\/\",\"url\":\"https:\/\/www.campus02.at\/the-ballroom-sessions-social-media-marketing\/\",\"name\":\"The Ballroom Sessions - Social Media Marketing - FH CAMPUS 02\",\"isPartOf\":{\"@id\":\"https:\/\/www.campus02.at\/#website\"},\"datePublished\":\"2018-05-16T10:45:21+00:00\",\"dateModified\":\"2018-05-30T14:23:47+00:00\",\"breadcrumb\":{\"@id\":\"https:\/\/www.campus02.at\/the-ballroom-sessions-social-media-marketing\/#breadcrumb\"},\"inLanguage\":\"en-GB\",\"potentialAction\":[{\"@type\":\"ReadAction\",\"target\":[\"https:\/\/www.campus02.at\/the-ballroom-sessions-social-media-marketing\/\"]}]},{\"@type\":\"BreadcrumbList\",\"@id\":\"https:\/\/www.campus02.at\/the-ballroom-sessions-social-media-marketing\/#breadcrumb\",\"itemListElement\":[{\"@type\":\"ListItem\",\"position\":1,\"name\":\"Startseite\",\"item\":\"https:\/\/www.campus02.at\/\"},{\"@type\":\"ListItem\",\"position\":2,\"name\":\"The Ballroom Sessions &#8211; Social Media Marketing\"}]},{\"@type\":\"WebSite\",\"@id\":\"https:\/\/www.campus02.at\/#website\",\"url\":\"https:\/\/www.campus02.at\/\",\"name\":\"FH CAMPUS 02\",\"description\":\"\",\"publisher\":{\"@id\":\"https:\/\/www.campus02.at\/#organization\"},\"potentialAction\":[{\"@type\":\"SearchAction\",\"target\":{\"@type\":\"EntryPoint\",\"urlTemplate\":\"https:\/\/www.campus02.at\/?s={search_term_string}\"},\"query-input\":{\"@type\":\"PropertyValueSpecification\",\"valueRequired\":true,\"valueName\":\"search_term_string\"}}],\"inLanguage\":\"en-GB\"},{\"@type\":\"Organization\",\"@id\":\"https:\/\/www.campus02.at\/#organization\",\"name\":\"FH CAMPUS 02\",\"url\":\"https:\/\/www.campus02.at\/\",\"logo\":{\"@type\":\"ImageObject\",\"inLanguage\":\"en-GB\",\"@id\":\"https:\/\/www.campus02.at\/#\/schema\/logo\/image\/\",\"url\":\"https:\/\/www.campus02.at\/wp-content\/uploads\/2016\/10\/Logo.jpg\",\"contentUrl\":\"https:\/\/www.campus02.at\/wp-content\/uploads\/2016\/10\/Logo.jpg\",\"width\":1108,\"height\":440,\"caption\":\"FH CAMPUS 02\"},\"image\":{\"@id\":\"https:\/\/www.campus02.at\/#\/schema\/logo\/image\/\"}}]}<\/script>\n<!-- \/ Yoast SEO plugin. -->","yoast_head_json":{"title":"The Ballroom Sessions - Social Media Marketing - FH CAMPUS 02","robots":{"index":"index","follow":"follow","max-snippet":"max-snippet:-1","max-image-preview":"max-image-preview:large","max-video-preview":"max-video-preview:-1"},"canonical":"https:\/\/www.campus02.at\/en\/the-ballroom-sessions-social-media-marketing\/","og_locale":"en_GB","og_type":"article","og_title":"The Ballroom Sessions - Social Media Marketing - FH CAMPUS 02","og_description":"Workshop Social Media Marketing Im Workshop behandeln wir: Einf\u00fchrung Social Media &#8211; Marketing und Kommunikation mit more&hellip;","og_url":"https:\/\/www.campus02.at\/en\/the-ballroom-sessions-social-media-marketing\/","og_site_name":"FH CAMPUS 02","article_modified_time":"2018-05-30T14:23:47+00:00","og_image":[{"width":1200,"height":630,"url":"https:\/\/www.campus02.at\/wp-content\/uploads\/2015\/10\/T_LEI2980.jpg","type":"image\/jpeg"}],"twitter_card":"summary_large_image","schema":{"@context":"https:\/\/schema.org","@graph":[{"@type":"WebPage","@id":"https:\/\/www.campus02.at\/the-ballroom-sessions-social-media-marketing\/","url":"https:\/\/www.campus02.at\/the-ballroom-sessions-social-media-marketing\/","name":"The Ballroom Sessions - Social Media Marketing - FH CAMPUS 02","isPartOf":{"@id":"https:\/\/www.campus02.at\/#website"},"datePublished":"2018-05-16T10:45:21+00:00","dateModified":"2018-05-30T14:23:47+00:00","breadcrumb":{"@id":"https:\/\/www.campus02.at\/the-ballroom-sessions-social-media-marketing\/#breadcrumb"},"inLanguage":"en-GB","potentialAction":[{"@type":"ReadAction","target":["https:\/\/www.campus02.at\/the-ballroom-sessions-social-media-marketing\/"]}]},{"@type":"BreadcrumbList","@id":"https:\/\/www.campus02.at\/the-ballroom-sessions-social-media-marketing\/#breadcrumb","itemListElement":[{"@type":"ListItem","position":1,"name":"Startseite","item":"https:\/\/www.campus02.at\/"},{"@type":"ListItem","position":2,"name":"The Ballroom Sessions &#8211; Social Media Marketing"}]},{"@type":"WebSite","@id":"https:\/\/www.campus02.at\/#website","url":"https:\/\/www.campus02.at\/","name":"CAMPUS 02 UAS","description":"","publisher":{"@id":"https:\/\/www.campus02.at\/#organization"},"potentialAction":[{"@type":"SearchAction","target":{"@type":"EntryPoint","urlTemplate":"https:\/\/www.campus02.at\/?s={search_term_string}"},"query-input":{"@type":"PropertyValueSpecification","valueRequired":true,"valueName":"search_term_string"}}],"inLanguage":"en-GB"},{"@type":"Organization","@id":"https:\/\/www.campus02.at\/#organization","name":"CAMPUS 02 UAS","url":"https:\/\/www.campus02.at\/","logo":{"@type":"ImageObject","inLanguage":"en-GB","@id":"https:\/\/www.campus02.at\/#\/schema\/logo\/image\/","url":"https:\/\/www.campus02.at\/wp-content\/uploads\/2016\/10\/Logo.jpg","contentUrl":"https:\/\/www.campus02.at\/wp-content\/uploads\/2016\/10\/Logo.jpg","width":1108,"height":440,"caption":"FH CAMPUS 02"},"image":{"@id":"https:\/\/www.campus02.at\/#\/schema\/logo\/image\/"}}]}},"_links":{"self":[{"href":"https:\/\/www.campus02.at\/en\/wp-json\/wp\/v2\/pages\/102431","targetHints":{"allow":["GET"]}}],"collection":[{"href":"https:\/\/www.campus02.at\/en\/wp-json\/wp\/v2\/pages"}],"about":[{"href":"https:\/\/www.campus02.at\/en\/wp-json\/wp\/v2\/types\/page"}],"author":[{"embeddable":true,"href":"https:\/\/www.campus02.at\/en\/wp-json\/wp\/v2\/users\/135"}],"replies":[{"embeddable":true,"href":"https:\/\/www.campus02.at\/en\/wp-json\/wp\/v2\/comments?post=102431"}],"version-history":[{"count":4,"href":"https:\/\/www.campus02.at\/en\/wp-json\/wp\/v2\/pages\/102431\/revisions"}],"predecessor-version":[{"id":102489,"href":"https:\/\/www.campus02.at\/en\/wp-json\/wp\/v2\/pages\/102431\/revisions\/102489"}],"wp:attachment":[{"href":"https:\/\/www.campus02.at\/en\/wp-json\/wp\/v2\/media?parent=102431"}],"wp:term":[{"taxonomy":"author","embeddable":true,"href":"https:\/\/www.campus02.at\/en\/wp-json\/wp\/v2\/coauthors?post=102431"}],"curies":[{"name":"wp","href":"https:\/\/api.w.org\/{rel}","templated":true}]}}