{"id":100858,"date":"2018-02-12T17:30:27","date_gmt":"2018-02-12T16:30:27","guid":{"rendered":"https:\/\/www.campus02.at\/?page_id=100858"},"modified":"2022-08-30T15:46:23","modified_gmt":"2022-08-30T13:46:23","slug":"fueretreat2018","status":"publish","type":"page","link":"https:\/\/www.campus02.at\/en\/fueretreat2018\/","title":{"rendered":"F&#038;E Retreat 2018"},"content":{"rendered":"<div class=\"flex-campus-main flex-campus-main-Heading\"><h1>F&amp;E Retreat 2018<\/h1><\/div><div class=\"flex-campus-main flex-campus-main-Text\"><p>Der F&amp;E Retreat 2018 soll die Fortf\u00fchrung der inter\u00addisziplin\u00e4ren Zusammenarbeit und der entsprechenden Ideengenerierung unterst\u00fctzen. M\u00f6gliche Kooperations\u00adbereiche und STR-\u00fcbergreifende Zusammenh\u00e4nge sollen konkretisiert und diskutiert werden.<\/p>\n<p>Dazu ist in diesem Jahr ein Inhouse-Retreat vorgesehen, zu dem alle HBL mit F&amp;E Bezug und nach Ermessen der STGL auch die relevanten Studienassistenten einbezogen werden sollen.<\/p>\n<\/div><div class=\"flex-campus-main flex-campus-main-Text\"><p class=\"wpcf7-contact-form-not-found\"><strong>Error:<\/strong> Contact form not found.<\/p>\n<\/div>","protected":false},"excerpt":{"rendered":"<p>F&amp;E Retreat 2018Der F&amp;E Retreat 2018 soll die Fortf\u00fchrung der inter\u00addisziplin\u00e4ren Zusammenarbeit und der <a href=\"https:\/\/www.campus02.at\/en\/fueretreat2018\/\" class=\"more-link\">more&hellip;<\/a><\/p>","protected":false},"author":186,"featured_media":0,"parent":0,"menu_order":67,"comment_status":"closed","ping_status":"closed","template":"","meta":{"_acf_changed":false,"footnotes":""},"coauthors":[1113,679],"class_list":["post-100858","page","type-page","status-publish","hentry"],"acf":[],"yoast_head":"<!-- This site is optimized with the Yoast SEO plugin v26.9 - https:\/\/yoast.com\/product\/yoast-seo-wordpress\/ -->\n<title>F&amp;E Retreat 2018 - FH CAMPUS 02<\/title>\n<meta name=\"robots\" content=\"index, follow, max-snippet:-1, max-image-preview:large, max-video-preview:-1\" \/>\n<link rel=\"canonical\" href=\"https:\/\/www.campus02.at\/en\/fueretreat2018\/\" \/>\n<meta property=\"og:locale\" content=\"en_GB\" \/>\n<meta property=\"og:type\" content=\"article\" \/>\n<meta property=\"og:title\" content=\"F&amp;E Retreat 2018 - FH CAMPUS 02\" \/>\n<meta property=\"og:description\" content=\"F&amp;E Retreat 2018Der F&amp;E Retreat 2018 soll die Fortf\u00fchrung der inter\u00addisziplin\u00e4ren Zusammenarbeit und der more&hellip;\" \/>\n<meta property=\"og:url\" content=\"https:\/\/www.campus02.at\/en\/fueretreat2018\/\" \/>\n<meta property=\"og:site_name\" content=\"FH CAMPUS 02\" \/>\n<meta property=\"article:modified_time\" content=\"2022-08-30T13:46:23+00:00\" \/>\n<meta property=\"og:image\" content=\"https:\/\/www.campus02.at\/wp-content\/uploads\/2015\/10\/T_LEI2980.jpg\" \/>\n\t<meta property=\"og:image:width\" content=\"1200\" \/>\n\t<meta property=\"og:image:height\" content=\"630\" \/>\n\t<meta property=\"og:image:type\" content=\"image\/jpeg\" \/>\n<meta name=\"twitter:card\" content=\"summary_large_image\" \/>\n<meta name=\"twitter:label1\" content=\"Written by\" \/>\n\t<meta name=\"twitter:data1\" content=\"Wolf Wilfried\" \/>\n<script type=\"application\/ld+json\" class=\"yoast-schema-graph\">{\"@context\":\"https:\/\/schema.org\",\"@graph\":[{\"@type\":\"WebPage\",\"@id\":\"https:\/\/www.campus02.at\/fueretreat2018\/\",\"url\":\"https:\/\/www.campus02.at\/fueretreat2018\/\",\"name\":\"F&E Retreat 2018 - FH CAMPUS 02\",\"isPartOf\":{\"@id\":\"https:\/\/www.campus02.at\/#website\"},\"datePublished\":\"2018-02-12T16:30:27+00:00\",\"dateModified\":\"2022-08-30T13:46:23+00:00\",\"breadcrumb\":{\"@id\":\"https:\/\/www.campus02.at\/fueretreat2018\/#breadcrumb\"},\"inLanguage\":\"en-GB\",\"potentialAction\":[{\"@type\":\"ReadAction\",\"target\":[\"https:\/\/www.campus02.at\/fueretreat2018\/\"]}]},{\"@type\":\"BreadcrumbList\",\"@id\":\"https:\/\/www.campus02.at\/fueretreat2018\/#breadcrumb\",\"itemListElement\":[{\"@type\":\"ListItem\",\"position\":1,\"name\":\"Startseite\",\"item\":\"https:\/\/www.campus02.at\/\"},{\"@type\":\"ListItem\",\"position\":2,\"name\":\"F&#038;E Retreat 2018\"}]},{\"@type\":\"WebSite\",\"@id\":\"https:\/\/www.campus02.at\/#website\",\"url\":\"https:\/\/www.campus02.at\/\",\"name\":\"FH CAMPUS 02\",\"description\":\"\",\"publisher\":{\"@id\":\"https:\/\/www.campus02.at\/#organization\"},\"potentialAction\":[{\"@type\":\"SearchAction\",\"target\":{\"@type\":\"EntryPoint\",\"urlTemplate\":\"https:\/\/www.campus02.at\/?s={search_term_string}\"},\"query-input\":{\"@type\":\"PropertyValueSpecification\",\"valueRequired\":true,\"valueName\":\"search_term_string\"}}],\"inLanguage\":\"en-GB\"},{\"@type\":\"Organization\",\"@id\":\"https:\/\/www.campus02.at\/#organization\",\"name\":\"FH CAMPUS 02\",\"url\":\"https:\/\/www.campus02.at\/\",\"logo\":{\"@type\":\"ImageObject\",\"inLanguage\":\"en-GB\",\"@id\":\"https:\/\/www.campus02.at\/#\/schema\/logo\/image\/\",\"url\":\"https:\/\/www.campus02.at\/wp-content\/uploads\/2016\/10\/Logo.jpg\",\"contentUrl\":\"https:\/\/www.campus02.at\/wp-content\/uploads\/2016\/10\/Logo.jpg\",\"width\":1108,\"height\":440,\"caption\":\"FH CAMPUS 02\"},\"image\":{\"@id\":\"https:\/\/www.campus02.at\/#\/schema\/logo\/image\/\"}}]}<\/script>\n<!-- \/ Yoast SEO plugin. -->","yoast_head_json":{"title":"F&E Retreat 2018 - FH CAMPUS 02","robots":{"index":"index","follow":"follow","max-snippet":"max-snippet:-1","max-image-preview":"max-image-preview:large","max-video-preview":"max-video-preview:-1"},"canonical":"https:\/\/www.campus02.at\/en\/fueretreat2018\/","og_locale":"en_GB","og_type":"article","og_title":"F&E Retreat 2018 - FH CAMPUS 02","og_description":"F&amp;E Retreat 2018Der F&amp;E Retreat 2018 soll die Fortf\u00fchrung der inter\u00addisziplin\u00e4ren Zusammenarbeit und der more&hellip;","og_url":"https:\/\/www.campus02.at\/en\/fueretreat2018\/","og_site_name":"FH CAMPUS 02","article_modified_time":"2022-08-30T13:46:23+00:00","og_image":[{"width":1200,"height":630,"url":"https:\/\/www.campus02.at\/wp-content\/uploads\/2015\/10\/T_LEI2980.jpg","type":"image\/jpeg"}],"twitter_card":"summary_large_image","twitter_misc":{"Written by":"Wolf Wilfried"},"schema":{"@context":"https:\/\/schema.org","@graph":[{"@type":"WebPage","@id":"https:\/\/www.campus02.at\/fueretreat2018\/","url":"https:\/\/www.campus02.at\/fueretreat2018\/","name":"F&E Retreat 2018 - FH CAMPUS 02","isPartOf":{"@id":"https:\/\/www.campus02.at\/#website"},"datePublished":"2018-02-12T16:30:27+00:00","dateModified":"2022-08-30T13:46:23+00:00","breadcrumb":{"@id":"https:\/\/www.campus02.at\/fueretreat2018\/#breadcrumb"},"inLanguage":"en-GB","potentialAction":[{"@type":"ReadAction","target":["https:\/\/www.campus02.at\/fueretreat2018\/"]}]},{"@type":"BreadcrumbList","@id":"https:\/\/www.campus02.at\/fueretreat2018\/#breadcrumb","itemListElement":[{"@type":"ListItem","position":1,"name":"Startseite","item":"https:\/\/www.campus02.at\/"},{"@type":"ListItem","position":2,"name":"F&#038;E Retreat 2018"}]},{"@type":"WebSite","@id":"https:\/\/www.campus02.at\/#website","url":"https:\/\/www.campus02.at\/","name":"CAMPUS 02 UAS","description":"","publisher":{"@id":"https:\/\/www.campus02.at\/#organization"},"potentialAction":[{"@type":"SearchAction","target":{"@type":"EntryPoint","urlTemplate":"https:\/\/www.campus02.at\/?s={search_term_string}"},"query-input":{"@type":"PropertyValueSpecification","valueRequired":true,"valueName":"search_term_string"}}],"inLanguage":"en-GB"},{"@type":"Organization","@id":"https:\/\/www.campus02.at\/#organization","name":"CAMPUS 02 UAS","url":"https:\/\/www.campus02.at\/","logo":{"@type":"ImageObject","inLanguage":"en-GB","@id":"https:\/\/www.campus02.at\/#\/schema\/logo\/image\/","url":"https:\/\/www.campus02.at\/wp-content\/uploads\/2016\/10\/Logo.jpg","contentUrl":"https:\/\/www.campus02.at\/wp-content\/uploads\/2016\/10\/Logo.jpg","width":1108,"height":440,"caption":"FH CAMPUS 02"},"image":{"@id":"https:\/\/www.campus02.at\/#\/schema\/logo\/image\/"}}]}},"_links":{"self":[{"href":"https:\/\/www.campus02.at\/en\/wp-json\/wp\/v2\/pages\/100858","targetHints":{"allow":["GET"]}}],"collection":[{"href":"https:\/\/www.campus02.at\/en\/wp-json\/wp\/v2\/pages"}],"about":[{"href":"https:\/\/www.campus02.at\/en\/wp-json\/wp\/v2\/types\/page"}],"author":[{"embeddable":true,"href":"https:\/\/www.campus02.at\/en\/wp-json\/wp\/v2\/users\/186"}],"replies":[{"embeddable":true,"href":"https:\/\/www.campus02.at\/en\/wp-json\/wp\/v2\/comments?post=100858"}],"version-history":[{"count":2,"href":"https:\/\/www.campus02.at\/en\/wp-json\/wp\/v2\/pages\/100858\/revisions"}],"predecessor-version":[{"id":100860,"href":"https:\/\/www.campus02.at\/en\/wp-json\/wp\/v2\/pages\/100858\/revisions\/100860"}],"wp:attachment":[{"href":"https:\/\/www.campus02.at\/en\/wp-json\/wp\/v2\/media?parent=100858"}],"wp:term":[{"taxonomy":"author","embeddable":true,"href":"https:\/\/www.campus02.at\/en\/wp-json\/wp\/v2\/coauthors?post=100858"}],"curies":[{"name":"wp","href":"https:\/\/api.w.org\/{rel}","templated":true}]}}