{"id":983,"date":"2016-07-14T13:58:18","date_gmt":"2016-07-14T11:58:18","guid":{"rendered":"https:\/\/www.campus02.at\/automatisierungstechnik\/?page_id=983"},"modified":"2021-05-05T12:43:50","modified_gmt":"2021-05-05T10:43:50","slug":"fachbereiche","status":"publish","type":"page","link":"https:\/\/www.campus02.at\/automatisierungstechnik\/startseite\/fachbereiche\/","title":{"rendered":"Fachbereiche"},"content":{"rendered":"<div class=\"flex-campus-main flex-campus-main-Heading\"><h1>Fachbereiche Studienrichtung Automatisierungstechnik<\/h1><\/div><div class=\"flex-campus-main flex-campus-main-Text\"><p>Die Studienrichtung Automatisierungstechnik ist in sieben Fachbereiche gegliedert, die jeweils von einem*r Fachbereichskoordinator*in geleitet werden. Deren Aufgabe ist, eine sowohl organisatorische als auch inhaltliche Abstimmung (wie z.B. die Abstimmung der Lehrziele und Lerninhalte f\u00fcr aufbauende Lehrveranstaltungen) innerhalb der Fachbereiche durchzuf\u00fchren um damit f\u00fcr eine entsprechende Vernetzung der Lehrveranstaltungen zu sorgen und sie sind ebenfalls ma\u00dfgeblich an der Weiterentwicklung der Studienpl\u00e4ne beteiligt. Jede Lehrveranstaltung des Bachelorstudienganges Automatisierungstechnik und des Masterstudienganges Automatisierungstechnik-Wirtschaft ist einem dieser Fachbereiche zugeordnet.<\/p>\n<\/div><div class=\"flex-campus-main flex-campus-main-Text\"><h3>Fremdsprache und Pers\u00f6nlichkeit<\/h3>\n<p><strong>Fachbereichskoordinator: FH-Prof. Dipl.-Ing. Dr. techn. Udo Traussnigg<\/strong><\/p>\n<p>Der Fachbereich Fremdsprache und Pers\u00f6nlichkeit beinhaltet alle Lehrveranstaltungen die der Fremdsprache Englisch gewidmet sind \u2013 im Bachelorstudium von General English \u00fcber English for Engineers bis Business English, im Masterstudium Professional Englisch 1 und Scientific Discourse \u2013 und alle Lehrveranstaltungen die die Pers\u00f6nlichkeitsbildung im Fokus haben \u2013 im Bachelorstudium von Zeitmanagement \u00fcber Teamarbeit bis zur Konfliktf\u00e4higkeit, im Masterstudium Besprechungs- und Verhandlungstechnik sowie F\u00fchrungsverhalten und Mitarbeiter*innenf\u00fchrung. Dabei ist in jedem Semester eine Lehrveranstaltung aus diesem Bereich positioniert und diese zeitlich so gelegt, dass die Umsetzung der erworbenen Kompetenzen auch einen unmittelbaren Mehrwert im Rahmen des Studiums mit sich bringt.<\/p>\n<\/div><div class=\"flex-campus-main flex-campus-main-Text\"><h3>Naturwissenschaften<\/h3>\n<p><strong>Fachbereichskoordinator: FH-Prof. DI Dr.techn. Udo Traussnigg<\/strong><\/p>\n<p>Der Fachbereich Naturwissenschaften umfasst im Bachelorstudium neben den Naturwissenschaftlichen Lehrveranstaltungen \u2013 Grundlagen und Ausgew\u00e4hlte Kapitel der Physik \u2013 auch alle Mathematik-Lehrveranstaltungen \u2013 von der Analysis Einf\u00fchrung \u00fcber Statistik bis zur Computer Algebra Vertiefung. Im Masterstudium sind diesem Fachbereich keine Lehrveranstaltungen zugeordnet.<\/p>\n<\/div><div class=\"flex-campus-main flex-campus-main-Text\"><h3 style=\"text-align: justify;\">Elektrotechnik<\/h3>\n<p style=\"text-align: justify;\"><strong>Fachbereichskoordinator Elektrotechnik\/Elektronik: Dipl.-Ing. Dr. techn. Manfred Pauritsch<\/strong><\/p>\n<p>Der Fachbereich Elektrotechnik bildet die erste fachliche S\u00e4ule der Automatisierungstechnik und vereint im Bachelorstudium die Lehrveranstaltungen mit elektrotechnischem sowie elektronischem Schwerpunkt \u2013 von der allgemeinen Elektrotechnik und Wechselstromtechnik \u00fcber die Messtechnik und Analogschaltungen bis zur Energietechnik und Antriebstechnik.<\/p>\n<p>Im Rahmen der Laboratoriums\u00fcbungen werden diese Kenntnisse in praktischen \u00dcbungen eingesetzt.<\/p>\n<p>Im Masterstudium sind diesem Fachbereich keine Lehrveranstaltungen zugeordnet, da es dort ausschlie\u00dflich um interdisziplin\u00e4re Themen der Automatisierungstechnik geht.<\/p>\n<\/div><div class=\"flex-campus-main flex-campus-main-Text\"><h3 style=\"text-align: justify;\">Informatik<\/h3>\n<p style=\"text-align: justify;\"><strong>Fachbereichskoordinator: FH-Prof. Dipl.-Ing. Dieter Lutzmayr<\/strong><\/p>\n<p>Der Fachbereich Informatik bildet die zweite fachliche S\u00e4ule der Automatisierungstechnik und vereint im Bachelorstudium die Lehrveranstaltungen mit informationstechnischem Schwerpunkt \u2013 von der Technischen Informatik und Mikroprozessortechnik \u00fcber Programmieren und Softwareentwicklung bis zur Netzwerktechnik und Leitsystemen.<\/p>\n<p>Im Masterstudium sind diesem Fachbereich keine Lehrveranstaltungen zugeordnet, da es dort ausschlie\u00dflich um interdisziplin\u00e4re Themen der Automatisierungstechnik geht.<\/p>\n<\/div><div class=\"flex-campus-main flex-campus-main-Text\"><h3 style=\"text-align: justify;\">Maschinenbau<\/h3>\n<p style=\"text-align: justify;\"><strong>Fachbereichskoordinator: DI Dr. Christian Gasser<\/strong><\/p>\n<p>Der Fachbereich Maschinenbau bildet die dritte fachliche S\u00e4ule der Automatisierungstechnik und vereint im Bachelorstudium die Lehrveranstaltungen mit maschinenbaulichem Schwerpunkt \u2013 von der Technischen Mechanik und Werkstoffkunde \u00fcber Maschinenelemente und Konstruktionslehre bis zur Produktionstechnik und Fluidtechnik.<\/p>\n<p>Im Rahmen eines CAD-Projektes werden diese Kenntnisse an einer praktischen Themenstellung angewandt.<\/p>\n<p>Im Masterstudium sind diesem Fachbereich keine Lehrveranstaltungen zugeordnet, da es dort ausschlie\u00dflich um interdisziplin\u00e4re Themen der Automatisierungstechnik geht.<\/p>\n<\/div><div class=\"flex-campus-main flex-campus-main-Text\"><h3>Automatisierungstechnik<\/h3>\n<p><strong>Fachbereichskoordinator: FH-Prof. DI Dr.techn. Udo Traussnigg<\/strong><\/p>\n<p>Der Fachbereich Automatisierungstechnik verbindet die drei fachlichen S\u00e4ulen Maschinenbau, Elektrotechnik und Informatik in interdisziplin\u00e4ren Lehrveranstaltungen \u2013 im Bachelorstudium von der Aktorik und Sensorik \u00fcber die Systemtheorie und Modellbildung bis zur Regelungstechnik.<\/p>\n<p>Im 3., 4. und 5. Semester des Bachelorstudiums finden sogenannte Begleitende Projekte statt, bei denen sich die Studierenden in Kleingruppen jeweils ein Semester lang einer Aufgabenstellung im Team widmen und dabei aus zahlreichen Themen w\u00e4hlen k\u00f6nnen.<\/p>\n<p>Wahlm\u00f6glichkeiten sind im Bachelorstudium im Rahmen der Fachspezifische Erg\u00e4nzung 1 zwischen Digitaler Schaltungsentwurf und Handhabungstechnik sowie zwischen Industrieroboter und Mech. und thermische Verfahrenstechnik zus\u00e4tzlich gegeben.<\/p>\n<p>Im 5. und 6. Semester des Bachelorstudiums gibt es die M\u00f6glichkeit sich im Rahmen der Fachspezifischen Vertiefung in einem der folgenden Bereiche zu spezialisieren:<\/p>\n<ul>\n<li>Elektronische Systementwicklung \u2013 Analogtechnik und Digitaltechnik<\/li>\n<li>Simulationstechniken im Maschinenbau und digitale Fabrik<\/li>\n<li>SPS und verteilte Systeme sowie Informatik<\/li>\n<li>Erg\u00e4nzendes Schwerpunktthema (ein aktueller Schwerpunkt aus der Wirtschaft)<\/li>\n<\/ul>\n<p>Die beiden Bachelorarbeiten sowie das Berufspraktikum sind ebenso diesem Fachbereich zugeordnet.<\/p>\n<p>Im Masterstudium umfasst dieser Fachbereich Lehrveranstaltungen von Angewandter Daten\u00fcbertragungstechnik \u00fcber Funktionale Sicherheit, Modern Control Engineering, Model Based Engineering und Identifikation und Systemintegration bis zur F\u00f6rdertechnik und Logistik.<\/p>\n<p>Zus\u00e4tzlich gibt es im Masterstudium die Wahlm\u00f6glichkeit zwischen Umwelttechnik und Instandhaltung.<\/p>\n<p>Abschlie\u00dfend ist auch die Masterarbeit diesem Fachbereich zugeordnet.<\/p>\n<\/div><div class=\"flex-campus-main flex-campus-main-Text\"><h3>Wirtschaft<\/h3>\n<p><strong>Fachbereichskoordinator: FH-Prof. DI Dr.techn. B\u00f6rge Kummert<\/strong><\/p>\n<p>Der Fachbereich Wirtschaft rundet mit betriebswirtschaftlichem Themen die Inhalte ab und beinhaltet im Bachelorstudium die Lehrveranstaltungen Projektmanagement, Betriebswirtschaftslehre und Unternehmensrechnung.<\/p>\n<p>Nachdem das Masterstudium auf F\u00fchrungsaufgaben vorbereitet, sind im Fachbereich Wirtschaft Lehrveranstaltungen wie Industrial Management, Qualit\u00e4tsmanagement, Unternehmensf\u00fchrung, sowie Unternehmens- und Gesellschaftsrecht enthalten<\/p>\n<p>Zus\u00e4tzlich gibt es im Masterstudium die Wahlm\u00f6glichkeit zwischen QM-Manager und Business Planning.<\/p>\n<\/div>","protected":false},"excerpt":{"rendered":"<p>Fachbereiche Studienrichtung AutomatisierungstechnikDie Studienrichtung Automatisierungstechnik ist in sieben Fachbereiche <a href=\"https:\/\/www.campus02.at\/automatisierungstechnik\/startseite\/fachbereiche\/\" class=\"more-link\">mehr&hellip;<\/a><\/p>\n","protected":false},"author":135,"featured_media":0,"parent":2,"menu_order":0,"comment_status":"closed","ping_status":"closed","template":"","meta":{"_acf_changed":false,"footnotes":""},"coauthors":[81,92],"class_list":["post-983","page","type-page","status-publish","hentry"],"acf":[],"yoast_head":"<!-- This site is optimized with the Yoast SEO plugin v26.9 - https:\/\/yoast.com\/product\/yoast-seo-wordpress\/ -->\n<title>Fachbereiche - FH CAMPUS 02 - Automatisierungstechnik<\/title>\n<meta name=\"robots\" content=\"index, follow, max-snippet:-1, max-image-preview:large, max-video-preview:-1\" \/>\n<link rel=\"canonical\" href=\"https:\/\/www.campus02.at\/automatisierungstechnik\/startseite\/fachbereiche\/\" \/>\n<meta property=\"og:locale\" content=\"de_DE\" \/>\n<meta property=\"og:type\" content=\"article\" \/>\n<meta property=\"og:title\" content=\"Fachbereiche - FH CAMPUS 02 - Automatisierungstechnik\" \/>\n<meta property=\"og:description\" content=\"Fachbereiche Studienrichtung AutomatisierungstechnikDie Studienrichtung Automatisierungstechnik ist in sieben Fachbereiche mehr&hellip;\" \/>\n<meta property=\"og:url\" content=\"https:\/\/www.campus02.at\/automatisierungstechnik\/startseite\/fachbereiche\/\" \/>\n<meta property=\"og:site_name\" content=\"FH CAMPUS 02 - Automatisierungstechnik\" \/>\n<meta property=\"article:modified_time\" content=\"2021-05-05T10:43:50+00:00\" \/>\n<meta name=\"twitter:card\" content=\"summary_large_image\" \/>\n<script type=\"application\/ld+json\" class=\"yoast-schema-graph\">{\"@context\":\"https:\/\/schema.org\",\"@graph\":[{\"@type\":\"WebPage\",\"@id\":\"https:\/\/www.campus02.at\/automatisierungstechnik\/startseite\/fachbereiche\/\",\"url\":\"https:\/\/www.campus02.at\/automatisierungstechnik\/startseite\/fachbereiche\/\",\"name\":\"Fachbereiche - FH CAMPUS 02 - Automatisierungstechnik\",\"isPartOf\":{\"@id\":\"https:\/\/www.campus02.at\/automatisierungstechnik\/#website\"},\"datePublished\":\"2016-07-14T11:58:18+00:00\",\"dateModified\":\"2021-05-05T10:43:50+00:00\",\"breadcrumb\":{\"@id\":\"https:\/\/www.campus02.at\/automatisierungstechnik\/startseite\/fachbereiche\/#breadcrumb\"},\"inLanguage\":\"de\",\"potentialAction\":[{\"@type\":\"ReadAction\",\"target\":[\"https:\/\/www.campus02.at\/automatisierungstechnik\/startseite\/fachbereiche\/\"]}]},{\"@type\":\"BreadcrumbList\",\"@id\":\"https:\/\/www.campus02.at\/automatisierungstechnik\/startseite\/fachbereiche\/#breadcrumb\",\"itemListElement\":[{\"@type\":\"ListItem\",\"position\":1,\"name\":\"Startseite\",\"item\":\"https:\/\/www.campus02.at\/automatisierungstechnik\/\"},{\"@type\":\"ListItem\",\"position\":2,\"name\":\"Startseite\",\"item\":\"https:\/\/www.campus02.at\/automatisierungstechnik\/\"},{\"@type\":\"ListItem\",\"position\":3,\"name\":\"Fachbereiche\"}]},{\"@type\":\"WebSite\",\"@id\":\"https:\/\/www.campus02.at\/automatisierungstechnik\/#website\",\"url\":\"https:\/\/www.campus02.at\/automatisierungstechnik\/\",\"name\":\"FH CAMPUS 02 - Automatisierungstechnik\",\"description\":\"\",\"publisher\":{\"@id\":\"https:\/\/www.campus02.at\/automatisierungstechnik\/#organization\"},\"potentialAction\":[{\"@type\":\"SearchAction\",\"target\":{\"@type\":\"EntryPoint\",\"urlTemplate\":\"https:\/\/www.campus02.at\/automatisierungstechnik\/?s={search_term_string}\"},\"query-input\":{\"@type\":\"PropertyValueSpecification\",\"valueRequired\":true,\"valueName\":\"search_term_string\"}}],\"inLanguage\":\"de\"},{\"@type\":\"Organization\",\"@id\":\"https:\/\/www.campus02.at\/automatisierungstechnik\/#organization\",\"name\":\"FH CAMPUS 02 - Automatisierungstechnik\",\"url\":\"https:\/\/www.campus02.at\/automatisierungstechnik\/\",\"logo\":{\"@type\":\"ImageObject\",\"inLanguage\":\"de\",\"@id\":\"https:\/\/www.campus02.at\/automatisierungstechnik\/#\/schema\/logo\/image\/\",\"url\":\"https:\/\/www.campus02.at\/automatisierungstechnik\/wp-content\/uploads\/sites\/3\/2023\/01\/logo-campus02.svg\",\"contentUrl\":\"https:\/\/www.campus02.at\/automatisierungstechnik\/wp-content\/uploads\/sites\/3\/2023\/01\/logo-campus02.svg\",\"width\":770,\"height\":249,\"caption\":\"FH CAMPUS 02 - Automatisierungstechnik\"},\"image\":{\"@id\":\"https:\/\/www.campus02.at\/automatisierungstechnik\/#\/schema\/logo\/image\/\"}}]}<\/script>\n<!-- \/ Yoast SEO plugin. -->","yoast_head_json":{"title":"Fachbereiche - FH CAMPUS 02 - Automatisierungstechnik","robots":{"index":"index","follow":"follow","max-snippet":"max-snippet:-1","max-image-preview":"max-image-preview:large","max-video-preview":"max-video-preview:-1"},"canonical":"https:\/\/www.campus02.at\/automatisierungstechnik\/startseite\/fachbereiche\/","og_locale":"de_DE","og_type":"article","og_title":"Fachbereiche - FH CAMPUS 02 - Automatisierungstechnik","og_description":"Fachbereiche Studienrichtung AutomatisierungstechnikDie Studienrichtung Automatisierungstechnik ist in sieben Fachbereiche mehr&hellip;","og_url":"https:\/\/www.campus02.at\/automatisierungstechnik\/startseite\/fachbereiche\/","og_site_name":"FH CAMPUS 02 - Automatisierungstechnik","article_modified_time":"2021-05-05T10:43:50+00:00","twitter_card":"summary_large_image","schema":{"@context":"https:\/\/schema.org","@graph":[{"@type":"WebPage","@id":"https:\/\/www.campus02.at\/automatisierungstechnik\/startseite\/fachbereiche\/","url":"https:\/\/www.campus02.at\/automatisierungstechnik\/startseite\/fachbereiche\/","name":"Fachbereiche - FH CAMPUS 02 - Automatisierungstechnik","isPartOf":{"@id":"https:\/\/www.campus02.at\/automatisierungstechnik\/#website"},"datePublished":"2016-07-14T11:58:18+00:00","dateModified":"2021-05-05T10:43:50+00:00","breadcrumb":{"@id":"https:\/\/www.campus02.at\/automatisierungstechnik\/startseite\/fachbereiche\/#breadcrumb"},"inLanguage":"de","potentialAction":[{"@type":"ReadAction","target":["https:\/\/www.campus02.at\/automatisierungstechnik\/startseite\/fachbereiche\/"]}]},{"@type":"BreadcrumbList","@id":"https:\/\/www.campus02.at\/automatisierungstechnik\/startseite\/fachbereiche\/#breadcrumb","itemListElement":[{"@type":"ListItem","position":1,"name":"Startseite","item":"https:\/\/www.campus02.at\/automatisierungstechnik\/"},{"@type":"ListItem","position":2,"name":"Startseite","item":"https:\/\/www.campus02.at\/automatisierungstechnik\/"},{"@type":"ListItem","position":3,"name":"Fachbereiche"}]},{"@type":"WebSite","@id":"https:\/\/www.campus02.at\/automatisierungstechnik\/#website","url":"https:\/\/www.campus02.at\/automatisierungstechnik\/","name":"FH CAMPUS 02 - Automatisierungstechnik","description":"","publisher":{"@id":"https:\/\/www.campus02.at\/automatisierungstechnik\/#organization"},"potentialAction":[{"@type":"SearchAction","target":{"@type":"EntryPoint","urlTemplate":"https:\/\/www.campus02.at\/automatisierungstechnik\/?s={search_term_string}"},"query-input":{"@type":"PropertyValueSpecification","valueRequired":true,"valueName":"search_term_string"}}],"inLanguage":"de"},{"@type":"Organization","@id":"https:\/\/www.campus02.at\/automatisierungstechnik\/#organization","name":"FH CAMPUS 02 - Automatisierungstechnik","url":"https:\/\/www.campus02.at\/automatisierungstechnik\/","logo":{"@type":"ImageObject","inLanguage":"de","@id":"https:\/\/www.campus02.at\/automatisierungstechnik\/#\/schema\/logo\/image\/","url":"https:\/\/www.campus02.at\/automatisierungstechnik\/wp-content\/uploads\/sites\/3\/2023\/01\/logo-campus02.svg","contentUrl":"https:\/\/www.campus02.at\/automatisierungstechnik\/wp-content\/uploads\/sites\/3\/2023\/01\/logo-campus02.svg","width":770,"height":249,"caption":"FH CAMPUS 02 - Automatisierungstechnik"},"image":{"@id":"https:\/\/www.campus02.at\/automatisierungstechnik\/#\/schema\/logo\/image\/"}}]}},"_links":{"self":[{"href":"https:\/\/www.campus02.at\/automatisierungstechnik\/wp-json\/wp\/v2\/pages\/983","targetHints":{"allow":["GET"]}}],"collection":[{"href":"https:\/\/www.campus02.at\/automatisierungstechnik\/wp-json\/wp\/v2\/pages"}],"about":[{"href":"https:\/\/www.campus02.at\/automatisierungstechnik\/wp-json\/wp\/v2\/types\/page"}],"author":[{"embeddable":true,"href":"https:\/\/www.campus02.at\/automatisierungstechnik\/wp-json\/wp\/v2\/users\/135"}],"replies":[{"embeddable":true,"href":"https:\/\/www.campus02.at\/automatisierungstechnik\/wp-json\/wp\/v2\/comments?post=983"}],"version-history":[{"count":8,"href":"https:\/\/www.campus02.at\/automatisierungstechnik\/wp-json\/wp\/v2\/pages\/983\/revisions"}],"predecessor-version":[{"id":6901,"href":"https:\/\/www.campus02.at\/automatisierungstechnik\/wp-json\/wp\/v2\/pages\/983\/revisions\/6901"}],"up":[{"embeddable":true,"href":"https:\/\/www.campus02.at\/automatisierungstechnik\/wp-json\/wp\/v2\/pages\/2"}],"wp:attachment":[{"href":"https:\/\/www.campus02.at\/automatisierungstechnik\/wp-json\/wp\/v2\/media?parent=983"}],"wp:term":[{"taxonomy":"author","embeddable":true,"href":"https:\/\/www.campus02.at\/automatisierungstechnik\/wp-json\/wp\/v2\/coauthors?post=983"}],"curies":[{"name":"wp","href":"https:\/\/api.w.org\/{rel}","templated":true}]}}