{"id":841,"date":"2016-07-11T12:56:48","date_gmt":"2016-07-11T10:56:48","guid":{"rendered":"https:\/\/www.campus02.at\/automatisierungstechnik\/?page_id=841"},"modified":"2024-10-23T10:53:59","modified_gmt":"2024-10-23T08:53:59","slug":"abschlussarbeiten","status":"publish","type":"page","link":"https:\/\/www.campus02.at\/automatisierungstechnik\/startseite\/abschlussarbeiten\/","title":{"rendered":"Abschlussarbeiten"},"content":{"rendered":"<div class=\"flex-campus-main flex-campus-main-Heading\"><h2>Abschlussarbeiten<\/h2><\/div><div class=\"flex-campus-main flex-campus-main-Text\"><p>Hier k\u00f6nnen Sie sich einen \u00dcberblick \u00fcber alle Master- und Bachelorarbeiten unserer Absolvent*innen verschaffen. Die Arbeiten werden jedes Jahr in Form einer Brosch\u00fcre gesammelt, welche dann j\u00e4hrlich bei der Innovation of Automation im Oktober aufgelegt wird.<\/p>\n<\/div><div class=\"flex-campus-main flex-campus-main-Linklist\"><div class=\"linkcollection\">\n        <p class=\"linkcollection-link\"><a class=\"\" href=\"https:\/\/www.campus02.at\/automatisierungstechnik\/wp-content\/uploads\/sites\/3\/2024\/10\/IOA_Broschuere_2024_Webversion.pdf\" ><i class=\"fa fa-file-pdf-o\"><\/i>Abschlussarbeiten ATB21 \/ SAB21 \/ ATM22<\/a><\/p><p class=\"linkcollection-link\"><a class=\"\" href=\"https:\/\/www.campus02.at\/automatisierungstechnik\/wp-content\/uploads\/sites\/3\/2024\/03\/IOA_Broschuere_2023_Druckversion.pdf\" ><i class=\"fa fa-file-pdf-o\"><\/i>Abschlussarbeiten ATB20 \/ ATM21<\/a><\/p><p class=\"linkcollection-link\"><a class=\"\" href=\"https:\/\/www.campus02.at\/automatisierungstechnik\/wp-content\/uploads\/sites\/3\/2023\/03\/IOA-Broschuere2022_V01.pdf\" ><i class=\"fa fa-file-pdf-o\"><\/i>Abschlussarbeiten ATB19 \/ ATM20<\/a><\/p><p class=\"linkcollection-link\"><a class=\"\" href=\"https:\/\/www.campus02.at\/automatisierungstechnik\/wp-content\/uploads\/sites\/3\/2021\/10\/IOA-BroschuereWEB.pdf\" ><i class=\"fa fa-file-pdf-o\"><\/i>Abschlussarbeiten ATB17 \/ ATB18 \/ ATM19<\/a><\/p><p class=\"linkcollection-link\"><a class=\"\" href=\"https:\/\/www.campus02.at\/automatisierungstechnik\/wp-content\/uploads\/sites\/3\/2020\/11\/Campus_Abschluss_Kern_2019_DRUCK.pdf\" ><i class=\"fa fa-file-pdf-o\"><\/i>Abschlussarbeiten ATB16 \/ ATM18<\/a><\/p><p class=\"linkcollection-link\"><a class=\"\" href=\"https:\/\/www.campus02.at\/automatisierungstechnik\/wp-content\/uploads\/sites\/3\/2020\/01\/Campus_Abschluss_Kern_2018_v03-2.pdf\" ><i class=\"fa fa-file-pdf-o\"><\/i>Abschlussarbeiten ATB15 \/ ATM17<\/a><\/p><p class=\"linkcollection-link\"><a class=\"\" href=\"https:\/\/www.campus02.at\/automatisierungstechnik\/wp-content\/uploads\/sites\/3\/2018\/06\/Campus_Abschluss_Kern_2017_gesamt.pdf\" ><i class=\"fa fa-file-pdf-o\"><\/i>Abschlussarbeiten ATB14 \/ ATM16<\/a><\/p><p class=\"linkcollection-link\"><a class=\"\" href=\"https:\/\/www.campus02.at\/automatisierungstechnik\/wp-content\/uploads\/sites\/3\/2016\/07\/Campus_Abschluss_Kern_2016-ohne-Beschnitt.pdf\" ><i class=\"fa fa-file-pdf-o\"><\/i>Abschlussarbeiten ATB13 \/ ATM15<\/a><\/p><p class=\"linkcollection-link\"><a class=\"\" href=\"https:\/\/www.campus02.at\/automatisierungstechnik\/wp-content\/uploads\/sites\/3\/2016\/07\/Campus-02-ATB-12-ATM-14-24.2.-neu-KOMPLETT.pdf\" ><i class=\"fa fa-file-pdf-o\"><\/i>Abschlussarbeiten ATB12 \/ ATM14<\/a><\/p><p class=\"linkcollection-link\"><a class=\"\" href=\"https:\/\/www.campus02.at\/automatisierungstechnik\/wp-content\/uploads\/sites\/3\/2016\/07\/Campus_Abschlussarbeiten2015_Kern_KORR3_9602_DE.pdf\" ><i class=\"fa fa-file-pdf-o\"><\/i>Abschlussarbeiten ATB11 \/ ATM13<\/a><\/p><p class=\"linkcollection-link\"><a class=\"\" href=\"https:\/\/www.campus02.at\/automatisierungstechnik\/wp-content\/uploads\/sites\/3\/2016\/07\/Abschlussarbeiten2014_8783_DE.pdf\" ><i class=\"fa fa-file-pdf-o\"><\/i>Abschlussarbeiten ATB10 \/ ATM12<\/a><\/p><p class=\"linkcollection-link\"><a class=\"\" href=\"https:\/\/www.campus02.at\/automatisierungstechnik\/wp-content\/uploads\/sites\/3\/2016\/07\/Campus-Abschluss-09-11.pdf\" ><i class=\"fa fa-file-pdf-o\"><\/i>Abschlussarbeiten ATB09 \/ ATM11<\/a><\/p><p class=\"linkcollection-link\"><a class=\"\" href=\"https:\/\/www.campus02.at\/automatisierungstechnik\/wp-content\/uploads\/sites\/3\/2016\/07\/Campus-Bd.-9-1.3.pdf\" ><i class=\"fa fa-file-pdf-o\"><\/i>Abschlussarbeiten ATB08 \/ ATM10<\/a><\/p><p class=\"linkcollection-link\"><a class=\"\" href=\"https:\/\/www.campus02.at\/automatisierungstechnik\/wp-content\/uploads\/sites\/3\/2016\/07\/Campus-Bd.-7_neu.pdf\" ><i class=\"fa fa-file-pdf-o\"><\/i>Abschlussarbeiten ATB07 \/ ATM09<\/a><\/p><p class=\"linkcollection-link\"><a class=\"\" href=\"https:\/\/www.campus02.at\/automatisierungstechnik\/wp-content\/uploads\/sites\/3\/2016\/07\/Campus-Bd.-4-22.2.pdf\" ><i class=\"fa fa-file-pdf-o\"><\/i>Abschlussarbeiten ATB06 \/ ATM08<\/a><\/p><\/div><\/div>","protected":false},"excerpt":{"rendered":"<p>AbschlussarbeitenHier k\u00f6nnen Sie sich einen \u00dcberblick \u00fcber alle Master- und Bachelorarbeiten unserer Absolvent*innen <a href=\"https:\/\/www.campus02.at\/automatisierungstechnik\/startseite\/abschlussarbeiten\/\" class=\"more-link\">mehr&hellip;<\/a><\/p>\n","protected":false},"author":135,"featured_media":0,"parent":2,"menu_order":1,"comment_status":"closed","ping_status":"closed","template":"","meta":{"_acf_changed":false,"footnotes":""},"coauthors":[81,92],"class_list":["post-841","page","type-page","status-publish","hentry"],"acf":[],"yoast_head":"<!-- This site is optimized with the Yoast SEO plugin v26.9 - https:\/\/yoast.com\/product\/yoast-seo-wordpress\/ -->\n<title>Abschlussarbeiten - FH CAMPUS 02 - Automatisierungstechnik<\/title>\n<meta name=\"robots\" content=\"index, follow, max-snippet:-1, max-image-preview:large, max-video-preview:-1\" \/>\n<link rel=\"canonical\" href=\"https:\/\/www.campus02.at\/automatisierungstechnik\/startseite\/abschlussarbeiten\/\" \/>\n<meta property=\"og:locale\" content=\"de_DE\" \/>\n<meta property=\"og:type\" content=\"article\" \/>\n<meta property=\"og:title\" content=\"Abschlussarbeiten - FH CAMPUS 02 - Automatisierungstechnik\" \/>\n<meta property=\"og:description\" content=\"AbschlussarbeitenHier k\u00f6nnen Sie sich einen \u00dcberblick \u00fcber alle Master- und Bachelorarbeiten unserer Absolvent*innen mehr&hellip;\" \/>\n<meta property=\"og:url\" content=\"https:\/\/www.campus02.at\/automatisierungstechnik\/startseite\/abschlussarbeiten\/\" \/>\n<meta property=\"og:site_name\" content=\"FH CAMPUS 02 - Automatisierungstechnik\" \/>\n<meta property=\"article:modified_time\" content=\"2024-10-23T08:53:59+00:00\" \/>\n<meta name=\"twitter:card\" content=\"summary_large_image\" \/>\n<script type=\"application\/ld+json\" class=\"yoast-schema-graph\">{\"@context\":\"https:\/\/schema.org\",\"@graph\":[{\"@type\":\"WebPage\",\"@id\":\"https:\/\/www.campus02.at\/automatisierungstechnik\/startseite\/abschlussarbeiten\/\",\"url\":\"https:\/\/www.campus02.at\/automatisierungstechnik\/startseite\/abschlussarbeiten\/\",\"name\":\"Abschlussarbeiten - FH CAMPUS 02 - Automatisierungstechnik\",\"isPartOf\":{\"@id\":\"https:\/\/www.campus02.at\/automatisierungstechnik\/#website\"},\"datePublished\":\"2016-07-11T10:56:48+00:00\",\"dateModified\":\"2024-10-23T08:53:59+00:00\",\"breadcrumb\":{\"@id\":\"https:\/\/www.campus02.at\/automatisierungstechnik\/startseite\/abschlussarbeiten\/#breadcrumb\"},\"inLanguage\":\"de\",\"potentialAction\":[{\"@type\":\"ReadAction\",\"target\":[\"https:\/\/www.campus02.at\/automatisierungstechnik\/startseite\/abschlussarbeiten\/\"]}]},{\"@type\":\"BreadcrumbList\",\"@id\":\"https:\/\/www.campus02.at\/automatisierungstechnik\/startseite\/abschlussarbeiten\/#breadcrumb\",\"itemListElement\":[{\"@type\":\"ListItem\",\"position\":1,\"name\":\"Startseite\",\"item\":\"https:\/\/www.campus02.at\/automatisierungstechnik\/\"},{\"@type\":\"ListItem\",\"position\":2,\"name\":\"Startseite\",\"item\":\"https:\/\/www.campus02.at\/automatisierungstechnik\/\"},{\"@type\":\"ListItem\",\"position\":3,\"name\":\"Abschlussarbeiten\"}]},{\"@type\":\"WebSite\",\"@id\":\"https:\/\/www.campus02.at\/automatisierungstechnik\/#website\",\"url\":\"https:\/\/www.campus02.at\/automatisierungstechnik\/\",\"name\":\"FH CAMPUS 02 - Automatisierungstechnik\",\"description\":\"\",\"publisher\":{\"@id\":\"https:\/\/www.campus02.at\/automatisierungstechnik\/#organization\"},\"potentialAction\":[{\"@type\":\"SearchAction\",\"target\":{\"@type\":\"EntryPoint\",\"urlTemplate\":\"https:\/\/www.campus02.at\/automatisierungstechnik\/?s={search_term_string}\"},\"query-input\":{\"@type\":\"PropertyValueSpecification\",\"valueRequired\":true,\"valueName\":\"search_term_string\"}}],\"inLanguage\":\"de\"},{\"@type\":\"Organization\",\"@id\":\"https:\/\/www.campus02.at\/automatisierungstechnik\/#organization\",\"name\":\"FH CAMPUS 02 - Automatisierungstechnik\",\"url\":\"https:\/\/www.campus02.at\/automatisierungstechnik\/\",\"logo\":{\"@type\":\"ImageObject\",\"inLanguage\":\"de\",\"@id\":\"https:\/\/www.campus02.at\/automatisierungstechnik\/#\/schema\/logo\/image\/\",\"url\":\"https:\/\/www.campus02.at\/automatisierungstechnik\/wp-content\/uploads\/sites\/3\/2023\/01\/logo-campus02.svg\",\"contentUrl\":\"https:\/\/www.campus02.at\/automatisierungstechnik\/wp-content\/uploads\/sites\/3\/2023\/01\/logo-campus02.svg\",\"width\":770,\"height\":249,\"caption\":\"FH CAMPUS 02 - Automatisierungstechnik\"},\"image\":{\"@id\":\"https:\/\/www.campus02.at\/automatisierungstechnik\/#\/schema\/logo\/image\/\"}}]}<\/script>\n<!-- \/ Yoast SEO plugin. -->","yoast_head_json":{"title":"Abschlussarbeiten - FH CAMPUS 02 - Automatisierungstechnik","robots":{"index":"index","follow":"follow","max-snippet":"max-snippet:-1","max-image-preview":"max-image-preview:large","max-video-preview":"max-video-preview:-1"},"canonical":"https:\/\/www.campus02.at\/automatisierungstechnik\/startseite\/abschlussarbeiten\/","og_locale":"de_DE","og_type":"article","og_title":"Abschlussarbeiten - FH CAMPUS 02 - Automatisierungstechnik","og_description":"AbschlussarbeitenHier k\u00f6nnen Sie sich einen \u00dcberblick \u00fcber alle Master- und Bachelorarbeiten unserer Absolvent*innen mehr&hellip;","og_url":"https:\/\/www.campus02.at\/automatisierungstechnik\/startseite\/abschlussarbeiten\/","og_site_name":"FH CAMPUS 02 - Automatisierungstechnik","article_modified_time":"2024-10-23T08:53:59+00:00","twitter_card":"summary_large_image","schema":{"@context":"https:\/\/schema.org","@graph":[{"@type":"WebPage","@id":"https:\/\/www.campus02.at\/automatisierungstechnik\/startseite\/abschlussarbeiten\/","url":"https:\/\/www.campus02.at\/automatisierungstechnik\/startseite\/abschlussarbeiten\/","name":"Abschlussarbeiten - FH CAMPUS 02 - Automatisierungstechnik","isPartOf":{"@id":"https:\/\/www.campus02.at\/automatisierungstechnik\/#website"},"datePublished":"2016-07-11T10:56:48+00:00","dateModified":"2024-10-23T08:53:59+00:00","breadcrumb":{"@id":"https:\/\/www.campus02.at\/automatisierungstechnik\/startseite\/abschlussarbeiten\/#breadcrumb"},"inLanguage":"de","potentialAction":[{"@type":"ReadAction","target":["https:\/\/www.campus02.at\/automatisierungstechnik\/startseite\/abschlussarbeiten\/"]}]},{"@type":"BreadcrumbList","@id":"https:\/\/www.campus02.at\/automatisierungstechnik\/startseite\/abschlussarbeiten\/#breadcrumb","itemListElement":[{"@type":"ListItem","position":1,"name":"Startseite","item":"https:\/\/www.campus02.at\/automatisierungstechnik\/"},{"@type":"ListItem","position":2,"name":"Startseite","item":"https:\/\/www.campus02.at\/automatisierungstechnik\/"},{"@type":"ListItem","position":3,"name":"Abschlussarbeiten"}]},{"@type":"WebSite","@id":"https:\/\/www.campus02.at\/automatisierungstechnik\/#website","url":"https:\/\/www.campus02.at\/automatisierungstechnik\/","name":"FH CAMPUS 02 - Automatisierungstechnik","description":"","publisher":{"@id":"https:\/\/www.campus02.at\/automatisierungstechnik\/#organization"},"potentialAction":[{"@type":"SearchAction","target":{"@type":"EntryPoint","urlTemplate":"https:\/\/www.campus02.at\/automatisierungstechnik\/?s={search_term_string}"},"query-input":{"@type":"PropertyValueSpecification","valueRequired":true,"valueName":"search_term_string"}}],"inLanguage":"de"},{"@type":"Organization","@id":"https:\/\/www.campus02.at\/automatisierungstechnik\/#organization","name":"FH CAMPUS 02 - Automatisierungstechnik","url":"https:\/\/www.campus02.at\/automatisierungstechnik\/","logo":{"@type":"ImageObject","inLanguage":"de","@id":"https:\/\/www.campus02.at\/automatisierungstechnik\/#\/schema\/logo\/image\/","url":"https:\/\/www.campus02.at\/automatisierungstechnik\/wp-content\/uploads\/sites\/3\/2023\/01\/logo-campus02.svg","contentUrl":"https:\/\/www.campus02.at\/automatisierungstechnik\/wp-content\/uploads\/sites\/3\/2023\/01\/logo-campus02.svg","width":770,"height":249,"caption":"FH CAMPUS 02 - Automatisierungstechnik"},"image":{"@id":"https:\/\/www.campus02.at\/automatisierungstechnik\/#\/schema\/logo\/image\/"}}]}},"_links":{"self":[{"href":"https:\/\/www.campus02.at\/automatisierungstechnik\/wp-json\/wp\/v2\/pages\/841","targetHints":{"allow":["GET"]}}],"collection":[{"href":"https:\/\/www.campus02.at\/automatisierungstechnik\/wp-json\/wp\/v2\/pages"}],"about":[{"href":"https:\/\/www.campus02.at\/automatisierungstechnik\/wp-json\/wp\/v2\/types\/page"}],"author":[{"embeddable":true,"href":"https:\/\/www.campus02.at\/automatisierungstechnik\/wp-json\/wp\/v2\/users\/135"}],"replies":[{"embeddable":true,"href":"https:\/\/www.campus02.at\/automatisierungstechnik\/wp-json\/wp\/v2\/comments?post=841"}],"version-history":[{"count":8,"href":"https:\/\/www.campus02.at\/automatisierungstechnik\/wp-json\/wp\/v2\/pages\/841\/revisions"}],"predecessor-version":[{"id":129609,"href":"https:\/\/www.campus02.at\/automatisierungstechnik\/wp-json\/wp\/v2\/pages\/841\/revisions\/129609"}],"up":[{"embeddable":true,"href":"https:\/\/www.campus02.at\/automatisierungstechnik\/wp-json\/wp\/v2\/pages\/2"}],"wp:attachment":[{"href":"https:\/\/www.campus02.at\/automatisierungstechnik\/wp-json\/wp\/v2\/media?parent=841"}],"wp:term":[{"taxonomy":"author","embeddable":true,"href":"https:\/\/www.campus02.at\/automatisierungstechnik\/wp-json\/wp\/v2\/coauthors?post=841"}],"curies":[{"name":"wp","href":"https:\/\/api.w.org\/{rel}","templated":true}]}}