{"id":7388,"date":"2021-12-17T10:37:43","date_gmt":"2021-12-17T09:37:43","guid":{"rendered":"https:\/\/www.campus02.at\/automatisierungstechnik\/?page_id=7388"},"modified":"2024-05-14T10:48:21","modified_gmt":"2024-05-14T08:48:21","slug":"automatisierungsprojekt","status":"publish","type":"page","link":"https:\/\/www.campus02.at\/automatisierungstechnik\/automatisierungsprojekt\/","title":{"rendered":"Automatisierungsprojekt"},"content":{"rendered":"<div class=\"flex-campus-main flex-campus-main-Heading\"><h1>Automatisierungsprojekte<\/h1><\/div><div class=\"flex-campus-main flex-campus-main-Text\"><p>Seit September 2022 bietet das Department Automatisierungstechnik im Masterstudiengang &#8222;Automatisierungstechnik-Wirtschaft&#8220; die Lehrveranstaltung <strong>Automatisierungsprojekt<\/strong> an, welche im 1. Semester statt findet.<\/p>\n<p>Automatisierungstechnische Aufgabenstellungen werden mittels der Verbindung der Fachbereiche Elektrotechnik\/Elektronik, Informatik und Maschinenbau sowie Methoden, Verfahren und Technologien der Automatisierungstechnik gel\u00f6st.<br \/>\nDas verlangt ein Zerlegen der Aufgabenstellung in einzelne Teilaufgaben unter Ber\u00fccksichtigung unterschiedlicher L\u00f6sungsvarianten und der entstehenden gegenseitigen Einfl\u00fcsse und Abh\u00e4ngigkeiten. Dieser Prozess wird anhand eines- von den Studierenden durchzuf\u00fchrenden- Projektes verdeutlicht. Die notwendigen T\u00e4tigkeiten in diesem fachbereichs\u00fcbergreifenden Projekt werden von den Studierenden in Teams abgedeckt.<\/p>\n<\/div><div class=\"flex-campus-main flex-campus-main-Gallery\"><div class=\"row\"><div class=\"col-md-4\"><a href=\"https:\/\/www.campus02.at\/automatisierungstechnik\/wp-content\/uploads\/sites\/3\/2021\/12\/O8A7160-scaled.jpg\" rel=\"fancybox-gallery-1\"><img decoding=\"async\" src=\"https:\/\/www.campus02.at\/automatisierungstechnik\/wp-content\/uploads\/sites\/3\/2021\/12\/O8A7160-300x300.jpg\" class=\"img-responsive\" alt=\"zwei Personen arbeiten\" \/><\/a><\/div><div class=\"col-md-4\"><a href=\"https:\/\/www.campus02.at\/automatisierungstechnik\/wp-content\/uploads\/sites\/3\/2021\/12\/O8A6912-scaled.jpg\" rel=\"fancybox-gallery-1\"><img decoding=\"async\" src=\"https:\/\/www.campus02.at\/automatisierungstechnik\/wp-content\/uploads\/sites\/3\/2021\/12\/O8A6912-300x300.jpg\" class=\"img-responsive\" alt=\"Einsatz virtueller Brille\" \/><\/a><\/div><div class=\"col-md-4\"><a href=\"https:\/\/www.campus02.at\/automatisierungstechnik\/wp-content\/uploads\/sites\/3\/2021\/11\/O8A7290-scaled.jpg\" rel=\"fancybox-gallery-1\"><img decoding=\"async\" src=\"https:\/\/www.campus02.at\/automatisierungstechnik\/wp-content\/uploads\/sites\/3\/2021\/11\/O8A7290-300x300.jpg\" class=\"img-responsive\" alt=\"Mann arbeitet\" \/><\/a><\/div><\/div><\/div><div class=\"flex-campus-main flex-campus-main-Text\"><p>Beispiele f\u00fcr diese T\u00e4tigkeiten:<\/p>\n<ul>\n<li>Mechanische Konstruktion<\/li>\n<li>Elektroplanung<\/li>\n<li>Hardwareauswahl<\/li>\n<li>Rechnerauswahl (PC, SPS, Einplatinencomputer wie Raspberry Pi oder Arduino \u2026)<\/li>\n<li>Programmierung<\/li>\n<li>Steuerung und Regelung<\/li>\n<li>Vernetzung von Maschinen und Ger\u00e4ten<\/li>\n<li>vertikale und horizontale Integration<\/li>\n<li>allgemeine Automatisierung sowie die wirtschaftliche Betrachtung<\/li>\n<\/ul>\n<p>&nbsp;<\/p>\n<p>Dabei werden Teilaufgaben auf vorhandene Kompetenzen der Studierenden verteilt, interdisziplin\u00e4re Teams gebildet und gegenseitig die St\u00e4rken und Erfahrungen pr\u00e4sentiert und vermittelt. Insgesamt wird dadurch im Masterstudium sowohl Praxis und Theorie verschr\u00e4nkt als auch die fachliche Selbstreflexion gef\u00f6rdert und gegenseitiger Wissensaustausch sowie Wissensvermittlung gefordert. Neben vordefinierten Lehrprojekten werden auch Unternehmensprojekte angeboten und die Studierenden k\u00f6nnen selbst Projektvorschl\u00e4ge einbringen.<\/p>\n<p>Die Durchf\u00fchrung der Projekte erfolgt in Teamarbeit, wobei die Arbeiten des Teams in einem Protokoll schriftlich festgehalten werden. Am Ende des Semesters werden die individuell vorbereiteten Pr\u00e4sentationen sowie Ergebnisse der Projekte vorgestellt.<\/p>\n<p>&nbsp;<\/p>\n<p>Gerne finden Sie unten ein paar Beispiele.<\/p>\n<\/div><div class=\"flex-campus-main flex-campus-main-Gallery\"><div class=\"row\"><div class=\"col-md-4\"><a href=\"https:\/\/www.campus02.at\/automatisierungstechnik\/wp-content\/uploads\/sites\/3\/2021\/09\/DSF6216-scaled.jpg\" rel=\"fancybox-gallery-2\"><img decoding=\"async\" src=\"https:\/\/www.campus02.at\/automatisierungstechnik\/wp-content\/uploads\/sites\/3\/2021\/09\/DSF6216-300x300.jpg\" class=\"img-responsive\" alt=\"Mann arbeitet am Computer\" \/><\/a><\/div><div class=\"col-md-4\"><a href=\"https:\/\/www.campus02.at\/automatisierungstechnik\/wp-content\/uploads\/sites\/3\/2020\/12\/DSF6090-1-scaled.jpg\" rel=\"fancybox-gallery-2\"><img decoding=\"async\" src=\"https:\/\/www.campus02.at\/automatisierungstechnik\/wp-content\/uploads\/sites\/3\/2020\/12\/DSF6090-1-300x300.jpg\" class=\"img-responsive\" alt=\"zwei Personen arbeiten\" \/><\/a><\/div><div class=\"col-md-4\"><a href=\"https:\/\/www.campus02.at\/automatisierungstechnik\/wp-content\/uploads\/sites\/3\/2020\/12\/DSF6097-1-scaled.jpg\" rel=\"fancybox-gallery-2\"><img decoding=\"async\" src=\"https:\/\/www.campus02.at\/automatisierungstechnik\/wp-content\/uploads\/sites\/3\/2020\/12\/DSF6097-1-300x300.jpg\" class=\"img-responsive\" alt=\"Frau arbeitet\" \/><\/a><\/div><\/div><\/div><div class=\"flex-campus-main flex-campus-main-Linklist\"><div class=\"linkcollection\">\n            <h3>Kameraslider<\/h3>\n        <p class=\"linkcollection-link\"><a class=\"\" href=\"https:\/\/youtu.be\/6kcrVKyJUJk\" target=\"_blank\"><i class=\"fa fa-external-link-square\"><\/i>Video<\/a><\/p><\/div><\/div><div class=\"flex-campus-main flex-campus-main-Linklist\"><div class=\"linkcollection\">\n            <h3>Automatisierte Analyse der Wasserqualit\u00e4t eines S\u00fc\u00dfwasseraquariums<\/h3>\n        <p class=\"linkcollection-link\"><a class=\"\" href=\"https:\/\/www.campus02.at\/automatisierungstechnik\/wp-content\/uploads\/sites\/3\/2022\/04\/Praesentation.pdf\" ><i class=\"fa fa-file-pdf-o\"><\/i>Pr\u00e4sentation<\/a><\/p><\/div><\/div><div class=\"flex-campus-main flex-campus-main-Linklist\"><div class=\"linkcollection\">\n            <h3>MotorGrip - ein Handmotorikgesteuerter PPP Manipulator<\/h3>\n        <p class=\"linkcollection-link\"><a class=\"\" href=\"https:\/\/youtu.be\/-N--VzaqhqM\" target=\"_blank\"><i class=\"fa fa-external-link-square\"><\/i>Pr\u00e4sentation inkl. Kommentare<\/a><\/p><\/div><\/div><div class=\"flex-campus-main flex-campus-main-Linklist\"><div class=\"linkcollection\">\n            <h3>RST - Safety Machine <\/h3>\n        <p class=\"linkcollection-link\"><a class=\"\" href=\"https:\/\/www.campus02.at\/automatisierungstechnik\/wp-content\/uploads\/sites\/3\/2022\/04\/03_RST_Safety_Machine_Mechanik.mp4\" ><i class=\"fa fa-file-video-o\"><\/i>Video inkl. Kommentare<\/a><\/p><p class=\"linkcollection-link\"><a class=\"\" href=\"https:\/\/www.campus02.at\/automatisierungstechnik\/wp-content\/uploads\/sites\/3\/2022\/04\/RST_Safety_machine_Abschlusspraesentation.pptx\" ><i class=\"fa fa-file-o\"><\/i>Pr\u00e4sentation<\/a><\/p><\/div><\/div><div class=\"flex-campus-main flex-campus-main-Linklist\"><div class=\"linkcollection\">\n            <h3>K-Wert Messsystem<\/h3>\n        <p class=\"linkcollection-link\"><a class=\"\" href=\"https:\/\/www.campus02.at\/automatisierungstechnik\/wp-content\/uploads\/sites\/3\/2022\/04\/Produktvideo_K_Wert-Messsystem.mp4\" ><i class=\"fa fa-file-video-o\"><\/i>Video<\/a><\/p><p class=\"linkcollection-link\"><a class=\"\" href=\"https:\/\/www.campus02.at\/automatisierungstechnik\/wp-content\/uploads\/sites\/3\/2022\/04\/Pra\u0308sentation_K_Wert-Messsystem.pptx\" ><i class=\"fa fa-file-o\"><\/i>Pr\u00e4sentation <\/a><\/p><\/div><\/div><div class=\"flex-campus-main flex-campus-main-Linklist\"><div class=\"linkcollection\">\n            <h3>Zusatztastatur zur effizienteren Bedienung eines CAD-Systems<\/h3>\n        <p class=\"linkcollection-link\"><a class=\"\" href=\"https:\/\/www.campus02.at\/automatisierungstechnik\/wp-content\/uploads\/sites\/3\/2022\/04\/Praesentation_ATP_Jast_Schachner_Video-1.mp4\" ><i class=\"fa fa-file-video-o\"><\/i>Video<\/a><\/p><p class=\"linkcollection-link\"><a class=\"\" href=\"https:\/\/www.campus02.at\/automatisierungstechnik\/wp-content\/uploads\/sites\/3\/2022\/04\/Praesentation_ATP_Jast_Schachner-1.pdf\" ><i class=\"fa fa-file-pdf-o\"><\/i>Pr\u00e4sentation <\/a><\/p><\/div><\/div>","protected":false},"excerpt":{"rendered":"<p>AutomatisierungsprojekteSeit September 2022 bietet das Department Automatisierungstechnik im Masterstudiengang <a href=\"https:\/\/www.campus02.at\/automatisierungstechnik\/automatisierungsprojekt\/\" class=\"more-link\">mehr&hellip;<\/a><\/p>\n","protected":false},"author":135,"featured_media":0,"parent":0,"menu_order":0,"comment_status":"closed","ping_status":"closed","template":"","meta":{"_acf_changed":false,"footnotes":""},"coauthors":[81],"class_list":["post-7388","page","type-page","status-publish","hentry"],"acf":[],"yoast_head":"<!-- This site is optimized with the Yoast SEO plugin v26.9 - https:\/\/yoast.com\/product\/yoast-seo-wordpress\/ -->\n<title>Automatisierungsprojekt - FH CAMPUS 02 - Automatisierungstechnik<\/title>\n<meta name=\"robots\" content=\"index, follow, max-snippet:-1, max-image-preview:large, max-video-preview:-1\" \/>\n<link rel=\"canonical\" href=\"https:\/\/www.campus02.at\/automatisierungstechnik\/automatisierungsprojekt\/\" \/>\n<meta property=\"og:locale\" content=\"de_DE\" \/>\n<meta property=\"og:type\" content=\"article\" \/>\n<meta property=\"og:title\" content=\"Automatisierungsprojekt - FH CAMPUS 02 - Automatisierungstechnik\" \/>\n<meta property=\"og:description\" content=\"AutomatisierungsprojekteSeit September 2022 bietet das Department Automatisierungstechnik im Masterstudiengang mehr&hellip;\" \/>\n<meta property=\"og:url\" content=\"https:\/\/www.campus02.at\/automatisierungstechnik\/automatisierungsprojekt\/\" \/>\n<meta property=\"og:site_name\" content=\"FH CAMPUS 02 - Automatisierungstechnik\" \/>\n<meta property=\"article:modified_time\" content=\"2024-05-14T08:48:21+00:00\" \/>\n<meta name=\"twitter:card\" content=\"summary_large_image\" \/>\n<script type=\"application\/ld+json\" class=\"yoast-schema-graph\">{\"@context\":\"https:\/\/schema.org\",\"@graph\":[{\"@type\":\"WebPage\",\"@id\":\"https:\/\/www.campus02.at\/automatisierungstechnik\/automatisierungsprojekt\/\",\"url\":\"https:\/\/www.campus02.at\/automatisierungstechnik\/automatisierungsprojekt\/\",\"name\":\"Automatisierungsprojekt - FH CAMPUS 02 - Automatisierungstechnik\",\"isPartOf\":{\"@id\":\"https:\/\/www.campus02.at\/automatisierungstechnik\/#website\"},\"datePublished\":\"2021-12-17T09:37:43+00:00\",\"dateModified\":\"2024-05-14T08:48:21+00:00\",\"breadcrumb\":{\"@id\":\"https:\/\/www.campus02.at\/automatisierungstechnik\/automatisierungsprojekt\/#breadcrumb\"},\"inLanguage\":\"de\",\"potentialAction\":[{\"@type\":\"ReadAction\",\"target\":[\"https:\/\/www.campus02.at\/automatisierungstechnik\/automatisierungsprojekt\/\"]}]},{\"@type\":\"BreadcrumbList\",\"@id\":\"https:\/\/www.campus02.at\/automatisierungstechnik\/automatisierungsprojekt\/#breadcrumb\",\"itemListElement\":[{\"@type\":\"ListItem\",\"position\":1,\"name\":\"Startseite\",\"item\":\"https:\/\/www.campus02.at\/automatisierungstechnik\/\"},{\"@type\":\"ListItem\",\"position\":2,\"name\":\"Automatisierungsprojekt\"}]},{\"@type\":\"WebSite\",\"@id\":\"https:\/\/www.campus02.at\/automatisierungstechnik\/#website\",\"url\":\"https:\/\/www.campus02.at\/automatisierungstechnik\/\",\"name\":\"FH CAMPUS 02 - Automatisierungstechnik\",\"description\":\"\",\"publisher\":{\"@id\":\"https:\/\/www.campus02.at\/automatisierungstechnik\/#organization\"},\"potentialAction\":[{\"@type\":\"SearchAction\",\"target\":{\"@type\":\"EntryPoint\",\"urlTemplate\":\"https:\/\/www.campus02.at\/automatisierungstechnik\/?s={search_term_string}\"},\"query-input\":{\"@type\":\"PropertyValueSpecification\",\"valueRequired\":true,\"valueName\":\"search_term_string\"}}],\"inLanguage\":\"de\"},{\"@type\":\"Organization\",\"@id\":\"https:\/\/www.campus02.at\/automatisierungstechnik\/#organization\",\"name\":\"FH CAMPUS 02 - Automatisierungstechnik\",\"url\":\"https:\/\/www.campus02.at\/automatisierungstechnik\/\",\"logo\":{\"@type\":\"ImageObject\",\"inLanguage\":\"de\",\"@id\":\"https:\/\/www.campus02.at\/automatisierungstechnik\/#\/schema\/logo\/image\/\",\"url\":\"https:\/\/www.campus02.at\/automatisierungstechnik\/wp-content\/uploads\/sites\/3\/2023\/01\/logo-campus02.svg\",\"contentUrl\":\"https:\/\/www.campus02.at\/automatisierungstechnik\/wp-content\/uploads\/sites\/3\/2023\/01\/logo-campus02.svg\",\"width\":770,\"height\":249,\"caption\":\"FH CAMPUS 02 - Automatisierungstechnik\"},\"image\":{\"@id\":\"https:\/\/www.campus02.at\/automatisierungstechnik\/#\/schema\/logo\/image\/\"}}]}<\/script>\n<!-- \/ Yoast SEO plugin. -->","yoast_head_json":{"title":"Automatisierungsprojekt - FH CAMPUS 02 - Automatisierungstechnik","robots":{"index":"index","follow":"follow","max-snippet":"max-snippet:-1","max-image-preview":"max-image-preview:large","max-video-preview":"max-video-preview:-1"},"canonical":"https:\/\/www.campus02.at\/automatisierungstechnik\/automatisierungsprojekt\/","og_locale":"de_DE","og_type":"article","og_title":"Automatisierungsprojekt - FH CAMPUS 02 - Automatisierungstechnik","og_description":"AutomatisierungsprojekteSeit September 2022 bietet das Department Automatisierungstechnik im Masterstudiengang mehr&hellip;","og_url":"https:\/\/www.campus02.at\/automatisierungstechnik\/automatisierungsprojekt\/","og_site_name":"FH CAMPUS 02 - Automatisierungstechnik","article_modified_time":"2024-05-14T08:48:21+00:00","twitter_card":"summary_large_image","schema":{"@context":"https:\/\/schema.org","@graph":[{"@type":"WebPage","@id":"https:\/\/www.campus02.at\/automatisierungstechnik\/automatisierungsprojekt\/","url":"https:\/\/www.campus02.at\/automatisierungstechnik\/automatisierungsprojekt\/","name":"Automatisierungsprojekt - FH CAMPUS 02 - Automatisierungstechnik","isPartOf":{"@id":"https:\/\/www.campus02.at\/automatisierungstechnik\/#website"},"datePublished":"2021-12-17T09:37:43+00:00","dateModified":"2024-05-14T08:48:21+00:00","breadcrumb":{"@id":"https:\/\/www.campus02.at\/automatisierungstechnik\/automatisierungsprojekt\/#breadcrumb"},"inLanguage":"de","potentialAction":[{"@type":"ReadAction","target":["https:\/\/www.campus02.at\/automatisierungstechnik\/automatisierungsprojekt\/"]}]},{"@type":"BreadcrumbList","@id":"https:\/\/www.campus02.at\/automatisierungstechnik\/automatisierungsprojekt\/#breadcrumb","itemListElement":[{"@type":"ListItem","position":1,"name":"Startseite","item":"https:\/\/www.campus02.at\/automatisierungstechnik\/"},{"@type":"ListItem","position":2,"name":"Automatisierungsprojekt"}]},{"@type":"WebSite","@id":"https:\/\/www.campus02.at\/automatisierungstechnik\/#website","url":"https:\/\/www.campus02.at\/automatisierungstechnik\/","name":"FH CAMPUS 02 - Automatisierungstechnik","description":"","publisher":{"@id":"https:\/\/www.campus02.at\/automatisierungstechnik\/#organization"},"potentialAction":[{"@type":"SearchAction","target":{"@type":"EntryPoint","urlTemplate":"https:\/\/www.campus02.at\/automatisierungstechnik\/?s={search_term_string}"},"query-input":{"@type":"PropertyValueSpecification","valueRequired":true,"valueName":"search_term_string"}}],"inLanguage":"de"},{"@type":"Organization","@id":"https:\/\/www.campus02.at\/automatisierungstechnik\/#organization","name":"FH CAMPUS 02 - Automatisierungstechnik","url":"https:\/\/www.campus02.at\/automatisierungstechnik\/","logo":{"@type":"ImageObject","inLanguage":"de","@id":"https:\/\/www.campus02.at\/automatisierungstechnik\/#\/schema\/logo\/image\/","url":"https:\/\/www.campus02.at\/automatisierungstechnik\/wp-content\/uploads\/sites\/3\/2023\/01\/logo-campus02.svg","contentUrl":"https:\/\/www.campus02.at\/automatisierungstechnik\/wp-content\/uploads\/sites\/3\/2023\/01\/logo-campus02.svg","width":770,"height":249,"caption":"FH CAMPUS 02 - Automatisierungstechnik"},"image":{"@id":"https:\/\/www.campus02.at\/automatisierungstechnik\/#\/schema\/logo\/image\/"}}]}},"_links":{"self":[{"href":"https:\/\/www.campus02.at\/automatisierungstechnik\/wp-json\/wp\/v2\/pages\/7388","targetHints":{"allow":["GET"]}}],"collection":[{"href":"https:\/\/www.campus02.at\/automatisierungstechnik\/wp-json\/wp\/v2\/pages"}],"about":[{"href":"https:\/\/www.campus02.at\/automatisierungstechnik\/wp-json\/wp\/v2\/types\/page"}],"author":[{"embeddable":true,"href":"https:\/\/www.campus02.at\/automatisierungstechnik\/wp-json\/wp\/v2\/users\/135"}],"replies":[{"embeddable":true,"href":"https:\/\/www.campus02.at\/automatisierungstechnik\/wp-json\/wp\/v2\/comments?post=7388"}],"version-history":[{"count":7,"href":"https:\/\/www.campus02.at\/automatisierungstechnik\/wp-json\/wp\/v2\/pages\/7388\/revisions"}],"predecessor-version":[{"id":128604,"href":"https:\/\/www.campus02.at\/automatisierungstechnik\/wp-json\/wp\/v2\/pages\/7388\/revisions\/128604"}],"wp:attachment":[{"href":"https:\/\/www.campus02.at\/automatisierungstechnik\/wp-json\/wp\/v2\/media?parent=7388"}],"wp:term":[{"taxonomy":"author","embeddable":true,"href":"https:\/\/www.campus02.at\/automatisierungstechnik\/wp-json\/wp\/v2\/coauthors?post=7388"}],"curies":[{"name":"wp","href":"https:\/\/api.w.org\/{rel}","templated":true}]}}