{"id":366,"date":"2016-05-02T16:35:01","date_gmt":"2016-05-02T14:35:01","guid":{"rendered":"https:\/\/www.campus02.at\/automatisierungstechnik\/?page_id=366"},"modified":"2024-07-10T10:18:56","modified_gmt":"2024-07-10T08:18:56","slug":"fe-projekte","status":"publish","type":"page","link":"https:\/\/www.campus02.at\/automatisierungstechnik\/fe-projekte\/","title":{"rendered":"Forschung &amp; Entwicklung"},"content":{"rendered":"<div class=\"flex-campus-main flex-campus-main-Heading\"><h1>Forschung &amp; Entwicklung<\/h1><\/div><div class=\"flex-campus-main flex-campus-main-Text\"><div style=\"width: 1920px;\" class=\"wp-video\"><video class=\"wp-video-shortcode\" id=\"video-366-1\" width=\"1920\" height=\"1080\" preload=\"metadata\" controls=\"controls\"><source type=\"video\/mp4\" src=\"https:\/\/www.campus02.at\/automatisierungstechnik\/wp-content\/uploads\/sites\/3\/2021\/03\/einblicke-in-die-labore-der-fh-campus-02.mp4?_=1\" \/><a href=\"https:\/\/www.campus02.at\/automatisierungstechnik\/wp-content\/uploads\/sites\/3\/2021\/03\/einblicke-in-die-labore-der-fh-campus-02.mp4\">https:\/\/www.campus02.at\/automatisierungstechnik\/wp-content\/uploads\/sites\/3\/2021\/03\/einblicke-in-die-labore-der-fh-campus-02.mp4<\/a><\/video><\/div>\n<h3><\/h3>\n<p>&nbsp;<\/p>\n<h3>F&amp;E mit und f\u00fcr Unternehmen<\/h3>\n<p style=\"text-align: justify\">Die FH CAMPUS 02 orientiert sich im Bereich der Forschung und Entwicklung am Bedarf der Wirtschaft. Forschung und Entwicklung an der Fachhochschule der Wirtschaft bedeutet l\u00f6sungsorientierte Kompetenz, strukturiertes analytisches Vorgehen und innovative Ans\u00e4tze auf h\u00f6chstem fachlichem und wissenschaftlichem Niveau.<\/p>\n<p>Unternehmen finden mit dem F&amp;E-Team des Departments Automatisierungstechnik einen Ansprechpartner, der die Anforderungen der Wirtschaft kennt, die Tendenzen der wirtschaftlichen Entwicklung verfolgt und entsprechende praxisgerechte Konzepte und Probleml\u00f6sungen erarbeitet.<\/p>\n<p style=\"text-align: justify\">Allgemeine Informationen zu F&amp;E-Services der FH CAMPUS 02 finden Sie <a href=\"https:\/\/www.campus02.at\/fue\/\">hier.<\/a><\/p>\n<\/div><div class=\"flex-campus-main flex-campus-main-Text\"><h3>F&amp;E im Department Automatisierungstechnik<\/h3>\n<p><span class=\"TextRun SCXW263585622 BCX8\" lang=\"DE-AT\" xml:lang=\"DE-AT\" data-contrast=\"auto\"><span class=\"NormalTextRun SCXW263585622 BCX8\">Als etablierter Forschungspartner der Industrie kann d<\/span><span class=\"NormalTextRun SCXW263585622 BCX8\">as<\/span> <span class=\"NormalTextRun SCXW263585622 BCX8\">Department <\/span><span class=\"NormalTextRun SCXW263585622 BCX8\">Automatisierungstechnik auf umfassende Expertise im Bereich der Mechatronik verweisen. Die erzielten Ergebnisse aus der Zusammenarbeit mit Partnern aus der Wirtschaft werden durch wissenschaftliche Forschungs- und Entwicklungst\u00e4tigkeiten abgesichert. Das erm\u00f6glicht einen kontinuierlichen Auf- und Ausbau von Knowhow, welches weit \u00fcber eine reine Auftragsarbeit hinausgeht. Durch diesen Ansatz wird besonders bei innovativen Entwicklungen mit zumindest teilweise unbekannten Randbedingungen ein ma\u00dfgeblicher Beitrag zur erfolgreichen Umsetzung bzw. Zielerreichung erbracht.\u00a0<\/span><\/span><span class=\"EOP SCXW263585622 BCX8\" data-ccp-props=\"{&quot;201341983&quot;:0,&quot;335551550&quot;:6,&quot;335551620&quot;:6,&quot;335559739&quot;:160,&quot;335559740&quot;:259}\">\u00a0<\/span><\/p>\n<p><span class=\"TextRun SCXW198114215 BCX8\" lang=\"DE-AT\" xml:lang=\"DE-AT\" data-contrast=\"auto\"><span class=\"NormalTextRun SCXW198114215 BCX8\">Zur Unterst\u00fctzung von Betrieben bei der Umsetzung von Projekten im High-Tech Bereich gibt es zahlreiche F\u00f6rderm\u00f6glichkeiten. Die Stabstelle f\u00fcr Forschung und Entwicklung der FH CAMPUS 02 in Zusammenarbeit mit dem Koordinationsteam f\u00fcr F<\/span><span class=\"NormalTextRun SCXW198114215 BCX8\">&amp;E<\/span><span class=\"NormalTextRun SCXW198114215 BCX8\"> de<\/span><span class=\"NormalTextRun SCXW198114215 BCX8\">s<\/span> <span class=\"NormalTextRun SCXW198114215 BCX8\">Department<\/span><span class=\"NormalTextRun SCXW198114215 BCX8\">s<\/span><span class=\"NormalTextRun SCXW198114215 BCX8\"> Automatisierungstechnik zeichnen f\u00fcr die Abwicklung von F\u00f6rderungen verantwortlich und stehen interessierten Betrieben bei der F\u00f6rderfindung beratend und unterst\u00fctzend zur Seite.<\/span><\/span><\/p>\n<p><span class=\"TextRun SCXW84109126 BCX8\" lang=\"DE-AT\" xml:lang=\"DE-AT\" data-contrast=\"auto\"><span class=\"NormalTextRun SCXW84109126 BCX8\">D<\/span><span class=\"NormalTextRun SCXW84109126 BCX8\">as Department<\/span><span class=\"NormalTextRun SCXW84109126 BCX8\"> Automatisierungstechnik versteht sich als Trendscout im Bereich der Technik. Innovative Technologien und neue Methoden werden kontinuierlich untersucht, evaluiert und weiterentwickelt. Die daraus abgeleiteten Ergebnisse und Erkenntnisse werden einerseits der Wirtschaft zur Verf\u00fcgung gestellt und flie\u00dfen andererseits unmittelbar in die Lehre ein.<\/span><\/span><span class=\"EOP SCXW84109126 BCX8\" data-ccp-props=\"{&quot;201341983&quot;:0,&quot;335551550&quot;:6,&quot;335551620&quot;:6,&quot;335559739&quot;:160,&quot;335559740&quot;:259}\">\u00a0<\/span><\/p>\n<h3>Forschungs- und Entwicklungsschwerpunkte<\/h3>\n<p><span data-contrast=\"auto\">Bei der Abwicklung von Forschungs- und Entwicklungsprojekten liegt der Fokus auf der ganzheitlichen Betrachtung der gegenst\u00e4ndlichen Fragestellung und einem interdisziplin\u00e4ren L\u00f6sungsweg.\u00a0<\/span><span data-ccp-props=\"{&quot;201341983&quot;:0,&quot;335551550&quot;:6,&quot;335551620&quot;:6,&quot;335559739&quot;:160,&quot;335559740&quot;:259}\">\u00a0<\/span><\/p>\n<p><span data-contrast=\"auto\">Die Forschungs- und Entwicklungsthemen im Department Automatisierungstechnik werden von den nachfolgend beschriebenen sechs Bereichen dominiert:\u00a0<\/span><span data-ccp-props=\"{&quot;201341983&quot;:0,&quot;335551550&quot;:6,&quot;335551620&quot;:6,&quot;335559739&quot;:160,&quot;335559740&quot;:259}\">\u00a0<\/span><\/p>\n<ul>\n<li>Industrielle Messtechnik und Messplatzautomatisierung<\/li>\n<li>Virtuelle Methoden und Simulation in der Entwicklung mechatronischer Systeme<\/li>\n<li>Produkt-, Prozess- und Anlagenentwicklung<\/li>\n<li><span class=\"TextRun SCXW108224018 BCX8\" lang=\"DE-AT\" xml:lang=\"DE-AT\" data-contrast=\"auto\"><span class=\"NormalTextRun SCXW108224018 BCX8\">Prozessoptimierung unter Verwendung von drahtlosen Kommunikationstechnologien<\/span><\/span><span class=\"EOP SCXW108224018 BCX8\" data-ccp-props=\"{&quot;201341983&quot;:0,&quot;335551550&quot;:6,&quot;335551620&quot;:6,&quot;335559739&quot;:160,&quot;335559740&quot;:259}\">\u00a0<\/span><\/li>\n<li><span class=\"TextRun SCXW164020222 BCX8\" lang=\"DE-AT\" xml:lang=\"DE-AT\" data-contrast=\"auto\"><span class=\"NormalTextRun SCXW164020222 BCX8\">Optimierung elektrischer Energieeffizienz und -autarkie<\/span><\/span><\/li>\n<li><span class=\"TextRun SCXW86779942 BCX8\" lang=\"DE-AT\" xml:lang=\"DE-AT\" data-contrast=\"auto\"><span class=\"NormalTextRun SCXW86779942 BCX8\">Entwicklung von Prototypen und Demonstratoren<\/span><\/span><span class=\"EOP SCXW86779942 BCX8\" data-ccp-props=\"{&quot;201341983&quot;:0,&quot;335551550&quot;:6,&quot;335551620&quot;:6,&quot;335559739&quot;:160,&quot;335559740&quot;:259}\">\u00a0<\/span><\/li>\n<\/ul>\n<p><span class=\"NormalTextRun SCXW237732485 BCX8\">N\u00e4here Informationen zu unseren Forschungsschwerpunkten und den Forschungs- und Entwicklungsthemen i<\/span><span class=\"NormalTextRun SCXW237732485 BCX8\">m Department<\/span><span class=\"NormalTextRun SCXW237732485 BCX8\"> Automatisierungstechnik: https:\/\/www.campus02.at\/automatisierungstechnik\/fe-projekte\/forschungsschwerpunkte\/<\/span><\/p>\n<\/div><div class=\"flex-campus-main flex-campus-main-Button\"><a class=\"btn btn-branch\" href=\"https:\/\/www.campus02.at\/automatisierungstechnik\/?page_id=876\" >N\u00e4here Informationen zu unseren Forschungsschwerpunkten und den Forschungs- und Entwicklungsthemen in der Automatisierungstechnik<\/a><\/div><div class=\"flex-campus-main flex-campus-main-Text\"><h3>Fachbereiche<\/h3>\n<p>Die komplexen Aufgabenstellungen im Bereich der Automatisierung lassen sich h\u00e4ufig nicht von einer Fachrichtung allein erarbeiten. So ist es selbstverst\u00e4ndlich, dass unsere Fachrichtungen eng miteinander verkn\u00fcpft sind, um dadurch ein<br \/>\nbestm\u00f6gliches Ergebnis erzielen zu k\u00f6nnen.<\/p>\n<p>F\u00fcr weitere Informationen klicken Sie auf einen der unten aufgef\u00fchrten Links.<\/p>\n<ul>\n<li><a href=\"https:\/\/www.campus02.at\/automatisierungstechnik\/fe-projekte\/fachbereich-elektrotechnik\/\">Fachbereich Elektrotechnik\/Elektronik<\/a><\/li>\n<li><a href=\"https:\/\/www.campus02.at\/automatisierungstechnik\/fe-projekte\/fachbereich-informatik\/\">Fachbereich Informatik<\/a><\/li>\n<li><a href=\"https:\/\/www.campus02.at\/automatisierungstechnik\/fe-projekte\/fachbereich-maschinenbau\/\">Fachbereich Maschinenbau<\/a><\/li>\n<li><a href=\"https:\/\/www.campus02.at\/automatisierungstechnik\/fe-projekte\/3d-drucker\/\">Rapid Prototyping (3D Drucker, Lasercutter)<\/a><\/li>\n<\/ul>\n<\/div><div class=\"flex-campus-main flex-campus-main-Image\"><figure><a href=\"https:\/\/www.campus02.at\/automatisierungstechnik\/wp-content\/uploads\/sites\/3\/2016\/08\/Kompetenzen-AT.png\"><img decoding=\"async\" src=\"https:\/\/www.campus02.at\/automatisierungstechnik\/wp-content\/uploads\/sites\/3\/2016\/08\/Kompetenzen-AT-1024x190.png\" class=\"img-responsive\" alt=\"Icon Kompetenzen\" \/><\/a><\/figure><\/div><div class=\"flex-campus-main flex-campus-main-Text\"><h3>Laborausstattung<\/h3>\n<p>Die Automatisierungstechnik verf\u00fcgt \u00fcber eigene Labors, in denen die praktische Umsetzung der\u00a0Forschungs- und Entwicklungsthemen erfolgt. F\u00fcr diese Aufgaben steht eine Reihe von Maschinen und Messger\u00e4ten zur Verf\u00fcgung, die sich in folgende<br \/>\nGruppen einteilen lassen:<\/p>\n<ul>\n<li><a href=\"https:\/\/www.campus02.at\/automatisierungstechnik\/wp-content\/uploads\/sites\/3\/2018\/06\/FH_CAMPUS02_Automatisierungstechnik_Maschinenbau_Laborausstattung_Juni_2018.pdf\">Rapid Prototyping mittels 3D-Drucker<\/a><\/li>\n<li><a href=\"https:\/\/www.campus02.at\/automatisierungstechnik\/wp-content\/uploads\/sites\/3\/2018\/06\/FH_CAMPUS02_Automatisierungstechnik_Maschinenbau_Laborausstattung_Juni_2018.pdf\">Robotik<\/a><\/li>\n<li><a href=\"https:\/\/www.campus02.at\/automatisierungstechnik\/wp-content\/uploads\/sites\/3\/2018\/06\/FH_CAMPUS02_Automatisierungstechnik_Elektrotechnik_Laborausstattung_Juni_2018.pdf\">Messtechnik und Messplatzautomatisierung<\/a><\/li>\n<li><a href=\"https:\/\/www.campus02.at\/automatisierungstechnik\/wp-content\/uploads\/sites\/3\/2018\/06\/FH_CAMPUS02_Automatisierungstechnik_Elektrotechnik_Laborausstattung_Juni_2018.pdf\">HF-Messtechnik<\/a><\/li>\n<li><a href=\"https:\/\/www.campus02.at\/automatisierungstechnik\/wp-content\/uploads\/sites\/3\/2018\/06\/FH_CAMPUS02_Automatisierungstechnik_Elektrotechnik_Laborausstattung_Juni_2018.pdf\">Platinenbest\u00fcckung\u00a0und -l\u00f6ten<\/a><\/li>\n<li><a href=\"https:\/\/www.campus02.at\/automatisierungstechnik\/wp-content\/uploads\/sites\/3\/2018\/06\/FH_CAMPUS02_Automatisierungstechnik_Informatik_Laborausstattung_2018.pdf\">Automatisierung mit SPSen<\/a><\/li>\n<li><a href=\"https:\/\/www.campus02.at\/automatisierungstechnik\/wp-content\/uploads\/sites\/3\/2018\/06\/FH_CAMPUS02_Automatisierungstechnik_Informatik_Laborausstattung_2018.pdf\">Mikrocontroller-Programmierung<\/a><\/li>\n<\/ul>\n<p>Eine detaillierte Auflistung der gesamten Laborausstattung der Studienrichtung Automatisierungstechnik finden Sie <a href=\"https:\/\/www.campus02.at\/automatisierungstechnik\/wp-content\/uploads\/sites\/3\/2018\/06\/FH_CAMPUS02_Automatisierungstechnik_Laborausstattung_Juni_2018.pdf\">hier.<\/a><\/p>\n<p>&nbsp;<\/p>\n<\/div><div class=\"flex-campus-main flex-campus-main-Text\"><h3>F&amp;E Projekte<\/h3>\n<p>Nachfolgend finden Sie eine Auflistung unserer aktuellen und abgeschlossenen Projekte. Sollten Sie Interesse an der Durchf\u00fchrung eines Projektes mit unserer Studienrichtung haben, freuen wir uns auf Ihre Kontaktaufnahme.<\/p>\n<ul>\n<li><a href=\"https:\/\/www.campus02.at\/automatisierungstechnik\/fe-projekte\/abgeschlossene-fe-projekte\/\">Abgeschlossene F&amp;E Projekte<\/a><\/li>\n<li><a href=\"https:\/\/www.campus02.at\/automatisierungstechnik\/fe-projekte\/laufende-projekte\/\">Laufende F&amp;E Projekte<\/a><\/li>\n<\/ul>\n<\/div><div class=\"flex-campus-main flex-campus-main-Text\"><h3>Leistungen f\u00fcr Unternehmen im Rahmen der Lehre<\/h3>\n<p>Die Studieng\u00e4nge stehen in unterschiedlichster Art und Weise als Partner f\u00fcr Unternehmen zur Verf\u00fcgung. F&amp;E-Themen werden im Rahmen von Studierendenprojekten und Bachelor- bzw. Diplomarbeiten in Verbindung mit der Lehre bearbeitet. Dar\u00fcber hinaus werden auch Projekte abgewickelt, die \u2013 unabh\u00e4ngig vom Lehrbetrieb \u2013 ma\u00dfgeblich von Lehrenden bearbeitet werden.<\/p>\n<p>Dazu geh\u00f6ren einerseits die klassische Auftragsforschung und \u2013entwicklung, andererseits alle Projekte im Rahmen von F\u00f6rderungen, f\u00fcr die der Studiengang als Partner zur Verf\u00fcgung steht oder als Lead-Partner agiert.<\/p>\n<p>Es stehen zahlreiche Industrie-Standard Softwarepakete aus den Fachbereichen Maschinenbau, Elektrotechnik (insbesondere Elektronik) und Informatik sowie interdisziplin\u00e4re Produkte, z.B. zur Simulation, zur Verf\u00fcgung.<\/p>\n<p>&nbsp;<\/p>\n<\/div>","protected":false},"excerpt":{"rendered":"<p>Forschung &amp; <a href=\"https:\/\/www.campus02.at\/automatisierungstechnik\/fe-projekte\/\" class=\"more-link\">mehr&hellip;<\/a><\/p>\n","protected":false},"author":135,"featured_media":0,"parent":0,"menu_order":0,"comment_status":"closed","ping_status":"closed","template":"","meta":{"_acf_changed":false,"footnotes":""},"coauthors":[92,87],"class_list":["post-366","page","type-page","status-publish","hentry"],"acf":[],"yoast_head":"<!-- This site is optimized with the Yoast SEO plugin v26.9 - https:\/\/yoast.com\/product\/yoast-seo-wordpress\/ -->\n<title>Forschung &amp; Entwicklung - FH CAMPUS 02 - Automatisierungstechnik<\/title>\n<meta name=\"robots\" content=\"index, follow, max-snippet:-1, max-image-preview:large, max-video-preview:-1\" \/>\n<link rel=\"canonical\" href=\"https:\/\/www.campus02.at\/automatisierungstechnik\/fe-projekte\/\" \/>\n<meta property=\"og:locale\" content=\"de_DE\" \/>\n<meta property=\"og:type\" content=\"article\" \/>\n<meta property=\"og:title\" content=\"Forschung &amp; Entwicklung - FH CAMPUS 02 - Automatisierungstechnik\" \/>\n<meta property=\"og:description\" content=\"Forschung &amp; mehr&hellip;\" \/>\n<meta property=\"og:url\" content=\"https:\/\/www.campus02.at\/automatisierungstechnik\/fe-projekte\/\" \/>\n<meta property=\"og:site_name\" content=\"FH CAMPUS 02 - Automatisierungstechnik\" \/>\n<meta property=\"article:modified_time\" content=\"2024-07-10T08:18:56+00:00\" \/>\n<meta name=\"twitter:card\" content=\"summary_large_image\" \/>\n<script type=\"application\/ld+json\" class=\"yoast-schema-graph\">{\"@context\":\"https:\/\/schema.org\",\"@graph\":[{\"@type\":\"WebPage\",\"@id\":\"https:\/\/www.campus02.at\/automatisierungstechnik\/fe-projekte\/\",\"url\":\"https:\/\/www.campus02.at\/automatisierungstechnik\/fe-projekte\/\",\"name\":\"Forschung &amp; Entwicklung - FH CAMPUS 02 - Automatisierungstechnik\",\"isPartOf\":{\"@id\":\"https:\/\/www.campus02.at\/automatisierungstechnik\/#website\"},\"datePublished\":\"2016-05-02T14:35:01+00:00\",\"dateModified\":\"2024-07-10T08:18:56+00:00\",\"breadcrumb\":{\"@id\":\"https:\/\/www.campus02.at\/automatisierungstechnik\/fe-projekte\/#breadcrumb\"},\"inLanguage\":\"de\",\"potentialAction\":[{\"@type\":\"ReadAction\",\"target\":[\"https:\/\/www.campus02.at\/automatisierungstechnik\/fe-projekte\/\"]}]},{\"@type\":\"BreadcrumbList\",\"@id\":\"https:\/\/www.campus02.at\/automatisierungstechnik\/fe-projekte\/#breadcrumb\",\"itemListElement\":[{\"@type\":\"ListItem\",\"position\":1,\"name\":\"Startseite\",\"item\":\"https:\/\/www.campus02.at\/automatisierungstechnik\/\"},{\"@type\":\"ListItem\",\"position\":2,\"name\":\"Forschung &amp; Entwicklung\"}]},{\"@type\":\"WebSite\",\"@id\":\"https:\/\/www.campus02.at\/automatisierungstechnik\/#website\",\"url\":\"https:\/\/www.campus02.at\/automatisierungstechnik\/\",\"name\":\"FH CAMPUS 02 - Automatisierungstechnik\",\"description\":\"\",\"publisher\":{\"@id\":\"https:\/\/www.campus02.at\/automatisierungstechnik\/#organization\"},\"potentialAction\":[{\"@type\":\"SearchAction\",\"target\":{\"@type\":\"EntryPoint\",\"urlTemplate\":\"https:\/\/www.campus02.at\/automatisierungstechnik\/?s={search_term_string}\"},\"query-input\":{\"@type\":\"PropertyValueSpecification\",\"valueRequired\":true,\"valueName\":\"search_term_string\"}}],\"inLanguage\":\"de\"},{\"@type\":\"Organization\",\"@id\":\"https:\/\/www.campus02.at\/automatisierungstechnik\/#organization\",\"name\":\"FH CAMPUS 02 - Automatisierungstechnik\",\"url\":\"https:\/\/www.campus02.at\/automatisierungstechnik\/\",\"logo\":{\"@type\":\"ImageObject\",\"inLanguage\":\"de\",\"@id\":\"https:\/\/www.campus02.at\/automatisierungstechnik\/#\/schema\/logo\/image\/\",\"url\":\"https:\/\/www.campus02.at\/automatisierungstechnik\/wp-content\/uploads\/sites\/3\/2023\/01\/logo-campus02.svg\",\"contentUrl\":\"https:\/\/www.campus02.at\/automatisierungstechnik\/wp-content\/uploads\/sites\/3\/2023\/01\/logo-campus02.svg\",\"width\":770,\"height\":249,\"caption\":\"FH CAMPUS 02 - Automatisierungstechnik\"},\"image\":{\"@id\":\"https:\/\/www.campus02.at\/automatisierungstechnik\/#\/schema\/logo\/image\/\"}}]}<\/script>\n<!-- \/ Yoast SEO plugin. -->","yoast_head_json":{"title":"Forschung &amp; Entwicklung - FH CAMPUS 02 - Automatisierungstechnik","robots":{"index":"index","follow":"follow","max-snippet":"max-snippet:-1","max-image-preview":"max-image-preview:large","max-video-preview":"max-video-preview:-1"},"canonical":"https:\/\/www.campus02.at\/automatisierungstechnik\/fe-projekte\/","og_locale":"de_DE","og_type":"article","og_title":"Forschung &amp; Entwicklung - FH CAMPUS 02 - Automatisierungstechnik","og_description":"Forschung &amp; mehr&hellip;","og_url":"https:\/\/www.campus02.at\/automatisierungstechnik\/fe-projekte\/","og_site_name":"FH CAMPUS 02 - Automatisierungstechnik","article_modified_time":"2024-07-10T08:18:56+00:00","twitter_card":"summary_large_image","schema":{"@context":"https:\/\/schema.org","@graph":[{"@type":"WebPage","@id":"https:\/\/www.campus02.at\/automatisierungstechnik\/fe-projekte\/","url":"https:\/\/www.campus02.at\/automatisierungstechnik\/fe-projekte\/","name":"Forschung &amp; Entwicklung - FH CAMPUS 02 - Automatisierungstechnik","isPartOf":{"@id":"https:\/\/www.campus02.at\/automatisierungstechnik\/#website"},"datePublished":"2016-05-02T14:35:01+00:00","dateModified":"2024-07-10T08:18:56+00:00","breadcrumb":{"@id":"https:\/\/www.campus02.at\/automatisierungstechnik\/fe-projekte\/#breadcrumb"},"inLanguage":"de","potentialAction":[{"@type":"ReadAction","target":["https:\/\/www.campus02.at\/automatisierungstechnik\/fe-projekte\/"]}]},{"@type":"BreadcrumbList","@id":"https:\/\/www.campus02.at\/automatisierungstechnik\/fe-projekte\/#breadcrumb","itemListElement":[{"@type":"ListItem","position":1,"name":"Startseite","item":"https:\/\/www.campus02.at\/automatisierungstechnik\/"},{"@type":"ListItem","position":2,"name":"Forschung &amp; Entwicklung"}]},{"@type":"WebSite","@id":"https:\/\/www.campus02.at\/automatisierungstechnik\/#website","url":"https:\/\/www.campus02.at\/automatisierungstechnik\/","name":"FH CAMPUS 02 - Automatisierungstechnik","description":"","publisher":{"@id":"https:\/\/www.campus02.at\/automatisierungstechnik\/#organization"},"potentialAction":[{"@type":"SearchAction","target":{"@type":"EntryPoint","urlTemplate":"https:\/\/www.campus02.at\/automatisierungstechnik\/?s={search_term_string}"},"query-input":{"@type":"PropertyValueSpecification","valueRequired":true,"valueName":"search_term_string"}}],"inLanguage":"de"},{"@type":"Organization","@id":"https:\/\/www.campus02.at\/automatisierungstechnik\/#organization","name":"FH CAMPUS 02 - Automatisierungstechnik","url":"https:\/\/www.campus02.at\/automatisierungstechnik\/","logo":{"@type":"ImageObject","inLanguage":"de","@id":"https:\/\/www.campus02.at\/automatisierungstechnik\/#\/schema\/logo\/image\/","url":"https:\/\/www.campus02.at\/automatisierungstechnik\/wp-content\/uploads\/sites\/3\/2023\/01\/logo-campus02.svg","contentUrl":"https:\/\/www.campus02.at\/automatisierungstechnik\/wp-content\/uploads\/sites\/3\/2023\/01\/logo-campus02.svg","width":770,"height":249,"caption":"FH CAMPUS 02 - Automatisierungstechnik"},"image":{"@id":"https:\/\/www.campus02.at\/automatisierungstechnik\/#\/schema\/logo\/image\/"}}]}},"_links":{"self":[{"href":"https:\/\/www.campus02.at\/automatisierungstechnik\/wp-json\/wp\/v2\/pages\/366","targetHints":{"allow":["GET"]}}],"collection":[{"href":"https:\/\/www.campus02.at\/automatisierungstechnik\/wp-json\/wp\/v2\/pages"}],"about":[{"href":"https:\/\/www.campus02.at\/automatisierungstechnik\/wp-json\/wp\/v2\/types\/page"}],"author":[{"embeddable":true,"href":"https:\/\/www.campus02.at\/automatisierungstechnik\/wp-json\/wp\/v2\/users\/135"}],"replies":[{"embeddable":true,"href":"https:\/\/www.campus02.at\/automatisierungstechnik\/wp-json\/wp\/v2\/comments?post=366"}],"version-history":[{"count":11,"href":"https:\/\/www.campus02.at\/automatisierungstechnik\/wp-json\/wp\/v2\/pages\/366\/revisions"}],"predecessor-version":[{"id":128692,"href":"https:\/\/www.campus02.at\/automatisierungstechnik\/wp-json\/wp\/v2\/pages\/366\/revisions\/128692"}],"wp:attachment":[{"href":"https:\/\/www.campus02.at\/automatisierungstechnik\/wp-json\/wp\/v2\/media?parent=366"}],"wp:term":[{"taxonomy":"author","embeddable":true,"href":"https:\/\/www.campus02.at\/automatisierungstechnik\/wp-json\/wp\/v2\/coauthors?post=366"}],"curies":[{"name":"wp","href":"https:\/\/api.w.org\/{rel}","templated":true}]}}