{"id":7584,"date":"2022-05-06T14:34:27","date_gmt":"2022-05-06T12:34:27","guid":{"rendered":"https:\/\/www.campus02.at\/automatisierungstechnik\/?page_id=7584"},"modified":"2022-07-12T09:03:54","modified_gmt":"2022-07-12T07:03:54","slug":"zeitungsartikel","status":"publish","type":"page","link":"https:\/\/www.campus02.at\/automatisierungstechnik\/en\/zeitungsartikel\/","title":{"rendered":"Zeitungsartikel"},"content":{"rendered":"<div class=\"flex-campus-main flex-campus-main-Gallery\"><div class=\"row\"><div class=\"col-md-4\"><a href=\"https:\/\/www.campus02.at\/automatisierungstechnik\/wp-content\/uploads\/sites\/3\/2021\/12\/O8A7114-scaled.jpg\" rel=\"fancybox-gallery-1\"><img decoding=\"async\" src=\"https:\/\/www.campus02.at\/automatisierungstechnik\/wp-content\/uploads\/sites\/3\/2021\/12\/O8A7114-300x300.jpg\" class=\"img-responsive\" alt=\"Mann arbeitet\" \/><\/a><\/div><div class=\"col-md-4\"><a href=\"https:\/\/www.campus02.at\/automatisierungstechnik\/wp-content\/uploads\/sites\/3\/2021\/12\/O8A6912-scaled.jpg\" rel=\"fancybox-gallery-1\"><img decoding=\"async\" src=\"https:\/\/www.campus02.at\/automatisierungstechnik\/wp-content\/uploads\/sites\/3\/2021\/12\/O8A6718-300x300.jpg\" class=\"img-responsive\" alt=\"Einsatz virtueller Brille\" \/><\/a><\/div><div class=\"col-md-4\"><a href=\"https:\/\/www.campus02.at\/automatisierungstechnik\/wp-content\/uploads\/sites\/3\/2021\/12\/O8A6718-scaled.jpg\" rel=\"fancybox-gallery-1\"><img decoding=\"async\" src=\"https:\/\/www.campus02.at\/automatisierungstechnik\/wp-content\/uploads\/sites\/3\/2021\/12\/O8A6718-300x300.jpg\" class=\"img-responsive\" alt=\"zwei M\u00e4nner arbeiten an einem Roboter\" \/><\/a><\/div><\/div><\/div><div class=\"flex-campus-main flex-campus-main-Heading\"><h2>Zeitungsartikel<\/h2><\/div><div class=\"flex-campus-main flex-campus-main-Text\"><p>Hier k\u00f6nnen Sie sich einen \u00dcberblick \u00fcber unsere Zeitungsartikel machen. Gerne stehen wir Ihnen f\u00fcr detaillierte bzw. weitere Ausk\u00fcnfte zur Verf\u00fcgung.<\/p>\n<p>&nbsp;<\/p>\n<\/div><div class=\"flex-campus-main flex-campus-main-Linklist\"><div class=\"linkcollection\">\n        <p class=\"linkcollection-link\"><a class=\"\" href=\"https:\/\/www.campus02.at\/automatisierungstechnik\/wp-content\/uploads\/sites\/3\/2022\/01\/Doppelseite.pdf\" ><i class=\"fa fa-file-pdf-o\"><\/i>Internet of Things <\/a><\/p><p class=\"linkcollection-link\"><a class=\"\" href=\"https:\/\/www.campus02.at\/automatisierungstechnik\/wp-content\/uploads\/sites\/3\/2022\/01\/Campus02.pdf\" ><i class=\"fa fa-file-pdf-o\"><\/i>Auch nach 25 Jahren am Puls der Zeit<\/a><\/p><p class=\"linkcollection-link\"><a class=\"\" href=\"https:\/\/www.campus02.at\/automatisierungstechnik\/wp-content\/uploads\/sites\/3\/2022\/01\/NB-XX-Campus02_PR.pdf\" ><i class=\"fa fa-file-pdf-o\"><\/i>Das Studium der intelligenten Vernetzung<\/a><\/p><p class=\"linkcollection-link\"><a class=\"\" href=\"https:\/\/www.campus02.at\/automatisierungstechnik\/wp-content\/uploads\/sites\/3\/2022\/02\/Campus02_Endfassung.pdf\" ><i class=\"fa fa-file-pdf-o\"><\/i>Interview - Smart Automation - Udo Traussnigg<\/a><\/p><p class=\"linkcollection-link\"><a class=\"\" href=\"https:\/\/meinepaper.kleinezeitung.at\/?issue=KLZ\/20220221\/GRGU\/article\/3F1B16E2-9282-4D85-9391-5946CFE97805\" target=\"_blank\"><i class=\"fa fa-external-link-square\"><\/i>Christoph Moritz - Berufsbegleitender Preisregen<\/a><\/p><p class=\"linkcollection-link\"><a class=\"\" href=\"https:\/\/www.campus02.at\/automatisierungstechnik\/wp-content\/uploads\/sites\/3\/2022\/02\/Christoph-Moritz.pdf\" ><i class=\"fa fa-file-pdf-o\"><\/i>Christoph Moritz - Masterarbeit Pr\u00e4sentation - Posterformat<\/a><\/p><p class=\"linkcollection-link\"><a class=\"\" href=\"https:\/\/www.campus02.at\/automatisierungstechnik\/wp-content\/uploads\/sites\/3\/2022\/05\/220504_1_SPIRIT_04_Campus.pdf\" ><i class=\"fa fa-file-pdf-o\"><\/i>FH CAMPUS 02 goes Murtal<\/a><\/p><p class=\"linkcollection-link\"><a class=\"\" href=\"https:\/\/steiermark.orf.at\/stories\/3160292\/\" target=\"_blank\"><i class=\"fa fa-external-link-square\"><\/i>FH CAMPUS 02 goes S\u00fcdweststeiermark <\/a><\/p><p class=\"linkcollection-link\"><a class=\"\" href=\"https:\/\/www.campus02.at\/automatisierungstechnik\/wp-content\/uploads\/sites\/3\/2022\/06\/Insight-2022-DE.pdf\" ><i class=\"fa fa-file-pdf-o\"><\/i>EVON - School of Automation<\/a><\/p><\/div><\/div>","protected":false},"excerpt":{"rendered":"<p>ZeitungsartikelHier k\u00f6nnen Sie sich einen \u00dcberblick \u00fcber unsere Zeitungsartikel machen. Gerne stehen wir Ihnen f\u00fcr <a href=\"https:\/\/www.campus02.at\/automatisierungstechnik\/en\/zeitungsartikel\/\" class=\"more-link\">more&hellip;<\/a><\/p>","protected":false},"author":135,"featured_media":0,"parent":0,"menu_order":0,"comment_status":"closed","ping_status":"closed","template":"","meta":{"_acf_changed":false,"footnotes":""},"coauthors":[81],"class_list":["post-7584","page","type-page","status-publish","hentry"],"acf":[],"yoast_head":"<!-- This site is optimized with the Yoast SEO plugin v26.9 - https:\/\/yoast.com\/product\/yoast-seo-wordpress\/ -->\n<title>Zeitungsartikel - FH CAMPUS 02 - Automatisierungstechnik<\/title>\n<meta name=\"robots\" content=\"index, follow, max-snippet:-1, max-image-preview:large, max-video-preview:-1\" \/>\n<link rel=\"canonical\" href=\"https:\/\/www.campus02.at\/automatisierungstechnik\/en\/zeitungsartikel\/\" \/>\n<meta property=\"og:locale\" content=\"en_GB\" \/>\n<meta property=\"og:type\" content=\"article\" \/>\n<meta property=\"og:title\" content=\"Zeitungsartikel - FH CAMPUS 02 - Automatisierungstechnik\" \/>\n<meta property=\"og:description\" content=\"ZeitungsartikelHier k\u00f6nnen Sie sich einen \u00dcberblick \u00fcber unsere Zeitungsartikel machen. Gerne stehen wir Ihnen f\u00fcr more&hellip;\" \/>\n<meta property=\"og:url\" content=\"https:\/\/www.campus02.at\/automatisierungstechnik\/en\/zeitungsartikel\/\" \/>\n<meta property=\"og:site_name\" content=\"FH CAMPUS 02 - Automatisierungstechnik\" \/>\n<meta property=\"article:modified_time\" content=\"2022-07-12T07:03:54+00:00\" \/>\n<meta name=\"twitter:card\" content=\"summary_large_image\" \/>\n<script type=\"application\/ld+json\" class=\"yoast-schema-graph\">{\"@context\":\"https:\/\/schema.org\",\"@graph\":[{\"@type\":\"WebPage\",\"@id\":\"https:\/\/www.campus02.at\/automatisierungstechnik\/zeitungsartikel\/\",\"url\":\"https:\/\/www.campus02.at\/automatisierungstechnik\/zeitungsartikel\/\",\"name\":\"Zeitungsartikel - FH CAMPUS 02 - Automatisierungstechnik\",\"isPartOf\":{\"@id\":\"https:\/\/www.campus02.at\/automatisierungstechnik\/#website\"},\"datePublished\":\"2022-05-06T12:34:27+00:00\",\"dateModified\":\"2022-07-12T07:03:54+00:00\",\"breadcrumb\":{\"@id\":\"https:\/\/www.campus02.at\/automatisierungstechnik\/zeitungsartikel\/#breadcrumb\"},\"inLanguage\":\"en-GB\",\"potentialAction\":[{\"@type\":\"ReadAction\",\"target\":[\"https:\/\/www.campus02.at\/automatisierungstechnik\/zeitungsartikel\/\"]}]},{\"@type\":\"BreadcrumbList\",\"@id\":\"https:\/\/www.campus02.at\/automatisierungstechnik\/zeitungsartikel\/#breadcrumb\",\"itemListElement\":[{\"@type\":\"ListItem\",\"position\":1,\"name\":\"Startseite\",\"item\":\"https:\/\/www.campus02.at\/automatisierungstechnik\/\"},{\"@type\":\"ListItem\",\"position\":2,\"name\":\"Zeitungsartikel\"}]},{\"@type\":\"WebSite\",\"@id\":\"https:\/\/www.campus02.at\/automatisierungstechnik\/#website\",\"url\":\"https:\/\/www.campus02.at\/automatisierungstechnik\/\",\"name\":\"FH CAMPUS 02 - Automatisierungstechnik\",\"description\":\"\",\"publisher\":{\"@id\":\"https:\/\/www.campus02.at\/automatisierungstechnik\/#organization\"},\"potentialAction\":[{\"@type\":\"SearchAction\",\"target\":{\"@type\":\"EntryPoint\",\"urlTemplate\":\"https:\/\/www.campus02.at\/automatisierungstechnik\/?s={search_term_string}\"},\"query-input\":{\"@type\":\"PropertyValueSpecification\",\"valueRequired\":true,\"valueName\":\"search_term_string\"}}],\"inLanguage\":\"en-GB\"},{\"@type\":\"Organization\",\"@id\":\"https:\/\/www.campus02.at\/automatisierungstechnik\/#organization\",\"name\":\"FH CAMPUS 02 - Automatisierungstechnik\",\"url\":\"https:\/\/www.campus02.at\/automatisierungstechnik\/\",\"logo\":{\"@type\":\"ImageObject\",\"inLanguage\":\"en-GB\",\"@id\":\"https:\/\/www.campus02.at\/automatisierungstechnik\/#\/schema\/logo\/image\/\",\"url\":\"https:\/\/www.campus02.at\/automatisierungstechnik\/wp-content\/uploads\/sites\/3\/2023\/01\/logo-campus02.svg\",\"contentUrl\":\"https:\/\/www.campus02.at\/automatisierungstechnik\/wp-content\/uploads\/sites\/3\/2023\/01\/logo-campus02.svg\",\"width\":770,\"height\":249,\"caption\":\"FH CAMPUS 02 - Automatisierungstechnik\"},\"image\":{\"@id\":\"https:\/\/www.campus02.at\/automatisierungstechnik\/#\/schema\/logo\/image\/\"}}]}<\/script>\n<!-- \/ Yoast SEO plugin. -->","yoast_head_json":{"title":"Zeitungsartikel - FH CAMPUS 02 - Automatisierungstechnik","robots":{"index":"index","follow":"follow","max-snippet":"max-snippet:-1","max-image-preview":"max-image-preview:large","max-video-preview":"max-video-preview:-1"},"canonical":"https:\/\/www.campus02.at\/automatisierungstechnik\/en\/zeitungsartikel\/","og_locale":"en_GB","og_type":"article","og_title":"Zeitungsartikel - FH CAMPUS 02 - Automatisierungstechnik","og_description":"ZeitungsartikelHier k\u00f6nnen Sie sich einen \u00dcberblick \u00fcber unsere Zeitungsartikel machen. Gerne stehen wir Ihnen f\u00fcr more&hellip;","og_url":"https:\/\/www.campus02.at\/automatisierungstechnik\/en\/zeitungsartikel\/","og_site_name":"FH CAMPUS 02 - Automatisierungstechnik","article_modified_time":"2022-07-12T07:03:54+00:00","twitter_card":"summary_large_image","schema":{"@context":"https:\/\/schema.org","@graph":[{"@type":"WebPage","@id":"https:\/\/www.campus02.at\/automatisierungstechnik\/zeitungsartikel\/","url":"https:\/\/www.campus02.at\/automatisierungstechnik\/zeitungsartikel\/","name":"Zeitungsartikel - FH CAMPUS 02 - Automatisierungstechnik","isPartOf":{"@id":"https:\/\/www.campus02.at\/automatisierungstechnik\/#website"},"datePublished":"2022-05-06T12:34:27+00:00","dateModified":"2022-07-12T07:03:54+00:00","breadcrumb":{"@id":"https:\/\/www.campus02.at\/automatisierungstechnik\/zeitungsartikel\/#breadcrumb"},"inLanguage":"en-GB","potentialAction":[{"@type":"ReadAction","target":["https:\/\/www.campus02.at\/automatisierungstechnik\/zeitungsartikel\/"]}]},{"@type":"BreadcrumbList","@id":"https:\/\/www.campus02.at\/automatisierungstechnik\/zeitungsartikel\/#breadcrumb","itemListElement":[{"@type":"ListItem","position":1,"name":"Startseite","item":"https:\/\/www.campus02.at\/automatisierungstechnik\/"},{"@type":"ListItem","position":2,"name":"Zeitungsartikel"}]},{"@type":"WebSite","@id":"https:\/\/www.campus02.at\/automatisierungstechnik\/#website","url":"https:\/\/www.campus02.at\/automatisierungstechnik\/","name":"FH CAMPUS 02 - Automatisierungstechnik","description":"","publisher":{"@id":"https:\/\/www.campus02.at\/automatisierungstechnik\/#organization"},"potentialAction":[{"@type":"SearchAction","target":{"@type":"EntryPoint","urlTemplate":"https:\/\/www.campus02.at\/automatisierungstechnik\/?s={search_term_string}"},"query-input":{"@type":"PropertyValueSpecification","valueRequired":true,"valueName":"search_term_string"}}],"inLanguage":"en-GB"},{"@type":"Organization","@id":"https:\/\/www.campus02.at\/automatisierungstechnik\/#organization","name":"FH CAMPUS 02 - Automatisierungstechnik","url":"https:\/\/www.campus02.at\/automatisierungstechnik\/","logo":{"@type":"ImageObject","inLanguage":"en-GB","@id":"https:\/\/www.campus02.at\/automatisierungstechnik\/#\/schema\/logo\/image\/","url":"https:\/\/www.campus02.at\/automatisierungstechnik\/wp-content\/uploads\/sites\/3\/2023\/01\/logo-campus02.svg","contentUrl":"https:\/\/www.campus02.at\/automatisierungstechnik\/wp-content\/uploads\/sites\/3\/2023\/01\/logo-campus02.svg","width":770,"height":249,"caption":"FH CAMPUS 02 - Automatisierungstechnik"},"image":{"@id":"https:\/\/www.campus02.at\/automatisierungstechnik\/#\/schema\/logo\/image\/"}}]}},"_links":{"self":[{"href":"https:\/\/www.campus02.at\/automatisierungstechnik\/en\/wp-json\/wp\/v2\/pages\/7584","targetHints":{"allow":["GET"]}}],"collection":[{"href":"https:\/\/www.campus02.at\/automatisierungstechnik\/en\/wp-json\/wp\/v2\/pages"}],"about":[{"href":"https:\/\/www.campus02.at\/automatisierungstechnik\/en\/wp-json\/wp\/v2\/types\/page"}],"author":[{"embeddable":true,"href":"https:\/\/www.campus02.at\/automatisierungstechnik\/en\/wp-json\/wp\/v2\/users\/135"}],"replies":[{"embeddable":true,"href":"https:\/\/www.campus02.at\/automatisierungstechnik\/en\/wp-json\/wp\/v2\/comments?post=7584"}],"version-history":[{"count":8,"href":"https:\/\/www.campus02.at\/automatisierungstechnik\/en\/wp-json\/wp\/v2\/pages\/7584\/revisions"}],"predecessor-version":[{"id":7908,"href":"https:\/\/www.campus02.at\/automatisierungstechnik\/en\/wp-json\/wp\/v2\/pages\/7584\/revisions\/7908"}],"wp:attachment":[{"href":"https:\/\/www.campus02.at\/automatisierungstechnik\/en\/wp-json\/wp\/v2\/media?parent=7584"}],"wp:term":[{"taxonomy":"author","embeddable":true,"href":"https:\/\/www.campus02.at\/automatisierungstechnik\/en\/wp-json\/wp\/v2\/coauthors?post=7584"}],"curies":[{"name":"wp","href":"https:\/\/api.w.org\/{rel}","templated":true}]}}