{"id":3659,"date":"2020-10-07T18:19:50","date_gmt":"2020-10-07T16:19:50","guid":{"rendered":"https:\/\/www.campus02.at\/automatisierungstechnik\/?page_id=3659"},"modified":"2023-10-16T15:37:19","modified_gmt":"2023-10-16T13:37:19","slug":"bachelor","status":"publish","type":"page","link":"https:\/\/www.campus02.at\/automatisierungstechnik\/en\/bachelor\/","title":{"rendered":"Bachelor's degree programme"},"content":{"rendered":"<div class=\"flex-campus-main flex-campus-main-Heading\"><h1>Bachelor's degree programme<\/h1><\/div><div class=\"flex-campus-main flex-campus-main-Text\"><h2><a href=\"https:\/\/www.campus02.at\/automatisierungstechnik\/en\/bachelor\/at\/\">Automation Technology<\/a><\/h2>\n<h4>Passion for engineering and technology<\/h4>\n<p>Ohne st\u00e4ndige Verbesserungen in der Automatisierung w\u00fcrden Erfolge in Unternehmen schon lange ausbleiben. Die Entwicklung von Ger\u00e4ten, Anlagen und Maschinen mit einem hohen Automatisierungsgrad f\u00fchrt nicht nur zur Steigerung der Produktivit\u00e4t und Qualit\u00e4t, sondern in weiterer Folge zu einem Wirtschaftswachstum. Wesentlich ist die Betrachtung des gesamten Systems, anstatt einzelne Komponenten unabh\u00e4ngig voneinander zu optimieren. St\u00e4ndig wachsende Anforderungen an die Automatisierungstechnik erfordern Expert*innen, die die Bereiche Elektronik, Informatik und Maschinenbau miteinander verkn\u00fcpfen. Die besten Voraussetzungen daf\u00fcr sichern Sie sich mit diesem Studium.<\/p>\n<p><a href=\"https:\/\/www.campus02.at\/automatisierungstechnik\/wp-content\/uploads\/sites\/3\/2021\/12\/Kompetenzen-AT.jpg\"><img fetchpriority=\"high\" decoding=\"async\" class=\"wp-image-7436 aligncenter\" src=\"https:\/\/www.campus02.at\/automatisierungstechnik\/wp-content\/uploads\/sites\/3\/2021\/12\/Kompetenzen-AT-300x56.jpg\" alt=\"\" width=\"547\" height=\"102\" srcset=\"https:\/\/www.campus02.at\/automatisierungstechnik\/wp-content\/uploads\/sites\/3\/2021\/12\/Kompetenzen-AT-300x56.jpg 300w, https:\/\/www.campus02.at\/automatisierungstechnik\/wp-content\/uploads\/sites\/3\/2021\/12\/Kompetenzen-AT-1024x190.jpg 1024w, https:\/\/www.campus02.at\/automatisierungstechnik\/wp-content\/uploads\/sites\/3\/2021\/12\/Kompetenzen-AT-768x142.jpg 768w, https:\/\/www.campus02.at\/automatisierungstechnik\/wp-content\/uploads\/sites\/3\/2021\/12\/Kompetenzen-AT-1536x285.jpg 1536w, https:\/\/www.campus02.at\/automatisierungstechnik\/wp-content\/uploads\/sites\/3\/2021\/12\/Kompetenzen-AT-2048x380.jpg 2048w, https:\/\/www.campus02.at\/automatisierungstechnik\/wp-content\/uploads\/sites\/3\/2021\/12\/Kompetenzen-AT-1920x356.jpg 1920w\" sizes=\"(max-width: 547px) 100vw, 547px\" \/><\/a><\/p>\n<\/div><div class=\"flex-campus-main flex-campus-main-Button\"><a class=\"btn btn-branch btn-lg btn-block\" href=\"https:\/\/online.campus02.at\/interface\/\" target=\"_blank\"><i class=\"fa fa-external-link-square\"><\/i>Bewerbungen f\u00fcr das WS 2023\/24 sind ab sofort m\u00f6glich!<\/a><\/div><div class=\"flex-campus-main flex-campus-main-Text\"><h2><a href=\"https:\/\/www.campus02.at\/automatisierungstechnik\/en\/bachelor\/sab\/\">Smart Automation\u00a0<\/a><\/h2>\n<h4>FULLTIME &#8211; WORK-FRIENDLY &#8211; ENGLISH<\/h4>\n<p>The relevance of automation technology in everyday life is well-known. Digitalisation forms the basis of everything, not only in industry, but also in private life.The Bachelor Degree Programme in Smart Automation is focussed on these topics known by the umbrella term \u201cIndustry 4.0\u201d. Industry 4.0 encompasses the digitalisation of internal and external company value chains as well as product and service offerings and entire business models, all of which are thus revolutionised by it. Furthermore, individual customer requirements are to be realised with serially produced products, optimised decisions are to be made in flexible business and engineering processes, and resource productivity and efficiency are to be increased.<\/p>\n<p>&nbsp;<\/p>\n<p><a href=\"https:\/\/www.campus02.at\/automatisierungstechnik\/wp-content\/uploads\/sites\/3\/2021\/12\/Iconleiste.png\"><img decoding=\"async\" class=\"wp-image-7437 aligncenter\" src=\"https:\/\/www.campus02.at\/automatisierungstechnik\/wp-content\/uploads\/sites\/3\/2021\/12\/Iconleiste-300x76.png\" alt=\"\" width=\"434\" height=\"110\" srcset=\"https:\/\/www.campus02.at\/automatisierungstechnik\/wp-content\/uploads\/sites\/3\/2021\/12\/Iconleiste-300x76.png 300w, https:\/\/www.campus02.at\/automatisierungstechnik\/wp-content\/uploads\/sites\/3\/2021\/12\/Iconleiste-1024x258.png 1024w, https:\/\/www.campus02.at\/automatisierungstechnik\/wp-content\/uploads\/sites\/3\/2021\/12\/Iconleiste-768x194.png 768w, https:\/\/www.campus02.at\/automatisierungstechnik\/wp-content\/uploads\/sites\/3\/2021\/12\/Iconleiste-1536x388.png 1536w, https:\/\/www.campus02.at\/automatisierungstechnik\/wp-content\/uploads\/sites\/3\/2021\/12\/Iconleiste.png 1771w\" sizes=\"(max-width: 434px) 100vw, 434px\" \/><\/a><\/p>\n<\/div><div class=\"flex-campus-main flex-campus-main-Button\"><a class=\"btn btn-branch btn-lg btn-block\" href=\"https:\/\/online.campus02.at\/interface\/\" target=\"_blank\"><i class=\"fa fa-external-link-square\"><\/i>Applications for the WT 2023\/24 are now possible!<\/a><\/div>","protected":false},"excerpt":{"rendered":"<p>BachelorAutomatisierungstechnik Die Leidenschaft f\u00fcr Technik und Technologie Ohne st\u00e4ndige Verbesserungen in der <a href=\"https:\/\/www.campus02.at\/automatisierungstechnik\/en\/bachelor\/\" class=\"more-link\">more&hellip;<\/a><\/p>","protected":false},"author":135,"featured_media":0,"parent":0,"menu_order":0,"comment_status":"closed","ping_status":"closed","template":"","meta":{"_acf_changed":false,"footnotes":""},"coauthors":[81,92],"class_list":["post-3659","page","type-page","status-publish","hentry"],"acf":[],"yoast_head":"<!-- This site is optimized with the Yoast SEO plugin v26.9 - https:\/\/yoast.com\/product\/yoast-seo-wordpress\/ -->\n<title>Bachelor - FH CAMPUS 02 - Automatisierungstechnik<\/title>\n<meta name=\"robots\" content=\"index, follow, max-snippet:-1, max-image-preview:large, max-video-preview:-1\" \/>\n<link rel=\"canonical\" href=\"https:\/\/www.campus02.at\/automatisierungstechnik\/en\/bachelor\/\" \/>\n<meta property=\"og:locale\" content=\"en_GB\" \/>\n<meta property=\"og:type\" content=\"article\" \/>\n<meta property=\"og:title\" content=\"Bachelor - FH CAMPUS 02 - Automatisierungstechnik\" \/>\n<meta property=\"og:description\" content=\"BachelorAutomatisierungstechnik Die Leidenschaft f\u00fcr Technik und Technologie Ohne st\u00e4ndige Verbesserungen in der more&hellip;\" \/>\n<meta property=\"og:url\" content=\"https:\/\/www.campus02.at\/automatisierungstechnik\/en\/bachelor\/\" \/>\n<meta property=\"og:site_name\" content=\"FH CAMPUS 02 - Automatisierungstechnik\" \/>\n<meta property=\"article:modified_time\" content=\"2023-10-16T13:37:19+00:00\" \/>\n<meta name=\"twitter:card\" content=\"summary_large_image\" \/>\n<script type=\"application\/ld+json\" class=\"yoast-schema-graph\">{\"@context\":\"https:\/\/schema.org\",\"@graph\":[{\"@type\":\"WebPage\",\"@id\":\"https:\/\/www.campus02.at\/automatisierungstechnik\/bachelor\/\",\"url\":\"https:\/\/www.campus02.at\/automatisierungstechnik\/bachelor\/\",\"name\":\"Bachelor - FH CAMPUS 02 - Automatisierungstechnik\",\"isPartOf\":{\"@id\":\"https:\/\/www.campus02.at\/automatisierungstechnik\/#website\"},\"datePublished\":\"2020-10-07T16:19:50+00:00\",\"dateModified\":\"2023-10-16T13:37:19+00:00\",\"breadcrumb\":{\"@id\":\"https:\/\/www.campus02.at\/automatisierungstechnik\/bachelor\/#breadcrumb\"},\"inLanguage\":\"en-GB\",\"potentialAction\":[{\"@type\":\"ReadAction\",\"target\":[\"https:\/\/www.campus02.at\/automatisierungstechnik\/bachelor\/\"]}]},{\"@type\":\"BreadcrumbList\",\"@id\":\"https:\/\/www.campus02.at\/automatisierungstechnik\/bachelor\/#breadcrumb\",\"itemListElement\":[{\"@type\":\"ListItem\",\"position\":1,\"name\":\"Startseite\",\"item\":\"https:\/\/www.campus02.at\/automatisierungstechnik\/\"},{\"@type\":\"ListItem\",\"position\":2,\"name\":\"Bachelor\"}]},{\"@type\":\"WebSite\",\"@id\":\"https:\/\/www.campus02.at\/automatisierungstechnik\/#website\",\"url\":\"https:\/\/www.campus02.at\/automatisierungstechnik\/\",\"name\":\"FH CAMPUS 02 - Automatisierungstechnik\",\"description\":\"\",\"publisher\":{\"@id\":\"https:\/\/www.campus02.at\/automatisierungstechnik\/#organization\"},\"potentialAction\":[{\"@type\":\"SearchAction\",\"target\":{\"@type\":\"EntryPoint\",\"urlTemplate\":\"https:\/\/www.campus02.at\/automatisierungstechnik\/?s={search_term_string}\"},\"query-input\":{\"@type\":\"PropertyValueSpecification\",\"valueRequired\":true,\"valueName\":\"search_term_string\"}}],\"inLanguage\":\"en-GB\"},{\"@type\":\"Organization\",\"@id\":\"https:\/\/www.campus02.at\/automatisierungstechnik\/#organization\",\"name\":\"FH CAMPUS 02 - Automatisierungstechnik\",\"url\":\"https:\/\/www.campus02.at\/automatisierungstechnik\/\",\"logo\":{\"@type\":\"ImageObject\",\"inLanguage\":\"en-GB\",\"@id\":\"https:\/\/www.campus02.at\/automatisierungstechnik\/#\/schema\/logo\/image\/\",\"url\":\"https:\/\/www.campus02.at\/automatisierungstechnik\/wp-content\/uploads\/sites\/3\/2023\/01\/logo-campus02.svg\",\"contentUrl\":\"https:\/\/www.campus02.at\/automatisierungstechnik\/wp-content\/uploads\/sites\/3\/2023\/01\/logo-campus02.svg\",\"width\":770,\"height\":249,\"caption\":\"FH CAMPUS 02 - Automatisierungstechnik\"},\"image\":{\"@id\":\"https:\/\/www.campus02.at\/automatisierungstechnik\/#\/schema\/logo\/image\/\"}}]}<\/script>\n<!-- \/ Yoast SEO plugin. -->","yoast_head_json":{"title":"Bachelor - FH CAMPUS 02 - Automatisierungstechnik","robots":{"index":"index","follow":"follow","max-snippet":"max-snippet:-1","max-image-preview":"max-image-preview:large","max-video-preview":"max-video-preview:-1"},"canonical":"https:\/\/www.campus02.at\/automatisierungstechnik\/en\/bachelor\/","og_locale":"en_GB","og_type":"article","og_title":"Bachelor - FH CAMPUS 02 - Automatisierungstechnik","og_description":"BachelorAutomatisierungstechnik Die Leidenschaft f\u00fcr Technik und Technologie Ohne st\u00e4ndige Verbesserungen in der more&hellip;","og_url":"https:\/\/www.campus02.at\/automatisierungstechnik\/en\/bachelor\/","og_site_name":"FH CAMPUS 02 - Automatisierungstechnik","article_modified_time":"2023-10-16T13:37:19+00:00","twitter_card":"summary_large_image","schema":{"@context":"https:\/\/schema.org","@graph":[{"@type":"WebPage","@id":"https:\/\/www.campus02.at\/automatisierungstechnik\/bachelor\/","url":"https:\/\/www.campus02.at\/automatisierungstechnik\/bachelor\/","name":"Bachelor - FH CAMPUS 02 - Automatisierungstechnik","isPartOf":{"@id":"https:\/\/www.campus02.at\/automatisierungstechnik\/#website"},"datePublished":"2020-10-07T16:19:50+00:00","dateModified":"2023-10-16T13:37:19+00:00","breadcrumb":{"@id":"https:\/\/www.campus02.at\/automatisierungstechnik\/bachelor\/#breadcrumb"},"inLanguage":"en-GB","potentialAction":[{"@type":"ReadAction","target":["https:\/\/www.campus02.at\/automatisierungstechnik\/bachelor\/"]}]},{"@type":"BreadcrumbList","@id":"https:\/\/www.campus02.at\/automatisierungstechnik\/bachelor\/#breadcrumb","itemListElement":[{"@type":"ListItem","position":1,"name":"Startseite","item":"https:\/\/www.campus02.at\/automatisierungstechnik\/"},{"@type":"ListItem","position":2,"name":"Bachelor"}]},{"@type":"WebSite","@id":"https:\/\/www.campus02.at\/automatisierungstechnik\/#website","url":"https:\/\/www.campus02.at\/automatisierungstechnik\/","name":"FH CAMPUS 02 - Automatisierungstechnik","description":"","publisher":{"@id":"https:\/\/www.campus02.at\/automatisierungstechnik\/#organization"},"potentialAction":[{"@type":"SearchAction","target":{"@type":"EntryPoint","urlTemplate":"https:\/\/www.campus02.at\/automatisierungstechnik\/?s={search_term_string}"},"query-input":{"@type":"PropertyValueSpecification","valueRequired":true,"valueName":"search_term_string"}}],"inLanguage":"en-GB"},{"@type":"Organization","@id":"https:\/\/www.campus02.at\/automatisierungstechnik\/#organization","name":"FH CAMPUS 02 - Automatisierungstechnik","url":"https:\/\/www.campus02.at\/automatisierungstechnik\/","logo":{"@type":"ImageObject","inLanguage":"en-GB","@id":"https:\/\/www.campus02.at\/automatisierungstechnik\/#\/schema\/logo\/image\/","url":"https:\/\/www.campus02.at\/automatisierungstechnik\/wp-content\/uploads\/sites\/3\/2023\/01\/logo-campus02.svg","contentUrl":"https:\/\/www.campus02.at\/automatisierungstechnik\/wp-content\/uploads\/sites\/3\/2023\/01\/logo-campus02.svg","width":770,"height":249,"caption":"FH CAMPUS 02 - Automatisierungstechnik"},"image":{"@id":"https:\/\/www.campus02.at\/automatisierungstechnik\/#\/schema\/logo\/image\/"}}]}},"_links":{"self":[{"href":"https:\/\/www.campus02.at\/automatisierungstechnik\/en\/wp-json\/wp\/v2\/pages\/3659","targetHints":{"allow":["GET"]}}],"collection":[{"href":"https:\/\/www.campus02.at\/automatisierungstechnik\/en\/wp-json\/wp\/v2\/pages"}],"about":[{"href":"https:\/\/www.campus02.at\/automatisierungstechnik\/en\/wp-json\/wp\/v2\/types\/page"}],"author":[{"embeddable":true,"href":"https:\/\/www.campus02.at\/automatisierungstechnik\/en\/wp-json\/wp\/v2\/users\/135"}],"replies":[{"embeddable":true,"href":"https:\/\/www.campus02.at\/automatisierungstechnik\/en\/wp-json\/wp\/v2\/comments?post=3659"}],"version-history":[{"count":7,"href":"https:\/\/www.campus02.at\/automatisierungstechnik\/en\/wp-json\/wp\/v2\/pages\/3659\/revisions"}],"predecessor-version":[{"id":8098,"href":"https:\/\/www.campus02.at\/automatisierungstechnik\/en\/wp-json\/wp\/v2\/pages\/3659\/revisions\/8098"}],"wp:attachment":[{"href":"https:\/\/www.campus02.at\/automatisierungstechnik\/en\/wp-json\/wp\/v2\/media?parent=3659"}],"wp:term":[{"taxonomy":"author","embeddable":true,"href":"https:\/\/www.campus02.at\/automatisierungstechnik\/en\/wp-json\/wp\/v2\/coauthors?post=3659"}],"curies":[{"name":"wp","href":"https:\/\/api.w.org\/{rel}","templated":true}]}}